{"id":471,"date":"2018-09-10T11:19:47","date_gmt":"2018-09-10T14:19:47","guid":{"rendered":"http:\/\/www.encontrafortaleza.com\/sobre\/?page_id=471"},"modified":"2019-05-08T14:30:08","modified_gmt":"2019-05-08T17:30:08","slug":"seuma-fortaleza","status":"publish","type":"page","link":"https:\/\/www.encontrafortaleza.com\/sobre\/seuma-fortaleza\/","title":{"rendered":"Seuma Fortaleza"},"content":{"rendered":"<div class=\"2ad529334b11458fd7d9bde3e187e581\" data-index=\"1\" style=\"float: left; margin: 5px 5px 5px 0;\">\n<!-- EBR \/Novo-Bairro-Topo\/ 300x250 -->\r\n<ins class=\"adsbygoogle\"\r\n     style=\"display:inline-block;width:300px;height:250px\"\r\n     data-ad-client=\"ca-pub-6414922941841817\"\r\n     data-ad-slot=\"5351822287\"><\/ins>\r\n<script>\r\n(adsbygoogle = window.adsbygoogle || []).push({});\r\n<\/script>\n<\/div>\n<p>A <strong>Seuma Fortaleza<\/strong> tem por compet\u00eancia geral planejar e controlar o ambiente natural e o ambiente constru\u00eddo do Munic\u00edpio de Fortaleza.<\/p>\n<p>A Secretaria de Urbanismo e Meio Ambiente do Munic\u00edpio de Fortaleza (Seuma) tem como miss\u00e3o planejar e controlar o ambiente natural e o ambiente constru\u00eddo da Capital.<\/p>\n<p><img loading=\"lazy\" decoding=\"async\" class=\"alignnone wp-image-472 size-full\" title=\"Seuma Fortaleza\" src=\"http:\/\/www.encontrafortaleza.com\/sobre\/wp-content\/uploads\/2018\/09\/seuma-fortaleza.gif\" alt=\"Seuma Fortaleza\" width=\"680\" height=\"189\" \/><\/p>\n<h2>Seuma Fortaleza Den\u00fancia<\/h2>\n<p>Den\u00fancias sobre polui\u00e7\u00e3o atmosf\u00e9rica (fuma\u00e7a, odor, poeira, ve\u00edculo); polui\u00e7\u00e3o sonora (estabelecimentos, eventos, obras, pared\u00e3o de som); polui\u00e7\u00e3o visual (bal\u00e3o, cartazes, faixas, outdoor, panfletos, pintura em muros); posturas e edifica\u00e7\u00f5es (corte de \u00e1rvores, ativ. irregulares\/falta de licen\u00e7a, cal\u00e7adas ocupadas\/obstru\u00e7\u00e3o \/sem pavimenta\u00e7\u00e3o, constru\u00e7\u00e3o irregular); res\u00edduos (ponto de lixo , estabelecimento sem PGRS, transporte irregular de res\u00edduos); maus tratos de animais.<\/p>\n<p>A identifica\u00e7\u00e3o possibilitar\u00e1 o denunciante obter respostas por e-mail . Os dados pessoais s\u00e3o guardados sob sigilo e n\u00e3o ser\u00e3o divulgados.<\/p>\n<h3>Seuma Fortaleza Consultas de Processos<\/h3>\n<p>Informa\u00e7\u00f5es sobre alvar\u00e1 de funcionamento, licen\u00e7a ambiental, consulta de adequabilidade podem ser colhidas no site abaixo. L\u00e1 voc\u00ea pode imprimir a segunda via dos alvar\u00e1s e licen\u00e7as e <em>consultar andamento dos processos.<\/em><\/p>\n<h3>Hor\u00e1rio de Funcionamento Seuma em Fortaleza<\/h3>\n<ul>\n<li>Segunda a Sexta: das 08h \u00e0s 16h30<\/li>\n<\/ul>\n<h3>Endere\u00e7o e Telefone Seuma em Fortaleza<\/h3>\n<ul>\n<li>Av. Dep. Paulino Rocha, 1343 &#8211; Cajazeiras &#8211; Fortaleza &#8211; CE<\/li>\n<li>Telefone: (85) 3452-6900<\/li>\n<\/ul>\n<h4>Outras informa\u00e7\u00f5es e site<\/h4>\n<ul>\n<li>Mais informa\u00e7\u00f5es:\u00a0<a href=\"http:\/\/portal.seuma.fortaleza.ce.gov.br\/fortalezaonline\/portal\/\" target=\"_blank\" rel=\"noopener noreferrer\">www.portal.seuma.fortaleza.ce.gov.br<\/a><\/li>\n<\/ul>\n<h4>Mapa de localiza\u00e7\u00e3o<\/h4>\n<a class=\"wp-colorbox-iframe\" href=\"https:\/\/www.google.com\/maps\/embed?pb=!1m14!1m8!1m3!1d15924.008948845605!2d-38.508161!3d-3.8095959!3m2!1i1024!2i768!4f13.1!3m3!1m2!1s0x00x487e5c158f93ae12!2sSeuma+Secretaria+Municipal+de+Urbanismo+e+Meio+Ambiente!5e0!3m2!1spt-BR!2sbr!4v1536589033834\"><img decoding=\"async\" src=\"http:\/\/www.encontracampinas.com.br\/imgs\/maps-post.png\"><\/a>\n\n<div style=\"font-size: 0px; height: 0px; line-height: 0px; margin: 0; padding: 0; clear: both;\"><\/div>","protected":false},"excerpt":{"rendered":"<p>A Seuma Fortaleza tem por compet\u00eancia geral planejar e controlar o ambiente natural e o ambiente constru\u00eddo do Munic\u00edpio de Fortaleza. A Secretaria de Urbanismo e Meio Ambiente do Munic\u00edpio de Fortaleza (Seuma) tem como miss\u00e3o planejar e controlar o ambiente natural e o ambiente constru\u00eddo da Capital. Seuma Fortaleza Den\u00fancia Den\u00fancias sobre polui\u00e7\u00e3o atmosf\u00e9rica (fuma\u00e7a, odor, poeira, ve\u00edculo); polui\u00e7\u00e3o sonora (estabelecimentos, eventos, obras, pared\u00e3o de som); polui\u00e7\u00e3o visual (bal\u00e3o, cartazes, faixas, outdoor, panfletos, pintura em muros); posturas e edifica\u00e7\u00f5es (corte de \u00e1rvores, ativ. irregulares\/falta de licen\u00e7a, cal\u00e7adas ocupadas\/obstru\u00e7\u00e3o \/sem pavimenta\u00e7\u00e3o, constru\u00e7\u00e3o irregular); res\u00edduos (ponto de lixo , estabelecimento sem <\/p>\n","protected":false},"author":1,"featured_media":0,"parent":0,"menu_order":0,"comment_status":"closed","ping_status":"closed","template":"","meta":{"footnotes":""},"class_list":["post-471","page","type-page","status-publish","hentry"],"aioseo_notices":[],"_links":{"self":[{"href":"https:\/\/www.encontrafortaleza.com\/sobre\/wp-json\/wp\/v2\/pages\/471"}],"collection":[{"href":"https:\/\/www.encontrafortaleza.com\/sobre\/wp-json\/wp\/v2\/pages"}],"about":[{"href":"https:\/\/www.encontrafortaleza.com\/sobre\/wp-json\/wp\/v2\/types\/page"}],"author":[{"embeddable":true,"href":"https:\/\/www.encontrafortaleza.com\/sobre\/wp-json\/wp\/v2\/users\/1"}],"replies":[{"embeddable":true,"href":"https:\/\/www.encontrafortaleza.com\/sobre\/wp-json\/wp\/v2\/comments?post=471"}],"version-history":[{"count":0,"href":"https:\/\/www.encontrafortaleza.com\/sobre\/wp-json\/wp\/v2\/pages\/471\/revisions"}],"wp:attachment":[{"href":"https:\/\/www.encontrafortaleza.com\/sobre\/wp-json\/wp\/v2\/media?parent=471"}],"curies":[{"name":"wp","href":"https:\/\/api.w.org\/{rel}","templated":true}]}}