{"id":476,"date":"2018-09-10T11:43:58","date_gmt":"2018-09-10T14:43:58","guid":{"rendered":"http:\/\/www.encontrafortaleza.com\/sobre\/?page_id=476"},"modified":"2019-05-08T14:53:19","modified_gmt":"2019-05-08T17:53:19","slug":"morro-branco-fortaleza","status":"publish","type":"page","link":"https:\/\/www.encontrafortaleza.com\/sobre\/morro-branco-fortaleza\/","title":{"rendered":"Morro Branco Fortaleza"},"content":{"rendered":"<div class=\"2ad529334b11458fd7d9bde3e187e581\" data-index=\"1\" style=\"float: left; margin: 5px 5px 5px 0;\">\n<!-- EBR \/Novo-Bairro-Topo\/ 300x250 -->\r\n<ins class=\"adsbygoogle\"\r\n     style=\"display:inline-block;width:300px;height:250px\"\r\n     data-ad-client=\"ca-pub-6414922941841817\"\r\n     data-ad-slot=\"5351822287\"><\/ins>\r\n<script>\r\n(adsbygoogle = window.adsbygoogle || []).push({});\r\n<\/script>\n<\/div>\n<p><strong>Morro Branco Fortaleza,<\/strong>\u00a0no litoral leste do Cear\u00e1, est\u00e1 entre as mais belas do estado e inclusive, j\u00e1 foi cen\u00e1rio para diversas novelas e filmes de produ\u00e7\u00e3o nacional e internacional. As dunas de areia fina e completamente brancas, se misturam entre as fal\u00e9sias avermelhadas, formando um incr\u00edvel labirinto a ser desbravado por todos os visitantes no local.<\/p>\n<p>De uma beleza rara e de encantar qualquer um, voc\u00ea pode chegar aqui rapidinho se estiver de passeio por Fortaleza.<\/p>\n<p><img loading=\"lazy\" decoding=\"async\" class=\"alignnone wp-image-477 size-full\" title=\"Morro Branco Fortaleza\" src=\"http:\/\/www.encontrafortaleza.com\/sobre\/wp-content\/uploads\/2018\/09\/morro-branco-fortaleza.gif\" alt=\"Morro Branco Fortaleza\" width=\"680\" height=\"189\" \/><\/p>\n<p>S\u00e3o apenas 83 quil\u00f4metros de dist\u00e2ncia, que voc\u00ea faz em uma pequena viagem de uma hora. Chegando aqui, muitos passeios est\u00e3o dispon\u00edveis e h\u00e1 o que fazer por um dia inteiro.<\/p>\n<h2>Morro Branco Fortaleza Passeios<\/h2>\n<p>D\u00e1 para passar um dia ou muitos outros em Morro Branco. Alguns <em>passeios<\/em> s\u00e3o\u00a0obrigat\u00f3rios, mesmo que voc\u00ea j\u00e1 tenha conhecido o lugar.<\/p>\n<ul>\n<li><strong>Labirinto do Morro Branco:<\/strong> Desenhadas pela a\u00e7\u00e3o do tempo e o cont\u00ednuo movimento do mar, as fal\u00e9sias de Morro Branco s\u00e3o o principal atrativo da regi\u00e3o. Caminhar entre elas e observar os tons alaranjado, amarelo, vermelho e marrom pela distinta forma\u00e7\u00e3o natural ser\u00e1 surpreendente em todos os n\u00edveis.<\/li>\n<li><strong>Pra\u00e7a da Mentira<\/strong><\/li>\n<li><strong>Cen\u00e1rios cinematogr\u00e1ficos<\/strong><\/li>\n<li><strong>Centro de Artesanato:<\/strong> O artesanato com areia colorida tem presen\u00e7a incontest\u00e1vel em Beberibe e \u00e9 admir\u00e1vel pelos detalhes. Vale ir ao Centro de Artesanato da cidade e conhecer um pouco do trabalho, al\u00e9m de conversar com os artistas. A Associa\u00e7\u00e3o dos Artes\u00e3os de Morro Branco conta com aproximadamente 60 profissionais.<\/li>\n<li><strong>Farol da Praia de Morro Branco<\/strong><\/li>\n<li><strong>Passeio de Buggy:<\/strong> O passeio de buggy pelas areias do Morro Branco \u00e9 uma atividade muito solicitada pelos visitantes que gostam de uma certa dose de adrenalina na divers\u00e3o. Dica: h\u00e1 v\u00e1rios bugueiros na regi\u00e3o e eles cobram pre\u00e7os diferentes, ent\u00e3o pechinchar \u00e9 recomendado.<\/li>\n<\/ul>\n<h3>Morro Branco Fortaleza Fotos<\/h3>\n<p><img loading=\"lazy\" decoding=\"async\" class=\"alignnone wp-image-1718 size-full\" title=\"Morro Branco Fortaleza Fotos\" src=\"https:\/\/www.encontrafortaleza.com\/sobre\/wp-content\/uploads\/2019\/05\/morro-branco-fotos.gif\" alt=\"Morro Branco Fortaleza Fotos\" width=\"526\" height=\"450\" \/><\/p>\n<h3>Morro Branco Fortaleza Lugares para se Hospedar<\/h3>\n<p>Cinco pousadas em Morro Branco para se hospedar:<\/p>\n<ul>\n<li><strong>Pousada Mar Aberto:<\/strong> Muito bem localizada, essa pousada tem um bar\/lounge, parquinho para as crian\u00e7as e quartos super confort\u00e1veis para o providencial descanso entre uma divers\u00e3o e outra.<\/li>\n<li><strong>Pousada Marina Praia:<\/strong> Bem perto da praia, essa acomoda\u00e7\u00e3o aconchegante tem piscina na \u00e1rea externa e o quarto com varandas confere um clima aconchegante e tipicamente praiano.<\/li>\n<li><strong>Hotel Villagio Tudo Bom:<\/strong> Ampla piscina, espregui\u00e7adeiras, jardim, equipe multilingue no atendimento e quartos impec\u00e1veis tornam essa hospedagem uma op\u00e7\u00e3o perfeita para os visitantes mais exigentes.<\/li>\n<li><strong>Dream Away Urua\u00fa Beach Residences:<\/strong> Situada em frente ao mar, a Dream Away Urua\u00fa Beach Residences tem di\u00e1rias por \u00f3timos pre\u00e7os e tem boa estrutura. Dormir e acordar com a brisa litor\u00e2nea \u00e9 um diferencial<\/li>\n<li><strong>Pousada Flamboyant Village:<\/strong> Esta pousada tem piscina, restaurante, \u00e1rea para piquenique e fica pr\u00f3xima \u00e0 Lagoa de Urua\u00fa<\/li>\n<\/ul>\n<h4>Mapa de localiza\u00e7\u00e3o<\/h4>\n<a class=\"wp-colorbox-iframe\" href=\"https:\/\/www.google.com\/maps\/embed?pb=!1m18!1m12!1m3!1d31835.76526151369!2d-38.146538982436695!3d-4.12739570793358!2m3!1f0!2f0!3f0!3m2!1i1024!2i768!4f13.1!3m3!1m2!1s0x7b88fbd507e5e170xf1d697092846a0d8!2sPraia+do+Morro+Branco!5e0!3m2!1spt-BR!2sbr!4v1536590440397\"><img decoding=\"async\" src=\"http:\/\/www.encontracampinas.com.br\/imgs\/maps-post.png\"><\/a>\n\n<div style=\"font-size: 0px; height: 0px; line-height: 0px; margin: 0; padding: 0; clear: both;\"><\/div>","protected":false},"excerpt":{"rendered":"<p>Morro Branco Fortaleza,\u00a0no litoral leste do Cear\u00e1, est\u00e1 entre as mais belas do estado e inclusive, j\u00e1 foi cen\u00e1rio para diversas novelas e filmes de produ\u00e7\u00e3o nacional e internacional. As dunas de areia fina e completamente brancas, se misturam entre as fal\u00e9sias avermelhadas, formando um incr\u00edvel labirinto a ser desbravado por todos os visitantes no local. De uma beleza rara e de encantar qualquer um, voc\u00ea pode chegar aqui rapidinho se estiver de passeio por Fortaleza. S\u00e3o apenas 83 quil\u00f4metros de dist\u00e2ncia, que voc\u00ea faz em uma pequena viagem de uma hora. Chegando aqui, muitos passeios est\u00e3o dispon\u00edveis e h\u00e1 <\/p>\n","protected":false},"author":1,"featured_media":0,"parent":0,"menu_order":0,"comment_status":"closed","ping_status":"closed","template":"","meta":{"footnotes":""},"class_list":["post-476","page","type-page","status-publish","hentry"],"aioseo_notices":[],"_links":{"self":[{"href":"https:\/\/www.encontrafortaleza.com\/sobre\/wp-json\/wp\/v2\/pages\/476"}],"collection":[{"href":"https:\/\/www.encontrafortaleza.com\/sobre\/wp-json\/wp\/v2\/pages"}],"about":[{"href":"https:\/\/www.encontrafortaleza.com\/sobre\/wp-json\/wp\/v2\/types\/page"}],"author":[{"embeddable":true,"href":"https:\/\/www.encontrafortaleza.com\/sobre\/wp-json\/wp\/v2\/users\/1"}],"replies":[{"embeddable":true,"href":"https:\/\/www.encontrafortaleza.com\/sobre\/wp-json\/wp\/v2\/comments?post=476"}],"version-history":[{"count":0,"href":"https:\/\/www.encontrafortaleza.com\/sobre\/wp-json\/wp\/v2\/pages\/476\/revisions"}],"wp:attachment":[{"href":"https:\/\/www.encontrafortaleza.com\/sobre\/wp-json\/wp\/v2\/media?parent=476"}],"curies":[{"name":"wp","href":"https:\/\/api.w.org\/{rel}","templated":true}]}}