{"id":500,"date":"2018-09-14T10:40:34","date_gmt":"2018-09-14T13:40:34","guid":{"rendered":"http:\/\/www.encontrafortaleza.com\/sobre\/?page_id=500"},"modified":"2019-05-09T05:34:43","modified_gmt":"2019-05-09T08:34:43","slug":"jericoacoara-fortaleza","status":"publish","type":"page","link":"https:\/\/www.encontrafortaleza.com\/sobre\/jericoacoara-fortaleza\/","title":{"rendered":"Jericoacoara Fortaleza"},"content":{"rendered":"<div class=\"2ad529334b11458fd7d9bde3e187e581\" data-index=\"1\" style=\"float: left; margin: 5px 5px 5px 0;\">\n<!-- EBR \/Novo-Bairro-Topo\/ 300x250 -->\r\n<ins class=\"adsbygoogle\"\r\n     style=\"display:inline-block;width:300px;height:250px\"\r\n     data-ad-client=\"ca-pub-6414922941841817\"\r\n     data-ad-slot=\"5351822287\"><\/ins>\r\n<script>\r\n(adsbygoogle = window.adsbygoogle || []).push({});\r\n<\/script>\n<\/div>\n<p>A pequena vila de pescadores da Praia de\u00a0<strong>Jericoacoara Fortaleza<\/strong>, no noroeste cearense, era apenas uma simples comunidade at\u00e9 a d\u00e9cada de 80. Em 1985, o turismo passou a ser explorado aqui por visitantes que chegavam at\u00e9 Jijoca ou\u00a0Camocim.<\/p>\n<p>Antes inacess\u00edvel e escondida entre dunas, hoje \u00e9 o destino preferido de milhares de turistas brasileiros e estrangeiros. Para\u00edso dos mochileiros, se voc\u00ea gosta de praias paradis\u00edaca, vai se apaixonar por \u201cJeri\u201d.<\/p>\n<p><img loading=\"lazy\" decoding=\"async\" class=\"alignnone wp-image-501 size-full\" title=\"Jericoacoara Fortaleza\" src=\"http:\/\/www.encontrafortaleza.com\/sobre\/wp-content\/uploads\/2018\/09\/jericoacoara-fortaleza.gif\" alt=\"Jericoacoara Fortaleza\" width=\"680\" height=\"189\" \/><\/p>\n<p>H\u00e1 muitas op\u00e7\u00f5es de hospedaria e restaurantes de Jericoacoara. A vila apesar de pequena \u00e9 bastante completa. H\u00e1 muitas op\u00e7\u00f5es de casa de veraneio para quem est\u00e1 viajando em grupo ou quer um espa\u00e7o mais reservado. As di\u00e1rias variam de acordo com a proximidade do centro de Jericoacoara.\u00a0Voc\u00ea ainda tem a op\u00e7\u00e3o de hostels, que est\u00e3o espalhados por todo o centro de Jericoacoara.<\/p>\n<p>Lugares para comer s\u00e3o bem comuns tanto no centro como nas partes mais afastadas da Praia de Jericoacoara. \u00c9 bem comum que voc\u00ea veja os restaurantes da vila fechados durante o dia. A maioria s\u00f3 abre para o p\u00f4r do sol.<\/p>\n<h2>Jericoacoara Fortaleza Transfer<\/h2>\n<p>Existem quatro tipos de transfer para Jericoacoara:<\/p>\n<ul>\n<li><strong>Transfer 4\u00d74: <\/strong>Nessa op\u00e7\u00e3o, um motorista te busca onde voc\u00ea estiver e leva direto at\u00e9 a sua pousada em Jeri. Esse transfer geralmente \u00e9 realizado em uma Hilux 4X4 e \u00e9 bem confort\u00e1vel pois n\u00e3o demora tanto quanto o \u00f4nibus, tem ar-condicionado e pode ser feito no hor\u00e1rio em que voc\u00ea combinar com o motorista, de dia ou a noite.<\/li>\n<li><strong>\u00d4nibus + Jardineira: <\/strong>Op\u00e7\u00e3o bastante utilizada tamb\u00e9m, pode ser mais barata quando viajam menos de 4 pessoas. \u00c9 tamb\u00e9m uma op\u00e7\u00e3o escolhida por muitos viajantes que fazem quest\u00e3o de chegar em Jeri pelo jeito \u201cold school\u201d, nas famosas jardineiras. Nesse caso, voc\u00ea pega um \u00f4nibus de Fortaleza para Jijoca de Jericoacoara, que dura aproximadamente 6 horas, e depois embarca em uma jardineira at\u00e9 Jeri.<\/li>\n<\/ul>\n<p>A empresa de \u00f4nibus que faz esse percurso se chama Fretcar, e oferece op\u00e7\u00f5es express que v\u00e3o direto para Jeri (sem paradas) e j\u00e1 tem a jardineira inclusa no pre\u00e7o e op\u00e7\u00f5es convencionais, com paradas que fazem a viagem ficar mais longa e em que a jardineira \u00e9 paga a parte.<\/p>\n<ul>\n<li><strong>Carro alugado: <\/strong>\u00c9 poss\u00edvel ir de carro para Jeri, mas tem que ser um carro 4\u00d74 pois chegando l\u00e1 h\u00e1 um trecho de mais ou menos 25 km de estrada de terra e areia. Uma vantagem \u00e9 que o carro te d\u00e1 mais liberdade de hor\u00e1rios e voc\u00ea pode parar e aproveitar as praias do caminho. Mas, para conhecimento, saiba que tamb\u00e9m existe uma op\u00e7\u00e3o de transfer privativo que sai as 8h da manh\u00e3 de Fortaleza e vai parando em v\u00e1rias praias no caminho at\u00e9 Jeri, onde chega apenas a noite. \u00c9 o mesmo carro que o transfer direto, mas dura o dia inteiro e tem paradas em praias estrat\u00e9gicas.<\/li>\n<li><strong>Helic\u00f3ptero: <\/strong>Com certeza a op\u00e7\u00e3o mais r\u00e1pida e confort\u00e1vel e com uma vista privilegiada, mas com um pre\u00e7o um pouquinho salgado. A viagem dura 50 minutos e leva 4 pessoas.<\/li>\n<li><strong>Avi\u00e3o: <\/strong>O novo aeroporto de Jericoacoara, que j\u00e1 operava com charters desde o fim de junho de 2017, passou a receber v\u00f4os regulares da Azul no fim de julho de 2017. A Azul opera todo s\u00e1bado a rota Campinas-Jericoacoara. O v\u00f4o parte de Campinas \u00e0s 12h10 e chega a Jericoacoara \u00e0s 15h40. Na volta, decola de Jericoacoara \u00e0s 16h10 e pousa em Campinas \u00e0s 19h40.<\/li>\n<\/ul>\n<h3>Jericoacoara Fortaleza Fotos<\/h3>\n<p><img loading=\"lazy\" decoding=\"async\" class=\"alignnone wp-image-1726 size-full\" title=\"Jericoacoara Fortaleza Fotos\" src=\"https:\/\/www.encontrafortaleza.com\/sobre\/wp-content\/uploads\/2019\/05\/jericocoara-fortaleza.gif\" alt=\"Jericoacoara Fortaleza Fotos\" width=\"621\" height=\"450\" \/><\/p>\n<h4>Outras informa\u00e7\u00f5es e site<\/h4>\n<ul>\n<li>Mais informa\u00e7\u00f5es:\u00a0<a href=\"ps:\/\/www.praiasdefortaleza.net\/jericoacoara\/\" target=\"_blank\" rel=\"noopener noreferrer\">www.praiasdefortaleza.net\/jericoacoara<\/a><\/li>\n<\/ul>\n<h4>Mapa de localiza\u00e7\u00e3o<\/h4>\n<a class=\"wp-colorbox-iframe\" href=\"https:\/\/www.google.com\/maps\/embed?pb=!1m18!1m12!1m3!1d127513.44998288079!2d-40.56677626045559!3d-2.875335955213628!2m3!1f0!2f0!3f0!3m2!1i1024!2i768!4f13.1!3m3!1m2!1s0x7ea264026f44fff0xf2b3c3cf01265c82!2sJericoacoara+4x4!5e0!3m2!1spt-BR!2sbr!4v1536932286484\"><img decoding=\"async\" src=\"http:\/\/www.encontracampinas.com.br\/imgs\/maps-post.png\"><\/a>\n\n<div style=\"font-size: 0px; height: 0px; line-height: 0px; margin: 0; padding: 0; clear: both;\"><\/div>","protected":false},"excerpt":{"rendered":"<p>A pequena vila de pescadores da Praia de\u00a0Jericoacoara Fortaleza, no noroeste cearense, era apenas uma simples comunidade at\u00e9 a d\u00e9cada de 80. Em 1985, o turismo passou a ser explorado aqui por visitantes que chegavam at\u00e9 Jijoca ou\u00a0Camocim. Antes inacess\u00edvel e escondida entre dunas, hoje \u00e9 o destino preferido de milhares de turistas brasileiros e estrangeiros. Para\u00edso dos mochileiros, se voc\u00ea gosta de praias paradis\u00edaca, vai se apaixonar por \u201cJeri\u201d. H\u00e1 muitas op\u00e7\u00f5es de hospedaria e restaurantes de Jericoacoara. A vila apesar de pequena \u00e9 bastante completa. H\u00e1 muitas op\u00e7\u00f5es de casa de veraneio para quem est\u00e1 viajando em grupo <\/p>\n","protected":false},"author":1,"featured_media":0,"parent":0,"menu_order":0,"comment_status":"closed","ping_status":"closed","template":"","meta":{"footnotes":""},"class_list":["post-500","page","type-page","status-publish","hentry"],"aioseo_notices":[],"_links":{"self":[{"href":"https:\/\/www.encontrafortaleza.com\/sobre\/wp-json\/wp\/v2\/pages\/500"}],"collection":[{"href":"https:\/\/www.encontrafortaleza.com\/sobre\/wp-json\/wp\/v2\/pages"}],"about":[{"href":"https:\/\/www.encontrafortaleza.com\/sobre\/wp-json\/wp\/v2\/types\/page"}],"author":[{"embeddable":true,"href":"https:\/\/www.encontrafortaleza.com\/sobre\/wp-json\/wp\/v2\/users\/1"}],"replies":[{"embeddable":true,"href":"https:\/\/www.encontrafortaleza.com\/sobre\/wp-json\/wp\/v2\/comments?post=500"}],"version-history":[{"count":0,"href":"https:\/\/www.encontrafortaleza.com\/sobre\/wp-json\/wp\/v2\/pages\/500\/revisions"}],"wp:attachment":[{"href":"https:\/\/www.encontrafortaleza.com\/sobre\/wp-json\/wp\/v2\/media?parent=500"}],"curies":[{"name":"wp","href":"https:\/\/api.w.org\/{rel}","templated":true}]}}