{"id":512,"date":"2018-09-14T11:29:58","date_gmt":"2018-09-14T14:29:58","guid":{"rendered":"http:\/\/www.encontrafortaleza.com\/sobre\/?page_id=512"},"modified":"2019-05-09T06:21:40","modified_gmt":"2019-05-09T09:21:40","slug":"metro-fortaleza","status":"publish","type":"page","link":"https:\/\/www.encontrafortaleza.com\/sobre\/metro-fortaleza\/","title":{"rendered":"Metr\u00f4 Fortaleza"},"content":{"rendered":"<div class=\"2ad529334b11458fd7d9bde3e187e581\" data-index=\"1\" style=\"float: left; margin: 5px 5px 5px 0;\">\n<!-- EBR \/Novo-Bairro-Topo\/ 300x250 -->\r\n<ins class=\"adsbygoogle\"\r\n     style=\"display:inline-block;width:300px;height:250px\"\r\n     data-ad-client=\"ca-pub-6414922941841817\"\r\n     data-ad-slot=\"5351822287\"><\/ins>\r\n<script>\r\n(adsbygoogle = window.adsbygoogle || []).push({});\r\n<\/script>\n<\/div>\n<p>O\u00a0Metropolitano de Fortaleza, tamb\u00e9m conhecido popularmente como\u00a0<strong>Metr\u00f4 de Fortaleza<\/strong>\u00a0ou\u00a0Metrofor\u00a0\u00e9 um sistema de transporte\u00a0metropolitano\u00a0que opera na\u00a0Regi\u00e3o Metropolitana de Fortaleza, estado do\u00a0Cear\u00e1,\u00a0Brasil.<\/p>\n<p>\u00c9 operado pela\u00a0Companhia Cearense de Transportes Metropolitanos, empresa de\u00a0capital social, capitaneada pelo\u00a0Governo do Estado do Cear\u00e1\u00a0e tem como atual presidente Eduardo Fontes Hotz.<\/p>\n<p><img loading=\"lazy\" decoding=\"async\" class=\"alignnone size-full wp-image-513\" src=\"http:\/\/www.encontrafortaleza.com\/sobre\/wp-content\/uploads\/2018\/09\/metro-fortaleza.gif\" alt=\"\" width=\"680\" height=\"189\" \/><\/p>\n<p>Fundada em 2 de maio de 1997, a companhia \u00e9 respons\u00e1vel pela administra\u00e7\u00e3o, constru\u00e7\u00e3o e planejamento metrovi\u00e1rios no estado do Cear\u00e1, estando presente nos sistemas de\u00a0Sobral\u00a0e do\u00a0Cariri, tendo sua principal atua\u00e7\u00e3o no Metr\u00f4 de Fortaleza.<\/p>\n<p>A Cia Cearense de Transportes Metropolitanos \u00e9 uma empresa de economia mista, com controle majorit\u00e1rio do Governo do Cear\u00e1, e que realiza o transporte de passageiros sobre trilhos no estado, atrav\u00e9s da opera\u00e7\u00e3o \u2013 no momento \u2013 de cinco linhas metrovi\u00e1rias. A estrutura administrativa \u00e9 composta por seis diretorias: Desenvolvimento Estrat\u00e9gico, Desenvolvimento e Tecnologia, Gest\u00e3o Empresarial, Implanta\u00e7\u00e3o, Opera\u00e7\u00e3o e Manuten\u00e7\u00e3o, al\u00e9m da Diretoria da Presid\u00eancia.<\/p>\n<h2>Metr\u00f4 Fortaleza Linhas em Funcionamento<\/h2>\n<ul>\n<li><strong>Linha Sul:<\/strong> A Linha Sul do Metr\u00f4 de Fortaleza \u00e9 atualmente a maior linha metrovi\u00e1ria em opera\u00e7\u00e3o no Cear\u00e1, em extens\u00e3o (24.1 km), n\u00famero de esta\u00e7\u00f5es (19) e de passageiros (33,8 mil\/dia). Cada composi\u00e7\u00e3o de trens em opera\u00e7\u00e3o tem capacidade de transporte de aproximadamente 890 pessoas e s\u00e3o feitas, todos os dias, 126 viagens, interligando Fortaleza, Maracana\u00fa e Pacatuba. Nas esta\u00e7\u00f5es, o tempo de parada \u00e9 apenas o suficiente para desembarque e embarque de passageiros, sendo 1 minuto ou menos. A velocidade m\u00e9dia dos trens \u00e9 de 40 km\/h, chegando a 70 km\/h (velocidade m\u00e1xima) entre as esta\u00e7\u00f5es. A opera\u00e7\u00e3o do sistema \u00e9 de segunda a s\u00e1bado, de 5h30 \u00e0s 23h.<\/li>\n<li><strong>Linha Oeste:<\/strong> A Linha Oeste oferece transporte \u00e1gil e seguro interligando o centro de Fortaleza ao munic\u00edpio de Caucaia, na regi\u00e3o metropolitana da capital cearense. S\u00e3o 7,9 mil pessoas transportadas por dia, em m\u00e9dia. De uma ponta a outra, s\u00e3o 19,5 km de extens\u00e3o, passando por 10 esta\u00e7\u00f5es.<\/li>\n<li><strong>VLT Parangaba Papicu:<\/strong> O VLT Parangaba-Mucuripe est\u00e1 operando de forma assistida, com transporte de passageiros e sem cobran\u00e7a de tarifa, da Esta\u00e7\u00e3o Parangaba \u00e0 Esta\u00e7\u00e3o Papicu. O modal percorre cerca de 10,8 km nesse trecho, passando por 8 esta\u00e7\u00f5es, das dez previstas no projeto. S\u00e3o elas: Parangaba, Montese, Vila Uni\u00e3o, Borges de Melo, S\u00e3o Jo\u00e3o do Tauape, Pontes Vieira, Ant\u00f4nio Sales e Papicu. O VLT ainda e se integra ao sistema de \u00f4nibus da Prefeitura de Fortaleza e \u00e0s linhas Sul e (futura) Leste do metr\u00f4 de Fortaleza. O restante da obra, com mais duas esta\u00e7\u00f5es (Mucuripe e Iate), al\u00e9m de cercamento e outras obras complementares, deve ficar pronto at\u00e9 o final de 2018. A previs\u00e3o de demanda potencial do modal \u00e9 de 90 mil passageiros por dia.<\/li>\n<li><strong>VLT de Sobral:<\/strong> O Metr\u00f4 de Sobral oferece transporte \u00e1gil e seguro interligando os quatros cantos da cidade, atrav\u00e9s de duas linhas em opera\u00e7\u00e3o. A Linha Sul interliga os bairros Sumar\u00e9 e Cohab II. A Linha Norte liga o bairro do Junco at\u00e9 o bairro Novo Recanto. S\u00e3o aproximadamente 4,8 mil pessoas transportadas por dia \u2013 em m\u00e9dia. Os 13,9 quil\u00f4metros de extens\u00e3o passam por 12 esta\u00e7\u00f5es. As linhas formam tra\u00e7ados que se tangenciam na esta\u00e7\u00e3o Cora\u00e7\u00e3o de Jesus, que funciona como Esta\u00e7\u00e3o de Integra\u00e7\u00e3o. O Metr\u00f4 de Sobral se configura como um elemento estrat\u00e9gico no fomento da atividade comercial, tur\u00edstica, industrial e cultural do munic\u00edpio, face \u00e0s suas caracter\u00edsticas operacionais de seguran\u00e7a, conforto, rapidez e de regularidade.<\/li>\n<li><strong>VLT do Cariri:<\/strong> O Metr\u00f4 do Cariri oferece transporte \u00e1gil e seguro integrando a regi\u00e3o do Cariri, contemplando os munic\u00edpios de Crato e Juazeiro do Norte. S\u00e3o 1,7 mil pessoas transportadas por dia \u2013 em m\u00e9dia. De uma ponta a outra, s\u00e3o 13,6 km de extens\u00e3o, passando por 9 esta\u00e7\u00f5es.<\/li>\n<\/ul>\n<h3>Hor\u00e1rio de Funcionamento Metr\u00f4 em Fortaleza<\/h3>\n<ul>\n<li>N\u00e3o informado<\/li>\n<\/ul>\n<h3>Endere\u00e7o e Telefone Metr\u00f4 em Fortaleza<\/h3>\n<ul>\n<li>Av. Jos\u00e9 Bastos, 87 &#8211; Dem\u00f3crito Rocha &#8211; Fortaleza &#8211; CE<\/li>\n<li>Telefone:\u00a0(85) 3101-7100<\/li>\n<\/ul>\n<h4>Outras informa\u00e7\u00f5es e site<\/h4>\n<ul>\n<li>Mais informa\u00e7\u00f5es:\u00a0<a href=\"http:\/\/www.metrofor.ce.gov.br\/\" target=\"_blank\" rel=\"noopener noreferrer\">www.metrofor.ce.gov.br<\/a><\/li>\n<\/ul>\n<h4>Mapa de localiza\u00e7\u00e3o<\/h4>\n<a class=\"wp-colorbox-iframe\" href=\"https:\/\/www.google.com\/maps\/embed?pb=!1m18!1m12!1m3!1d3981.2016932557085!2d-38.56248918524076!3d-3.7662392972600065!2m3!1f0!2f0!3f0!3m2!1i1024!2i768!4f13.1!3m3!1m2!1s0x7c74ead16f7eacb0x13e0f93bbf328056!2sAv.+Jos+Bastos+87+-+Demcrito+Rocha+Fortaleza+-+CE+60421-075!5e0!3m2!1spt-BR!2sbr!4v1536935381368\"><img decoding=\"async\" src=\"http:\/\/www.encontracampinas.com.br\/imgs\/maps-post.png\"><\/a>\n\n<div style=\"font-size: 0px; height: 0px; line-height: 0px; margin: 0; padding: 0; clear: both;\"><\/div>","protected":false},"excerpt":{"rendered":"<p>O\u00a0Metropolitano de Fortaleza, tamb\u00e9m conhecido popularmente como\u00a0Metr\u00f4 de Fortaleza\u00a0ou\u00a0Metrofor\u00a0\u00e9 um sistema de transporte\u00a0metropolitano\u00a0que opera na\u00a0Regi\u00e3o Metropolitana de Fortaleza, estado do\u00a0Cear\u00e1,\u00a0Brasil. \u00c9 operado pela\u00a0Companhia Cearense de Transportes Metropolitanos, empresa de\u00a0capital social, capitaneada pelo\u00a0Governo do Estado do Cear\u00e1\u00a0e tem como atual presidente Eduardo Fontes Hotz. Fundada em 2 de maio de 1997, a companhia \u00e9 respons\u00e1vel pela administra\u00e7\u00e3o, constru\u00e7\u00e3o e planejamento metrovi\u00e1rios no estado do Cear\u00e1, estando presente nos sistemas de\u00a0Sobral\u00a0e do\u00a0Cariri, tendo sua principal atua\u00e7\u00e3o no Metr\u00f4 de Fortaleza. A Cia Cearense de Transportes Metropolitanos \u00e9 uma empresa de economia mista, com controle majorit\u00e1rio do Governo do Cear\u00e1, e que realiza <\/p>\n","protected":false},"author":1,"featured_media":0,"parent":0,"menu_order":0,"comment_status":"closed","ping_status":"closed","template":"","meta":{"footnotes":""},"class_list":["post-512","page","type-page","status-publish","hentry"],"aioseo_notices":[],"_links":{"self":[{"href":"https:\/\/www.encontrafortaleza.com\/sobre\/wp-json\/wp\/v2\/pages\/512"}],"collection":[{"href":"https:\/\/www.encontrafortaleza.com\/sobre\/wp-json\/wp\/v2\/pages"}],"about":[{"href":"https:\/\/www.encontrafortaleza.com\/sobre\/wp-json\/wp\/v2\/types\/page"}],"author":[{"embeddable":true,"href":"https:\/\/www.encontrafortaleza.com\/sobre\/wp-json\/wp\/v2\/users\/1"}],"replies":[{"embeddable":true,"href":"https:\/\/www.encontrafortaleza.com\/sobre\/wp-json\/wp\/v2\/comments?post=512"}],"version-history":[{"count":0,"href":"https:\/\/www.encontrafortaleza.com\/sobre\/wp-json\/wp\/v2\/pages\/512\/revisions"}],"wp:attachment":[{"href":"https:\/\/www.encontrafortaleza.com\/sobre\/wp-json\/wp\/v2\/media?parent=512"}],"curies":[{"name":"wp","href":"https:\/\/api.w.org\/{rel}","templated":true}]}}