{"id":515,"date":"2018-09-14T11:38:47","date_gmt":"2018-09-14T14:38:47","guid":{"rendered":"http:\/\/www.encontrafortaleza.com\/sobre\/?page_id=515"},"modified":"2019-05-09T06:24:51","modified_gmt":"2019-05-09T09:24:51","slug":"inss-fortaleza","status":"publish","type":"page","link":"https:\/\/www.encontrafortaleza.com\/sobre\/inss-fortaleza\/","title":{"rendered":"INSS Fortaleza"},"content":{"rendered":"<div class=\"2ad529334b11458fd7d9bde3e187e581\" data-index=\"1\" style=\"float: left; margin: 5px 5px 5px 0;\">\n<!-- EBR \/Novo-Bairro-Topo\/ 300x250 -->\r\n<ins class=\"adsbygoogle\"\r\n     style=\"display:inline-block;width:300px;height:250px\"\r\n     data-ad-client=\"ca-pub-6414922941841817\"\r\n     data-ad-slot=\"5351822287\"><\/ins>\r\n<script>\r\n(adsbygoogle = window.adsbygoogle || []).push({});\r\n<\/script>\n<\/div>\n<p>Atualmente, o\u00a0<strong>Posto INSS em Fortaleza<\/strong> \u00e9 respons\u00e1vel pelo pagamento de 180 mil benef\u00edcios.\u00a0Com a informatiza\u00e7\u00e3o, os segurados ter\u00e3o que esperar menos tempo para serem atendidos e poder\u00e3o ter o benef\u00edcio concedido no mesmo dia do requerimento.<\/p>\n<p>Se apresentar a documenta\u00e7\u00e3o completa, o benefici\u00e1rio recebe a carta de concess\u00e3o na hora, informando a data e o banco em que estar\u00e1 dispon\u00edvel seu pagamento.<\/p>\n<p><img loading=\"lazy\" decoding=\"async\" class=\"alignnone size-full wp-image-516\" src=\"http:\/\/www.encontrafortaleza.com\/sobre\/wp-content\/uploads\/2018\/09\/posto-inss-Fortaleza.jpg\" alt=\"\" width=\"496\" height=\"189\" srcset=\"https:\/\/www.encontrafortaleza.com\/sobre\/wp-content\/uploads\/2018\/09\/posto-inss-Fortaleza.jpg 496w, https:\/\/www.encontrafortaleza.com\/sobre\/wp-content\/uploads\/2018\/09\/posto-inss-Fortaleza-300x114.jpg 300w\" sizes=\"(max-width: 496px) 100vw, 496px\" \/><\/p>\n<p>As ag\u00eancias de atendimento s\u00e3o unidades fixas, espalhadas por todo o\u00a0<em>Brasil<\/em>, totalizando mais de 1500 pontos de atendimento. Elas s\u00e3o respons\u00e1veis por fazer todo tipo de atendimento disponibilizado \u00e0 popula\u00e7\u00e3o.<\/p>\n<h2>INSS Fortaleza Agendamento<\/h2>\n<p>O\u00a0<a href=\"https:\/\/meu.inss.gov.br\/central\/index.html#\/agenda\/\">agendamento<\/a>\u00a0tem por finalidade viabilizar um atendimento mais c\u00f4modo e resolutivo para voc\u00ea, al\u00e9m de permitir \u00e0s ag\u00eancias do INSS se planejarem para o atendimento de acordo com a for\u00e7a de trabalho de cada unidade. O agendamento \u00e9 um protocolo v\u00e1lido e garante todos os seus direitos. Depois de agendar, lembre-se de conferir, na p\u00e1gina do pr\u00f3prio servi\u00e7o, a documenta\u00e7\u00e3o que voc\u00ea deve levar no dia do seu atendimento.<\/p>\n<h3>INSS Fortaleza Resultado de Per\u00edcia<\/h3>\n<p>O INSS oferece a possibilidade oferecida ao cidad\u00e3o de acompanhar via\u00a0Internet o\u00a0andamento de seu pedido de benef\u00edcio. Clique<a href=\"https:\/\/www.inss.gov.br\/servicos-do-inss\/consulta-de-situacao-de-beneficio\/\">\u00a0aqui<\/a>\u00a0e acompanhe utilizando o n\u00famero do ben\u00e9ficio, CPF, nome do benefici\u00e1rio e Data de Nascimento.<\/p>\n<h3>INSS Fortaleza Sal\u00e1rio Maternidade<\/h3>\n<p>O\u00a0<em>Sal\u00e1rio Maternidade<\/em>\u00a0\u00e9 concedido em tr\u00eas tipos de situa\u00e7\u00e3o: parto, ado\u00e7\u00e3o e aborto espont\u00e2neo ou previsto em lei. Ou seja, benef\u00edcio n\u00e3o \u00e9 v\u00e1lido durante a gesta\u00e7\u00e3o do beb\u00ea.<\/p>\n<p>Essa medida vale para todos os tipos de trabalhadoras, seguradas especiais, contribuintes individuais, desempregadas e empregadas dom\u00e9sticas, desde que elas sejam seguradas e estejam no \u201cper\u00edodo de gra\u00e7a\u201d. O valor do benef\u00edcio ser\u00e1 calculado com base em uma m\u00e9dia salarial realizada pelo instituto. Voc\u00ea pode solicitar via internet ou pessoalmente depois do agendamento pelo descrito acima.<\/p>\n<h3>Hor\u00e1rio de Atendimento Posto INSS\u00a0em Fortaleza<\/h3>\n<ul>\n<li>Segunda a sexta das 8h \u00e0s 17h<\/li>\n<\/ul>\n<h3>Endere\u00e7o e Telefone INSS em Fortaleza<\/h3>\n<ul>\n<li><strong><a href=\"http:\/\/www.consultainss.com\/inss-fortaleza-centro-ce-agencia-da-previdencia-social\/\" target=\"_blank\" rel=\"noopener noreferrer\">Centro<\/a>\u00a01:<\/strong> <span class=\"w8qArf\">\u00a0<\/span><span class=\"LrzXr\">R. Pedro Pereira, 383<\/span> \u2013 Telefone: (85) 3255-7466<\/li>\n<li><a href=\"http:\/\/www.consultainss.com\/inss-fortaleza-centro-ce-agencia-da-previdencia-social\/\" target=\"_blank\" rel=\"noopener noreferrer\">Centro 2:<\/a>\u00a0R Senador Pompeu, 1174\u00a0 &#8211; Telefone: (85)\u00a0\u00a03255-7577<\/li>\n<li><a href=\"http:\/\/www.consultainss.com\/inss-fortaleza-jacarecanga-ce-agencia-da-previdencia-social\/\" target=\"_blank\" rel=\"noopener noreferrer\"><strong>Jacarenga:<\/strong><\/a>\u00a0Rua Guilherme Rocha, 1624 &#8211; Telefone: (85)\u00a03238-4444<\/li>\n<li><strong><a href=\"http:\/\/www.consultainss.com\/inss-fortaleza-aldeota-ce-agencia-da-previdencia-social\/\" target=\"_blank\" rel=\"noopener noreferrer\">Aldeota:<\/a>\u00a0<\/strong>Av. Des. Moreira, s\/n\u00a0\u2013 Telefone: (85) 3254-3776<\/li>\n<li><a href=\"http:\/\/www.consultainss.com\/inss-fortaleza-sul-ce-agencia-da-previdencia-social\/\" target=\"_blank\" rel=\"noopener noreferrer\"><strong>Edson Queiroz:<\/strong><\/a> Av. Dr. Valmir Pontes, s\/n\u00a0 \u2013 Telefone: (85) 3254-3776<\/li>\n<li><a href=\"http:\/\/www.consultainss.com\/inss-fortaleza-damas-ce-agencia-da-previdencia-social\/\" target=\"_blank\" rel=\"noopener noreferrer\"><strong>Damas:<\/strong> <\/a>R. Machado de Assis, 514 \u2013 Telefone: (85) 3232-5000<\/li>\n<li><strong><a href=\"http:\/\/www.consultainss.com\/inss-fortaleza-centro-oeste-ce-agencia-da-previdencia-social\/\" target=\"_blank\" rel=\"noopener noreferrer\">Farias Brito<\/a>:<\/strong>\u00a0Rua Princesa Isabel, 1611 &#8211; Telefone:\u00a0(85) 3231-0133<\/li>\n<li><strong><a href=\"http:\/\/www.consultainss.com\/inss-fortaleza-parquelandia-ce-agencia-da-previdencia-social\/\" target=\"_blank\" rel=\"noopener noreferrer\">Parquel\u00e2ndia:<\/a>\u00a0<\/strong>Rua Dom Manuel de Medeiros, 1734 &#8211; Telefone:\u00a0(85) 3214-1062<\/li>\n<li><a href=\"http:\/\/www.consultainss.com\/inss-fortaleza-messejana-ce-agencia-da-previdencia-social\/\" target=\"_blank\" rel=\"noopener noreferrer\"><strong>Messejana:<\/strong>\u00a0<\/a>R. Manuel Castelo Branco, 248 &#8211; Telefone:\u00a0(85) 3255-7669<\/li>\n<\/ul>\n<h4>Outras informa\u00e7\u00f5es:<\/h4>\n<ul>\n<li>Mais informa\u00e7\u00f5es:\u00a0<a href=\"https:\/\/www.inss.gov.br\/tag\/duque-de-caxias\/\" target=\"_blank\" rel=\"noopener noreferrer\">www.inss.gov.br<\/a><\/li>\n<\/ul>\n<h4>Mapa de localiza\u00e7\u00e3o\u00a0Centro<\/h4>\n<a class=\"wp-colorbox-iframe\" href=\"https:\/\/www.google.com\/maps\/embed?pb=!1m18!1m12!1m3!1d3981.3679278059753!2d-38.531112285240965!3d-3.7297196972864373!2m3!1f0!2f0!3f0!3m2!1i1024!2i768!4f13.1!3m3!1m2!1s0x7c749ac905badcf0x3b85247432c6c0dd!2sR.+Pedro+Pereira+383+-+Centro+Fortaleza+-+CE+60035-001!5e0!3m2!1spt-BR!2sbr!4v1536935909999\"><img decoding=\"async\" src=\"http:\/\/www.encontracampinas.com.br\/imgs\/maps-post.png\"><\/a>\n\n<div style=\"font-size: 0px; height: 0px; line-height: 0px; margin: 0; padding: 0; clear: both;\"><\/div>","protected":false},"excerpt":{"rendered":"<p>Atualmente, o\u00a0Posto INSS em Fortaleza \u00e9 respons\u00e1vel pelo pagamento de 180 mil benef\u00edcios.\u00a0Com a informatiza\u00e7\u00e3o, os segurados ter\u00e3o que esperar menos tempo para serem atendidos e poder\u00e3o ter o benef\u00edcio concedido no mesmo dia do requerimento. Se apresentar a documenta\u00e7\u00e3o completa, o benefici\u00e1rio recebe a carta de concess\u00e3o na hora, informando a data e o banco em que estar\u00e1 dispon\u00edvel seu pagamento. As ag\u00eancias de atendimento s\u00e3o unidades fixas, espalhadas por todo o\u00a0Brasil, totalizando mais de 1500 pontos de atendimento. Elas s\u00e3o respons\u00e1veis por fazer todo tipo de atendimento disponibilizado \u00e0 popula\u00e7\u00e3o. INSS Fortaleza Agendamento O\u00a0agendamento\u00a0tem por finalidade viabilizar um <\/p>\n","protected":false},"author":1,"featured_media":0,"parent":0,"menu_order":0,"comment_status":"closed","ping_status":"closed","template":"","meta":{"footnotes":""},"class_list":["post-515","page","type-page","status-publish","hentry"],"aioseo_notices":[],"_links":{"self":[{"href":"https:\/\/www.encontrafortaleza.com\/sobre\/wp-json\/wp\/v2\/pages\/515"}],"collection":[{"href":"https:\/\/www.encontrafortaleza.com\/sobre\/wp-json\/wp\/v2\/pages"}],"about":[{"href":"https:\/\/www.encontrafortaleza.com\/sobre\/wp-json\/wp\/v2\/types\/page"}],"author":[{"embeddable":true,"href":"https:\/\/www.encontrafortaleza.com\/sobre\/wp-json\/wp\/v2\/users\/1"}],"replies":[{"embeddable":true,"href":"https:\/\/www.encontrafortaleza.com\/sobre\/wp-json\/wp\/v2\/comments?post=515"}],"version-history":[{"count":0,"href":"https:\/\/www.encontrafortaleza.com\/sobre\/wp-json\/wp\/v2\/pages\/515\/revisions"}],"wp:attachment":[{"href":"https:\/\/www.encontrafortaleza.com\/sobre\/wp-json\/wp\/v2\/media?parent=515"}],"curies":[{"name":"wp","href":"https:\/\/api.w.org\/{rel}","templated":true}]}}