{"id":518,"date":"2018-09-14T11:58:37","date_gmt":"2018-09-14T14:58:37","guid":{"rendered":"http:\/\/www.encontrafortaleza.com\/sobre\/?page_id=518"},"modified":"2019-11-25T06:40:08","modified_gmt":"2019-11-25T08:40:08","slug":"dragao-do-mar-fortaleza","status":"publish","type":"page","link":"https:\/\/www.encontrafortaleza.com\/sobre\/dragao-do-mar-fortaleza\/","title":{"rendered":"Drag\u00e3o do Mar Fortaleza"},"content":{"rendered":"<div class=\"2ad529334b11458fd7d9bde3e187e581\" data-index=\"1\" style=\"float: left; margin: 5px 5px 5px 0;\">\n<!-- EBR \/Novo-Bairro-Topo\/ 300x250 -->\r\n<ins class=\"adsbygoogle\"\r\n     style=\"display:inline-block;width:300px;height:250px\"\r\n     data-ad-client=\"ca-pub-6414922941841817\"\r\n     data-ad-slot=\"5351822287\"><\/ins>\r\n<script>\r\n(adsbygoogle = window.adsbygoogle || []).push({});\r\n<\/script>\n<\/div>\n<p>O\u00a0Centro Drag\u00e3o do Mar de Arte e Cultura \u00e9 um\u00a0centro cultural, um dos maiores do\u00a0Brasil, localizado em\u00a0Fortaleza,\u00a0Cear\u00e1. S\u00e3o 30 mil metros quadrados de \u00e1rea dedicada \u00e0 arte e \u00e0 cultura que abriga mais de quatro mil pessoas e tamb\u00e9m grandes shows nacionais e internacionais.<\/p>\n<p>O <strong>Drag\u00e3o do Mar Fortaleza<\/strong> \u00e9 a organiza\u00e7\u00e3o social respons\u00e1vel pela gest\u00e3o e execu\u00e7\u00e3o das pol\u00edticas p\u00fablicas do Centro Drag\u00e3o do Mar de Arte e Cultura e de outras dez (10) institui\u00e7\u00f5es de cultura, esporte e gastronomia do Cear\u00e1.<\/p>\n<p><img loading=\"lazy\" decoding=\"async\" class=\"alignnone wp-image-519 size-full\" title=\"Drag\u00e3o do Mar Fortaleza\" src=\"http:\/\/www.encontrafortaleza.com\/sobre\/wp-content\/uploads\/2018\/09\/dragao-do-mar-fortaleza.gif\" alt=\"Drag\u00e3o do Mar Fortaleza\" width=\"680\" height=\"189\" \/><\/p>\n<p>S\u00e3o elas: Escola Porto Iracema das Artes, Escola de Artes e Of\u00edcios Thomas Pompeu Sobrinho, Centro Cultural Grande Bom Jardim, Cine Teatro S\u00e3o Luiz, Teatro Jos\u00e9 de Alencar, Escola de Gastronomia Social Ivens Dias Branco, Escola de Hotelaria e Gastronomia da Esta\u00e7\u00e3o das Artes, Casa dos Saberes Cego Aderaldo, Vila da M\u00fasica e Centro de Forma\u00e7\u00e3o Ol\u00edmpica.<\/p>\n<p>O Centro Drag\u00e3o do Mar \u00e9 um espa\u00e7o destinado ao encontro das pessoas, ao fomento e \u00e0 difus\u00e3o da arte e da cultura. Foi criado pelo ent\u00e3o secret\u00e1rio da Cultura e atual Presidente do Instituto Drag\u00e3o do Mar, o soci\u00f3logo e jornalista Paulo Linhares, durante a gest\u00e3o do ent\u00e3o Governador do Estado do Cear\u00e1, Ciro Gomes, na d\u00e9cada de 90. O espa\u00e7o foi entregue \u00e0 popula\u00e7\u00e3o pelo governador Tasso Jereissati, em 28 de abril de 1999.<\/p>\n<p>O Instituto de Arte e Cultura do Cear\u00e1, hoje nomeado de Instituto Drag\u00e3o do Mar, foi a primeira Organiza\u00e7\u00e3o Social (OS) criada no Brasil na \u00e1rea da\u00a0Cultura. O nome\u00a0<b>Drag\u00e3o do Mar<\/b>\u00a0\u00e9 uma homenagem ao hist\u00f3rico personagem\u00a0cearense\u00a0Chico da Matilde,\u00a0jangadeiro\u00a0s\u00edmbolo do\u00a0movimento abolicionista\u00a0no estado, que, em\u00a01881\u00a0recusou-se a transportar escravos para serem vendidos no\u00a0sul do pa\u00eds.<sup id=\"cite_ref-4\" class=\"reference\"><\/sup><\/p>\n<h2>Drag\u00e3o do Mar Fortaleza Programa\u00e7\u00e3o<\/h2>\n<p>Acesse o site e fique por dentro de toda a<em> programa\u00e7\u00e3o<\/em> do Centro Cultural.<\/p>\n<h3>Drag\u00e3o do Mar Fortaleza Cinema<\/h3>\n<p>As salas do <em>Cinema<\/em> do Drag\u00e3o foram reinauguradas em setembro de 2013. Sob a curadoria de Pedro Azevedo, a programa\u00e7\u00e3o \u00e9 pensada semana a semana em conson\u00e2ncia com a realidade local a fim de suprir as demandas do p\u00fablico, mas tamb\u00e9m surpreend\u00ea-lo.<\/p>\n<p>As duas salas foram totalmente reformadas, ampliadas e adaptadas para contemplar a acessibilidade a portadores de necessidades especiais, al\u00e9m de contarem com equipamentos de ponta em som e proje\u00e7\u00e3o, novos carpetes, poltronas de couro e assentos especiais que oferecem aos seus frequentadores o m\u00e1ximo de conforto. O p\u00fablico tamb\u00e9m pode saborear antes de cada sess\u00e3o os excelentes caf\u00e9s do espa\u00e7o Caf\u00e9 Santa Clara Org\u00e2nico, inaugurados juntos ao Hall de cada sala.<\/p>\n<p>Dotadas com o que h\u00e1 de mais moderno em equipamentos de som e proje\u00e7\u00e3o digital da marca Barco, uma das mais conceituadas no mercado de audiovisual, as salas contam com projetores digitais de dois tipos: o 2K, equipamento convencional, e o 4K, equipamento ainda pouco encontrado na cidade que oferece uma resolu\u00e7\u00e3o de imagem quatro vezes superior aos televisores tradicionais.<\/p>\n<h3>Drag\u00e3o do Mar Fortaleza Planet\u00e1rio<\/h3>\n<p>O Centro Drag\u00e3o do Mar de Arte e Cultura abriga a maravilha tecnol\u00f3gica que \u00e9 o <em>Planet\u00e1rio<\/em> Rubens de Azevedo fortalecendo as atividades tur\u00edstico-educacionais de nosso estado. O fascinante mundo da realidade virtual proporciona aos visitantes uma incr\u00edvel vis\u00e3o dos astros com projetores de \u00faltima gera\u00e7\u00e3o.<\/p>\n<p>O Planet\u00e1rio Rubens de Azevedo, no Centro Drag\u00e3o do Mar de Arte e Cultura, equipamento da Secretaria da Cultura do Estado do Cear\u00e1 com gest\u00e3o do Instituto Drag\u00e3o do Mar (IDM), est\u00e1 com novidades na programa\u00e7\u00e3o e moderniza\u00e7\u00e3o tecnol\u00f3gica de sua estrutura. A reabertura apresenta ao p\u00fablico equipamento de \u00faltima gera\u00e7\u00e3o: o planet\u00e1rio marca Zeiss, modelo Skymaster ZKP4 LED com projetores digitais VELVET DUO de alta resolu\u00e7\u00e3o. Ele foi adquirido pela Secretaria da Ci\u00eancia, Tecnologia e Educa\u00e7\u00e3o Superior do Estado do Cear\u00e1 (Secitece), atrav\u00e9s de conv\u00eanio com a empresa alem\u00e3 Carl Zeiss AG.<\/p>\n<h3>Hor\u00e1rio de Funcionamento Drag\u00e3o do Mar em Fortaleza<\/h3>\n<ul>\n<li>Segunda a Sexta: das 08h \u00e0s 22h \/ S\u00e1bado e Domingo das 08h \u00e0s 23h<\/li>\n<\/ul>\n<h3>Endere\u00e7o e Telefone Drag\u00e3o do Mar em Fortaleza<\/h3>\n<ul>\n<li>R. Drag\u00e3o do Mar, 81 &#8211; Praia de Iracema &#8211; Fortaleza &#8211; CE<\/li>\n<li>Telefone: \u00a0(85) 3488-8600<\/li>\n<\/ul>\n<h4>Outras informa\u00e7\u00f5es e site<\/h4>\n<ul>\n<li>Mais informa\u00e7\u00f5es:\u00a0<a href=\"http:\/\/www.dragaodomar.org.br\/\" target=\"_blank\" rel=\"noopener noreferrer\">www.dragaodomar.org.br<\/a><\/li>\n<\/ul>\n<h4>Mapa de localiza\u00e7\u00e3o<\/h4>\n<a class=\"wp-colorbox-iframe\" href=\"https:\/\/www.google.com\/maps\/embed?pb=!1m14!1m8!1m3!1d15925.621269335532!2d-38.5204703!3d-3.7214564!3m2!1i1024!2i768!4f13.1!3m3!1m2!1s0x00xb09caf7194866252!2sCentro+Drago+do+Mar+de+Arte+e+Cultura!5e0!3m2!1spt-BR!2sbr!4v1536936901467\"><img decoding=\"async\" src=\"http:\/\/www.encontracampinas.com.br\/imgs\/maps-post.png\"><\/a>\n\n<div style=\"font-size: 0px; height: 0px; line-height: 0px; margin: 0; padding: 0; clear: both;\"><\/div>","protected":false},"excerpt":{"rendered":"<p>O\u00a0Centro Drag\u00e3o do Mar de Arte e Cultura \u00e9 um\u00a0centro cultural, um dos maiores do\u00a0Brasil, localizado em\u00a0Fortaleza,\u00a0Cear\u00e1. S\u00e3o 30 mil metros quadrados de \u00e1rea dedicada \u00e0 arte e \u00e0 cultura que abriga mais de quatro mil pessoas e tamb\u00e9m grandes shows nacionais e internacionais. O Drag\u00e3o do Mar Fortaleza \u00e9 a organiza\u00e7\u00e3o social respons\u00e1vel pela gest\u00e3o e execu\u00e7\u00e3o das pol\u00edticas p\u00fablicas do Centro Drag\u00e3o do Mar de Arte e Cultura e de outras dez (10) institui\u00e7\u00f5es de cultura, esporte e gastronomia do Cear\u00e1. S\u00e3o elas: Escola Porto Iracema das Artes, Escola de Artes e Of\u00edcios Thomas Pompeu Sobrinho, Centro Cultural <\/p>\n","protected":false},"author":1,"featured_media":0,"parent":0,"menu_order":0,"comment_status":"closed","ping_status":"closed","template":"","meta":{"footnotes":""},"class_list":["post-518","page","type-page","status-publish","hentry"],"aioseo_notices":[],"_links":{"self":[{"href":"https:\/\/www.encontrafortaleza.com\/sobre\/wp-json\/wp\/v2\/pages\/518"}],"collection":[{"href":"https:\/\/www.encontrafortaleza.com\/sobre\/wp-json\/wp\/v2\/pages"}],"about":[{"href":"https:\/\/www.encontrafortaleza.com\/sobre\/wp-json\/wp\/v2\/types\/page"}],"author":[{"embeddable":true,"href":"https:\/\/www.encontrafortaleza.com\/sobre\/wp-json\/wp\/v2\/users\/1"}],"replies":[{"embeddable":true,"href":"https:\/\/www.encontrafortaleza.com\/sobre\/wp-json\/wp\/v2\/comments?post=518"}],"version-history":[{"count":0,"href":"https:\/\/www.encontrafortaleza.com\/sobre\/wp-json\/wp\/v2\/pages\/518\/revisions"}],"wp:attachment":[{"href":"https:\/\/www.encontrafortaleza.com\/sobre\/wp-json\/wp\/v2\/media?parent=518"}],"curies":[{"name":"wp","href":"https:\/\/api.w.org\/{rel}","templated":true}]}}