{"id":560,"date":"2018-09-26T13:51:21","date_gmt":"2018-09-26T16:51:21","guid":{"rendered":"http:\/\/www.encontrafortaleza.com\/sobre\/?page_id=560"},"modified":"2019-05-20T08:03:48","modified_gmt":"2019-05-20T11:03:48","slug":"guarda-municipal-fortaleza","status":"publish","type":"page","link":"https:\/\/www.encontrafortaleza.com\/sobre\/guarda-municipal-fortaleza\/","title":{"rendered":"Guarda Municipal Fortaleza"},"content":{"rendered":"<div class=\"2ad529334b11458fd7d9bde3e187e581\" data-index=\"1\" style=\"float: left; margin: 5px 5px 5px 0;\">\n<!-- EBR \/Novo-Bairro-Topo\/ 300x250 -->\r\n<ins class=\"adsbygoogle\"\r\n     style=\"display:inline-block;width:300px;height:250px\"\r\n     data-ad-client=\"ca-pub-6414922941841817\"\r\n     data-ad-slot=\"5351822287\"><\/ins>\r\n<script>\r\n(adsbygoogle = window.adsbygoogle || []).push({});\r\n<\/script>\n<\/div>\n<p>A\u00a0<strong>Guarda Municipal Curitiba<\/strong>\u00a0atuam nas escolas municipais, creches, postos de sa\u00fade, parques, pra\u00e7as, bosques, armaz\u00e9ns da fam\u00edlia, no transporte coletivo e demais equipamentos da Prefeitura Municipal de Curitiba, visando a prote\u00e7\u00e3o da popula\u00e7\u00e3o, dos bens, servi\u00e7os e instala\u00e7\u00f5es, atrav\u00e9s do trabalho preventivo. O n\u00famero 153 pode ser acionado de qualquer telefone, 24 horas por dia, com o custo do impulso.<\/p>\n<p>A Guarda Municipal de Curitiba atua em parceria com os demais organismos policiais estaduais e federais, efetuando o policiamento ostensivo preventivo, uniformizado, hierarquizado e armado.<\/p>\n<p><img loading=\"lazy\" decoding=\"async\" class=\"alignnone wp-image-1799 size-full\" title=\"Guarda Municipal Fortaleza\" src=\"https:\/\/www.encontrafortaleza.com\/sobre\/wp-content\/uploads\/2019\/05\/guarda-municioal.gif\" alt=\"Guarda Municipal Fortaleza\" width=\"680\" height=\"189\" \/><\/p>\n<p>Pela Lei 10.644 foi criada a\u00a0<i>Secretaria Municipal da Defesa Social<\/i>,<sup id=\"cite_ref-5\" class=\"reference\"><\/sup>\u00a0com a miss\u00e3o de desenvolver e implantar pol\u00edticas que promovam a\u00a0prote\u00e7\u00e3o\u00a0do\u00a0cidad\u00e3o, articulando e integrando os organismos governamentais e a\u00a0sociedade\u00a0de forma motivadora, visando organizar e ampliar a capacidade de defesa \u00e1gil e solid\u00e1ria das comunidades de Curitiba e dos pr\u00f3prios municipais; passando a ter as seguintes atribui\u00e7\u00f5es:<\/p>\n<ul>\n<li>O planejamento operacional, a defini\u00e7\u00e3o e a execu\u00e7\u00e3o da pol\u00edtica de defesa social do Munic\u00edpio; a coordena\u00e7\u00e3o das a\u00e7\u00f5es de defesa social;<\/li>\n<li>A articula\u00e7\u00e3o com as inst\u00e2ncias p\u00fablicas federal e estadual e com a sociedade, visando potencializar as a\u00e7\u00f5es e os resultados na \u00e1rea de seguran\u00e7a p\u00fablica;<\/li>\n<li>A atualiza\u00e7\u00e3o e monitoramento de sistema de informa\u00e7\u00f5es estrat\u00e9gicas de defesa social;<\/li>\n<li>A administra\u00e7\u00e3o dos mecanismos de prote\u00e7\u00e3o do\u00a0patrim\u00f4nio\u00a0p\u00fablico municipal e de seus usu\u00e1rios;<\/li>\n<li>A implementa\u00e7\u00e3o, em conjunto com os demais \u00f3rg\u00e3os envolvidos, do Plano Municipal de Seguran\u00e7a;<\/li>\n<li>E a coordena\u00e7\u00e3o das a\u00e7\u00f5es de\u00a0defesa civil\u00a0no Munic\u00edpio, articulando os esfor\u00e7os das institui\u00e7\u00f5es p\u00fablicas e da sociedade, fazendo parte desta pasta o Departamento da Guarda Municipal de Curitiba.<\/li>\n<\/ul>\n<h2>Guarda Municipal Fortaleza Concurso<\/h2>\n<p>Acompanhe o site da\u00a0<a href=\"https:\/\/www.fortaleza.ce.gov.br\/\">Prefeitura de Fortaleza<\/a>\u00a0e n\u00e3o perca as datas das provas do\u00a0<em>concurso<\/em>\u00a0para Guarda Municipal.<\/p>\n<h3>Hor\u00e1rio de Funcionamento Guarda Municipal em Fortaleza<\/h3>\n<ul>\n<li>Segunda a Sexta das 08h \u00e0s 18h<\/li>\n<\/ul>\n<h3>Endere\u00e7o e Telefone Guarda Municipal em Fortaleza<\/h3>\n<ul>\n<li>R. Vicente Sp\u00edndola, 39 &#8211; Vila Uni\u00e3o &#8211; Fortaleza &#8211; CE<\/li>\n<li>Telefone:\u00a0(85) 3281-7766<\/li>\n<\/ul>\n<h4>Outras informa\u00e7\u00f5es e site<\/h4>\n<ul>\n<li>Mais informa\u00e7\u00f5es:\u00a0<a href=\"https:\/\/www.fortaleza.ce.gov.br\/institucional\/a-secretaria-341\" target=\"_blank\" rel=\"noopener noreferrer\">www.fortaleza.ce.gov.br<\/a><\/li>\n<\/ul>\n<h4>Mapa de localiza\u00e7\u00e3o<\/h4>\n<a class=\"wp-colorbox-iframe\" href=\"https:\/\/www.google.com\/maps\/embed?pb=!1m18!1m12!1m3!1d3981.18839176287!2d-38.54085258524093!3d-3.769146197257911!2m3!1f0!2f0!3f0!3m2!1i1024!2i768!4f13.1!3m3!1m2!1s0x7c74ecd94f8b2e10xfd2923001016ace!2sR.+Vicente+Spndola+39+-+Montese+Fortaleza+-+CE+60420-316!5e0!3m2!1spt-BR!2sbr!4v1537980634755\"><img decoding=\"async\" src=\"http:\/\/www.encontracampinas.com.br\/imgs\/maps-post.png\"><\/a>\n\n<div style=\"font-size: 0px; height: 0px; line-height: 0px; margin: 0; padding: 0; clear: both;\"><\/div>","protected":false},"excerpt":{"rendered":"<p>A\u00a0Guarda Municipal Curitiba\u00a0atuam nas escolas municipais, creches, postos de sa\u00fade, parques, pra\u00e7as, bosques, armaz\u00e9ns da fam\u00edlia, no transporte coletivo e demais equipamentos da Prefeitura Municipal de Curitiba, visando a prote\u00e7\u00e3o da popula\u00e7\u00e3o, dos bens, servi\u00e7os e instala\u00e7\u00f5es, atrav\u00e9s do trabalho preventivo. O n\u00famero 153 pode ser acionado de qualquer telefone, 24 horas por dia, com o custo do impulso. A Guarda Municipal de Curitiba atua em parceria com os demais organismos policiais estaduais e federais, efetuando o policiamento ostensivo preventivo, uniformizado, hierarquizado e armado. Pela Lei 10.644 foi criada a\u00a0Secretaria Municipal da Defesa Social,\u00a0com a miss\u00e3o de desenvolver e implantar <\/p>\n","protected":false},"author":1,"featured_media":0,"parent":0,"menu_order":0,"comment_status":"closed","ping_status":"closed","template":"","meta":{"footnotes":""},"class_list":["post-560","page","type-page","status-publish","hentry"],"aioseo_notices":[],"_links":{"self":[{"href":"https:\/\/www.encontrafortaleza.com\/sobre\/wp-json\/wp\/v2\/pages\/560"}],"collection":[{"href":"https:\/\/www.encontrafortaleza.com\/sobre\/wp-json\/wp\/v2\/pages"}],"about":[{"href":"https:\/\/www.encontrafortaleza.com\/sobre\/wp-json\/wp\/v2\/types\/page"}],"author":[{"embeddable":true,"href":"https:\/\/www.encontrafortaleza.com\/sobre\/wp-json\/wp\/v2\/users\/1"}],"replies":[{"embeddable":true,"href":"https:\/\/www.encontrafortaleza.com\/sobre\/wp-json\/wp\/v2\/comments?post=560"}],"version-history":[{"count":0,"href":"https:\/\/www.encontrafortaleza.com\/sobre\/wp-json\/wp\/v2\/pages\/560\/revisions"}],"wp:attachment":[{"href":"https:\/\/www.encontrafortaleza.com\/sobre\/wp-json\/wp\/v2\/media?parent=560"}],"curies":[{"name":"wp","href":"https:\/\/api.w.org\/{rel}","templated":true}]}}