{"id":569,"date":"2018-09-26T14:29:37","date_gmt":"2018-09-26T17:29:37","guid":{"rendered":"http:\/\/www.encontrafortaleza.com\/sobre\/?page_id=569"},"modified":"2019-05-20T12:25:18","modified_gmt":"2019-05-20T15:25:18","slug":"sepog-fortaleza","status":"publish","type":"page","link":"https:\/\/www.encontrafortaleza.com\/sobre\/sepog-fortaleza\/","title":{"rendered":"Sepog Fortaleza"},"content":{"rendered":"<div class=\"2ad529334b11458fd7d9bde3e187e581\" data-index=\"1\" style=\"float: left; margin: 5px 5px 5px 0;\">\n<!-- EBR \/Novo-Bairro-Topo\/ 300x250 -->\r\n<ins class=\"adsbygoogle\"\r\n     style=\"display:inline-block;width:300px;height:250px\"\r\n     data-ad-client=\"ca-pub-6414922941841817\"\r\n     data-ad-slot=\"5351822287\"><\/ins>\r\n<script>\r\n(adsbygoogle = window.adsbygoogle || []).push({});\r\n<\/script>\n<\/div>\n<p>A Secretaria de Planejamento Or\u00e7amento e Gest\u00e3o \u00e9 uma fus\u00e3o das antigas secretarias de Administra\u00e7\u00e3o (SAM) e de Planejamento e Or\u00e7amento (Sepla). Concentra as pol\u00edticas e pr\u00e1ticas de planejamento, monitoramento e avalia\u00e7\u00e3o e aprimora a articula\u00e7\u00e3o das a\u00e7\u00f5es da gest\u00e3o, seguindo uma diretriz j\u00e1 adotada pelos governos federal e estadual.<\/p>\n<p>O <strong>Sepog Fortaleza<\/strong> \u00e9 respons\u00e1vel pela coordena\u00e7\u00e3o das pol\u00edticas de todo Munic\u00edpio para gest\u00e3o de pessoas, aquisi\u00e7\u00f5es corporativas e log\u00edstica, gest\u00e3o do patrim\u00f4nio de bens m\u00f3veis e im\u00f3veis e ainda pela gest\u00e3o corporativa de Tecnologia da Informa\u00e7\u00e3o.<\/p>\n<p><img loading=\"lazy\" decoding=\"async\" class=\"alignnone wp-image-570 size-full\" title=\"Sepog Fortaleza\" src=\"http:\/\/www.encontrafortaleza.com\/sobre\/wp-content\/uploads\/2018\/09\/sepog-fortaleza.gif\" alt=\"Sepog Fortaleza\" width=\"680\" height=\"189\" \/><\/p>\n<p>A secretaria assume tamb\u00e9m &#8211; em articula\u00e7\u00e3o com o Instituto de Planejamento de Fortaleza (Iplanfor) &#8211; as pol\u00edticas de planejamento, monitoramento e avalia\u00e7\u00e3o, o que inclui, entre outras atribui\u00e7\u00f5es, a elabora\u00e7\u00e3o dos instrumentos legais de planejamento Planos Plurianuais (PPA), Lei de Diretrizes Or\u00e7ament\u00e1rias (LDA) e Lei Or\u00e7ament\u00e1ria Anual (LOA), al\u00e9m da coordena\u00e7\u00e3o do programa de Monitoramento das A\u00e7\u00f5es e Projetos Priorit\u00e1rios de Fortaleza (MAPPFor).<\/p>\n<h2>Sepog Fortaleza Concursos<\/h2>\n<p>Fique atento ao site da <a href=\"https:\/\/www.fortaleza.ce.gov.br\" target=\"_blank\" rel=\"noopener noreferrer\">Prefeitura de Fortaleza<\/a> para as datas de inscri\u00e7\u00f5es para o <em>concurso.<\/em><\/p>\n<h3>Sepog Fortaleza Canal do Servidor<\/h3>\n<p>Acesse o <a href=\"https:\/\/servidor.fortaleza.ce.gov.br\/sistema\/login\" target=\"_blank\" rel=\"noopener noreferrer\">canal do servidor<\/a> utilizando a sua matr\u00edcula e senha e a partir da\u00ed voc\u00ea ter\u00e1 acesso a v\u00e1rios servi\u00e7os inclusive ao<em> contra cheque<\/em> mensal.<\/p>\n<h3>Hor\u00e1rio de Funcionamento Sepog em Fortaleza<\/h3>\n<ul>\n<li>Segunda a Sexta: das 08h \u00e0s 17h<\/li>\n<\/ul>\n<h3>Endere\u00e7o e Telefone Sepog em Fortaleza<\/h3>\n<ul>\n<li>RAv. Des. Moreira, 2875 &#8211; Dion\u00edsio Torres &#8211; Fortaleza &#8211; CE<\/li>\n<li>Telefone: (85) 3433-3606<\/li>\n<\/ul>\n<h4>Outras informa\u00e7\u00f5es e site<\/h4>\n<ul>\n<li>Mais informa\u00e7\u00f5es:\u00a0<a href=\"https:\/\/www.fortaleza.ce.gov.br\/institucional\/a-secretaria-324\" target=\"_blank\" rel=\"noopener noreferrer\">www.fortaleza.ce.gov.br\/sepog<\/a><\/li>\n<\/ul>\n<h4>Mapa de localiza\u00e7\u00e3o<\/h4>\n<a class=\"wp-colorbox-iframe\" href=\"https:\/\/www.google.com\/maps\/embed?pb=!1m14!1m8!1m3!1d15925.072720151997!2d-38.5030314!3d-3.7516756!3m2!1i1024!2i768!4f13.1!3m3!1m2!1s0x00x5fe33bfb609d76b9!2sSEPOG+-+Secretaria+do+Planejamento+Oramento+e+Gesto!5e0!3m2!1spt-BR!2sbr!4v1537983031245\"><img decoding=\"async\" src=\"http:\/\/www.encontracampinas.com.br\/imgs\/maps-post.png\"><\/a>\n\n<div style=\"font-size: 0px; height: 0px; line-height: 0px; margin: 0; padding: 0; clear: both;\"><\/div>","protected":false},"excerpt":{"rendered":"<p>A Secretaria de Planejamento Or\u00e7amento e Gest\u00e3o \u00e9 uma fus\u00e3o das antigas secretarias de Administra\u00e7\u00e3o (SAM) e de Planejamento e Or\u00e7amento (Sepla). Concentra as pol\u00edticas e pr\u00e1ticas de planejamento, monitoramento e avalia\u00e7\u00e3o e aprimora a articula\u00e7\u00e3o das a\u00e7\u00f5es da gest\u00e3o, seguindo uma diretriz j\u00e1 adotada pelos governos federal e estadual. O Sepog Fortaleza \u00e9 respons\u00e1vel pela coordena\u00e7\u00e3o das pol\u00edticas de todo Munic\u00edpio para gest\u00e3o de pessoas, aquisi\u00e7\u00f5es corporativas e log\u00edstica, gest\u00e3o do patrim\u00f4nio de bens m\u00f3veis e im\u00f3veis e ainda pela gest\u00e3o corporativa de Tecnologia da Informa\u00e7\u00e3o. A secretaria assume tamb\u00e9m &#8211; em articula\u00e7\u00e3o com o Instituto de Planejamento de <\/p>\n","protected":false},"author":1,"featured_media":0,"parent":0,"menu_order":0,"comment_status":"closed","ping_status":"closed","template":"","meta":{"footnotes":""},"class_list":["post-569","page","type-page","status-publish","hentry"],"aioseo_notices":[],"_links":{"self":[{"href":"https:\/\/www.encontrafortaleza.com\/sobre\/wp-json\/wp\/v2\/pages\/569"}],"collection":[{"href":"https:\/\/www.encontrafortaleza.com\/sobre\/wp-json\/wp\/v2\/pages"}],"about":[{"href":"https:\/\/www.encontrafortaleza.com\/sobre\/wp-json\/wp\/v2\/types\/page"}],"author":[{"embeddable":true,"href":"https:\/\/www.encontrafortaleza.com\/sobre\/wp-json\/wp\/v2\/users\/1"}],"replies":[{"embeddable":true,"href":"https:\/\/www.encontrafortaleza.com\/sobre\/wp-json\/wp\/v2\/comments?post=569"}],"version-history":[{"count":0,"href":"https:\/\/www.encontrafortaleza.com\/sobre\/wp-json\/wp\/v2\/pages\/569\/revisions"}],"wp:attachment":[{"href":"https:\/\/www.encontrafortaleza.com\/sobre\/wp-json\/wp\/v2\/media?parent=569"}],"curies":[{"name":"wp","href":"https:\/\/api.w.org\/{rel}","templated":true}]}}