{"id":579,"date":"2018-09-28T04:31:07","date_gmt":"2018-09-28T07:31:07","guid":{"rendered":"http:\/\/www.encontrafortaleza.com\/sobre\/?page_id=579"},"modified":"2019-05-20T12:51:36","modified_gmt":"2019-05-20T15:51:36","slug":"serasa-fortaleza","status":"publish","type":"page","link":"https:\/\/www.encontrafortaleza.com\/sobre\/serasa-fortaleza\/","title":{"rendered":"Serasa Fortaleza"},"content":{"rendered":"<div class=\"2ad529334b11458fd7d9bde3e187e581\" data-index=\"1\" style=\"float: left; margin: 5px 5px 5px 0;\">\n<!-- EBR \/Novo-Bairro-Topo\/ 300x250 -->\r\n<ins class=\"adsbygoogle\"\r\n     style=\"display:inline-block;width:300px;height:250px\"\r\n     data-ad-client=\"ca-pub-6414922941841817\"\r\n     data-ad-slot=\"5351822287\"><\/ins>\r\n<script>\r\n(adsbygoogle = window.adsbygoogle || []).push({});\r\n<\/script>\n<\/div>\n<p>Presente h\u00e1 quase 50 anos no mercado brasileiro, a Serasa Experian \u00e9 respons\u00e1vel pela maior base de dados da Am\u00e9rica Latina e oferece os relat\u00f3rios mais precisos e eficazes do mercado.<\/p>\n<p>O\u00a0<strong>Serasa Fortaleza<\/strong>\u00a0apoia empresas e consumidores em suas decis\u00f5es de cr\u00e9dito e oferece solu\u00e7\u00f5es para gest\u00e3o de riscos, marketing e certifica\u00e7\u00e3o digital.<\/p>\n<p><img loading=\"lazy\" decoding=\"async\" class=\"alignnone wp-image-1807 size-full\" title=\"Serasa Fortaleza\" src=\"https:\/\/www.encontrafortaleza.com\/sobre\/wp-content\/uploads\/2019\/05\/serasa.png\" alt=\"Serasa Fortaleza\" width=\"673\" height=\"194\" srcset=\"https:\/\/www.encontrafortaleza.com\/sobre\/wp-content\/uploads\/2019\/05\/serasa.png 673w, https:\/\/www.encontrafortaleza.com\/sobre\/wp-content\/uploads\/2019\/05\/serasa-300x86.png 300w\" sizes=\"(max-width: 673px) 100vw, 673px\" \/><\/p>\n<p>Desde 2007\u00a0o Serasa faz parte do grupo Experian, a maior refer\u00eancia mundial em servi\u00e7os de informa\u00e7\u00e3o. Por meio de nossas solu\u00e7\u00f5es tecnol\u00f3gicas e inovadoras, amplia oportunidades para pessoas e empresas e trabalha para criar um amanh\u00e3 melhor.<\/p>\n<h2>Feir\u00e3o Serasa Fortaleza<\/h2>\n<p>O Serasa Consumidor, bra\u00e7o da Serasa Experian, realiza de tempos em tempo um Super\u00a0<em>Feir\u00e3o <\/em>Limpa Nome, aonde os consumidores de todo o pa\u00eds poder\u00e3o utilizar a vers\u00e3o online do evento, acessando o site\u00a0<a href=\"http:\/\/www.serasaconsumidor.com.br\/feirao\" target=\"_blank\" rel=\"noopener noreferrer\">www.serasaconsumidor.com.br\/feirao<\/a>, para renegociar d\u00edvidas pela internet. Empresas de diferentes setores v\u00e3o oferecer descontos para o consumidor que fizer a renegocia\u00e7\u00e3o.<\/p>\n<h3>CNPJ Serasa Fortaleza<\/h3>\n<p>Fa\u00e7a neg\u00f3cios com Seguran\u00e7a, consulte o<em>\u00a0CNPJ<\/em>\u00a0da empresa com a qual quer fazer neg\u00f3cio.<\/p>\n<p>As consultas da Serasa Experian facilitam a tomada de decis\u00f5es com seguran\u00e7a.\u00a0Com elas, sua empresa pode:<\/p>\n<ul>\n<li>Aceitar todos os meios de pagamento a prazo com menor risco;<\/li>\n<li>Auxiliar na preven\u00e7\u00e3o de poss\u00edveis pagamentos e fraudes;<\/li>\n<li>Fechar neg\u00f3cios com clientes e fornecedores com mais seguran\u00e7a.<\/li>\n<\/ul>\n<h3>Consulta Serasa Fortaleza<\/h3>\n<p>Voc\u00ea pode fazer a <em>consulta do seu CPF<\/em> rapidamente pela p\u00e1gina do Serasa. Basta acessar o site e clicar em consumidor, inserir seu CPF e verificar os resultados. As empresas e os Micro Empreendedores Individuais pode verificar seu escore empreendedor dos seus neg\u00f3cios.<\/p>\n<h3>Hor\u00e1rio de Funcionamento Spc Serasa Fortaleza<\/h3>\n<ul>\n<li>Segunda a sexta das 8h30 \u00e0s 15h30<\/li>\n<\/ul>\n<h3>Endere\u00e7o e Telefone Serasa Consumidor\u00a0Fortaleza<\/h3>\n<ul>\n<li>Rua Pedro Borges, 20, 11\u00b0 Andar &#8211; Salas 1101 a 1104 &#8211; Centro &#8211; Fortaleza &#8211; CE<\/li>\n<li>Telefone:\u00a0(11) 3003-6300<\/li>\n<\/ul>\n<h4>Outras informa\u00e7\u00f5es e site<\/h4>\n<p>Mais informa\u00e7\u00f5es:\u00a0<a href=\"http:\/\/www.serasaexperian.com.br\/\" target=\"_blank\" rel=\"noopener noreferrer\">www.serasaexperian.com.br<\/a><\/p>\n<h4>Mapa de localiza\u00e7\u00e3o<\/h4>\n<a class=\"wp-colorbox-iframe\" href=\"https:\/\/www.google.com\/maps\/embed?pb=!1m14!1m8!1m3!1d15925.496314287844!2d-38.5252708!3d-3.7283616!3m2!1i1024!2i768!4f13.1!3m3!1m2!1s0x00xac691d81cae9243c!2sSerasa+Experian!5e0!3m2!1spt-BR!2sbr!4v1538119840758\"><img decoding=\"async\" src=\"http:\/\/www.encontracampinas.com.br\/imgs\/maps-post.png\"><\/a>\n\n<div style=\"font-size: 0px; height: 0px; line-height: 0px; margin: 0; padding: 0; clear: both;\"><\/div>","protected":false},"excerpt":{"rendered":"<p>Presente h\u00e1 quase 50 anos no mercado brasileiro, a Serasa Experian \u00e9 respons\u00e1vel pela maior base de dados da Am\u00e9rica Latina e oferece os relat\u00f3rios mais precisos e eficazes do mercado. O\u00a0Serasa Fortaleza\u00a0apoia empresas e consumidores em suas decis\u00f5es de cr\u00e9dito e oferece solu\u00e7\u00f5es para gest\u00e3o de riscos, marketing e certifica\u00e7\u00e3o digital. Desde 2007\u00a0o Serasa faz parte do grupo Experian, a maior refer\u00eancia mundial em servi\u00e7os de informa\u00e7\u00e3o. Por meio de nossas solu\u00e7\u00f5es tecnol\u00f3gicas e inovadoras, amplia oportunidades para pessoas e empresas e trabalha para criar um amanh\u00e3 melhor. Feir\u00e3o Serasa Fortaleza O Serasa Consumidor, bra\u00e7o da Serasa Experian, realiza <\/p>\n","protected":false},"author":1,"featured_media":0,"parent":0,"menu_order":0,"comment_status":"closed","ping_status":"closed","template":"","meta":{"footnotes":""},"class_list":["post-579","page","type-page","status-publish","hentry"],"aioseo_notices":[],"_links":{"self":[{"href":"https:\/\/www.encontrafortaleza.com\/sobre\/wp-json\/wp\/v2\/pages\/579"}],"collection":[{"href":"https:\/\/www.encontrafortaleza.com\/sobre\/wp-json\/wp\/v2\/pages"}],"about":[{"href":"https:\/\/www.encontrafortaleza.com\/sobre\/wp-json\/wp\/v2\/types\/page"}],"author":[{"embeddable":true,"href":"https:\/\/www.encontrafortaleza.com\/sobre\/wp-json\/wp\/v2\/users\/1"}],"replies":[{"embeddable":true,"href":"https:\/\/www.encontrafortaleza.com\/sobre\/wp-json\/wp\/v2\/comments?post=579"}],"version-history":[{"count":0,"href":"https:\/\/www.encontrafortaleza.com\/sobre\/wp-json\/wp\/v2\/pages\/579\/revisions"}],"wp:attachment":[{"href":"https:\/\/www.encontrafortaleza.com\/sobre\/wp-json\/wp\/v2\/media?parent=579"}],"curies":[{"name":"wp","href":"https:\/\/api.w.org\/{rel}","templated":true}]}}