{"id":600,"date":"2018-09-28T06:34:10","date_gmt":"2018-09-28T09:34:10","guid":{"rendered":"http:\/\/www.encontrafortaleza.com\/sobre\/?page_id=600"},"modified":"2019-05-21T13:36:18","modified_gmt":"2019-05-21T16:36:18","slug":"shopping-benfica-fortaleza","status":"publish","type":"page","link":"https:\/\/www.encontrafortaleza.com\/sobre\/shopping-benfica-fortaleza\/","title":{"rendered":"Shopping Benfica Fortaleza"},"content":{"rendered":"<div class=\"2ad529334b11458fd7d9bde3e187e581\" data-index=\"1\" style=\"float: left; margin: 5px 5px 5px 0;\">\n<!-- EBR \/Novo-Bairro-Topo\/ 300x250 -->\r\n<ins class=\"adsbygoogle\"\r\n     style=\"display:inline-block;width:300px;height:250px\"\r\n     data-ad-client=\"ca-pub-6414922941841817\"\r\n     data-ad-slot=\"5351822287\"><\/ins>\r\n<script>\r\n(adsbygoogle = window.adsbygoogle || []).push({});\r\n<\/script>\n<\/div>\n<p>No <strong>Shopping Benfica Fortaleza<\/strong> quem primeiro recebe voc\u00ea \u00e9 o pr\u00f3prio cliente. Isso porque o Benfica conta com um p\u00fablico altamente fiel, que n\u00e3o deixa voc\u00ea passar despercebido.<\/p>\n<p>Contando com uma vasta \u00e1rea de influ\u00eancia, que abrange cerca de 17 bairros, o Shopping Benfica destaca-se como a melhor op\u00e7\u00e3o da regi\u00e3o em divers\u00e3o, lazer, servi\u00e7os e compras. N\u00e3o \u00e9 \u00e0 toa que recebe diariamente cerca de 33.000 pessoas.<\/p>\n<p><img loading=\"lazy\" decoding=\"async\" class=\"alignnone wp-image-601 size-full\" title=\"Shopping Benfica Fortaleza\" src=\"http:\/\/www.encontrafortaleza.com\/sobre\/wp-content\/uploads\/2018\/09\/shopping-benfica-fortaleza.gif\" alt=\"Shopping Benfica Fortaleza\" width=\"680\" height=\"189\" \/><\/p>\n<p>Desde a sua inaugura\u00e7\u00e3o, em 30 de outubro de 1999, o Shopping Benfica n\u00e3o para de crescer.\u00a0A cada ano, o potencial de clientes do Shopping Benfica aumenta. A sua \u00e1rea de influ\u00eancia abrange um p\u00fablico de aproximadamente 720 mil pessoas.<\/p>\n<h2>Shopping Benfica Fortaleza Lojas<\/h2>\n<p>S\u00e3o 163 <em>lojas<\/em> e aproximadamente 35 quiosques distribu\u00eddas em 25 mil metros quadrados, localizadas em tr\u00eas andares de \u00e1rea climatizada. Quatro salas de cinema, jogos eletr\u00f4nicos, programa\u00e7\u00e3o cultural permanente e uma alegre e rica pra\u00e7a de alimenta\u00e7\u00e3o. Os tr\u00eas andares do Benfica s\u00e3o acess\u00edveis por escadas rolantes e por tr\u00eas elevadores, sendo dois deles panor\u00e2mico. O cliente ainda conta com 7 mil metros quadrados de estacionamento coberto, al\u00e9m de cinco estacionamentos externos com capacidade para 3.600 vagas rotativas. Tudo isso para oferecer a todos conforto e tranq\u00fcilidade na hora de fazer suas compras.<\/p>\n<h3>Shopping Benfica Fortaleza Cinema<\/h3>\n<p><em>Cinema <\/em>de alta qualidade e conforto, com quatro salas, capacidade para receber mais de 600 pessoas, contando com espa\u00e7o para cadeirantes e obesos, poltronas em couro, solo com declive tipo Stadium, tela Flet, projetor com Imagem Digital 2K e 4K, som frontal e lateral Dolby Digital 5.1, Sistemas 3D Dolby. Espa\u00e7o perfeito tamb\u00e9m para a realiza\u00e7\u00e3o de eventos, palestras, cursos e muito mais, se adequando a cada um de maneira diferente.<\/p>\n<h3>Shopping Benfica Fortaleza Pre\u00e7os do Cinema<\/h3>\n<p>Para maiores informa\u00e7\u00f5es sobre o <em>pre\u00e7o das sess\u00f5es do cinema<\/em> acesse o site abaixo e visite a programa\u00e7\u00e3o.<\/p>\n<h3>Vagas Shopping Benfica Fortaleza &#8211; Trabalhe Conosco<\/h3>\n<p>O Shopping Benfica Fortaleza disponibiliza <em>vagas de trabalho<\/em> durante todo ano. Para se informar sobre os processos seletivos e se candidatar as vagas acompanhe o site da empresa, onde \u00e9 poss\u00edvel se informar sobre vagas abertas, sal\u00e1rios e compet\u00eancias necess\u00e1rias para se candidatar ao processo.<\/p>\n<h3>Hor\u00e1rio de Funcionamento Shopping Benfica em Fortaleza<\/h3>\n<ul>\n<li>Segunda a S\u00e1bado: das 10h \u00e0s 22h \/ Domingo das 12h \u00e0s 20h<\/li>\n<\/ul>\n<h3>Endere\u00e7o e Telefone Shopping Benfica em Fortaleza<\/h3>\n<ul>\n<li>Av. Carapinima, 2200 &#8211; Benfica &#8211; Fortaleza &#8211; CE<\/li>\n<li>Telefone: (85)\u00a03243-1000<\/li>\n<\/ul>\n<h4>Outras informa\u00e7\u00f5es e site<\/h4>\n<ul>\n<li>Mais informa\u00e7\u00f5es:\u00a0<a href=\"http:\/\/www.shoppingbenfica.com.br\/\" target=\"_blank\" rel=\"noopener noreferrer\">www.shoppingbenfica.com.br<\/a><\/li>\n<\/ul>\n<h4>Mapa de localiza\u00e7\u00e3o<\/h4>\n<a class=\"wp-colorbox-iframe\" href=\"https:\/\/www.google.com\/maps\/embed?pb=!1m18!1m12!1m3!1d3981.325925942237!2d-38.54235558524084!3d-3.738980597279736!2m3!1f0!2f0!3f0!3m2!1i1024!2i768!4f13.1!3m3!1m2!1s0x7c7490f025836410xb8b07b8c71fe1a05!2sAv.+Carapinima+2200+-+Benfica+Fortaleza+-+CE+60015-290!5e0!3m2!1spt-BR!2sbr!4v1538127058335\"><img decoding=\"async\" src=\"http:\/\/www.encontracampinas.com.br\/imgs\/maps-post.png\"><\/a>\n\n<div style=\"font-size: 0px; height: 0px; line-height: 0px; margin: 0; padding: 0; clear: both;\"><\/div>","protected":false},"excerpt":{"rendered":"<p>No Shopping Benfica Fortaleza quem primeiro recebe voc\u00ea \u00e9 o pr\u00f3prio cliente. Isso porque o Benfica conta com um p\u00fablico altamente fiel, que n\u00e3o deixa voc\u00ea passar despercebido. Contando com uma vasta \u00e1rea de influ\u00eancia, que abrange cerca de 17 bairros, o Shopping Benfica destaca-se como a melhor op\u00e7\u00e3o da regi\u00e3o em divers\u00e3o, lazer, servi\u00e7os e compras. N\u00e3o \u00e9 \u00e0 toa que recebe diariamente cerca de 33.000 pessoas. Desde a sua inaugura\u00e7\u00e3o, em 30 de outubro de 1999, o Shopping Benfica n\u00e3o para de crescer.\u00a0A cada ano, o potencial de clientes do Shopping Benfica aumenta. A sua \u00e1rea de influ\u00eancia <\/p>\n","protected":false},"author":1,"featured_media":0,"parent":0,"menu_order":0,"comment_status":"closed","ping_status":"closed","template":"","meta":{"footnotes":""},"class_list":["post-600","page","type-page","status-publish","hentry"],"aioseo_notices":[],"_links":{"self":[{"href":"https:\/\/www.encontrafortaleza.com\/sobre\/wp-json\/wp\/v2\/pages\/600"}],"collection":[{"href":"https:\/\/www.encontrafortaleza.com\/sobre\/wp-json\/wp\/v2\/pages"}],"about":[{"href":"https:\/\/www.encontrafortaleza.com\/sobre\/wp-json\/wp\/v2\/types\/page"}],"author":[{"embeddable":true,"href":"https:\/\/www.encontrafortaleza.com\/sobre\/wp-json\/wp\/v2\/users\/1"}],"replies":[{"embeddable":true,"href":"https:\/\/www.encontrafortaleza.com\/sobre\/wp-json\/wp\/v2\/comments?post=600"}],"version-history":[{"count":0,"href":"https:\/\/www.encontrafortaleza.com\/sobre\/wp-json\/wp\/v2\/pages\/600\/revisions"}],"wp:attachment":[{"href":"https:\/\/www.encontrafortaleza.com\/sobre\/wp-json\/wp\/v2\/media?parent=600"}],"curies":[{"name":"wp","href":"https:\/\/api.w.org\/{rel}","templated":true}]}}