{"id":603,"date":"2018-09-28T06:45:14","date_gmt":"2018-09-28T09:45:14","guid":{"rendered":"http:\/\/www.encontrafortaleza.com\/sobre\/?page_id=603"},"modified":"2019-05-21T13:39:37","modified_gmt":"2019-05-21T16:39:37","slug":"ijf-fortaleza","status":"publish","type":"page","link":"https:\/\/www.encontrafortaleza.com\/sobre\/ijf-fortaleza\/","title":{"rendered":"IJF Fortaleza"},"content":{"rendered":"<div class=\"2ad529334b11458fd7d9bde3e187e581\" data-index=\"1\" style=\"float: left; margin: 5px 5px 5px 0;\">\n<!-- EBR \/Novo-Bairro-Topo\/ 300x250 -->\r\n<ins class=\"adsbygoogle\"\r\n     style=\"display:inline-block;width:300px;height:250px\"\r\n     data-ad-client=\"ca-pub-6414922941841817\"\r\n     data-ad-slot=\"5351822287\"><\/ins>\r\n<script>\r\n(adsbygoogle = window.adsbygoogle || []).push({});\r\n<\/script>\n<\/div>\n<p>O <strong>IJF Fortaleza<\/strong> &#8211; Instituto Doutor Jos\u00e9 Frota &#8211; maior centro m\u00e9dico de urg\u00eancia e emerg\u00eancia de n\u00edvel terci\u00e1rio da rede de sa\u00fade p\u00fablica da Prefeitura de Fortaleza.<\/p>\n<p>O Instituto \u00e9 refer\u00eancia no Norte e Nordeste no socorro \u00e0s v\u00edtimas de traumas de alta complexidade, como fraturas m\u00faltiplas, les\u00f5es vasculares e neurol\u00f3gicas graves, queimaduras e intoxica\u00e7\u00f5es.<\/p>\n<p><img loading=\"lazy\" decoding=\"async\" class=\"alignnone wp-image-604 size-full\" title=\"IJF Fortaleza\" src=\"http:\/\/www.encontrafortaleza.com\/sobre\/wp-content\/uploads\/2018\/09\/ijf-fortaleza.gif\" alt=\"IJF Fortaleza\" width=\"680\" height=\"189\" \/><\/p>\n<p>Atendimento 24 horas para casos de extrema gravidade, por demanda espont\u00e2nea ou por encaminhamento dos \u00f3rg\u00e3os de regula\u00e7\u00e3o de leitos municipal e estadual. O perfil de atendimento \u00e9 fraturas m\u00faltiplas, fraturas expostas, les\u00e3o cervical, traumatismo craniano, cortes e perfura\u00e7\u00f5es profundas, queimaduras, intoxica\u00e7\u00f5es por substancias qu\u00edmicas, agrot\u00f3xicos, medicamentos, plantas e animais pe\u00e7onhentos.<\/p>\n<h2>IJF Fortaleza Concursos<\/h2>\n<p>Para trabalhar no IJF \u00e9 preciso realizar provas de<em> concurso<\/em> da <a href=\"https:\/\/www.fortaleza.ce.gov.br\/\">Prefeitura de Fortaleza<\/a>, fique de olho acessando o site da prefeitura em destaque.<\/p>\n<h3>Hor\u00e1rio de Funcionamento IJF em Fortaleza<\/h3>\n<ul>\n<li>24 horas<\/li>\n<\/ul>\n<h3>Endere\u00e7o e Telefone IJF em Fortaleza<\/h3>\n<ul>\n<li>Rua Bar\u00e3o do Rio Branco, 1816 &#8211; Centro &#8211; Fortaleza &#8211; CE<\/li>\n<li>Telefone: (85) 3255-5000<\/li>\n<\/ul>\n<h4>Outras informa\u00e7\u00f5es e site<\/h4>\n<ul>\n<li>Mais informa\u00e7\u00f5es:\u00a0<a href=\"https:\/\/www.facebook.com\/pages\/IJF-Instituto-Dr-Jos%C3%A9-Frota-Frot%C3%A3o\/127909093951342\" target=\"_blank\" rel=\"noopener noreferrer\">www.facebook.com\/IJF<\/a><\/li>\n<\/ul>\n<h4>Mapa de localiza\u00e7\u00e3o<\/h4>\n<a class=\"wp-colorbox-iframe\" href=\"https:\/\/www.google.com\/maps\/embed?pb=!1m14!1m8!1m3!1d15925.391930984535!2d-38.5313892!3d-3.7341202!3m2!1i1024!2i768!4f13.1!3m3!1m2!1s0x00x6eebedbc730fc8f3!2sInstituto+Doutor+Jos+Frota!5e0!3m2!1spt-BR!2sbr!4v1538127679869\"><img decoding=\"async\" src=\"http:\/\/www.encontracampinas.com.br\/imgs\/maps-post.png\"><\/a>\n\n<div style=\"font-size: 0px; height: 0px; line-height: 0px; margin: 0; padding: 0; clear: both;\"><\/div>","protected":false},"excerpt":{"rendered":"<p>O IJF Fortaleza &#8211; Instituto Doutor Jos\u00e9 Frota &#8211; maior centro m\u00e9dico de urg\u00eancia e emerg\u00eancia de n\u00edvel terci\u00e1rio da rede de sa\u00fade p\u00fablica da Prefeitura de Fortaleza. O Instituto \u00e9 refer\u00eancia no Norte e Nordeste no socorro \u00e0s v\u00edtimas de traumas de alta complexidade, como fraturas m\u00faltiplas, les\u00f5es vasculares e neurol\u00f3gicas graves, queimaduras e intoxica\u00e7\u00f5es. Atendimento 24 horas para casos de extrema gravidade, por demanda espont\u00e2nea ou por encaminhamento dos \u00f3rg\u00e3os de regula\u00e7\u00e3o de leitos municipal e estadual. O perfil de atendimento \u00e9 fraturas m\u00faltiplas, fraturas expostas, les\u00e3o cervical, traumatismo craniano, cortes e perfura\u00e7\u00f5es profundas, queimaduras, intoxica\u00e7\u00f5es por substancias <\/p>\n","protected":false},"author":1,"featured_media":0,"parent":0,"menu_order":0,"comment_status":"closed","ping_status":"closed","template":"","meta":{"footnotes":""},"class_list":["post-603","page","type-page","status-publish","hentry"],"aioseo_notices":[],"_links":{"self":[{"href":"https:\/\/www.encontrafortaleza.com\/sobre\/wp-json\/wp\/v2\/pages\/603"}],"collection":[{"href":"https:\/\/www.encontrafortaleza.com\/sobre\/wp-json\/wp\/v2\/pages"}],"about":[{"href":"https:\/\/www.encontrafortaleza.com\/sobre\/wp-json\/wp\/v2\/types\/page"}],"author":[{"embeddable":true,"href":"https:\/\/www.encontrafortaleza.com\/sobre\/wp-json\/wp\/v2\/users\/1"}],"replies":[{"embeddable":true,"href":"https:\/\/www.encontrafortaleza.com\/sobre\/wp-json\/wp\/v2\/comments?post=603"}],"version-history":[{"count":0,"href":"https:\/\/www.encontrafortaleza.com\/sobre\/wp-json\/wp\/v2\/pages\/603\/revisions"}],"wp:attachment":[{"href":"https:\/\/www.encontrafortaleza.com\/sobre\/wp-json\/wp\/v2\/media?parent=603"}],"curies":[{"name":"wp","href":"https:\/\/api.w.org\/{rel}","templated":true}]}}