{"id":622,"date":"2018-09-30T06:39:39","date_gmt":"2018-09-30T09:39:39","guid":{"rendered":"http:\/\/www.encontrafortaleza.com\/sobre\/?page_id=622"},"modified":"2019-05-27T14:33:26","modified_gmt":"2019-05-27T17:33:26","slug":"alagoinha-fortaleza","status":"publish","type":"page","link":"https:\/\/www.encontrafortaleza.com\/sobre\/alagoinha-fortaleza\/","title":{"rendered":"Alagoinha Fortaleza"},"content":{"rendered":"<div class=\"2ad529334b11458fd7d9bde3e187e581\" data-index=\"1\" style=\"float: left; margin: 5px 5px 5px 0;\">\n<!-- EBR \/Novo-Bairro-Topo\/ 300x250 -->\r\n<ins class=\"adsbygoogle\"\r\n     style=\"display:inline-block;width:300px;height:250px\"\r\n     data-ad-client=\"ca-pub-6414922941841817\"\r\n     data-ad-slot=\"5351822287\"><\/ins>\r\n<script>\r\n(adsbygoogle = window.adsbygoogle || []).push({});\r\n<\/script>\n<\/div>\n<p>Quem vem visitar Fortaleza, sempre busca conhecer tamb\u00e9m as praias que ficam mais distantes da cidade. Lagoinha \u00e9 uma dessas praias, que juntamente com\u00a0Canoa Quebrada,\u00a0Praia de Jericoacoara, Cumbuco,\u00a0Camocim, entre outras, s\u00e3o muito procuradas por turistas que querem aproveitar ao m\u00e1ximo o litoral do Cear\u00e1.<\/p>\n<p>A grande vantagem da<strong>\u00a0Praia da Lagoinha<\/strong>\u00a0\u00e9 poder fazer um bate e volta, sem a necessidade de gastar com hotel, se essa n\u00e3o for a sua inten\u00e7\u00e3o.<\/p>\n<p><img loading=\"lazy\" decoding=\"async\" class=\"alignnone wp-image-623 size-full\" title=\"Alagoinha Fortaleza\" src=\"http:\/\/www.encontrafortaleza.com\/sobre\/wp-content\/uploads\/2018\/09\/lagoinha-fortaleza.gif\" alt=\"Alagoinha Fortaleza\" width=\"680\" height=\"189\" \/><\/p>\n<p>Se voc\u00ea vem passar um ou mais dias, n\u00e3o pode deixar de conferir algumas das atra\u00e7\u00f5es da praia. Logo quando chegar pode fazer um passeio gostoso de jardineira por toda a cidade. Voc\u00ea conhecer\u00e1 parte do agreste cearense, que pode ser identificado nessa regi\u00e3o, seguir por alguns pr\u00e9dios hist\u00f3ricos e outros pontos tur\u00edsticos. Todos com parada para fotos e um guia orientando.<\/p>\n<p>A\u00a0Praia da Lagoinha\u00a0\u00e9 completa para qualquer turista. Como foi \u201cdescoberta\u201d por estrangeiros, as barracas e restaurantes aqui s\u00e3o muito bem estruturados e possuem um card\u00e1pio bastante diversificado. H\u00e1 muitas\u00a0pousadas e hot\u00e9is\u00a0bem confort\u00e1veis em toda a orla e ainda casas de veraneio para voc\u00ea passar suas f\u00e9rias.\u00a0O cen\u00e1rio \u00e9 o mais agrad\u00e1vel poss\u00edvel. Algumas dunas de areia branquinha, que podem ser percorridas em um passeio de buggy. O mar \u00e9 sempre muito tranquilo, com poucas ondas e perfeito para aquele banho a qualquer momento.<\/p>\n<p>A melhor forma de chegar na Praia da Lagoinha \u00e9 atrav\u00e9s das ag\u00eancias de turismo. Essa op\u00e7\u00e3o \u00e9 ainda mais atrativa se voc\u00ea quiser fazer um bate e volta. Em toda a Avenida Beira Mar, em\u00a0Fortaleza, voc\u00ea encontra muitas ag\u00eancias oferecendo esse servi\u00e7o.\u00a0H\u00e1 tamb\u00e9m linhas diretas para a Praia da Lagoinha, saindo da Rodovi\u00e1ria de Fortaleza, mas nesse caso, s\u00f3 \u00e9 vi\u00e1vel se voc\u00ea n\u00e3o precisar voltar no mesmo dia, devido os hor\u00e1rios de \u00f4nibus dispon\u00edveis.<\/p>\n<h2>Praia da Lagoinha Fotos<\/h2>\n<p><img loading=\"lazy\" decoding=\"async\" class=\"alignnone wp-image-1827 size-full\" title=\"Praia da Lagoinha Fotos\" src=\"https:\/\/www.encontrafortaleza.com\/sobre\/wp-content\/uploads\/2019\/05\/lagoinha.png\" alt=\"Praia da Lagoinha Fotos\" width=\"592\" height=\"365\" srcset=\"https:\/\/www.encontrafortaleza.com\/sobre\/wp-content\/uploads\/2019\/05\/lagoinha.png 592w, https:\/\/www.encontrafortaleza.com\/sobre\/wp-content\/uploads\/2019\/05\/lagoinha-300x185.png 300w, https:\/\/www.encontrafortaleza.com\/sobre\/wp-content\/uploads\/2019\/05\/lagoinha-223x137.png 223w\" sizes=\"(max-width: 592px) 100vw, 592px\" \/><\/p>\n<h4>Mapa de localiza\u00e7\u00e3o<\/h4>\n<a class=\"wp-colorbox-iframe\" href=\"https:\/\/www.google.com\/maps\/embed?pb=!1m18!1m12!1m3!1d15923.654341575331!2d-38.44515036369275!3d-3.8287091455737086!2m3!1f0!2f0!3f0!3m2!1i1024!2i768!4f13.1!3m3!1m2!1s0x7c744d0a1cff98d0xf7ae254552dd5e6a!2sLagoinha+Eusbio+-+CE+61760-000!5e0!3m2!1spt-BR!2sbr!4v1538300190904\"><img decoding=\"async\" src=\"http:\/\/www.encontracampinas.com.br\/imgs\/maps-post.png\"><\/a>\n\n<div style=\"font-size: 0px; height: 0px; line-height: 0px; margin: 0; padding: 0; clear: both;\"><\/div>","protected":false},"excerpt":{"rendered":"<p>Quem vem visitar Fortaleza, sempre busca conhecer tamb\u00e9m as praias que ficam mais distantes da cidade. Lagoinha \u00e9 uma dessas praias, que juntamente com\u00a0Canoa Quebrada,\u00a0Praia de Jericoacoara, Cumbuco,\u00a0Camocim, entre outras, s\u00e3o muito procuradas por turistas que querem aproveitar ao m\u00e1ximo o litoral do Cear\u00e1. A grande vantagem da\u00a0Praia da Lagoinha\u00a0\u00e9 poder fazer um bate e volta, sem a necessidade de gastar com hotel, se essa n\u00e3o for a sua inten\u00e7\u00e3o. Se voc\u00ea vem passar um ou mais dias, n\u00e3o pode deixar de conferir algumas das atra\u00e7\u00f5es da praia. Logo quando chegar pode fazer um passeio gostoso de jardineira por toda <\/p>\n","protected":false},"author":1,"featured_media":0,"parent":0,"menu_order":0,"comment_status":"closed","ping_status":"closed","template":"","meta":{"footnotes":""},"class_list":["post-622","page","type-page","status-publish","hentry"],"aioseo_notices":[],"_links":{"self":[{"href":"https:\/\/www.encontrafortaleza.com\/sobre\/wp-json\/wp\/v2\/pages\/622"}],"collection":[{"href":"https:\/\/www.encontrafortaleza.com\/sobre\/wp-json\/wp\/v2\/pages"}],"about":[{"href":"https:\/\/www.encontrafortaleza.com\/sobre\/wp-json\/wp\/v2\/types\/page"}],"author":[{"embeddable":true,"href":"https:\/\/www.encontrafortaleza.com\/sobre\/wp-json\/wp\/v2\/users\/1"}],"replies":[{"embeddable":true,"href":"https:\/\/www.encontrafortaleza.com\/sobre\/wp-json\/wp\/v2\/comments?post=622"}],"version-history":[{"count":0,"href":"https:\/\/www.encontrafortaleza.com\/sobre\/wp-json\/wp\/v2\/pages\/622\/revisions"}],"wp:attachment":[{"href":"https:\/\/www.encontrafortaleza.com\/sobre\/wp-json\/wp\/v2\/media?parent=622"}],"curies":[{"name":"wp","href":"https:\/\/api.w.org\/{rel}","templated":true}]}}