{"id":632,"date":"2018-09-30T07:34:12","date_gmt":"2018-09-30T10:34:12","guid":{"rendered":"http:\/\/www.encontrafortaleza.com\/sobre\/?page_id=632"},"modified":"2019-06-01T05:04:39","modified_gmt":"2019-06-01T08:04:39","slug":"shalom-fortaleza","status":"publish","type":"page","link":"https:\/\/www.encontrafortaleza.com\/sobre\/shalom-fortaleza\/","title":{"rendered":"Shalom Fortaleza"},"content":{"rendered":"<div class=\"2ad529334b11458fd7d9bde3e187e581\" data-index=\"1\" style=\"float: left; margin: 5px 5px 5px 0;\">\n<!-- EBR \/Novo-Bairro-Topo\/ 300x250 -->\r\n<ins class=\"adsbygoogle\"\r\n     style=\"display:inline-block;width:300px;height:250px\"\r\n     data-ad-client=\"ca-pub-6414922941841817\"\r\n     data-ad-slot=\"5351822287\"><\/ins>\r\n<script>\r\n(adsbygoogle = window.adsbygoogle || []).push({});\r\n<\/script>\n<\/div>\n<p class=\"selectionShareable\">A Comunidade Cat\u00f3lica <strong>Shalom Fortaleza<\/strong> \u00e9 uma Associa\u00e7\u00e3o Privada Internacional de Fieis, com personalidade jur\u00eddica, reconhecida pela Santa S\u00e9 com o decreto do dia 22 de fevereiro de 2007, junto ao ent\u00e3o Pontif\u00edcio Conselho para os Leigos.<\/p>\n<p class=\"selectionShareable\">Na mesma data, em 2012, seus estatutos tiveram sua aprova\u00e7\u00e3o definitiva.<\/p>\n<p><img loading=\"lazy\" decoding=\"async\" class=\"alignnone wp-image-633 size-full\" title=\"Shalom Fortaleza\" src=\"http:\/\/www.encontrafortaleza.com\/sobre\/wp-content\/uploads\/2018\/09\/shalom-fortaleza.gif\" alt=\"Shalom Fortaleza\" width=\"680\" height=\"189\" \/><\/p>\n<p>Presente em dezenas de pa\u00edses do mundo, a Comunidade Cat\u00f3lica Shalom \u00e9 formada por homens e mulheres que, na diversidade das formas de vida presentes na Igreja, engajam-se em uma vida comunit\u00e1ria e mission\u00e1ria com a finalidade de levar o Evangelho de Jesus Cristo a todos os homens e mulheres, especialmente aqueles distantes de Cristo e da Igreja.<\/p>\n<h3>Shalom Fortaleza Missas<\/h3>\n<p>As missas na Comunidade Shalom acontecem nos seguintes hor\u00e1rios:<\/p>\n<ul>\n<li>Domingo: 18h<\/li>\n<li>Segunda-feira: 07h10 e 18h<\/li>\n<li>Ter\u00e7a-feira: 07h10<\/li>\n<li>Quarta-feira: 07h10<\/li>\n<li>Quinta-feira: 07h10<\/li>\n<li>Sexta-feira: 07h10 e 18h<\/li>\n<li>S\u00e1bado: 19h<\/li>\n<\/ul>\n<h3>Comunidade Shalom Fortaleza ao Vivo<\/h3>\n<p><iframe loading=\"lazy\" src=\"https:\/\/www.cxradio.com.br\/incorporar\/shalom-690-am\" width=\"438\" height=\"280\" frameborder=\"0\" allowfullscreen=\"allowfullscreen\"><span data-mce-type=\"bookmark\" style=\"display: inline-block; width: 0px; overflow: hidden; line-height: 0;\" class=\"mce_SELRES_start\">\ufeff<\/span><\/iframe><\/p>\n<h3>Comunidade Shalom Fortaleza Caminho Vocacional<\/h3>\n<p>Se voc\u00ea deseja trilhar um caminho de discernimento vocacional na Comunidade Shalom, procure engajar-se em um grupo vocacional na miss\u00e3o Shalom mais pr\u00f3xima da sua cidade, ou entre em contato com a Assessoria Vocacional para trilhar o \u201ccaminho vocacional \u00e0 dist\u00e2ncia\u201d atrav\u00e9s do email: vocacionaladistancia@comshalom.org.<\/p>\n<p>O <em>Caminho Vocacional<\/em> tem a dura\u00e7\u00e3o m\u00ednima de um ano, iniciando com o Encontro Vocacional Aberto (no in\u00edcio de cada ano).<\/p>\n<p>Cada vocacionado \u00e9 assistido e orientado por um Acompanhador Vocacional (diretor espiritual) para, na escuta da vontade de Senhor, discernir sobre o chamado \u00e0 voca\u00e7\u00e3o Shalom ou a uma outra voca\u00e7\u00e3o na Igreja, sobre o tempo de amadurecimento necess\u00e1rio para dar o passo concreto em dire\u00e7\u00e3o ao ingresso no postulantado da Comunidade de Vida ou de Alian\u00e7a.<\/p>\n<h3>Hor\u00e1rio de Funcionamento Shalom em Fortaleza<\/h3>\n<ul>\n<li>Segunda a Sexta: das 08h \u00e0s 18h \/ S\u00e1bado e Domingo das 14h \u00e0s 22h<\/li>\n<\/ul>\n<h3>Endere\u00e7o e Telefone Shalom em Fortaleza<\/h3>\n<ul>\n<li><strong>Ellery:<\/strong> R. Chastinet Guimar\u00e3es, 900 &#8211;\u00a0Telefone: (85) 99825-3898<\/li>\n<li><strong>Bom Jardim:<\/strong> R. Zacarias Florindo, 339 &#8211; Telefone: (85) 9916-6790<\/li>\n<li><strong>Jardim Guanabara:<\/strong> R. Vinte Quatro, 116 &#8211; Telefone: (85) 98897-1592<\/li>\n<li><strong>Gl\u00f3ria:<\/strong> R. Jos\u00e9 Fraga Neto, 82 &#8211; Telefone (85) 98692-8615 \/ 3182-6338<\/li>\n<li><strong>Cristo Redentor:<\/strong> Pra\u00e7a Melqu\u00edades, 74 &#8211; Telefone: (85) 3282-3147<\/li>\n<li><strong>Parangaba:<\/strong> R. Araripe Prata, 323 &#8211; Telefone: (85) 98775-6363<\/li>\n<li><strong><em>Parquel\u00e2ndia:<\/em> <\/strong>R. Gustavo Sampaio, 1096 &#8211; Telefone: (85) 3243-5011<\/li>\n<li><strong>F\u00e1tima:<\/strong> R. Bar\u00e3o de Aratanha, 1103 &#8211; Telefone: (85) 3023-6140<\/li>\n<li><strong>Shalon da Paz:<\/strong> R. Maria Tom\u00e1sia, 72 &#8211; Telefone: (85) 98161-9656<\/li>\n<\/ul>\n<h4>Outras informa\u00e7\u00f5es e site<\/h4>\n<ul>\n<li>Mais informa\u00e7\u00f5es:\u00a0<a href=\"https:\/\/www.comshalom.org\/fortaleza\/\" target=\"_blank\" rel=\"noopener noreferrer\">www.comshalom.org\/fortaleza<\/a><\/li>\n<\/ul>\n<h4>Mapa de localiza\u00e7\u00e3o Parquel\u00e2nia<\/h4>\n<a class=\"wp-colorbox-iframe\" href=\"https:\/\/www.google.com\/maps\/embed?pb=!1m18!1m12!1m3!1d3981.345251036461!2d-38.55676508524097!3d-3.7347224972828266!2m3!1f0!2f0!3f0!3m2!1i1024!2i768!4f13.1!3m3!1m2!1s0x7c749765fe2459f0x97f09a9d82d8fd85!2sR.+Gustavo+Sampaio+1096+-+Parquelndia+Fortaleza+-+CE+60455-001!5e0!3m2!1spt-BR!2sbr!4v1538303518632\"><img decoding=\"async\" src=\"http:\/\/www.encontracampinas.com.br\/imgs\/maps-post.png\"><\/a>\n\n<div style=\"font-size: 0px; height: 0px; line-height: 0px; margin: 0; padding: 0; clear: both;\"><\/div>","protected":false},"excerpt":{"rendered":"<p>A Comunidade Cat\u00f3lica Shalom Fortaleza \u00e9 uma Associa\u00e7\u00e3o Privada Internacional de Fieis, com personalidade jur\u00eddica, reconhecida pela Santa S\u00e9 com o decreto do dia 22 de fevereiro de 2007, junto ao ent\u00e3o Pontif\u00edcio Conselho para os Leigos. Na mesma data, em 2012, seus estatutos tiveram sua aprova\u00e7\u00e3o definitiva. Presente em dezenas de pa\u00edses do mundo, a Comunidade Cat\u00f3lica Shalom \u00e9 formada por homens e mulheres que, na diversidade das formas de vida presentes na Igreja, engajam-se em uma vida comunit\u00e1ria e mission\u00e1ria com a finalidade de levar o Evangelho de Jesus Cristo a todos os homens e mulheres, especialmente aqueles <\/p>\n","protected":false},"author":1,"featured_media":0,"parent":0,"menu_order":0,"comment_status":"closed","ping_status":"closed","template":"","meta":{"footnotes":""},"class_list":["post-632","page","type-page","status-publish","hentry"],"aioseo_notices":[],"_links":{"self":[{"href":"https:\/\/www.encontrafortaleza.com\/sobre\/wp-json\/wp\/v2\/pages\/632"}],"collection":[{"href":"https:\/\/www.encontrafortaleza.com\/sobre\/wp-json\/wp\/v2\/pages"}],"about":[{"href":"https:\/\/www.encontrafortaleza.com\/sobre\/wp-json\/wp\/v2\/types\/page"}],"author":[{"embeddable":true,"href":"https:\/\/www.encontrafortaleza.com\/sobre\/wp-json\/wp\/v2\/users\/1"}],"replies":[{"embeddable":true,"href":"https:\/\/www.encontrafortaleza.com\/sobre\/wp-json\/wp\/v2\/comments?post=632"}],"version-history":[{"count":0,"href":"https:\/\/www.encontrafortaleza.com\/sobre\/wp-json\/wp\/v2\/pages\/632\/revisions"}],"wp:attachment":[{"href":"https:\/\/www.encontrafortaleza.com\/sobre\/wp-json\/wp\/v2\/media?parent=632"}],"curies":[{"name":"wp","href":"https:\/\/api.w.org\/{rel}","templated":true}]}}