{"id":635,"date":"2018-09-30T07:51:03","date_gmt":"2018-09-30T10:51:03","guid":{"rendered":"http:\/\/www.encontrafortaleza.com\/sobre\/?page_id=635"},"modified":"2019-06-01T05:10:12","modified_gmt":"2019-06-01T08:10:12","slug":"jardim-japones-fortaleza","status":"publish","type":"page","link":"https:\/\/www.encontrafortaleza.com\/sobre\/jardim-japones-fortaleza\/","title":{"rendered":"Jardim Japon\u00eas Fortaleza"},"content":{"rendered":"<div class=\"2ad529334b11458fd7d9bde3e187e581\" data-index=\"1\" style=\"float: left; margin: 5px 5px 5px 0;\">\n<!-- EBR \/Novo-Bairro-Topo\/ 300x250 -->\r\n<ins class=\"adsbygoogle\"\r\n     style=\"display:inline-block;width:300px;height:250px\"\r\n     data-ad-client=\"ca-pub-6414922941841817\"\r\n     data-ad-slot=\"5351822287\"><\/ins>\r\n<script>\r\n(adsbygoogle = window.adsbygoogle || []).push({});\r\n<\/script>\n<\/div>\n<p>A\u00a0Pra\u00e7a do Jardim Japon\u00eas\u00a0conta com 1.900 metros quadrados e \u00e9 um dos\u00a0principais pontos tur\u00edsticos de Fortaleza.<span id=\"more-853\"><\/span>A \u00e1rea foi inaugurada em 11 de abril de 2011 e \u00e9 uma homenagem ao\u00a0Jusaku Fujita, o primeiro imigrante japon\u00eas\u00a0que chegou ao Cear\u00e1 em 1923. O espa\u00e7o \u00e9 bel\u00edssimo e foi pensado para oferecer um espa\u00e7o harm\u00f4nico aos turistas e fortalezenses, integrando os brasileiros com a\u00a0cultura oriental.<\/p>\n<p>O <strong>Jardim Japon\u00eas Fortaleza<\/strong> est\u00e1 situado a apenas 300 metros da feirinha de artesanato da avenida beira-mar e em frente \u00e0 pra\u00e7a dos estressados.<\/p>\n<p><img loading=\"lazy\" decoding=\"async\" class=\"alignnone size-full wp-image-636\" src=\"http:\/\/www.encontrafortaleza.com\/sobre\/wp-content\/uploads\/2018\/09\/jardim-japones-fortaleza.gif\" alt=\"\" width=\"680\" height=\"189\" \/><\/p>\n<p>O espa\u00e7o possui v\u00e1rios monumentos que remetem ao Jap\u00e3o, pequenos lagos com quedas d\u2019aguas, e mais de cinquenta esp\u00e9cies de plantas. O\u00a0Jardim Japon\u00eas Jusaku Fujita\u00a0\u00e9, sem d\u00favidas, perfeito para um fim de tarde relaxante contemplando a bela vista da\u00a0Praia de Iracema.<\/p>\n<h2>Jardim Japon\u00eas Hist\u00f3ria<\/h2>\n<p>O espa\u00e7o levou mais de 2 anos para ser constru\u00eddo e custou cerca de 2 milh\u00f5es de reais, possui 1.900 m\u00b2 e cerca de 50 esp\u00e9cie de plantas que comp\u00f5e o projeto paisagista de Salom\u00e3o Nogueira. Foi inaugurado em 11 de abril de 2011, em homenagem ao primeiro imigrante japon\u00eas que chegou a Fortaleza no ano de 1923, o Sr. Jussaku Fujita (rebatizado como Francisco Guilherme Fujita). O homenageado nasceu no Jap\u00e3o em 1907, constituiu fam\u00edlia em Fortaleza e teve 14 filhos. Faleceu aos 90 anos (em 1997). A constru\u00e7\u00e3o do jardim tamb\u00e9m foi uma homenagem aos 285 anos da cidade.<\/p>\n<p>Com um conceito arquitet\u00f4nico diferenciado, o Jardim Japon\u00eas de Fortaleza conta com diversos ambientes de socializa\u00e7\u00e3o. Da \u00e1rea de alimenta\u00e7\u00e3o at\u00e9 o parquinho, \u00e9 poss\u00edvel realizar encontros, brincar e vivenciar grandes momentos por aqui. Eventos pequenos tamb\u00e9m acontecem nesse espa\u00e7o.<\/p>\n<h3>Hor\u00e1rio de Funcionamento Jardim Japon\u00eas em Fortaleza<\/h3>\n<ul>\n<li>Diariamente das 06h \u00e0s 22h<\/li>\n<\/ul>\n<h3>Endere\u00e7o e Telefone Jardim Japon\u00eas em Fortaleza<\/h3>\n<ul>\n<li>Av. Beira Mar &#8211; Meireles &#8211; Fortaleza &#8211; CE<\/li>\n<li>Telefone: (85) 3496-4000<\/li>\n<\/ul>\n<h4>Outras informa\u00e7\u00f5es e site<\/h4>\n<ul>\n<li>Mais informa\u00e7\u00f5es:\u00a0<a href=\"https:\/\/praiacentro.com.br\/blog\/o-que-fazer-em-fortaleza-jardim-japones\/\" target=\"_blank\" rel=\"noopener noreferrer\">www.praiacentro.com.br\/jardim-japones<\/a><\/li>\n<\/ul>\n<h4>Mapa de localiza\u00e7\u00e3o<\/h4>\n<a class=\"wp-colorbox-iframe\" href=\"https:\/\/www.google.com\/maps\/embed?pb=!1m14!1m8!1m3!1d15925.549596671717!2d-38.490909!3d-3.7254187!3m2!1i1024!2i768!4f13.1!3m3!1m2!1s0x00xbe7146a773ff5307!2sJardim+Japons!5e0!3m2!1spt-BR!2sbr!4v1538304543260\"><img decoding=\"async\" src=\"http:\/\/www.encontracampinas.com.br\/imgs\/maps-post.png\"><\/a>\n\n<div style=\"font-size: 0px; height: 0px; line-height: 0px; margin: 0; padding: 0; clear: both;\"><\/div>","protected":false},"excerpt":{"rendered":"<p>A\u00a0Pra\u00e7a do Jardim Japon\u00eas\u00a0conta com 1.900 metros quadrados e \u00e9 um dos\u00a0principais pontos tur\u00edsticos de Fortaleza.A \u00e1rea foi inaugurada em 11 de abril de 2011 e \u00e9 uma homenagem ao\u00a0Jusaku Fujita, o primeiro imigrante japon\u00eas\u00a0que chegou ao Cear\u00e1 em 1923. O espa\u00e7o \u00e9 bel\u00edssimo e foi pensado para oferecer um espa\u00e7o harm\u00f4nico aos turistas e fortalezenses, integrando os brasileiros com a\u00a0cultura oriental. O Jardim Japon\u00eas Fortaleza est\u00e1 situado a apenas 300 metros da feirinha de artesanato da avenida beira-mar e em frente \u00e0 pra\u00e7a dos estressados. O espa\u00e7o possui v\u00e1rios monumentos que remetem ao Jap\u00e3o, pequenos lagos com quedas d\u2019aguas, <\/p>\n","protected":false},"author":1,"featured_media":0,"parent":0,"menu_order":0,"comment_status":"closed","ping_status":"closed","template":"","meta":{"footnotes":""},"class_list":["post-635","page","type-page","status-publish","hentry"],"aioseo_notices":[],"_links":{"self":[{"href":"https:\/\/www.encontrafortaleza.com\/sobre\/wp-json\/wp\/v2\/pages\/635"}],"collection":[{"href":"https:\/\/www.encontrafortaleza.com\/sobre\/wp-json\/wp\/v2\/pages"}],"about":[{"href":"https:\/\/www.encontrafortaleza.com\/sobre\/wp-json\/wp\/v2\/types\/page"}],"author":[{"embeddable":true,"href":"https:\/\/www.encontrafortaleza.com\/sobre\/wp-json\/wp\/v2\/users\/1"}],"replies":[{"embeddable":true,"href":"https:\/\/www.encontrafortaleza.com\/sobre\/wp-json\/wp\/v2\/comments?post=635"}],"version-history":[{"count":0,"href":"https:\/\/www.encontrafortaleza.com\/sobre\/wp-json\/wp\/v2\/pages\/635\/revisions"}],"wp:attachment":[{"href":"https:\/\/www.encontrafortaleza.com\/sobre\/wp-json\/wp\/v2\/media?parent=635"}],"curies":[{"name":"wp","href":"https:\/\/api.w.org\/{rel}","templated":true}]}}