{"id":649,"date":"2018-10-03T05:29:37","date_gmt":"2018-10-03T08:29:37","guid":{"rendered":"http:\/\/www.encontrafortaleza.com\/sobre\/?page_id=649"},"modified":"2019-06-01T05:39:30","modified_gmt":"2019-06-01T08:39:30","slug":"tre-fortaleza","status":"publish","type":"page","link":"https:\/\/www.encontrafortaleza.com\/sobre\/tre-fortaleza\/","title":{"rendered":"TRE Fortaleza"},"content":{"rendered":"<div class=\"2ad529334b11458fd7d9bde3e187e581\" data-index=\"1\" style=\"float: left; margin: 5px 5px 5px 0;\">\n<!-- EBR \/Novo-Bairro-Topo\/ 300x250 -->\r\n<ins class=\"adsbygoogle\"\r\n     style=\"display:inline-block;width:300px;height:250px\"\r\n     data-ad-client=\"ca-pub-6414922941841817\"\r\n     data-ad-slot=\"5351822287\"><\/ins>\r\n<script>\r\n(adsbygoogle = window.adsbygoogle || []).push({});\r\n<\/script>\n<\/div>\n<p>O\u00a0<strong>Tribunal Regional Eleitoral Fortaleza<\/strong>, atrav\u00e9s da Secretaria Judici\u00e1ria, Coordenadoria de Gest\u00e3o da Informa\u00e7\u00e3o e Se\u00e7\u00e3o de Biblioteca e Mem\u00f3ria Institucional, disponibiliza, nesta p\u00e1gina, parte de seu acervo hist\u00f3rico buscando resgatar e divulgar a mem\u00f3ria da Justi\u00e7a Eleitoral paranaense em seu trabalho de consolida\u00e7\u00e3o da democracia.<\/p>\n<p>Disponibiliza parte de seu acervo hist\u00f3rico buscando resgatar e divulgar a mem\u00f3ria da Justi\u00e7a Eleitoral paranaense em seu trabalho de consolida\u00e7\u00e3o da democracia.<\/p>\n<p><img loading=\"lazy\" decoding=\"async\" class=\"alignnone wp-image-650 size-full\" title=\"TRE Fortaleza\" src=\"http:\/\/www.encontrafortaleza.com\/sobre\/wp-content\/uploads\/2018\/10\/tre-fortaleza.gif\" alt=\"TRE Fortaleza\" width=\"680\" height=\"189\" \/><\/p>\n<p>Composto por documentos que registram o processo eleitoral ainda no per\u00edodo da Primeira Rep\u00fablica, informa\u00e7\u00f5es e registros referentes a instala\u00e7\u00e3o da Justi\u00e7a Eleitoral, divis\u00e3o territorial paranaense em zonas eleitorais, alistamento, servidores e administra\u00e7\u00e3o, o acervo disp\u00f5e, tamb\u00e9m, de objetos que retratam fragmentos da Hist\u00f3ria do Tribunal Regional Eleitoral do Paran\u00e1, ao longo de sua trajet\u00f3ria.<\/p>\n<h3>TRE Fortaleza T\u00edtulo de Eleitor<\/h3>\n<p><em>T\u00edtulo de eleitor<\/em>\u00a0\u00e9 o documento que comprova que um determinado cidad\u00e3o est\u00e1 inscrito na Justi\u00e7a Eleitoral do Brasil e se encontra apto a exercer tanto o eleitorado ativo (votar num candidato), quanto o eleitorado passivo (ser votado como candidato) em elei\u00e7\u00f5es municipais, estaduais e federais, excetuando-se, no caso do eleitorado passivo os cidad\u00e3os que se encaixem no artigo 1\u00b0 da lei complementar n\u00b0 64 de 18 de maio de 1990. \u00c9 tamb\u00e9m condi\u00e7\u00e3o fundamental para sua obten\u00e7\u00e3o que o eleitor possua a nacionalidade brasileira.<\/p>\n<p>O t\u00edtulo eleitoral \u00e9 um documento impresso por computador, onde constam o nome do eleitor, a data de nascimento, a Unidade da Federa\u00e7\u00e3o, o munic\u00edpio, a zona e sec\u00e7\u00e3o eleitorais onde o cidad\u00e3o vota, o n\u00famero da inscri\u00e7\u00e3o eleitoral, a data de emiss\u00e3o, a assinatura do juiz eleitoral, a assinatura do eleitor ou a impress\u00e3o digital de seu polegar (caso se trate de um analfabeto).<\/p>\n<p>Para fazer o seu t\u00edtulo basta comparecer ao cart\u00f3rio eleitoral mais pr\u00f3ximo da sua resid\u00eancia.<\/p>\n<h3>Hor\u00e1rio de Funcionamento\u00a0TRE em Fortaleza<\/h3>\n<ul>\n<li><strong>Centro:<\/strong> Segunda a Sexta das 08h \u00e0s 19h<\/li>\n<li><strong>Praia de Iracema:\u00a0<\/strong>Segunda a Sexta das 08h \u00e0s 17h<\/li>\n<li><strong>North Shopping:\u00a0<\/strong>Segunda a Sexta das 10h \u00e0s 19h<\/li>\n<\/ul>\n<h3>Endere\u00e7o e Telefone TRE em Fortaleza<\/h3>\n<ul>\n<li><span class=\"LrzXr\"><strong>Centro:<\/strong> R. Jaime Ben\u00e9volo, 21 &#8211;\u00a0<\/span>Telefone: (85) 3453-3500<\/li>\n<li><strong>Praia de Iracema:\u00a0<\/strong>Av. Almirante Barroso, 601 &#8211; Telefone:\u00a0(85) 3453-3629<\/li>\n<li><strong>North Shopping:\u00a0<\/strong>Av. Lineu Machado, 419 &#8211; Telefone:\u00a0(85) 3453-3629<\/li>\n<\/ul>\n<h4>Outras informa\u00e7\u00f5es e site<\/h4>\n<ul>\n<li>Mais informa\u00e7\u00f5es:\u00a0<a href=\"http:\/\/www.tre-ce.jus.br\/\" target=\"_blank\" rel=\"noopener noreferrer\">www.tre-ce.jus.br<\/a><\/li>\n<\/ul>\n<h4>Mapa de localiza\u00e7\u00e3o Centro<\/h4>\n<a class=\"wp-colorbox-iframe\" href=\"https:\/\/www.google.com\/maps\/embed?pb=!1m18!1m12!1m3!1d3981.354993055991!2d-38.52749548524109!3d-3.7325740972843593!2m3!1f0!2f0!3f0!3m2!1i1024!2i768!4f13.1!3m3!1m2!1s0x7c748551e88179f0xbccadfb79fb87914!2sR.+Jaime+Benvolo+21+-+Centro+Fortaleza+-+CE+60050-080!5e0!3m2!1spt-BR!2sbr!4v1538555230934\"><img decoding=\"async\" src=\"http:\/\/www.encontracampinas.com.br\/imgs\/maps-post.png\"><\/a>\n\n<div style=\"font-size: 0px; height: 0px; line-height: 0px; margin: 0; padding: 0; clear: both;\"><\/div>","protected":false},"excerpt":{"rendered":"<p>O\u00a0Tribunal Regional Eleitoral Fortaleza, atrav\u00e9s da Secretaria Judici\u00e1ria, Coordenadoria de Gest\u00e3o da Informa\u00e7\u00e3o e Se\u00e7\u00e3o de Biblioteca e Mem\u00f3ria Institucional, disponibiliza, nesta p\u00e1gina, parte de seu acervo hist\u00f3rico buscando resgatar e divulgar a mem\u00f3ria da Justi\u00e7a Eleitoral paranaense em seu trabalho de consolida\u00e7\u00e3o da democracia. Disponibiliza parte de seu acervo hist\u00f3rico buscando resgatar e divulgar a mem\u00f3ria da Justi\u00e7a Eleitoral paranaense em seu trabalho de consolida\u00e7\u00e3o da democracia. Composto por documentos que registram o processo eleitoral ainda no per\u00edodo da Primeira Rep\u00fablica, informa\u00e7\u00f5es e registros referentes a instala\u00e7\u00e3o da Justi\u00e7a Eleitoral, divis\u00e3o territorial paranaense em zonas eleitorais, alistamento, servidores e <\/p>\n","protected":false},"author":1,"featured_media":0,"parent":0,"menu_order":0,"comment_status":"closed","ping_status":"closed","template":"","meta":{"footnotes":""},"class_list":["post-649","page","type-page","status-publish","hentry"],"aioseo_notices":[],"_links":{"self":[{"href":"https:\/\/www.encontrafortaleza.com\/sobre\/wp-json\/wp\/v2\/pages\/649"}],"collection":[{"href":"https:\/\/www.encontrafortaleza.com\/sobre\/wp-json\/wp\/v2\/pages"}],"about":[{"href":"https:\/\/www.encontrafortaleza.com\/sobre\/wp-json\/wp\/v2\/types\/page"}],"author":[{"embeddable":true,"href":"https:\/\/www.encontrafortaleza.com\/sobre\/wp-json\/wp\/v2\/users\/1"}],"replies":[{"embeddable":true,"href":"https:\/\/www.encontrafortaleza.com\/sobre\/wp-json\/wp\/v2\/comments?post=649"}],"version-history":[{"count":0,"href":"https:\/\/www.encontrafortaleza.com\/sobre\/wp-json\/wp\/v2\/pages\/649\/revisions"}],"wp:attachment":[{"href":"https:\/\/www.encontrafortaleza.com\/sobre\/wp-json\/wp\/v2\/media?parent=649"}],"curies":[{"name":"wp","href":"https:\/\/api.w.org\/{rel}","templated":true}]}}