{"id":65,"date":"2018-03-21T18:15:27","date_gmt":"2018-03-21T21:15:27","guid":{"rendered":"http:\/\/www.encontrafortaleza.com\/sobre\/?page_id=65"},"modified":"2018-03-21T18:15:56","modified_gmt":"2018-03-21T21:15:56","slug":"north-shopping-fortaleza","status":"publish","type":"page","link":"https:\/\/www.encontrafortaleza.com\/sobre\/north-shopping-fortaleza\/","title":{"rendered":"North Shopping Fortaleza"},"content":{"rendered":"<div class=\"2ad529334b11458fd7d9bde3e187e581\" data-index=\"1\" style=\"float: left; margin: 5px 5px 5px 0;\">\n<!-- EBR \/Novo-Bairro-Topo\/ 300x250 -->\r\n<ins class=\"adsbygoogle\"\r\n     style=\"display:inline-block;width:300px;height:250px\"\r\n     data-ad-client=\"ca-pub-6414922941841817\"\r\n     data-ad-slot=\"5351822287\"><\/ins>\r\n<script>\r\n(adsbygoogle = window.adsbygoogle || []).push({});\r\n<\/script>\n<\/div>\n<p>Inaugurado em 1991, o <strong>North Shopping Fortaleza<\/strong> est\u00e1 localizado em uma das avenidas mais movimentadas da cidade de Fortaleza: a Bezerra de Menezes. O empreendimento chegou \u00e0 regi\u00e3o para suprir uma demanda de mercado e at\u00e9 hoje participa ativamente no seu desenvolvimento.<\/p>\n<p><img loading=\"lazy\" decoding=\"async\" class=\"alignnone wp-image-66 size-full\" title=\"North Shopping Fortaleza\" src=\"http:\/\/www.encontrafortaleza.com\/sobre\/wp-content\/uploads\/2018\/03\/shopping-north-fortaleza.jpg\" alt=\"North Shopping Fortaleza\" width=\"680\" height=\"189\" srcset=\"https:\/\/www.encontrafortaleza.com\/sobre\/wp-content\/uploads\/2018\/03\/shopping-north-fortaleza.jpg 680w, https:\/\/www.encontrafortaleza.com\/sobre\/wp-content\/uploads\/2018\/03\/shopping-north-fortaleza-300x83.jpg 300w\" sizes=\"(max-width: 680px) 100vw, 680px\" \/><\/p>\n<p>Em 2016, o shopping iniciou sua maior revitaliza\u00e7\u00e3o que durou 9 meses e custou 120 milh\u00f5es. A revitaliza\u00e7\u00e3o que trouxe um novo shopping aos fortalezenses contou com nova fachada, nova pra\u00e7a de alimenta\u00e7\u00e3o com mais de 1.500 lugares, nova pra\u00e7a de eventos, novos banheiros e espa\u00e7o fam\u00edlia. O ambiente ficou mais moderno, atrativo e comercial!<em><br \/>\n<\/em><\/p>\n<h2>North Shopping Fortaleza Cinema Kinoplex<\/h2>\n<p>O <em>Grupo Severiano Ribeiro<\/em>, que atua tamb\u00e9m sob a marca <em>Kinoplex<\/em>, \u00e9 uma empresa brasileira, que atua no ramo de exibi\u00e7\u00e3o cinematogr\u00e1fica, com sede na cidade do Rio de Janeiro. Est\u00e1 presente em 19 cidades de 11 Unidades da federa\u00e7\u00e3o de quase todas as regi\u00f5es do pa\u00eds, \u00e0 exce\u00e7\u00e3o da Regi\u00e3o Sul.<\/p>\n<p>Seu parque exibidor \u00e9 composto, no total, por 44 complexos e 266 salas, m\u00e9dia de 6,05 salas por complexo, sendo que, destes, nove complexos e 62 salas pertencem \u00e0 joint venture UCI\/Kinoplex, formada com a UCI Cinemas, m\u00e9dia de 6,9 salas; 35 complexos e 204 salas s\u00e3o exclusivas da empresa, m\u00e9dia de 5,83 salas de cinema por complexo.<\/p>\n<p>\u00c9 a maior empresa exibidora brasileira de capital exclusivamente nacional e uma das mais antigas em atividade ininterrupta, que completou um s\u00e9culo de exist\u00eancia em 2017.<\/p>\n<p>No <i>North Shopping Fortaleza, o <\/i><em>Kinoplex\u00a0<\/em>conta com 6 salas e muita divers\u00e3o. A programa\u00e7\u00e3o completa voc\u00ea confere no site do shopping ou da empresa.<\/p>\n<h3>North Shopping Fortaleza Saraiva<\/h3>\n<p>Localizada no North Shopping Fortaleza, a enorme livraria possui muitos t\u00edtulos, um \u00f3timo Starbucks e oferece ambiente agrad\u00e1vel e aconchegante para quem deseja tomar um bom caf\u00e9 e garimpar livros e revistas.<em><br \/>\n<\/em><\/p>\n<h3>North Shopping Fortaleza Lojas<\/h3>\n<p>O North Shopping Fortaleza possui 250 lojas variadas: <em>Lojas de cal\u00e7ados femininos, lojas de cal\u00e7ados masculinos, lojas de cal\u00e7ados infantis, roupa feminina, roupa masculina, lojas de roupa infantil, relojoarias, lojas de eletr\u00f4nicos, lojas de brinquedos<\/em> entre outros.<\/p>\n<h3>Hor\u00e1rio de Funcionamento North Shopping Fortaleza<\/h3>\n<ul>\n<li>Segunda a S\u00e1bado: das 10:00 \u00e0s 22h\/ Domingo: das 11:00 \u00e0s 21h<\/li>\n<\/ul>\n<h3>Endere\u00e7o e Telefone North Shopping Fortaleza<\/h3>\n<ul>\n<li>Av. Bezerra de Menezes, 2450 &#8211; S\u00e3o Gerardo, Fortaleza &#8211; CE<\/li>\n<li>Telefone: (85) 3404-3000<\/li>\n<\/ul>\n<h4>Outras informa\u00e7\u00f5es e site<\/h4>\n<ul>\n<li>Mais informa\u00e7\u00f5es:\u00a0<a href=\"http:\/\/www.northshoppingfortaleza.com.br\/\" target=\"_blank\" rel=\"noopener noreferrer\">www.northshoppingfortaleza.com.br<\/a><\/li>\n<\/ul>\n<h4>Mapa de localiza\u00e7\u00e3o<\/h4>\n<a class=\"wp-colorbox-iframe\" href=\"https:\/\/www.google.com\/maps\/embed?pb=!1m14!1m8!1m3!1d15925.375344935115!2d-38.5662211!3d-3.7350344!3m2!1i1024!2i768!4f13.1!3m3!1m2!1s0x00x6208d82081cddd3d!2sNorth+Shopping+Fortaleza!5e0!3m2!1spt-BR!2sbr!4v1521666326066\"><img decoding=\"async\" src=\"http:\/\/www.encontrafortaleza.com\/imgs\/maps-post.png\"><\/a>\n\n<div style=\"font-size: 0px; height: 0px; line-height: 0px; margin: 0; padding: 0; clear: both;\"><\/div>","protected":false},"excerpt":{"rendered":"<p>Inaugurado em 1991, o North Shopping Fortaleza est\u00e1 localizado em uma das avenidas mais movimentadas da cidade de Fortaleza: a Bezerra de Menezes. O empreendimento chegou \u00e0 regi\u00e3o para suprir uma demanda de mercado e at\u00e9 hoje participa ativamente no seu desenvolvimento. Em 2016, o shopping iniciou sua maior revitaliza\u00e7\u00e3o que durou 9 meses e custou 120 milh\u00f5es. A revitaliza\u00e7\u00e3o que trouxe um novo shopping aos fortalezenses contou com nova fachada, nova pra\u00e7a de alimenta\u00e7\u00e3o com mais de 1.500 lugares, nova pra\u00e7a de eventos, novos banheiros e espa\u00e7o fam\u00edlia. O ambiente ficou mais moderno, atrativo e comercial! North Shopping Fortaleza <\/p>\n","protected":false},"author":1,"featured_media":0,"parent":0,"menu_order":0,"comment_status":"closed","ping_status":"closed","template":"","meta":{"footnotes":""},"class_list":["post-65","page","type-page","status-publish","hentry"],"aioseo_notices":[],"_links":{"self":[{"href":"https:\/\/www.encontrafortaleza.com\/sobre\/wp-json\/wp\/v2\/pages\/65"}],"collection":[{"href":"https:\/\/www.encontrafortaleza.com\/sobre\/wp-json\/wp\/v2\/pages"}],"about":[{"href":"https:\/\/www.encontrafortaleza.com\/sobre\/wp-json\/wp\/v2\/types\/page"}],"author":[{"embeddable":true,"href":"https:\/\/www.encontrafortaleza.com\/sobre\/wp-json\/wp\/v2\/users\/1"}],"replies":[{"embeddable":true,"href":"https:\/\/www.encontrafortaleza.com\/sobre\/wp-json\/wp\/v2\/comments?post=65"}],"version-history":[{"count":0,"href":"https:\/\/www.encontrafortaleza.com\/sobre\/wp-json\/wp\/v2\/pages\/65\/revisions"}],"wp:attachment":[{"href":"https:\/\/www.encontrafortaleza.com\/sobre\/wp-json\/wp\/v2\/media?parent=65"}],"curies":[{"name":"wp","href":"https:\/\/api.w.org\/{rel}","templated":true}]}}