{"id":659,"date":"2018-10-03T10:31:40","date_gmt":"2018-10-03T13:31:40","guid":{"rendered":"http:\/\/www.encontrafortaleza.com\/sobre\/?page_id=659"},"modified":"2019-06-01T06:07:19","modified_gmt":"2019-06-01T09:07:19","slug":"icc-fortaleza","status":"publish","type":"page","link":"https:\/\/www.encontrafortaleza.com\/sobre\/icc-fortaleza\/","title":{"rendered":"ICC Fortaleza"},"content":{"rendered":"<div class=\"2ad529334b11458fd7d9bde3e187e581\" data-index=\"1\" style=\"float: left; margin: 5px 5px 5px 0;\">\n<!-- EBR \/Novo-Bairro-Topo\/ 300x250 -->\r\n<ins class=\"adsbygoogle\"\r\n     style=\"display:inline-block;width:300px;height:250px\"\r\n     data-ad-client=\"ca-pub-6414922941841817\"\r\n     data-ad-slot=\"5351822287\"><\/ins>\r\n<script>\r\n(adsbygoogle = window.adsbygoogle || []).push({});\r\n<\/script>\n<\/div>\n<p>O <strong>ICC Fortaleza <\/strong>&#8211; Instituto do C\u00e2ncer do Cear\u00e1 &#8211; deu seus primeiros passos na Santa Casa de Miseric\u00f3rdia, que durante algum tempo foi o hospital p\u00fablico de Fortaleza com melhor infraestrutura, e onde os doentes de c\u00e2ncer passaram a ser atendidos.<\/p>\n<p>Em 1948, o Instituto conseguiu a instala\u00e7\u00e3o de um ambulat\u00f3rio no pr\u00e9dio da ent\u00e3o rec\u00e9m-criada Faculdade de Medicina, na \u00e9poca funcionando na Pra\u00e7a Jos\u00e9 de Alencar. Ali permaneceu at\u00e9 1959, quando a Faculdade foi transferida para o Porangabussu, hoje, Rodolfo Te\u00f3filo.<\/p>\n<p><img loading=\"lazy\" decoding=\"async\" class=\"alignnone wp-image-660 size-full\" title=\"ICC Fortaleza\" src=\"http:\/\/www.encontrafortaleza.com\/sobre\/wp-content\/uploads\/2018\/10\/icc-fortaleza.gif\" alt=\"ICC Fortaleza\" width=\"680\" height=\"189\" \/><\/p>\n<p>De l\u00e1 para c\u00e1, foram muitas as conquistas \u2013 algumas delas verdadeiramente not\u00e1veis \u2013, como a constru\u00e7\u00e3o do Hospital Haroldo Jua\u00e7aba (HHJ), que iniciou oficialmente suas atividades em 1999. O ICC mant\u00e9m, ainda, a Casa Vida e destaca-se n\u00e3o apenas na assist\u00eancia, mas tamb\u00e9m no ensino e na pesquisa em oncologia, por meio da Escola Cearense de Oncologia (ECO).<\/p>\n<h2>ICC Fortaleza Consultas e Exames<\/h2>\n<p>Voc\u00ea pode pr\u00e9 agendamento de <em>consultas e exames<\/em> clicando <a href=\"https:\/\/www.icc.org.br\/\">aqui<\/a>. Aguarde contato do ICC para confirma\u00e7\u00e3o.<\/p>\n<h3>ICC Fortaleza Especialidades<\/h3>\n<p>O ICC oferece as seguintes <em>especialidades:<\/em><\/p>\n<ul>\n<li>Anestesiologia<\/li>\n<li>Aparelho Digestivo<\/li>\n<li>Cardiologia<\/li>\n<li>Cabe\u00e7a e Pesco\u00e7o<\/li>\n<li>Cirurgia Tor\u00e1cica<\/li>\n<li>Cirurgia Geral Oncol\u00f3gica<\/li>\n<li>Cirurgia Oncol\u00f3gica<\/li>\n<li>Cirurgia Pl\u00e1stica<\/li>\n<li>Cl\u00ednica M\u00e9dica<\/li>\n<li>Dermatologia<\/li>\n<li>Endocrinologia<\/li>\n<li>Fisioterapia<\/li>\n<li>Fonoaudiologia<\/li>\n<li>Gen\u00e9tica M\u00e9dica<\/li>\n<li>Ginecologia<\/li>\n<li>Hematologia<\/li>\n<li>Mastologia<\/li>\n<li>Nutri\u00e7\u00e3o<\/li>\n<li>Oncogen\u00e9tica<\/li>\n<li>Oncologia Cl\u00ednica<\/li>\n<li>Ortopedia \/ Traumatologia<\/li>\n<li>Otorrinolaringologia<\/li>\n<li>Pneumologia<\/li>\n<li>Psicologia<\/li>\n<li>Psiquiatria<\/li>\n<li>Proctologia<\/li>\n<li>Radioterapia<\/li>\n<li>Reumatologia<\/li>\n<li>TOC &#8211; Pele, Osso e partes moles<\/li>\n<li>Urologia<\/li>\n<\/ul>\n<h3>Vagas ICC Fortaleza &#8211; Trabalhe Conosco<\/h3>\n<p>O ICC est\u00e1 de <em>portas abertas para profissionais<\/em> que gostam de pessoas, s\u00e3o apaixonados pelo que fazem, proativos, com valores \u00e9ticos e morais, que exercem a empatia, multifuncionais, cultivam bons relacionamentos, abertos ao aprendizado constante, solid\u00e1rios, com vontade de crescer, agarrar as oportunidades e dispostos a darem o seu melhor. Acesse o site e preencha o formul\u00e1rio.<\/p>\n<h3>Hor\u00e1rio de Funcionamento ICC em Fortaleza<\/h3>\n<ul>\n<li>24 horas<\/li>\n<\/ul>\n<h3>Endere\u00e7o e Telefone ICC em Fortaleza<\/h3>\n<ul>\n<li>Rodolfo Te\u00f3filo: Rua Papi J\u00fanior, 1222 &#8211;\u00a0Telefone: (85) 3288-4400<\/li>\n<li>Meireles:\u00a0Rua Silva Paulet, 769 &#8211; Telefone:\u00a0(85) 3254-2013<\/li>\n<\/ul>\n<h4>Outras informa\u00e7\u00f5es e site<\/h4>\n<ul>\n<li>Mais informa\u00e7\u00f5es:\u00a0<a href=\"https:\/\/www.icc.org.br\/\" target=\"_blank\" rel=\"noopener noreferrer\">www.icc.org.br<\/a><\/li>\n<li>E-mail: icc@icc.org.br<\/li>\n<\/ul>\n<h4>Mapa de localiza\u00e7\u00e3o Meireles<\/h4>\n<a class=\"wp-colorbox-iframe\" href=\"https:\/\/www.google.com\/maps\/embed?pb=!1m18!1m12!1m3!1d3981.360252162202!2d-38.50635598524109!3d-3.731413797285209!2m3!1f0!2f0!3f0!3m2!1i1024!2i768!4f13.1!3m3!1m2!1s0x7c7486732d770e10xa0517264c0da9b4e!2sRua+Silva+Paulet+769+-+Meireles+Fortaleza+-+CE+60120-020!5e0!3m2!1spt-BR!2sbr!4v1538573332267\"><img decoding=\"async\" src=\"http:\/\/www.encontracampinas.com.br\/imgs\/maps-post.png\"><\/a>\n\n<div style=\"font-size: 0px; height: 0px; line-height: 0px; margin: 0; padding: 0; clear: both;\"><\/div>","protected":false},"excerpt":{"rendered":"<p>O ICC Fortaleza &#8211; Instituto do C\u00e2ncer do Cear\u00e1 &#8211; deu seus primeiros passos na Santa Casa de Miseric\u00f3rdia, que durante algum tempo foi o hospital p\u00fablico de Fortaleza com melhor infraestrutura, e onde os doentes de c\u00e2ncer passaram a ser atendidos. Em 1948, o Instituto conseguiu a instala\u00e7\u00e3o de um ambulat\u00f3rio no pr\u00e9dio da ent\u00e3o rec\u00e9m-criada Faculdade de Medicina, na \u00e9poca funcionando na Pra\u00e7a Jos\u00e9 de Alencar. Ali permaneceu at\u00e9 1959, quando a Faculdade foi transferida para o Porangabussu, hoje, Rodolfo Te\u00f3filo. De l\u00e1 para c\u00e1, foram muitas as conquistas \u2013 algumas delas verdadeiramente not\u00e1veis \u2013, como a constru\u00e7\u00e3o <\/p>\n","protected":false},"author":1,"featured_media":0,"parent":0,"menu_order":0,"comment_status":"closed","ping_status":"closed","template":"","meta":{"footnotes":""},"class_list":["post-659","page","type-page","status-publish","hentry"],"aioseo_notices":[],"_links":{"self":[{"href":"https:\/\/www.encontrafortaleza.com\/sobre\/wp-json\/wp\/v2\/pages\/659"}],"collection":[{"href":"https:\/\/www.encontrafortaleza.com\/sobre\/wp-json\/wp\/v2\/pages"}],"about":[{"href":"https:\/\/www.encontrafortaleza.com\/sobre\/wp-json\/wp\/v2\/types\/page"}],"author":[{"embeddable":true,"href":"https:\/\/www.encontrafortaleza.com\/sobre\/wp-json\/wp\/v2\/users\/1"}],"replies":[{"embeddable":true,"href":"https:\/\/www.encontrafortaleza.com\/sobre\/wp-json\/wp\/v2\/comments?post=659"}],"version-history":[{"count":0,"href":"https:\/\/www.encontrafortaleza.com\/sobre\/wp-json\/wp\/v2\/pages\/659\/revisions"}],"wp:attachment":[{"href":"https:\/\/www.encontrafortaleza.com\/sobre\/wp-json\/wp\/v2\/media?parent=659"}],"curies":[{"name":"wp","href":"https:\/\/api.w.org\/{rel}","templated":true}]}}