{"id":679,"date":"2018-10-04T13:54:17","date_gmt":"2018-10-04T16:54:17","guid":{"rendered":"http:\/\/www.encontrafortaleza.com\/sobre\/?page_id=679"},"modified":"2019-06-01T06:53:52","modified_gmt":"2019-06-01T09:53:52","slug":"hemoce-fortaleza","status":"publish","type":"page","link":"https:\/\/www.encontrafortaleza.com\/sobre\/hemoce-fortaleza\/","title":{"rendered":"Hemoce Fortaleza"},"content":{"rendered":"<div class=\"2ad529334b11458fd7d9bde3e187e581\" data-index=\"1\" style=\"float: left; margin: 5px 5px 5px 0;\">\n<!-- EBR \/Novo-Bairro-Topo\/ 300x250 -->\r\n<ins class=\"adsbygoogle\"\r\n     style=\"display:inline-block;width:300px;height:250px\"\r\n     data-ad-client=\"ca-pub-6414922941841817\"\r\n     data-ad-slot=\"5351822287\"><\/ins>\r\n<script>\r\n(adsbygoogle = window.adsbygoogle || []).push({});\r\n<\/script>\n<\/div>\n<p>O <strong>Hemoce Fortaleza<\/strong> &#8211; Centro de Hematologia e Hemoterapia do Cear\u00e1 &#8211; faz parte da rede de unidades de sa\u00fade da Secretaria da Sa\u00fade do Estado do Cear\u00e1.<\/p>\n<p>Criado em 9 de mar\u00e7o de 1979 e com in\u00edcio de funcionamento em 23 de novembro de 1983, pelo ent\u00e3o Governador Jos\u00e9 Adauto Bezerra, e o ent\u00e3o Secret\u00e1rio de Sa\u00fade, L\u00facio Alc\u00e2ntara. O Hemoce, desde quando foi concebido, teve por finalidade b\u00e1sica planejar e executar a pol\u00edtica de sangue no Cear\u00e1.<\/p>\n<p><img loading=\"lazy\" decoding=\"async\" class=\"alignnone wp-image-678 size-full\" title=\"Hemoce Fortaleza\" src=\"http:\/\/www.encontrafortaleza.com\/sobre\/wp-content\/uploads\/2018\/10\/hemoce-fortalewza.gif\" alt=\"Hemoce Fortaleza\" width=\"680\" height=\"189\" \/><\/p>\n<p>A partir da d\u00e9cada de 1990, foram inaugurados os Hemocentros Regionais: o Hemocentro de Sobral em 8 de mar\u00e7o 1991, o de Crato em 19 de dezembro de 1991, o hemon\u00facleo de Juazeiro do Norte em 28 de julho de 1998, o de Iguatu em 23 de agosto de 1993 e o de Quixad\u00e1 em 10 de setembro de 2004.<\/p>\n<p>Cada um destes hemocentros regionais foi instalado e est\u00e1 em pleno funcionamento com capacidade para captar, triar doadores, coletar, processar, e distribuir sangue e hemocomponentes examinados e aptos para transfus\u00e3o nos hospitais de sua \u00e1rea de cobertura.\u00a0A partir da\u00ed, diversas unidade m\u00f3veis e postos de coleta de sangue foram instalados em Fortaleza e no restante do estado do Cear\u00e1.<\/p>\n<p>\u00c9 compromisso do HEMOCE gerar produtos e servi\u00e7os hematol\u00f3gicos, hemoter\u00e1picos e de terapia celular confi\u00e1veis e seguros, buscando melhoria cont\u00ednua dos processos, desenvolvimento profissional dos colaboradores para alcan\u00e7ar a satisfa\u00e7\u00e3o dos clientes.<\/p>\n<h2>Hemoce Fortaleza Doa\u00e7\u00e3o de Sangue<\/h2>\n<p>Para <em>doar sangue<\/em> \u00e9 necess\u00e1rio estar saud\u00e1vel, bem alimentado, pesar acima de 50kg, ter entre 16 e 69 anos e apresentar um documento oficial ou autenticado com foto (carteira de identidade, carteira de trabalho, carteira de habilita\u00e7\u00e3o, carteira de identidade profissional, reservista ou passaporte). Os candidatos \u00e0 doa\u00e7\u00e3o de sangue com idade entre 16 e 17 anos devem possuir consentimento formal, por escrito, do seu respons\u00e1vel legal para cada doa\u00e7\u00e3o que realizar. O Hemoce disponibiliza em seu site o termo de consentimento para menores de 18 anos que deve ser apresentado para autoriza\u00e7\u00e3o da doa\u00e7\u00e3o dos jovens nesta faixa et\u00e1ria. O limite para a primeira doa\u00e7\u00e3o \u00e9 de 60 (sessenta) anos, 11 (onze) meses e 29 (vinte e nove) dias.<\/p>\n<p>A doa\u00e7\u00e3o n\u00e3o traz dano ao doador. A coleta \u00e9 feita por profissionais especializados e todo o material utilizado \u00e9 est\u00e9ril, descart\u00e1vel e de uso individual. Al\u00e9m disso, o doador passa por uma avalia\u00e7\u00e3o cl\u00ednica antes de doar, onde s\u00e3o avaliadas suas condi\u00e7\u00f5es f\u00edsicas e comportamentais.<\/p>\n<h3>Hemoce Fortaleza Doa\u00e7\u00e3o de Medula<\/h3>\n<p>O Hemoce realiza cadastro para doa\u00e7\u00e3o de medula \u00f3ssea, basta se dirigir a qualquer uma das unidades de atendimento do Hemoce, fixo ou m\u00f3vel, e informar que deseja ser um <em>doador de medula \u00f3ssea<\/em>. Para se cadastrar \u00e9 preciso apresentar o documento de identidade (RG) e se poss\u00edvel comprovante de resid\u00eancia. O candidato preencher\u00e1 um cadastro e ser\u00e1 coletado uma amostra de sangue para efetiva\u00e7\u00e3o do registro. Caso um dia o candidato seja compat\u00edvel com algum paciente o Hemoce entra em contato e convida para realizar a doa\u00e7\u00e3o de medula \u00f3ssea. \u00c9 importante deixar sempre seu cadastro atualizado, especialmente endere\u00e7o e n\u00famero de telefone para que o hemocentro consiga entrar em contato com o candidato no caso de compatibilidade.<\/p>\n<h3>Hor\u00e1rio de Funcionamento Hemoce em Fortaleza<\/h3>\n<ul>\n<li>Segunda a Sexta: das 07h30 \u00e0s 18h30 \/ S\u00e1bado das 08h \u00e0s 16h<\/li>\n<\/ul>\n<h3>Endere\u00e7o e Telefone Hemoce em Fortaleza<\/h3>\n<ul>\n<li>Av. Jos\u00e9 Bastos, 3390 &#8211; Rodolfo Te\u00f3filo &#8211; Fortaleza &#8211; CE<\/li>\n<li>Telefone: (85) 3101-2296<\/li>\n<\/ul>\n<h4>Outras informa\u00e7\u00f5es e site<\/h4>\n<ul>\n<li>Mais informa\u00e7\u00f5es:\u00a0<a href=\"http:\/\/www.hemoce.ce.gov.br\/#recadastramento\" target=\"_blank\" rel=\"noopener noreferrer\">www.hemoce.ce.gov.br<\/a><\/li>\n<\/ul>\n<h4>Mapa de localiza\u00e7\u00e3o<\/h4>\n<a class=\"wp-colorbox-iframe\" href=\"https:\/\/www.google.com\/maps\/embed?pb=!1m14!1m8!1m3!1d15925.124377626025!2d-38.5499153!3d-3.7488402!3m2!1i1024!2i768!4f13.1!3m3!1m2!1s0x00x5d58058346d9f76!2sHemoce!5e0!3m2!1spt-BR!2sbr!4v1538671822789\"><img decoding=\"async\" src=\"http:\/\/www.encontracampinas.com.br\/imgs\/maps-post.png\"><\/a>\n\n<div style=\"font-size: 0px; height: 0px; line-height: 0px; margin: 0; padding: 0; clear: both;\"><\/div>","protected":false},"excerpt":{"rendered":"<p>O Hemoce Fortaleza &#8211; Centro de Hematologia e Hemoterapia do Cear\u00e1 &#8211; faz parte da rede de unidades de sa\u00fade da Secretaria da Sa\u00fade do Estado do Cear\u00e1. Criado em 9 de mar\u00e7o de 1979 e com in\u00edcio de funcionamento em 23 de novembro de 1983, pelo ent\u00e3o Governador Jos\u00e9 Adauto Bezerra, e o ent\u00e3o Secret\u00e1rio de Sa\u00fade, L\u00facio Alc\u00e2ntara. O Hemoce, desde quando foi concebido, teve por finalidade b\u00e1sica planejar e executar a pol\u00edtica de sangue no Cear\u00e1. A partir da d\u00e9cada de 1990, foram inaugurados os Hemocentros Regionais: o Hemocentro de Sobral em 8 de mar\u00e7o 1991, o <\/p>\n","protected":false},"author":1,"featured_media":0,"parent":0,"menu_order":0,"comment_status":"closed","ping_status":"closed","template":"","meta":{"footnotes":""},"class_list":["post-679","page","type-page","status-publish","hentry"],"aioseo_notices":[],"_links":{"self":[{"href":"https:\/\/www.encontrafortaleza.com\/sobre\/wp-json\/wp\/v2\/pages\/679"}],"collection":[{"href":"https:\/\/www.encontrafortaleza.com\/sobre\/wp-json\/wp\/v2\/pages"}],"about":[{"href":"https:\/\/www.encontrafortaleza.com\/sobre\/wp-json\/wp\/v2\/types\/page"}],"author":[{"embeddable":true,"href":"https:\/\/www.encontrafortaleza.com\/sobre\/wp-json\/wp\/v2\/users\/1"}],"replies":[{"embeddable":true,"href":"https:\/\/www.encontrafortaleza.com\/sobre\/wp-json\/wp\/v2\/comments?post=679"}],"version-history":[{"count":0,"href":"https:\/\/www.encontrafortaleza.com\/sobre\/wp-json\/wp\/v2\/pages\/679\/revisions"}],"wp:attachment":[{"href":"https:\/\/www.encontrafortaleza.com\/sobre\/wp-json\/wp\/v2\/media?parent=679"}],"curies":[{"name":"wp","href":"https:\/\/api.w.org\/{rel}","templated":true}]}}