{"id":687,"date":"2018-10-07T05:20:54","date_gmt":"2018-10-07T08:20:54","guid":{"rendered":"http:\/\/www.encontrafortaleza.com\/sobre\/?page_id=687"},"modified":"2019-06-01T15:07:11","modified_gmt":"2019-06-01T18:07:11","slug":"macuripe-fortaleza","status":"publish","type":"page","link":"https:\/\/www.encontrafortaleza.com\/sobre\/macuripe-fortaleza\/","title":{"rendered":"Macuripe Fortaleza"},"content":{"rendered":"<div class=\"2ad529334b11458fd7d9bde3e187e581\" data-index=\"1\" style=\"float: left; margin: 5px 5px 5px 0;\">\n<!-- EBR \/Novo-Bairro-Topo\/ 300x250 -->\r\n<ins class=\"adsbygoogle\"\r\n     style=\"display:inline-block;width:300px;height:250px\"\r\n     data-ad-client=\"ca-pub-6414922941841817\"\r\n     data-ad-slot=\"5351822287\"><\/ins>\r\n<script>\r\n(adsbygoogle = window.adsbygoogle || []).push({});\r\n<\/script>\n<\/div>\n<p><b>Mucuripe Fortaleza<\/b>\u00a0\u00e9 um\u00a0praia\u00a0brasileira\u00a0localizada na cidade de\u00a0Fortaleza, no\u00a0estado\u00a0do\u00a0Cear\u00e1. A Praia do Mucuripe \u00e9 a continua\u00e7\u00e3o da Praia do Meireles, na dire\u00e7\u00e3o leste.<\/p>\n<p>O cal\u00e7ad\u00e3o do Mucuripe \u00e9 um pouco mais estreito que o do Meireles, mas \u00e9 largo o suficiente para atrair diversas pessoas, que v\u00eam para passear, caminhar ou assistir \u00e0s peladas nas quadras de areia.<\/p>\n<p><img loading=\"lazy\" decoding=\"async\" class=\"alignnone wp-image-688 size-full\" title=\"Macuripe Fortaleza\" src=\"http:\/\/www.encontrafortaleza.com\/sobre\/wp-content\/uploads\/2018\/10\/macuripe-fortaleza.gif\" alt=\"Macuripe Fortaleza\" width=\"680\" height=\"189\" \/><\/p>\n<p>Existem diversas jangadas tur\u00edsticas espalhadas por Fortaleza, para que os turistas tirem fotografias, mas no Mucuripe, as jangadas s\u00e3o de fato utilizadas como meio de vida pra diversas fam\u00edlias de pescadores. No final da avenida beira-mar, encontra-se o mercado de peixes e frutos do mar, onde pode-se n\u00e3o apenas admirar a fartura de peixes, lagostas, lulas e crust\u00e1ceos, mas tamb\u00e9m comprar pequenas por\u00e7\u00f5es e lev\u00e1-las para que sejam preparadas em pequenas barracas, no pr\u00f3prio mercado.<\/p>\n<p>\u00c9 do Mucuripe tamb\u00e9m que partem os passeios de barco onde pode-se ver a cidade de um ponto diferente . As embarca\u00e7\u00f5es podem levar algumas dezenas de pessoas, e s\u00e3o vistoriadas para garantir a seguran\u00e7a dos passageiros.<\/p>\n<h2>Macuripe Fortaleza Est\u00e1tua de Iracema<\/h2>\n<p>Pesquisadores e historiadores contam que foi exatamente aqui, na Praia do Mucuripe, onde se passou o romance entre Martin e Iracema, do livro de Jos\u00e9 de Alencar. Aqui voc\u00ea encontrar ainda uma <em>est\u00e1tua em homenagem \u00e0 \u00edndia mais famosa da literatura<\/em>. O lugar \u00e9 ponto de parada para turistas registrarem seus momentos. Essa est\u00e1tua foi a primeira, das tr\u00eas que existem em Fortaleza, constru\u00edda nos anos 70.<\/p>\n<h3>Macuripe Fortaleza Passeio de Jangada<\/h3>\n<p>O cen\u00e1rio da Praia do Mucuripe \u00e9 um dos mais lindos da cidade de Fortaleza. Voc\u00ea tem a combina\u00e7\u00e3o da natureza e dos barquinhos de pescadores que ficam ancorados por aqui todos os dias. Tamb\u00e9m \u00e9 poss\u00edvel encontrar<em> jangadinhas<\/em> que te levam para um passeio pela orla. \u00c9 s\u00f3 chegar e conversar com os in\u00fameros pescadores que vivem na regi\u00e3o.<\/p>\n<h3>Macuripe Fortaleza Fotos<\/h3>\n<p><img loading=\"lazy\" decoding=\"async\" class=\"alignnone wp-image-1885 size-full\" title=\"Macuripe Fortaleza Fotos\" src=\"https:\/\/www.encontrafortaleza.com\/sobre\/wp-content\/uploads\/2019\/06\/fotosmacuripe.gif\" alt=\"Macuripe Fortaleza Fotos\" width=\"625\" height=\"450\" \/><\/p>\n<h3>Hor\u00e1rio de Funcionamento Macuripe em Fortaleza<\/h3>\n<ul>\n<li>24 horas<\/li>\n<\/ul>\n<h3>Endere\u00e7o e Telefone Macuripe em Fortaleza<\/h3>\n<ul>\n<li>Av. Beira Mar, 4401-4639 &#8211; Meireles &#8211; Fortaleza &#8211; CE<\/li>\n<\/ul>\n<h4>Mapa de localiza\u00e7\u00e3o<\/h4>\n<a class=\"wp-colorbox-iframe\" href=\"https:\/\/www.google.com\/maps\/embed?pb=!1m14!1m8!1m3!1d15925.611214830991!2d-38.4811478!3d-3.7220125!3m2!1i1024!2i768!4f13.1!3m3!1m2!1s0x00x371cb768b26a81d0!2sPraia+do+Mucuripe!5e0!3m2!1spt-BR!2sbr!4v1538900153852\"><img decoding=\"async\" src=\"http:\/\/www.encontracampinas.com.br\/imgs\/maps-post.png\"><\/a>\n\n<div style=\"font-size: 0px; height: 0px; line-height: 0px; margin: 0; padding: 0; clear: both;\"><\/div>","protected":false},"excerpt":{"rendered":"<p>Mucuripe Fortaleza\u00a0\u00e9 um\u00a0praia\u00a0brasileira\u00a0localizada na cidade de\u00a0Fortaleza, no\u00a0estado\u00a0do\u00a0Cear\u00e1. A Praia do Mucuripe \u00e9 a continua\u00e7\u00e3o da Praia do Meireles, na dire\u00e7\u00e3o leste. O cal\u00e7ad\u00e3o do Mucuripe \u00e9 um pouco mais estreito que o do Meireles, mas \u00e9 largo o suficiente para atrair diversas pessoas, que v\u00eam para passear, caminhar ou assistir \u00e0s peladas nas quadras de areia. Existem diversas jangadas tur\u00edsticas espalhadas por Fortaleza, para que os turistas tirem fotografias, mas no Mucuripe, as jangadas s\u00e3o de fato utilizadas como meio de vida pra diversas fam\u00edlias de pescadores. No final da avenida beira-mar, encontra-se o mercado de peixes e frutos do <\/p>\n","protected":false},"author":1,"featured_media":0,"parent":0,"menu_order":0,"comment_status":"closed","ping_status":"closed","template":"","meta":{"footnotes":""},"class_list":["post-687","page","type-page","status-publish","hentry"],"aioseo_notices":[],"_links":{"self":[{"href":"https:\/\/www.encontrafortaleza.com\/sobre\/wp-json\/wp\/v2\/pages\/687"}],"collection":[{"href":"https:\/\/www.encontrafortaleza.com\/sobre\/wp-json\/wp\/v2\/pages"}],"about":[{"href":"https:\/\/www.encontrafortaleza.com\/sobre\/wp-json\/wp\/v2\/types\/page"}],"author":[{"embeddable":true,"href":"https:\/\/www.encontrafortaleza.com\/sobre\/wp-json\/wp\/v2\/users\/1"}],"replies":[{"embeddable":true,"href":"https:\/\/www.encontrafortaleza.com\/sobre\/wp-json\/wp\/v2\/comments?post=687"}],"version-history":[{"count":0,"href":"https:\/\/www.encontrafortaleza.com\/sobre\/wp-json\/wp\/v2\/pages\/687\/revisions"}],"wp:attachment":[{"href":"https:\/\/www.encontrafortaleza.com\/sobre\/wp-json\/wp\/v2\/media?parent=687"}],"curies":[{"name":"wp","href":"https:\/\/api.w.org\/{rel}","templated":true}]}}