{"id":695,"date":"2018-10-07T05:45:15","date_gmt":"2018-10-07T08:45:15","guid":{"rendered":"http:\/\/www.encontrafortaleza.com\/sobre\/?page_id=695"},"modified":"2019-06-01T15:20:43","modified_gmt":"2019-06-01T18:20:43","slug":"praia-do-cumbuco-fortaleza-2","status":"publish","type":"page","link":"https:\/\/www.encontrafortaleza.com\/sobre\/praia-do-cumbuco-fortaleza-2\/","title":{"rendered":"Praia do Cumbuco Fortaleza"},"content":{"rendered":"<div class=\"2ad529334b11458fd7d9bde3e187e581\" data-index=\"1\" style=\"float: left; margin: 5px 5px 5px 0;\">\n<!-- EBR \/Novo-Bairro-Topo\/ 300x250 -->\r\n<ins class=\"adsbygoogle\"\r\n     style=\"display:inline-block;width:300px;height:250px\"\r\n     data-ad-client=\"ca-pub-6414922941841817\"\r\n     data-ad-slot=\"5351822287\"><\/ins>\r\n<script>\r\n(adsbygoogle = window.adsbygoogle || []).push({});\r\n<\/script>\n<\/div>\n<p>A uma dist\u00e2ncia de apenas 23 quil\u00f4metros do centro de Fortaleza, a\u00a0<strong>Praia do Cumbuco\u00a0<\/strong>chama a aten\u00e7\u00e3o pelos imensos e lindos morros de areia que s\u00e3o avistados por toda a sua costa.<\/p>\n<p>Al\u00e9m de ser considerada uma das mais belas e populares praias do\u00a0litoral oeste\u00a0do estado, \u00e9 ainda um point ideal para quem quer curtir passeios e esportes n\u00e1uticos e praieiros.<\/p>\n<p><img loading=\"lazy\" decoding=\"async\" class=\"alignnone wp-image-696 size-full\" title=\"Praia do Cumbuco Fortaleza\" src=\"http:\/\/www.encontrafortaleza.com\/sobre\/wp-content\/uploads\/2018\/10\/cumbuco-fortaleza.gif\" alt=\"Praia do Cumbuco Fortaleza\" width=\"680\" height=\"189\" \/><\/p>\n<p><span class=\"menu01\"><span class=\"style24\">Atrav\u00e9s dos anos<\/span>\u00a0a praia de Cumbuco tem se adequado \u00e0s exig\u00eancias de quem visita, a estrutura tur\u00edstica \u00e9 uma das mais importantes do estado do Cear\u00e1, conta com mais de 40 pousadas e hot\u00e9is al\u00e9m de uma gastronomia internacional com mais de 20 restaurantes, de especialidades diversas: italiana, francesa, alem\u00e3 e regional entre outras. Outro destaque importante de Cumbuco s\u00e3o as praias paradis\u00edacas e as lagoas. <\/span><\/p>\n<p><span class=\"menu01\">A praia de Icara\u00ed fica a s\u00f3 10km de Cumbuco e a regi\u00e3o \u00e9 de f\u00e1cil acesso, existem trasportes alternativos e \u00d4nibus a custo bem econ\u00f4mico. Para viajar desde Fortaleza tem \u00f4nibus que faz o trajeto Beira Mar &#8211; Cumbuco. O lagamar e a Barra de Cau\u00edpe &#8220;O melhor ponto para pr\u00e1tica de Kitesurf do Brasil&#8221; se encontra formada pela foz do rio Cau\u00edpe que des\u00e1gua no mar, a bela paisagem conta com dunas, mangue e extensa \u00e1rea de coqueiral. Esta praia tamb\u00e9m abriga uma vila de pescadores.<\/span><span class=\"menu01\">\u00a0<\/span><\/p>\n<h2>Praia do Cumbuco Fortaleza Atra\u00e7\u00f5es<\/h2>\n<p>Passando um ou v\u00e1rios dias, voc\u00ea tem muitos atrativos para curtir na Praia do Cumbuco:<\/p>\n<ul>\n<li><strong>As melhores dunas do Cear\u00e1:<\/strong> Considerada como a regi\u00e3o com as melhores dunas do Cear\u00e1, a Praia do Cumbuco n\u00e3o nega a sua fama. Voc\u00ea pode aproveitar a vista com um passeio de buggy, muito comum e quase que obrigat\u00f3rio para todos que v\u00eam para c\u00e1. A rota tradicional vai da vila central da Praia do Cumbuco at\u00e9 a Lagoa de Parnamirim, onde h\u00e1 uma parada para voc\u00ea dar aquele mergulho e tamb\u00e9m experimentar o esquibunda.<\/li>\n<li><strong>Pratique Esportes: <\/strong>Principalmente o Kitesurfe. A Praia do Cumbuco, assim como a maioria das praias do litoral oeste do Cear\u00e1 tem ventos favor\u00e1veis \u00e0 pr\u00e1tica de esportes n\u00e1uticos. O Kitesurfe, windesurfe, vela e muitos outros podem ser curtidos aqui por profissionais, amadores experiente e at\u00e9 mesmo aqueles que nunca passaram pela experi\u00eancia. Se voc\u00ea n\u00e3o tem o material necess\u00e1rio, \u00e9 poss\u00edvel alugar, assim como ter aulas particulares em diversos pontos da praia.<\/li>\n<li><strong>Mergulho na Barra do Cauipe: <\/strong>A Barra do Cauipe \u00e9 uma praia e lagoa que fica \u201cdentro\u201d da Praia do Cumbuco. \u00c9 um pedacinho rec\u00e9m-descoberto e habitado que vale muito a pena conhecer. Aqui tamb\u00e9m h\u00e1 muitas pessoas praticando kitesurfe e se voc\u00ea gosta do esporte \u00e9 para c\u00e1 que deve vim.<\/li>\n<\/ul>\n<h3>Praia do Cumbuco Fortaleza Fotos<\/h3>\n<p><img loading=\"lazy\" decoding=\"async\" class=\"alignnone wp-image-1890 size-full\" title=\"Praia do Cumbuco Fortaleza Fotos\" src=\"https:\/\/www.encontrafortaleza.com\/sobre\/wp-content\/uploads\/2019\/06\/praia-do-cumbuco-fotos.gif\" alt=\"Praia do Cumbuco Fortaleza Fotos\" width=\"502\" height=\"450\" \/><\/p>\n<h3>Hor\u00e1rio de Funcionamento Praia do Cumbuco em Fortaleza<\/h3>\n<ul>\n<li>24 horas<\/li>\n<\/ul>\n<h3>Endere\u00e7o e Telefone Praia do Cumbuco em Fortaleza<\/h3>\n<ul>\n<li>Jurema &#8211; Caucaia &#8211; CE<\/li>\n<\/ul>\n<h4>Mapa de localiza\u00e7\u00e3o<\/h4>\n<a class=\"wp-colorbox-iframe\" href=\"https:\/\/www.google.com\/maps\/embed?pb=!1m18!1m12!1m3!1d31854.34128494331!2d-38.739464052859496!3d-3.6347476807277266!2m3!1f0!2f0!3f0!3m2!1i1024!2i768!4f13.1!3m3!1m2!1s0x7c74854d1f2fedf0xfc9633ebc4cd7a8!2sPraia+Do+Cumbuco!5e0!3m2!1spt-BR!2sbr!4v1538901758685\"><img decoding=\"async\" src=\"http:\/\/www.encontracampinas.com.br\/imgs\/maps-post.png\"><\/a>\n\n<div style=\"font-size: 0px; height: 0px; line-height: 0px; margin: 0; padding: 0; clear: both;\"><\/div>","protected":false},"excerpt":{"rendered":"<p>A uma dist\u00e2ncia de apenas 23 quil\u00f4metros do centro de Fortaleza, a\u00a0Praia do Cumbuco\u00a0chama a aten\u00e7\u00e3o pelos imensos e lindos morros de areia que s\u00e3o avistados por toda a sua costa. Al\u00e9m de ser considerada uma das mais belas e populares praias do\u00a0litoral oeste\u00a0do estado, \u00e9 ainda um point ideal para quem quer curtir passeios e esportes n\u00e1uticos e praieiros. Atrav\u00e9s dos anos\u00a0a praia de Cumbuco tem se adequado \u00e0s exig\u00eancias de quem visita, a estrutura tur\u00edstica \u00e9 uma das mais importantes do estado do Cear\u00e1, conta com mais de 40 pousadas e hot\u00e9is al\u00e9m de uma gastronomia internacional com <\/p>\n","protected":false},"author":1,"featured_media":0,"parent":0,"menu_order":0,"comment_status":"closed","ping_status":"closed","template":"","meta":{"footnotes":""},"class_list":["post-695","page","type-page","status-publish","hentry"],"aioseo_notices":[],"_links":{"self":[{"href":"https:\/\/www.encontrafortaleza.com\/sobre\/wp-json\/wp\/v2\/pages\/695"}],"collection":[{"href":"https:\/\/www.encontrafortaleza.com\/sobre\/wp-json\/wp\/v2\/pages"}],"about":[{"href":"https:\/\/www.encontrafortaleza.com\/sobre\/wp-json\/wp\/v2\/types\/page"}],"author":[{"embeddable":true,"href":"https:\/\/www.encontrafortaleza.com\/sobre\/wp-json\/wp\/v2\/users\/1"}],"replies":[{"embeddable":true,"href":"https:\/\/www.encontrafortaleza.com\/sobre\/wp-json\/wp\/v2\/comments?post=695"}],"version-history":[{"count":0,"href":"https:\/\/www.encontrafortaleza.com\/sobre\/wp-json\/wp\/v2\/pages\/695\/revisions"}],"wp:attachment":[{"href":"https:\/\/www.encontrafortaleza.com\/sobre\/wp-json\/wp\/v2\/media?parent=695"}],"curies":[{"name":"wp","href":"https:\/\/api.w.org\/{rel}","templated":true}]}}