{"id":699,"date":"2018-10-07T06:06:27","date_gmt":"2018-10-07T09:06:27","guid":{"rendered":"http:\/\/www.encontrafortaleza.com\/sobre\/?page_id=699"},"modified":"2019-06-01T15:24:04","modified_gmt":"2019-06-01T18:24:04","slug":"cras-fortaleza","status":"publish","type":"page","link":"https:\/\/www.encontrafortaleza.com\/sobre\/cras-fortaleza\/","title":{"rendered":"CRAS Fortaleza"},"content":{"rendered":"<div class=\"2ad529334b11458fd7d9bde3e187e581\" data-index=\"1\" style=\"float: left; margin: 5px 5px 5px 0;\">\n<!-- EBR \/Novo-Bairro-Topo\/ 300x250 -->\r\n<ins class=\"adsbygoogle\"\r\n     style=\"display:inline-block;width:300px;height:250px\"\r\n     data-ad-client=\"ca-pub-6414922941841817\"\r\n     data-ad-slot=\"5351822287\"><\/ins>\r\n<script>\r\n(adsbygoogle = window.adsbygoogle || []).push({});\r\n<\/script>\n<\/div>\n<p>O\u00a0<strong>Cras Fortaleza<\/strong>\u00a0&#8211; Centro de Refer\u00eancia de Assist\u00eancia Social\u00a0&#8211; \u00e9 uma unidade respons\u00e1vel pela oferta de servi\u00e7os de prote\u00e7\u00e3o b\u00e1sica do Sistema \u00danico de Assist\u00eancia Social &#8211; SUAS, nas \u00e1reas de vulnerabilidade e risco social.<\/p>\n<p>Estrutura-se, assim, como porta de entrada dos usu\u00e1rios da pol\u00edtica de assist\u00eancia social para a rede de Prote\u00e7\u00e3o B\u00e1sica e refer\u00eancia para encaminhamentos \u00e0 Prote\u00e7\u00e3o Especial.<\/p>\n<p><img loading=\"lazy\" decoding=\"async\" class=\"alignnone wp-image-700 size-full\" title=\"CRAS Fortaleza\" src=\"http:\/\/www.encontrafortaleza.com\/sobre\/wp-content\/uploads\/2018\/10\/cras-fortaleza.gif\" alt=\"CRAS Fortaleza\" width=\"680\" height=\"189\" \/><\/p>\n<p>Desempenha papel central no territ\u00f3rio onde se localiza ao constituir a principal estrutura f\u00edsica local, cujo espa\u00e7o f\u00edsico deve ser compat\u00edvel com o trabalho social com fam\u00edlias que vivem no seu territ\u00f3rio de abrang\u00eancia e conta com uma equipe profissional de refer\u00eancia.<\/p>\n<p>O CRAS presta servi\u00e7os continuados de Prote\u00e7\u00e3o Social B\u00e1sica de Assist\u00eancia Social para fam\u00edlias, seus membros e indiv\u00edduos em situa\u00e7\u00e3o de vulnerabilidade social, por meio do PAIF tais como: acolhimento, acompanhamento em servi\u00e7os socioeducativos e de conviv\u00eancia ou por a\u00e7\u00f5es socioassistenciais, encaminhamentos para a rede de prote\u00e7\u00e3o social existente no lugar onde vivem e para os demais servi\u00e7os das outras pol\u00edticas sociais, orienta\u00e7\u00e3o e apoio na garantia dos seus direitos de cidadania e de conviv\u00eancia familiar e comunit\u00e1ria; A exist\u00eancia do CRAS est\u00e1 estritamente vinculada ao funcionamento do Programa de Aten\u00e7\u00e3o Integral \u00e0 Fam\u00edlia \u2013 PAIF, ou seja, \u00e0 implementa\u00e7\u00e3o do PAIF, co-financiado ou n\u00e3o pelo Governo Federal, que constitui condi\u00e7\u00e3o essencial e indispens\u00e1vel para o funcionamento do CRAS.<\/p>\n<p>Reconhece-se, portanto, ser atribui\u00e7\u00e3o exclusiva do poder p\u00fablico, o trabalho social com fam\u00edlias, sendo esta a identidade que deve ser expressa no espa\u00e7o f\u00edsico do CRAS.<\/p>\n<p>No CRAS, portanto, deve ser necessariamente ofertado o PAIF, podendo ser ofertados outros servi\u00e7os, programas, benef\u00edcios e projetos conforme disponibilidade de espa\u00e7o f\u00edsico e de profissionais qualificados para implement\u00e1-los, e desde que n\u00e3o prejudiquem a execu\u00e7\u00e3o do PAIF e nem ocupem os espa\u00e7os a ele destinados. Os demais servi\u00e7os s\u00f3cio-educativos, a\u00e7\u00f5es complementares e projetos de prote\u00e7\u00e3o b\u00e1sica desenvolvidos no territ\u00f3rio de abrang\u00eancia do CRAS devem ser a ele referenciados.<\/p>\n<h2>O que \u00e9 o Centro de Refer\u00eancia da Assist\u00eancia Social \u2013 CRAS Fortaleza?<\/h2>\n<p>O Centro de Refer\u00eancia de Assist\u00eancia Social (Cras) \u00e9 o sistema governamental respons\u00e1vel pela organiza\u00e7\u00e3o e oferta de servi\u00e7os da Prote\u00e7\u00e3o Social B\u00e1sica nas \u00e1reas de vulnerabilidade e risco social. Por meio do Cras, as fam\u00edlias em situa\u00e7\u00e3o de extrema pobreza passam a ter acesso a servi\u00e7os como cadastramento e acompanhamento em programas de transfer\u00eancia de renda. Identificam e estimulam as potencialidades locais, modificando a qualidade de vida das fam\u00edlias que vivem nas localidades.<\/p>\n<h3>Servi\u00e7os e Documentos CRAS Fortaleza<\/h3>\n<p>O principal servi\u00e7o ofertado pelo Cras \u00e9 o Servi\u00e7o de Prote\u00e7\u00e3o e Atendimento Integral \u00e0 Fam\u00edlia (Paif). Dentre os objetivos desse servi\u00e7o est\u00e3o a preven\u00e7\u00e3o da ruptura dos v\u00ednculos familiares e comunit\u00e1rios, a promo\u00e7\u00e3o de ganhos sociais e materiais das fam\u00edlias e o acesso a benef\u00edcios, programas de transfer\u00eancia de renda e servi\u00e7os socio-assistenciais. As a\u00e7\u00f5es s\u00e3o todas implementadas por meio de trabalho de assist\u00eancia social. Para dar entrada no Bolsa Fam\u00edlia, primeiramente voc\u00ea precisa fazer o cadastro \u00fanico. Veja quais s\u00e3o os documentos que voc\u00ea deve levar ao CRAS para realizar o cadastro.<\/p>\n<p><strong>Representante da fam\u00edlia<\/strong><\/p>\n<p>CPF ou o T\u00edtulo de Eleitor<br \/>\nComprovante de resid\u00eancia (\u00e1gua ou luz); este documento n\u00e3o \u00e9 obrigat\u00f3rio, mas facilita o preenchimento do cadastro.<br \/>\nDe prefer\u00eancia mulher, a representante da fam\u00edlia ser\u00e1 a pessoa respons\u00e1vel por responder \u00e0s perguntas feitas pela equipe do CRAS para a realiza\u00e7\u00e3o do cadastro. Ela deve ter pelo menos 16 anos, fazer parte da fam\u00edlia e morar na mesma casa dos outros membros da fam\u00edlia.<\/p>\n<h3>Hor\u00e1rio de Funcionamento CRAS em Fortaleza<\/h3>\n<ul>\n<li>Segunda a Sexta: das 08h \u00e0s 17h<\/li>\n<\/ul>\n<h3>Endere\u00e7o e Telefone CRAS em Fortaleza<\/h3>\n<ul>\n<li><strong>CRAS Pirambu:<\/strong> Av. Monsenhor H\u00e9lio Campos, s\/n &#8211; Telefone: (85) 3286-1681<br \/>\n<strong>CRAS Barra do Cear\u00e1:\u00a0<\/strong> Av. Francisco S\u00e1, s\/n \u2013 Telefone:\u00a0 (85) 3286-1681<br \/>\n<strong>CRAS Mucuripe:<\/strong> Rua Professor Luiz Costa, 142 &#8211; Telefone: (85) 3452-7348<br \/>\n<strong>CRAS Serviluz:<\/strong>\u00a0Av. Zez\u00e9 Diogo, 1038 &#8211; Telefone: (85) 3105-2691<br \/>\n<strong>CRAS Lagamar:<\/strong>\u00a0Rua Sabino Monte, 4506 \u2013 Telefone: (85) 3272-5515<br \/>\n<strong>CRAS Frei Tito:<\/strong> \u2013 Praia do Futuro Rua Cl\u00f3vis Arraes Maia, s\/n \u2013 Telefone: (85) 3101-1025<br \/>\n<strong>CRAS Bela Vista:<\/strong> Rua M\u00e1rio de Andrade, s\/n &#8211; Telefone: (85)3433-4292<br \/>\n<strong>CRAS Quintino Cunha:<\/strong>\u00a0Rua Pio Saraiva, 68 \u2013 Telefone: (85) 3105-1197<br \/>\n<strong>CRAS Vila Uni\u00e3o:<\/strong> Rua Almirante Rufino, 419 \u2013 Telefone: (85) 3131-9810<br \/>\n<strong>CRAS Serrinha:<\/strong> Rua In\u00e1cio Parente, 100 &#8211; Telefone: (85) 3483-6100<br \/>\n<strong>CRAS Couto Fernandes:<\/strong> Rua Tamoio, 933 \u2013 Telefone: (85) 3105-3098<br \/>\n<strong>CRAS Granja Portugal:<\/strong> Rua Humberto Lomeu, s\/n \u2013 Telefone: (85) 3488.3242<br \/>\n<strong>CRAS Bom Jardim:<\/strong> Av. Virg\u00edlio Nogueira, s\/n \u2013 Telefone: (85) 3105-2007<br \/>\n<strong>CRAS Mondubim:<\/strong> Av. Waldir Diogo, 940 &#8211; Telefone: (85) 3452-9360<br \/>\n<strong>CRAS Genibau:<\/strong> Av. I, 340 &#8211;\u00a0Telefone: (85) 3452-2478<br \/>\n<strong>CRAS Conjunto Esperan\u00e7a:<\/strong> Rua 103, 195 \u2013 Telefone: (85) 3101-3060<br \/>\n<strong>CRAS Conjunto Alvorada:<\/strong> Rua Crisanto Moreira, 650 \u2013 Telefone: (85) 3239-4100<br \/>\n<strong>CRAS Jardim das Oliveiras:<\/strong> Rua Rogaciano Leite, 3090 &#8211; Telefone:\u00a0(85) 3433-5298<br \/>\n<strong>CRAS Castel\u00e3o:<\/strong> Av. Alberto Craveiro, 1480 \u2013 Telefone: (85) 3105-2012<br \/>\n<strong>CRAS Jo\u00e3o Paulo:<\/strong> II Rua 10, 75 \u2013 Telefone:\u00a0(85) 3105-2012<\/li>\n<\/ul>\n<h4>Outras informa\u00e7\u00f5es e site<\/h4>\n<ul>\n<li>Mais informa\u00e7\u00f5es:\u00a0<a href=\"https:\/\/previdencia.social\/cras\/fortaleza-ce\/\" target=\"_blank\" rel=\"noopener noreferrer\">www.previdencia.social\/cras<\/a><\/li>\n<\/ul>\n<h4>Mapa de localiza\u00e7\u00e3o Lagamar<\/h4>\n<a class=\"wp-colorbox-iframe\" href=\"https:\/\/www.google.com\/maps\/embed?pb=!1m18!1m12!1m3!1d3981.223224595151!2d-38.51333478524096!3d-3.7615290972634248!2m3!1f0!2f0!3f0!3m2!1i1024!2i768!4f13.1!3m3!1m2!1s0x7c748c8d59c97090xca2100992503806f!2sAv.+Sabino+Monte+4506+-+So+Joo+do+Tauape+Fortaleza+-+CE+60120-230!5e0!3m2!1spt-BR!2sbr!4v1538903016071\"><img decoding=\"async\" src=\"http:\/\/www.encontracampinas.com.br\/imgs\/maps-post.png\"><\/a>\n\n<div style=\"font-size: 0px; height: 0px; line-height: 0px; margin: 0; padding: 0; clear: both;\"><\/div>","protected":false},"excerpt":{"rendered":"<p>O\u00a0Cras Fortaleza\u00a0&#8211; Centro de Refer\u00eancia de Assist\u00eancia Social\u00a0&#8211; \u00e9 uma unidade respons\u00e1vel pela oferta de servi\u00e7os de prote\u00e7\u00e3o b\u00e1sica do Sistema \u00danico de Assist\u00eancia Social &#8211; SUAS, nas \u00e1reas de vulnerabilidade e risco social. Estrutura-se, assim, como porta de entrada dos usu\u00e1rios da pol\u00edtica de assist\u00eancia social para a rede de Prote\u00e7\u00e3o B\u00e1sica e refer\u00eancia para encaminhamentos \u00e0 Prote\u00e7\u00e3o Especial. Desempenha papel central no territ\u00f3rio onde se localiza ao constituir a principal estrutura f\u00edsica local, cujo espa\u00e7o f\u00edsico deve ser compat\u00edvel com o trabalho social com fam\u00edlias que vivem no seu territ\u00f3rio de abrang\u00eancia e conta com uma equipe profissional <\/p>\n","protected":false},"author":1,"featured_media":0,"parent":0,"menu_order":0,"comment_status":"closed","ping_status":"closed","template":"","meta":{"footnotes":""},"class_list":["post-699","page","type-page","status-publish","hentry"],"aioseo_notices":[],"_links":{"self":[{"href":"https:\/\/www.encontrafortaleza.com\/sobre\/wp-json\/wp\/v2\/pages\/699"}],"collection":[{"href":"https:\/\/www.encontrafortaleza.com\/sobre\/wp-json\/wp\/v2\/pages"}],"about":[{"href":"https:\/\/www.encontrafortaleza.com\/sobre\/wp-json\/wp\/v2\/types\/page"}],"author":[{"embeddable":true,"href":"https:\/\/www.encontrafortaleza.com\/sobre\/wp-json\/wp\/v2\/users\/1"}],"replies":[{"embeddable":true,"href":"https:\/\/www.encontrafortaleza.com\/sobre\/wp-json\/wp\/v2\/comments?post=699"}],"version-history":[{"count":0,"href":"https:\/\/www.encontrafortaleza.com\/sobre\/wp-json\/wp\/v2\/pages\/699\/revisions"}],"wp:attachment":[{"href":"https:\/\/www.encontrafortaleza.com\/sobre\/wp-json\/wp\/v2\/media?parent=699"}],"curies":[{"name":"wp","href":"https:\/\/api.w.org\/{rel}","templated":true}]}}