{"id":708,"date":"2018-10-08T08:28:04","date_gmt":"2018-10-08T11:28:04","guid":{"rendered":"http:\/\/www.encontrafortaleza.com\/sobre\/?page_id=708"},"modified":"2019-06-01T15:43:59","modified_gmt":"2019-06-01T18:43:59","slug":"primeiro-passo-fortaleza","status":"publish","type":"page","link":"https:\/\/www.encontrafortaleza.com\/sobre\/primeiro-passo-fortaleza\/","title":{"rendered":"Primeiro Passo Fortaleza"},"content":{"rendered":"<div class=\"2ad529334b11458fd7d9bde3e187e581\" data-index=\"1\" style=\"float: left; margin: 5px 5px 5px 0;\">\n<!-- EBR \/Novo-Bairro-Topo\/ 300x250 -->\r\n<ins class=\"adsbygoogle\"\r\n     style=\"display:inline-block;width:300px;height:250px\"\r\n     data-ad-client=\"ca-pub-6414922941841817\"\r\n     data-ad-slot=\"5351822287\"><\/ins>\r\n<script>\r\n(adsbygoogle = window.adsbygoogle || []).push({});\r\n<\/script>\n<\/div>\n<div class=\"mc-column content-text active-extra-styles \" data-block-type=\"unstyled\" data-block-weight=\"32\" data-block-id=\"3\">\n<p class=\"content-text__container \" data-track-category=\"Link no Texto\" data-track-links=\"\">O <strong>Primeiro Passo Fortaleza<\/strong> qualifica profissionalmente adolescentes e jovens, oriundos da rede p\u00fablica de ensino, que se encontram em situa\u00e7\u00e3o de vulnerabilidade social, estimulando-os por meio do desenvolvimento de suas compet\u00eancias social e profissional. O projeto atua em quatro linhas de a\u00e7\u00e3o: Aprendiz, Bolsista, Estagi\u00e1rio e Empreendedor Criativo.<\/p>\n<\/div>\n<div class=\"mc-column content-text active-extra-styles \" data-block-type=\"unstyled\" data-block-weight=\"68\" data-block-id=\"4\">\n<p class=\"content-text__container \" data-track-category=\"Link no Texto\" data-track-links=\"\">A linha Jovem Aprendiz \u00e9 voltada para estudantes de 16 a 22 anos, que est\u00e3o cursando o 3\u00ba ano do ensino m\u00e9dio ou aqueles que j\u00e1 conclu\u00edram os estudos. Eles participam de cursos de inicia\u00e7\u00e3o profissional e s\u00e3o inseridos em empresas privadas.<\/p>\n<\/div>\n<p><img loading=\"lazy\" decoding=\"async\" class=\"alignnone wp-image-709 size-full\" title=\"Primeiro Passo Fortaleza\" src=\"http:\/\/www.encontrafortaleza.com\/sobre\/wp-content\/uploads\/2018\/10\/primeiro-passo-fortaleza.gif\" alt=\"Primeiro Passo Fortaleza\" width=\"680\" height=\"189\" \/><\/p>\n<p>Eles recebem todo o material did\u00e1tico utilizado nas capacita\u00e7\u00f5es, al\u00e9m de remunera\u00e7\u00e3o.<\/p>\n<h2>Primeiro Passo Fortaleza Inscri\u00e7\u00f5es<\/h2>\n<p>A documenta\u00e7\u00e3o necess\u00e1ria para realiza\u00e7\u00e3o da inscri\u00e7\u00e3o \u00e9: RG, CPF, comprovante de resid\u00eancia, declara\u00e7\u00e3o atualizada da escola, carteira de trabalho e carteira de reservista. \u00c9 importante que as informa\u00e7\u00f5es sejam preenchidas corretamente, conforme solicitadas. Caso contr\u00e1rio o candidato poder\u00e1 ser eliminado, uma vez que ser\u00e1 exigido a documenta\u00e7\u00e3o no ato da realiza\u00e7\u00e3o do contrato.<\/p>\n<p>Para fazer a inscri\u00e7\u00e3o basta se dirigir ao endere\u00e7o abaixo com os documentos j\u00e1 descritos.<\/p>\n<h3>Hor\u00e1rio de Funcionamento Primeiro Passo em Fortaleza<\/h3>\n<ul>\n<li>Ter\u00e7a a Sexta: das 09h \u00e0s 20h<\/li>\n<\/ul>\n<h3>Endere\u00e7o e Telefone Primeiro Passo em Fortaleza<\/h3>\n<ul>\n<li>R. Jos\u00e9 Vilar, 420 &#8211; Meireles &#8211; Fortaleza &#8211; CE<\/li>\n<li>Telefone: (85) 3101-1553<\/li>\n<\/ul>\n<h4>Outras informa\u00e7\u00f5es e site<\/h4>\n<ul>\n<li>Mais informa\u00e7\u00f5es:\u00a0<a href=\"https:\/\/www.facebook.com\/Projeto-Primeiro-Passo-160794430783369\/\" target=\"_blank\" rel=\"noopener noreferrer\">www.facebook.com\/Projeto-Primeiro-Passo<\/a><\/li>\n<\/ul>\n<h4>Mapa de localiza\u00e7\u00e3o<\/h4>\n<a class=\"wp-colorbox-iframe\" href=\"https:\/\/www.google.com\/maps\/embed?pb=!1m14!1m8!1m3!1d15925.496120483398!2d-38.5024988!3d-3.7283723!3m2!1i1024!2i768!4f13.1!3m3!1m2!1s0x00xd1e7615b261a607c!2sPrimeiro+Passo!5e0!3m2!1spt-BR!2sbr!4v1538997917339\"><img decoding=\"async\" src=\"http:\/\/www.encontracampinas.com.br\/imgs\/maps-post.png\"><\/a>\n\n<div style=\"font-size: 0px; height: 0px; line-height: 0px; margin: 0; padding: 0; clear: both;\"><\/div>","protected":false},"excerpt":{"rendered":"<p>O Primeiro Passo Fortaleza qualifica profissionalmente adolescentes e jovens, oriundos da rede p\u00fablica de ensino, que se encontram em situa\u00e7\u00e3o de vulnerabilidade social, estimulando-os por meio do desenvolvimento de suas compet\u00eancias social e profissional. O projeto atua em quatro linhas de a\u00e7\u00e3o: Aprendiz, Bolsista, Estagi\u00e1rio e Empreendedor Criativo. A linha Jovem Aprendiz \u00e9 voltada para estudantes de 16 a 22 anos, que est\u00e3o cursando o 3\u00ba ano do ensino m\u00e9dio ou aqueles que j\u00e1 conclu\u00edram os estudos. Eles participam de cursos de inicia\u00e7\u00e3o profissional e s\u00e3o inseridos em empresas privadas. Eles recebem todo o material did\u00e1tico utilizado nas capacita\u00e7\u00f5es, al\u00e9m <\/p>\n","protected":false},"author":1,"featured_media":0,"parent":0,"menu_order":0,"comment_status":"closed","ping_status":"closed","template":"","meta":{"footnotes":""},"class_list":["post-708","page","type-page","status-publish","hentry"],"aioseo_notices":[],"_links":{"self":[{"href":"https:\/\/www.encontrafortaleza.com\/sobre\/wp-json\/wp\/v2\/pages\/708"}],"collection":[{"href":"https:\/\/www.encontrafortaleza.com\/sobre\/wp-json\/wp\/v2\/pages"}],"about":[{"href":"https:\/\/www.encontrafortaleza.com\/sobre\/wp-json\/wp\/v2\/types\/page"}],"author":[{"embeddable":true,"href":"https:\/\/www.encontrafortaleza.com\/sobre\/wp-json\/wp\/v2\/users\/1"}],"replies":[{"embeddable":true,"href":"https:\/\/www.encontrafortaleza.com\/sobre\/wp-json\/wp\/v2\/comments?post=708"}],"version-history":[{"count":0,"href":"https:\/\/www.encontrafortaleza.com\/sobre\/wp-json\/wp\/v2\/pages\/708\/revisions"}],"wp:attachment":[{"href":"https:\/\/www.encontrafortaleza.com\/sobre\/wp-json\/wp\/v2\/media?parent=708"}],"curies":[{"name":"wp","href":"https:\/\/api.w.org\/{rel}","templated":true}]}}