{"id":720,"date":"2018-10-08T09:24:50","date_gmt":"2018-10-08T12:24:50","guid":{"rendered":"http:\/\/www.encontrafortaleza.com\/sobre\/?page_id=720"},"modified":"2019-06-01T16:14:35","modified_gmt":"2019-06-01T19:14:35","slug":"habitafor-fortaleza","status":"publish","type":"page","link":"https:\/\/www.encontrafortaleza.com\/sobre\/habitafor-fortaleza\/","title":{"rendered":"Habitafor Fortaleza"},"content":{"rendered":"<div class=\"2ad529334b11458fd7d9bde3e187e581\" data-index=\"1\" style=\"float: left; margin: 5px 5px 5px 0;\">\n<!-- EBR \/Novo-Bairro-Topo\/ 300x250 -->\r\n<ins class=\"adsbygoogle\"\r\n     style=\"display:inline-block;width:300px;height:250px\"\r\n     data-ad-client=\"ca-pub-6414922941841817\"\r\n     data-ad-slot=\"5351822287\"><\/ins>\r\n<script>\r\n(adsbygoogle = window.adsbygoogle || []).push({});\r\n<\/script>\n<\/div>\n<p>A <strong>Habitafor Fortaleza &#8211; <\/strong>Secretaria Municipal do Desenvolvimento Habitacional &#8211;\u00a0tem como objetivo gerir as pol\u00edticas de\u00a0habita\u00e7\u00e3o de Fortaleza.<\/p>\n<p>O \u00f3rg\u00e3o\u00a0trabalha em quatro eixos da habita\u00e7\u00e3o de interesse social: Programa Minha Casa, Minha Vida, regulariza\u00e7\u00e3o fundi\u00e1ria (Papel da Casa), loca\u00e7\u00e3o social (Aluguel Social) e melhorias habitacionais<\/p>\n<p><img loading=\"lazy\" decoding=\"async\" class=\"alignnone wp-image-721 size-full\" title=\"Habitafor Fortaleza\" src=\"http:\/\/www.encontrafortaleza.com\/sobre\/wp-content\/uploads\/2018\/10\/habitafor-fortaleza.gif\" alt=\"Habitafor Fortaleza\" width=\"680\" height=\"189\" \/><\/p>\n<h2>Habitafor Fortaleza Programas<\/h2>\n<p>O Habitafor oferece os seguintes programas:<\/p>\n<ul>\n<li><strong>Loca\u00e7\u00e3o Social:<\/strong> O Programa Loca\u00e7\u00e3o Social (PSL) consiste na garantia de um aux\u00edlio financeiro mensal \u2013 aluguel social \u2013 \u00e0s fam\u00edlias que se enquadrem em situa\u00e7\u00f5es previstas na Lei Municipal 10.328 \/2015 e n\u00e3o disponham de meios materiais para adquirir ou alugar moradia.<\/li>\n<li><strong>Minha Casa Minha Vida:<\/strong> O Programa Minha Casa, Minha Vida (MCMV) foi lan\u00e7ado em 7 de julho 2009, por meio da Lei Federal n\u00ba 11.977. Objetiva promover habita\u00e7\u00e3o de interesse social para fam\u00edlias de baixa renda, em situa\u00e7\u00e3o de coabita\u00e7\u00e3o, vulnerabilidade social e com \u00e1rea de risco ou viol\u00eancia. O Programa \u00e9 implementado pelo Governo Federal e realizado em parceria com a Caixa Econ\u00f4mica Federal ou Banco do Brasil, Governo do Estado e Prefeitura.<\/li>\n<li><strong>Melhoria Habitacional:<\/strong> O Programa Melhorias Habitacionais tem por objetivo proporcionar condi\u00e7\u00f5es m\u00ednimas de habitabilidade por meio da constru\u00e7\u00e3o e reparos de banheiros e outras estruturas b\u00e1sicas do lar, al\u00e9m de promover o acesso e ampliar a rede de saneamento b\u00e1sico em \u00e1reas de risco, carentes e\/ou ocupa\u00e7\u00f5es consolidadas no munic\u00edpio de Fortaleza. As \u00e1reas assistidas pelo programa de Melhorias Habitacionais apresentam defici\u00eancias de infraestrutura e precariedade nas condi\u00e7\u00f5es de habitabilidade, com grande quantidade de fam\u00edlias residindo em \u00e1reas de risco.<\/li>\n<li><strong>Regulariza\u00e7\u00e3o Fundi\u00e1ria:<\/strong> A Regulariza\u00e7\u00e3o Fundi\u00e1ria promove a seguran\u00e7a patrimonial por meio da entrega do Termo de Concess\u00e3o de Direito Real de Uso (CDRU), conhecido como papel da casa. Trata-se de um dos eixos da Pol\u00edtica de Habita\u00e7\u00e3o de Interesse Social, determinada pela Lei Federal 6.444. A Secretaria Municipal do Desenvolvimento Habitacional de Fortaleza (HABITAFOR) trabalha para garantir a escritura definitiva das moradias \u00e0s fam\u00edlias que residem em habitacionais constru\u00eddos pela Prefeitura ou, ainda, que tenham sido erguidos em regime de mutir\u00e3o.<\/li>\n<\/ul>\n<h3>Hor\u00e1rio de Funcionamento Habitafor em Fortaleza<\/h3>\n<ul>\n<li>Segunda a Sexta: das 08h \u00e0s 17h<\/li>\n<\/ul>\n<h3>Endere\u00e7o e Telefone Habitafor em Fortaleza<\/h3>\n<ul>\n<li>R. Paula Rodrigues, 304 &#8211; F\u00e1tima &#8211; Fortaleza &#8211; CE<\/li>\n<li>Telefone: (85) 3488-3374<\/li>\n<\/ul>\n<h4>Outras informa\u00e7\u00f5es e site<\/h4>\n<ul>\n<li>Mais informa\u00e7\u00f5es:\u00a0<a href=\"https:\/\/www.fortaleza.ce.gov.br\/institucional\/a-secretaria-337\" target=\"_blank\" rel=\"noopener noreferrer\">www.fortaleza.ce.gov.br<\/a><\/li>\n<\/ul>\n<h4>Mapa de localiza\u00e7\u00e3o<\/h4>\n<a class=\"wp-colorbox-iframe\" href=\"https:\/\/www.google.com\/maps\/embed?pb=!1m18!1m12!1m3!1d3981.255003770484!2d-38.53028128524085!3d-3.754566297268468!2m3!1f0!2f0!3f0!3m2!1i1024!2i768!4f13.1!3m3!1m2!1s0x7c74920b4b60abd0xb794b08f2b283a30!2sR.+Paula+Rodrigues+304+-+Fatima+Fortaleza+-+CE+60411-220!5e0!3m2!1spt-BR!2sbr!4v1539001310537\"><img decoding=\"async\" src=\"http:\/\/www.encontracampinas.com.br\/imgs\/maps-post.png\"><\/a>\n\n<div style=\"font-size: 0px; height: 0px; line-height: 0px; margin: 0; padding: 0; clear: both;\"><\/div>","protected":false},"excerpt":{"rendered":"<p>A Habitafor Fortaleza &#8211; Secretaria Municipal do Desenvolvimento Habitacional &#8211;\u00a0tem como objetivo gerir as pol\u00edticas de\u00a0habita\u00e7\u00e3o de Fortaleza. O \u00f3rg\u00e3o\u00a0trabalha em quatro eixos da habita\u00e7\u00e3o de interesse social: Programa Minha Casa, Minha Vida, regulariza\u00e7\u00e3o fundi\u00e1ria (Papel da Casa), loca\u00e7\u00e3o social (Aluguel Social) e melhorias habitacionais Habitafor Fortaleza Programas O Habitafor oferece os seguintes programas: Loca\u00e7\u00e3o Social: O Programa Loca\u00e7\u00e3o Social (PSL) consiste na garantia de um aux\u00edlio financeiro mensal \u2013 aluguel social \u2013 \u00e0s fam\u00edlias que se enquadrem em situa\u00e7\u00f5es previstas na Lei Municipal 10.328 \/2015 e n\u00e3o disponham de meios materiais para adquirir ou alugar moradia. Minha Casa Minha <\/p>\n","protected":false},"author":1,"featured_media":0,"parent":0,"menu_order":0,"comment_status":"closed","ping_status":"closed","template":"","meta":{"footnotes":""},"class_list":["post-720","page","type-page","status-publish","hentry"],"aioseo_notices":[],"_links":{"self":[{"href":"https:\/\/www.encontrafortaleza.com\/sobre\/wp-json\/wp\/v2\/pages\/720"}],"collection":[{"href":"https:\/\/www.encontrafortaleza.com\/sobre\/wp-json\/wp\/v2\/pages"}],"about":[{"href":"https:\/\/www.encontrafortaleza.com\/sobre\/wp-json\/wp\/v2\/types\/page"}],"author":[{"embeddable":true,"href":"https:\/\/www.encontrafortaleza.com\/sobre\/wp-json\/wp\/v2\/users\/1"}],"replies":[{"embeddable":true,"href":"https:\/\/www.encontrafortaleza.com\/sobre\/wp-json\/wp\/v2\/comments?post=720"}],"version-history":[{"count":0,"href":"https:\/\/www.encontrafortaleza.com\/sobre\/wp-json\/wp\/v2\/pages\/720\/revisions"}],"wp:attachment":[{"href":"https:\/\/www.encontrafortaleza.com\/sobre\/wp-json\/wp\/v2\/media?parent=720"}],"curies":[{"name":"wp","href":"https:\/\/api.w.org\/{rel}","templated":true}]}}