{"id":723,"date":"2018-10-08T09:33:28","date_gmt":"2018-10-08T12:33:28","guid":{"rendered":"http:\/\/www.encontrafortaleza.com\/sobre\/?page_id=723"},"modified":"2019-06-04T12:38:28","modified_gmt":"2019-06-04T15:38:28","slug":"hospital-sao-jose-fortaleza","status":"publish","type":"page","link":"https:\/\/www.encontrafortaleza.com\/sobre\/hospital-sao-jose-fortaleza\/","title":{"rendered":"Hospital S\u00e3o Jos\u00e9 Fortaleza"},"content":{"rendered":"<div class=\"2ad529334b11458fd7d9bde3e187e581\" data-index=\"1\" style=\"float: left; margin: 5px 5px 5px 0;\">\n<!-- EBR \/Novo-Bairro-Topo\/ 300x250 -->\r\n<ins class=\"adsbygoogle\"\r\n     style=\"display:inline-block;width:300px;height:250px\"\r\n     data-ad-client=\"ca-pub-6414922941841817\"\r\n     data-ad-slot=\"5351822287\"><\/ins>\r\n<script>\r\n(adsbygoogle = window.adsbygoogle || []).push({});\r\n<\/script>\n<\/div>\n<p>O <strong>Hospital S\u00e3o Jos\u00e9 Fortaleza<\/strong>\u00a0\u00e9 um \u00f3rg\u00e3o com personalidade jur\u00eddica de Direito P\u00fablico, pertencente ao Estado, vinculado \u00e0 Secretaria da Sa\u00fade do Estado do Cear\u00e1. Seu corpo funcional \u00e9 composto de 700 servidores. A unidade tem \u00e1rea constru\u00edda de mais de 5mil m\u00b2 e uma capacidade de internamento em 120 leitos e 8 leitos de UTI.<\/p>\n<p>Com mais de 46 anos de hist\u00f3ria, o Hospital S\u00e3o Jos\u00e9 funciona como refer\u00eancia em doen\u00e7as infecciosas no Estado do Cear\u00e1, integrante da rede SUS &#8211; Sistema \u00danico de Sa\u00fade.<\/p>\n<p><img loading=\"lazy\" decoding=\"async\" class=\"alignnone wp-image-724 size-full\" title=\"Hospital S\u00e3o Jos\u00e9 Fortaleza\" src=\"http:\/\/www.encontrafortaleza.com\/sobre\/wp-content\/uploads\/2018\/10\/hospital-sao-jose-fortaleza.gif\" alt=\"Hospital S\u00e3o Jos\u00e9 Fortaleza\" width=\"680\" height=\"189\" \/><\/p>\n<p>O HSJ nasceu da necessidade de construir uma unidade que agregasse as doen\u00e7as transmiss\u00edveis, da\u00ed hospital de isolamento. Assim se passaram os primeiros 10 anos de sua hist\u00f3ria, internando pacientes portadores de doen\u00e7as muito comuns na \u00e9poca (coqueluche, sarampo, difteria, t\u00e9tano neonatal, hepatites), mas que come\u00e7aram a diminuir com o advento das vacinas.<\/p>\n<p>No inicio dos anos 80 veio a aids e com ela o preconceito. O HSJ soube bem acolher esse p\u00fablico e por muitos anos foi se consolidando como a \u00fanica unidade de sa\u00fade a atender pacientes soropositivos para o HIV aqui no Cear\u00e1. A pol\u00edtica de humaniza\u00e7\u00e3o implantada, o desenvolvimento tecnol\u00f3gico e o preparo dos profissionais tornaram o HSJ mais acolhedor e uma unidade de excelente padr\u00e3o, de reconhecimento nacional.<\/p>\n<h2>Hospital S\u00e3o Jos\u00e9 Fortaleza Especialidades<\/h2>\n<p>O Hospital oferece as seguintes <em>especialidades:<\/em><\/p>\n<ul>\n<li>Anestesista<\/li>\n<li>Cardiologista<\/li>\n<li>Cirurgia Bucomaxilo Facial<\/li>\n<li>Cirurgia Cardiovascular<\/li>\n<li>Cirurgia Card\u00edaca Pedi\u00e1trica<\/li>\n<li>Cirurgia Geral<\/li>\n<li>Cirurgia Pediatrica<\/li>\n<li>Cirurgia Pl\u00e1stica<\/li>\n<li>Cirurgia Tor\u00e1cica<\/li>\n<li>Cirurgia Vascular<\/li>\n<li>Cirurgia da Coluna<\/li>\n<li>Cirurgia do Aparelho Digestivo<\/li>\n<li>Cirurgia do Ombro e Cotovelo<\/li>\n<li>Cirurgia Cabe\u00e7a e Pesco\u00e7o<\/li>\n<li>Clinico Geral<\/li>\n<li>Endoscopista<\/li>\n<li>Fonoaudi\u00f3loga<\/li>\n<li>Gastroenterologista<\/li>\n<li>Geriatria<\/li>\n<li>Ginecologista Obstetra<\/li>\n<li>Infectologista<\/li>\n<li>Nefrologista<\/li>\n<li>Neurocirurgi\u00e3o<\/li>\n<li>Neurologista<\/li>\n<li>Oftalmologista<\/li>\n<li>Oncologista<\/li>\n<li>Ortopedista<\/li>\n<li>Otorrinolaringologista<\/li>\n<li>Pediatra<\/li>\n<li>Pneumologista<\/li>\n<li>Psiquiatra<\/li>\n<li>Radiologista<\/li>\n<li>USG<\/li>\n<li>Urologista<\/li>\n<li>Vascular<\/li>\n<\/ul>\n<h3>Vagas Hospital S\u00e3o Jos\u00e9 Fortaleza &#8211; Trabalhe Conosco<\/h3>\n<p>O Hospital S\u00e3o Jos\u00e9 Fortaleza disponibiliza <em>vagas de trabalho<\/em> durante todo ano. Para se informar sobre os processos seletivos e se candidatar as vagas acompanhe o site da empresa, onde \u00e9 poss\u00edvel se informar sobre vagas abertas, sal\u00e1rios e compet\u00eancias necess\u00e1rias para se candidatar ao processo.<\/p>\n<h3>Hor\u00e1rio de Funcionamento Hospital S\u00e3o Jos\u00e9 em Fortaleza<\/h3>\n<ul>\n<li>24 horas<\/li>\n<\/ul>\n<h3>Endere\u00e7o e Telefone Hospital S\u00e3o Jos\u00e9 em Fortaleza<\/h3>\n<ul>\n<li>R. Nestor Barbosa, 315 &#8211; Amadeu Furtado &#8211; Fortaleza &#8211; CE<\/li>\n<li>Telefone: (85) 3101-2322<\/li>\n<\/ul>\n<h4>Outras informa\u00e7\u00f5es e site<\/h4>\n<ul>\n<li>Mais informa\u00e7\u00f5es:\u00a0<a href=\"http:\/\/www.hsj.ce.gov.br\/#\" target=\"_blank\" rel=\"noopener noreferrer\">www.hsj.ce.gov.br<\/a><\/li>\n<\/ul>\n<h4>Mapa de localiza\u00e7\u00e3o<\/h4>\n<a class=\"wp-colorbox-iframe\" href=\"https:\/\/www.google.com\/maps\/embed?pb=!1m14!1m8!1m3!1d15925.198918252718!2d-38.5582273!3d-3.744745!3m2!1i1024!2i768!4f13.1!3m3!1m2!1s0x00xa435bc204e18a85f!2sHospital+So+Jos+de+Doenas+Infectocontagiosas!5e0!3m2!1spt-BR!2sbr!4v1539001897747\"><img decoding=\"async\" src=\"http:\/\/www.encontracampinas.com.br\/imgs\/maps-post.png\"><\/a>\n\n<div style=\"font-size: 0px; height: 0px; line-height: 0px; margin: 0; padding: 0; clear: both;\"><\/div>","protected":false},"excerpt":{"rendered":"<p>O Hospital S\u00e3o Jos\u00e9 Fortaleza\u00a0\u00e9 um \u00f3rg\u00e3o com personalidade jur\u00eddica de Direito P\u00fablico, pertencente ao Estado, vinculado \u00e0 Secretaria da Sa\u00fade do Estado do Cear\u00e1. Seu corpo funcional \u00e9 composto de 700 servidores. A unidade tem \u00e1rea constru\u00edda de mais de 5mil m\u00b2 e uma capacidade de internamento em 120 leitos e 8 leitos de UTI. Com mais de 46 anos de hist\u00f3ria, o Hospital S\u00e3o Jos\u00e9 funciona como refer\u00eancia em doen\u00e7as infecciosas no Estado do Cear\u00e1, integrante da rede SUS &#8211; Sistema \u00danico de Sa\u00fade. O HSJ nasceu da necessidade de construir uma unidade que agregasse as doen\u00e7as transmiss\u00edveis, <\/p>\n","protected":false},"author":1,"featured_media":0,"parent":0,"menu_order":0,"comment_status":"closed","ping_status":"closed","template":"","meta":{"footnotes":""},"class_list":["post-723","page","type-page","status-publish","hentry"],"aioseo_notices":[],"_links":{"self":[{"href":"https:\/\/www.encontrafortaleza.com\/sobre\/wp-json\/wp\/v2\/pages\/723"}],"collection":[{"href":"https:\/\/www.encontrafortaleza.com\/sobre\/wp-json\/wp\/v2\/pages"}],"about":[{"href":"https:\/\/www.encontrafortaleza.com\/sobre\/wp-json\/wp\/v2\/types\/page"}],"author":[{"embeddable":true,"href":"https:\/\/www.encontrafortaleza.com\/sobre\/wp-json\/wp\/v2\/users\/1"}],"replies":[{"embeddable":true,"href":"https:\/\/www.encontrafortaleza.com\/sobre\/wp-json\/wp\/v2\/comments?post=723"}],"version-history":[{"count":0,"href":"https:\/\/www.encontrafortaleza.com\/sobre\/wp-json\/wp\/v2\/pages\/723\/revisions"}],"wp:attachment":[{"href":"https:\/\/www.encontrafortaleza.com\/sobre\/wp-json\/wp\/v2\/media?parent=723"}],"curies":[{"name":"wp","href":"https:\/\/api.w.org\/{rel}","templated":true}]}}