{"id":753,"date":"2018-12-05T05:33:24","date_gmt":"2018-12-05T07:33:24","guid":{"rendered":"http:\/\/www.encontrafortaleza.com\/sobre\/?page_id=753"},"modified":"2018-12-05T05:33:24","modified_gmt":"2018-12-05T07:33:24","slug":"sme-fortaleza","status":"publish","type":"page","link":"https:\/\/www.encontrafortaleza.com\/sobre\/sme-fortaleza\/","title":{"rendered":"SME Fortaleza"},"content":{"rendered":"<div class=\"2ad529334b11458fd7d9bde3e187e581\" data-index=\"1\" style=\"float: left; margin: 5px 5px 5px 0;\">\n<!-- EBR \/Novo-Bairro-Topo\/ 300x250 -->\r\n<ins class=\"adsbygoogle\"\r\n     style=\"display:inline-block;width:300px;height:250px\"\r\n     data-ad-client=\"ca-pub-6414922941841817\"\r\n     data-ad-slot=\"5351822287\"><\/ins>\r\n<script>\r\n(adsbygoogle = window.adsbygoogle || []).push({});\r\n<\/script>\n<\/div>\n<p>A<strong> SME Fortaleza<\/strong> &#8211; Secretaria Municipal da Educa\u00e7\u00e3o &#8211; administra o Sistema Municipal de Educa\u00e7\u00e3o, coordenando a Pol\u00edtica Municipal de Educa\u00e7\u00e3o, mediante a formula\u00e7\u00e3o de pol\u00edticas p\u00fablicas e diretrizes gerais, visando \u00e0 otimiza\u00e7\u00e3o e \u00e0 garantia de padr\u00f5es de qualidade do modelo educacional e ao consequente aumento dos \u00edndices de escolaridade.<\/p>\n<p><img loading=\"lazy\" decoding=\"async\" class=\"alignnone wp-image-754 size-full\" title=\"SME Fortaleza\" src=\"http:\/\/www.encontrafortaleza.com\/sobre\/wp-content\/uploads\/2018\/12\/sme-curitiba.gif\" alt=\"SME Fortaleza\" width=\"680\" height=\"189\" \/><\/p>\n<h2>SME Fortaleza Convoca\u00e7\u00e3o de Professores<\/h2>\n<p>Fique atento ao site da Secretaria da Educa\u00e7\u00e3o e veja a lista de convoca\u00e7\u00e3o de professores para o ano corrente.<\/p>\n<h3>SME Fortaleza Intranet<\/h3>\n<p>O acesso ao site da SME se d\u00e1 por meio da intranet. Cadastre-se no site e escolha um login e senha e tenha acesso a todos os seus dados laborais.<\/p>\n<h3>Secretaria Municipal da Educa\u00e7\u00e3o Fortaleza Contracheque<\/h3>\n<p>Para os funcion\u00e1rios da SME \u00e9 poss\u00edvel imprimir o contracheque pelo site da Portal do Servidor.\u00a0 Acesse o Portal do Servidor, fa\u00e7a seu login e senha e visualize seu documento.<\/p>\n<h3>SME Fortaleza Concursos<\/h3>\n<p>A Secretaria Municipal da Educa\u00e7\u00e3o contrata funcion\u00e1rios atrav\u00e9s de concurso p\u00fablico. Para n\u00e3o perder essa oportunidade fique atento ao site da SME abaixo e ao di\u00e1rio oficial da regi\u00e3o e fique atento ao edital e \u00e0s datas de inscri\u00e7\u00e3o e provas.<em><br \/>\n<\/em><\/p>\n<h3>SME Fortaleza Portal do Servidor<\/h3>\n<p>No site da SME voc\u00ea tem acesso ao portal do servidor, onde voc\u00ea tem acesso a todas as informa\u00e7\u00f5es da sua carreira. S\u00e3o\u00a0declara\u00e7\u00f5es, processos, contracheque, comprovantes de rendimentos, di\u00e1rio oficial, consigna\u00e7\u00f5es, eventos, agendamento de per\u00edcia m\u00e9dica, extrato de despesas de sa\u00fade, abonos, licen\u00e7as, afastamentos, aposentadorias, averba\u00e7\u00f5es, vale transporte, suplementa\u00e7\u00e3o de carga hor\u00e1ria.<\/p>\n<h3>Hor\u00e1rio de Funcionamento Secretaria Municipal da Educa\u00e7\u00e3o em Fortaleza<\/h3>\n<ul>\n<li>Segunda a Sexta: das 08h \u00e0s 17h<\/li>\n<\/ul>\n<h3>Endere\u00e7o e Telefone Secretaria Municipal da Educa\u00e7\u00e3o em Fortaleza<\/h3>\n<ul>\n<li>Av. Desembargador Moreira, 2875 &#8211; Dion\u00edsio Torres &#8211;\u00a0Fortaleza &#8211; CE<\/li>\n<li>Telefone: (85) 3459-6700<\/li>\n<\/ul>\n<h4>Outras informa\u00e7\u00f5es e site<\/h4>\n<ul>\n<li>Mais informa\u00e7\u00f5es:\u00a0<a href=\"http:\/\/intranet.sme.fortaleza.ce.gov.br\" target=\"_blank\" rel=\"noopener noreferrer\">www.intranet.sme.fortaleza.ce.gov.br<\/a><\/li>\n<li>E-mail: ouvidoria.sme.fortaleza.ce.gov.br<\/li>\n<\/ul>\n<h4>Mapa de localiza\u00e7\u00e3o<\/h4>\n<a class=\"wp-colorbox-iframe\" href=\"https:\/\/www.google.com\/maps\/embed?pb=!1m14!1m8!1m3!1d15925.071442522853!2d-38.5031019!3d-3.7517457!3m2!1i1024!2i768!4f13.1!3m3!1m2!1s0x00xd65a5aec382ee19!2sSecretaria+Municipal+da+Educao!5e0!3m2!1spt-BR!2sbr!4v1543994912389\"><img decoding=\"async\" src=\"http:\/\/www.encontracampinas.com.br\/imgs\/maps-post.png\"><\/a>\n\n<div style=\"font-size: 0px; height: 0px; line-height: 0px; margin: 0; padding: 0; clear: both;\"><\/div>","protected":false},"excerpt":{"rendered":"<p>A SME Fortaleza &#8211; Secretaria Municipal da Educa\u00e7\u00e3o &#8211; administra o Sistema Municipal de Educa\u00e7\u00e3o, coordenando a Pol\u00edtica Municipal de Educa\u00e7\u00e3o, mediante a formula\u00e7\u00e3o de pol\u00edticas p\u00fablicas e diretrizes gerais, visando \u00e0 otimiza\u00e7\u00e3o e \u00e0 garantia de padr\u00f5es de qualidade do modelo educacional e ao consequente aumento dos \u00edndices de escolaridade. SME Fortaleza Convoca\u00e7\u00e3o de Professores Fique atento ao site da Secretaria da Educa\u00e7\u00e3o e veja a lista de convoca\u00e7\u00e3o de professores para o ano corrente. SME Fortaleza Intranet O acesso ao site da SME se d\u00e1 por meio da intranet. Cadastre-se no site e escolha um login e senha <\/p>\n","protected":false},"author":1,"featured_media":0,"parent":0,"menu_order":0,"comment_status":"closed","ping_status":"closed","template":"","meta":{"footnotes":""},"class_list":["post-753","page","type-page","status-publish","hentry"],"aioseo_notices":[],"_links":{"self":[{"href":"https:\/\/www.encontrafortaleza.com\/sobre\/wp-json\/wp\/v2\/pages\/753"}],"collection":[{"href":"https:\/\/www.encontrafortaleza.com\/sobre\/wp-json\/wp\/v2\/pages"}],"about":[{"href":"https:\/\/www.encontrafortaleza.com\/sobre\/wp-json\/wp\/v2\/types\/page"}],"author":[{"embeddable":true,"href":"https:\/\/www.encontrafortaleza.com\/sobre\/wp-json\/wp\/v2\/users\/1"}],"replies":[{"embeddable":true,"href":"https:\/\/www.encontrafortaleza.com\/sobre\/wp-json\/wp\/v2\/comments?post=753"}],"version-history":[{"count":0,"href":"https:\/\/www.encontrafortaleza.com\/sobre\/wp-json\/wp\/v2\/pages\/753\/revisions"}],"wp:attachment":[{"href":"https:\/\/www.encontrafortaleza.com\/sobre\/wp-json\/wp\/v2\/media?parent=753"}],"curies":[{"name":"wp","href":"https:\/\/api.w.org\/{rel}","templated":true}]}}