{"id":756,"date":"2018-12-05T05:55:10","date_gmt":"2018-12-05T07:55:10","guid":{"rendered":"http:\/\/www.encontrafortaleza.com\/sobre\/?page_id=756"},"modified":"2018-12-05T05:55:10","modified_gmt":"2018-12-05T07:55:10","slug":"sefin-fortaleza","status":"publish","type":"page","link":"https:\/\/www.encontrafortaleza.com\/sobre\/sefin-fortaleza\/","title":{"rendered":"Sefin Fortaleza"},"content":{"rendered":"<div class=\"2ad529334b11458fd7d9bde3e187e581\" data-index=\"1\" style=\"float: left; margin: 5px 5px 5px 0;\">\n<!-- EBR \/Novo-Bairro-Topo\/ 300x250 -->\r\n<ins class=\"adsbygoogle\"\r\n     style=\"display:inline-block;width:300px;height:250px\"\r\n     data-ad-client=\"ca-pub-6414922941841817\"\r\n     data-ad-slot=\"5351822287\"><\/ins>\r\n<script>\r\n(adsbygoogle = window.adsbygoogle || []).push({});\r\n<\/script>\n<\/div>\n<p>A <strong>Sefin Fortaleza<\/strong> -Secretaria Municipal das Finan\u00e7as &#8211; \u00e9 \u00f3rg\u00e3o integrante da administra\u00e7\u00e3o direta do Munic\u00edpio de Fortaleza. Faz a capta\u00e7\u00e3o e gest\u00e3o eficientes dos recursos financeiros com responsabilidade fiscal.<\/p>\n<p>Tem a miss\u00e3o de\u00a0captar receita p\u00fablica com justi\u00e7a fiscal e gerir os recursos financeiros, com efici\u00eancia, para o desenvolvimento sustent\u00e1vel do Munic\u00edpio de Fortaleza e, tem a pretens\u00e3o de at\u00e9 2021, ser refer\u00eancia nacional na gest\u00e3o das finan\u00e7as p\u00fablicas municipais, com resultados criadores de valor p\u00fablico.<\/p>\n<p><img loading=\"lazy\" decoding=\"async\" class=\"alignnone wp-image-757 size-full\" title=\"Sefin Fortaleza\" src=\"http:\/\/www.encontrafortaleza.com\/sobre\/wp-content\/uploads\/2018\/12\/sefin-curitiba.gif\" alt=\"Sefin Fortaleza\" width=\"680\" height=\"189\" \/><\/p>\n<h2>Sefin Fortaleza IPTU<\/h2>\n<p>Acesse informa\u00e7\u00f5es e servi\u00e7os sobre o Imposto sobre a Propriedade Predial e Territorial Urbana (<em>IPTU<\/em>), tributo lan\u00e7ado anualmente pelo Munic\u00edpio em 1\u00ba de janeiro.<\/p>\n<h3>Sefin Fortaleza ITBI<\/h3>\n<p>O <em>ITBI<\/em>\u00a0\u00e9 a sigla para Imposto de Transmiss\u00e3o de Bens Im\u00f3veis. \u00c9 um tributo municipal que deve ser pago na aquisi\u00e7\u00e3o do im\u00f3vel e a oficializa\u00e7\u00e3o do processo de compra e venda s\u00f3 ser\u00e1 feita ap\u00f3s o seu acerto.\u00a0Consulte as informa\u00e7\u00f5es do Imposto sobre a Transmiss\u00e3o de Bens e Im\u00f3veis, emita boletos, solicite avalia\u00e7\u00e3o e acesse outros dados e servi\u00e7os relativos ao tributo.<\/p>\n<h3>Sefin Fortaleza Cpom<\/h3>\n<p>O Cadastro de Prestadores Servi\u00e7os de Outros Munic\u00edpios (<em>CPOM<\/em>) \u00e9 uma obriga\u00e7\u00e3o acess\u00f3ria institu\u00edda pelo artigo 144 da Lei Complementar n\u00b0 159\/2013, destinada ao cadastramento de prestadores de servi\u00e7os estabelecidos em outros munic\u00edpios que prestem servi\u00e7os para tomadores estabelecidos no Munic\u00edpio de Fortaleza, para fins de comprovarem que de fato est\u00e3o estabelecidos em outro munic\u00edpio. \u00c9 obrigat\u00f3rio para os prestadores de servi\u00e7os estabelecidos ou domiciliados em outro munic\u00edpio ou no Distrito Federal que emitirem nota fiscal de servi\u00e7o, ou outro documento fiscal equivalente, para tomador de servi\u00e7os do Munic\u00edpio de Fortaleza.<\/p>\n<h3>Sefin Fortaleza Concurso<\/h3>\n<p>O Sefin contrata funcion\u00e1rios por meio de concurso p\u00fablico, fique atento ao site e ao di\u00e1rio oficial da regi\u00e3o e n\u00e3o perca as datas de inscri\u00e7\u00e3o e provas.<\/p>\n<h3>Hor\u00e1rio de Funcionamento Sefin em Fortaleza<\/h3>\n<ul>\n<li>Segunda a Sexta: das 08h \u00e0s 16h30<\/li>\n<\/ul>\n<h3>Endere\u00e7o e Telefone Sefin em Fortaleza<\/h3>\n<ul>\n<li>Rua General Bezerril, 730 &#8211; Centro &#8211; Fortaleza &#8211; CE<\/li>\n<li>Telefone:\u00a0 (85) 3105-1217<\/li>\n<\/ul>\n<h4>Outras informa\u00e7\u00f5es e site<\/h4>\n<ul>\n<li>Mais informa\u00e7\u00f5es:\u00a0<a href=\"https:\/\/www.sefin.fortaleza.ce.gov.br\" target=\"_blank\" rel=\"noopener noreferrer\">www.sefin.fortaleza.ce.gov.br<\/a><\/li>\n<\/ul>\n<h4>Mapa de localiza\u00e7\u00e3o<\/h4>\n<a class=\"wp-colorbox-iframe\" href=\"https:\/\/www.google.com\/maps\/embed?pb=!1m14!1m8!1m3!1d15925.469766964437!2d-38.5266333!3d-3.729827!3m2!1i1024!2i768!4f13.1!3m3!1m2!1s0x00xbb6b9c77e401219d!2sSEFIN+II+-+Secretaria+Municipal+das+Finanas+de+Fortaleza!5e0!3m2!1spt-BR!2sbr!4v1543996340774\"><img decoding=\"async\" src=\"http:\/\/www.encontracampinas.com.br\/imgs\/maps-post.png\"><\/a>\n\n<div style=\"font-size: 0px; height: 0px; line-height: 0px; margin: 0; padding: 0; clear: both;\"><\/div>","protected":false},"excerpt":{"rendered":"<p>A Sefin Fortaleza -Secretaria Municipal das Finan\u00e7as &#8211; \u00e9 \u00f3rg\u00e3o integrante da administra\u00e7\u00e3o direta do Munic\u00edpio de Fortaleza. Faz a capta\u00e7\u00e3o e gest\u00e3o eficientes dos recursos financeiros com responsabilidade fiscal. Tem a miss\u00e3o de\u00a0captar receita p\u00fablica com justi\u00e7a fiscal e gerir os recursos financeiros, com efici\u00eancia, para o desenvolvimento sustent\u00e1vel do Munic\u00edpio de Fortaleza e, tem a pretens\u00e3o de at\u00e9 2021, ser refer\u00eancia nacional na gest\u00e3o das finan\u00e7as p\u00fablicas municipais, com resultados criadores de valor p\u00fablico. Sefin Fortaleza IPTU Acesse informa\u00e7\u00f5es e servi\u00e7os sobre o Imposto sobre a Propriedade Predial e Territorial Urbana (IPTU), tributo lan\u00e7ado anualmente pelo Munic\u00edpio em <\/p>\n","protected":false},"author":1,"featured_media":0,"parent":0,"menu_order":0,"comment_status":"closed","ping_status":"closed","template":"","meta":{"footnotes":""},"class_list":["post-756","page","type-page","status-publish","hentry"],"aioseo_notices":[],"_links":{"self":[{"href":"https:\/\/www.encontrafortaleza.com\/sobre\/wp-json\/wp\/v2\/pages\/756"}],"collection":[{"href":"https:\/\/www.encontrafortaleza.com\/sobre\/wp-json\/wp\/v2\/pages"}],"about":[{"href":"https:\/\/www.encontrafortaleza.com\/sobre\/wp-json\/wp\/v2\/types\/page"}],"author":[{"embeddable":true,"href":"https:\/\/www.encontrafortaleza.com\/sobre\/wp-json\/wp\/v2\/users\/1"}],"replies":[{"embeddable":true,"href":"https:\/\/www.encontrafortaleza.com\/sobre\/wp-json\/wp\/v2\/comments?post=756"}],"version-history":[{"count":0,"href":"https:\/\/www.encontrafortaleza.com\/sobre\/wp-json\/wp\/v2\/pages\/756\/revisions"}],"wp:attachment":[{"href":"https:\/\/www.encontrafortaleza.com\/sobre\/wp-json\/wp\/v2\/media?parent=756"}],"curies":[{"name":"wp","href":"https:\/\/api.w.org\/{rel}","templated":true}]}}