{"id":771,"date":"2018-12-05T21:23:16","date_gmt":"2018-12-05T23:23:16","guid":{"rendered":"http:\/\/www.encontrafortaleza.com\/sobre\/?page_id=771"},"modified":"2018-12-05T21:23:16","modified_gmt":"2018-12-05T23:23:16","slug":"amc-fortaleza","status":"publish","type":"page","link":"https:\/\/www.encontrafortaleza.com\/sobre\/amc-fortaleza\/","title":{"rendered":"AMC Fortaleza"},"content":{"rendered":"<div class=\"2ad529334b11458fd7d9bde3e187e581\" data-index=\"1\" style=\"float: left; margin: 5px 5px 5px 0;\">\n<!-- EBR \/Novo-Bairro-Topo\/ 300x250 -->\r\n<ins class=\"adsbygoogle\"\r\n     style=\"display:inline-block;width:300px;height:250px\"\r\n     data-ad-client=\"ca-pub-6414922941841817\"\r\n     data-ad-slot=\"5351822287\"><\/ins>\r\n<script>\r\n(adsbygoogle = window.adsbygoogle || []).push({});\r\n<\/script>\n<\/div>\n<p>A <strong>AMC Curitiba<\/strong> &#8211; Autarquia Municipal de Tr\u00e2nsito e Cidadania &#8211; \u00e9 respons\u00e1vel pelo disciplinamento do tr\u00e1fego em Fortaleza.<\/p>\n<p>Compete ao \u00f3rg\u00e3o operar, fiscalizar e gerenciar o tr\u00e2nsito, al\u00e9m de desenvolver projetos educativos que busquem uma consci\u00eancia mais humanizada nas vias urbanas, bem como planejar a\u00e7\u00f5es de engenharia e coordenar a rede integrada de sem\u00e1foros. O papel da Autarquia prioriza a seguran\u00e7a dos cidad\u00e3os, elaborando programas que repercutem diretamente na redu\u00e7\u00e3o de acidentes.<\/p>\n<p><img loading=\"lazy\" decoding=\"async\" class=\"alignnone wp-image-772 size-full\" title=\"AMC Fortaleza\" src=\"http:\/\/www.encontrafortaleza.com\/sobre\/wp-content\/uploads\/2018\/12\/amc-fortaleza.gif\" alt=\"AMC Fortaleza\" width=\"680\" height=\"189\" \/><\/p>\n<h2>AMC Fortaleza Multas<\/h2>\n<div class=\"sombra arrendondar-bordas tamanho_sombra cursor-click tamanho_botoes\">\n<div class=\"row\">\n<div class=\"col-sm-12\">\n<p class=\"text-justify\">Atrav\u00e9s deste servi\u00e7o, o propriet\u00e1rio do ve\u00edculo pode ter acesso a todas as informa\u00e7\u00f5es de <em>multas<\/em> de tr\u00e2nsito de infra\u00e7\u00f5es cometidas a partir de junho de 2018. Com o aux\u00edlio da ferramenta, ele tem a oportunidade de visualizar imagens quando a infra\u00e7\u00e3o tiver sido captada por radares, visualizar autos de infra\u00e7\u00e3o, Notifica\u00e7\u00e3o de Autua\u00e7\u00e3o, Notifica\u00e7\u00e3o de Penalidade e Boleto para pagamento, bem como antecipa\u00e7\u00e3o de penalidade. Voc\u00ea faz a consulta utilizando a placa do carro e o n\u00famero do Renavam.<\/p>\n<\/div>\n<\/div>\n<\/div>\n<h3>Autarquia Municipal de Tr\u00e2nsito e Cidadania Fortaleza Recorrer de multas<\/h3>\n<p>Voc\u00ea pode preencher o formul\u00e1rio para <em>recorrer de alguma multa <\/em>pelo site do AMC, clique em atendimento on line e siga os passos indicados no formul\u00e1rio.<\/p>\n<h3>AMC Fortaleza Zona Azul<\/h3>\n<p>Em Fortaleza existe a <em>zona azul<\/em> digital, para utiliz\u00e1-la basta baixar o aplicativo em seu celular, fazer o cadastro dos seus dados e do ve\u00edculo e fazer todo procedimento on Line. Evite multas, utilize a zona azul inteligente.<em><br \/>\n<\/em><\/p>\n<h3>Hor\u00e1rio de Funcionamento AMC em Fortaleza<\/h3>\n<ul>\n<li><strong>Benfica:<\/strong> Segunda a Sexta das 08h \u00e0s 17h30<\/li>\n<li><strong>Parque Iracema:<\/strong> Segunda a Sexta das 08h \u00e0s 17h<\/li>\n<li><strong>RioMar:<\/strong> Segunda a S\u00e1bado das 10h \u00e0s 22h<\/li>\n<li><strong>Vapt Vupt Messejana:<\/strong>\u00a0segunda a sexta das 8h \u00e0s 17h<\/li>\n<li><strong>Vapt Vupt Ant\u00f4nio Bezerra:<\/strong> segunda a sexta-feira das 8h \u00e0s 17h<\/li>\n<li><strong>Shopping Del Paseo:\u00a0<\/strong>segunda a sexta-feira das 10h \u00e0s 17h30<\/li>\n<\/ul>\n<h3>Onde Fica,\u00a0Endere\u00e7o e Telefone AMC em Fortaleza<\/h3>\n<ul>\n<li><strong>Benfica:<\/strong> Av. Carapinima, 2200 &#8211; Telefone: (85) 3025-0081<\/li>\n<li><strong>Parque Iracema:<\/strong> Av. Desembargador Gonzafa, 1630 &#8211; Telefone: (85) 3433-9700<\/li>\n<li><strong>RioMar:<\/strong> Rua Desembargador Lauro Nogueira, 1500 &#8211; Telefone: (85) 3433-9700<\/li>\n<li><strong>Vapt Vupt Messejana:<\/strong>\u00a0Av. Jornalista Tomaz coelho, 408 &#8211; Telefone: N\u00e3o informado<\/li>\n<li><strong>Vapt Vupt Ant\u00f4nio Bezerra:<\/strong>\u00a0Rua Dem\u00e9trio Menezes, 3750\u00a0&#8211; Telefone: N\u00e3o informado<\/li>\n<li><strong>Shopping Del Paseo:\u00a0<\/strong>Av. Santos Dumont, 3131\u00a0&#8211; Telefone: N\u00e3o informado<\/li>\n<\/ul>\n<h4>Outras informa\u00e7\u00f5es e site<\/h4>\n<ul>\n<li>Mais informa\u00e7\u00f5es:\u00a0<a href=\"http:\/\/centralamc.com.br\" target=\"_blank\" rel=\"noopener noreferrer\">www.centralamc.com.br<\/a><\/li>\n<li>CNPJ 03.844.450\/0001-59<\/li>\n<\/ul>\n<h4>Mapa de localiza\u00e7\u00e3o Benfica<\/h4>\n<a class=\"wp-colorbox-iframe\" href=\"https:\/\/www.google.com\/maps\/embed?pb=!1m18!1m12!1m3!1d3981.325925942237!2d-38.54235558524085!3d-3.738980597279736!2m3!1f0!2f0!3f0!3m2!1i1024!2i768!4f13.1!3m3!1m2!1s0x7c7490f025836410xb8b07b8c71fe1a05!2sAv.+Carapinima+2200+-+Benfica+Fortaleza+-+CE+60015-290!5e0!3m2!1spt-BR!2sbr!4v1544051997511\"><img decoding=\"async\" src=\"http:\/\/www.encontracampinas.com.br\/imgs\/maps-post.png\"><\/a>\n\n<div style=\"font-size: 0px; height: 0px; line-height: 0px; margin: 0; padding: 0; clear: both;\"><\/div>","protected":false},"excerpt":{"rendered":"<p>A AMC Curitiba &#8211; Autarquia Municipal de Tr\u00e2nsito e Cidadania &#8211; \u00e9 respons\u00e1vel pelo disciplinamento do tr\u00e1fego em Fortaleza. Compete ao \u00f3rg\u00e3o operar, fiscalizar e gerenciar o tr\u00e2nsito, al\u00e9m de desenvolver projetos educativos que busquem uma consci\u00eancia mais humanizada nas vias urbanas, bem como planejar a\u00e7\u00f5es de engenharia e coordenar a rede integrada de sem\u00e1foros. O papel da Autarquia prioriza a seguran\u00e7a dos cidad\u00e3os, elaborando programas que repercutem diretamente na redu\u00e7\u00e3o de acidentes. AMC Fortaleza Multas Atrav\u00e9s deste servi\u00e7o, o propriet\u00e1rio do ve\u00edculo pode ter acesso a todas as informa\u00e7\u00f5es de multas de tr\u00e2nsito de infra\u00e7\u00f5es cometidas a partir de <\/p>\n","protected":false},"author":1,"featured_media":0,"parent":0,"menu_order":0,"comment_status":"closed","ping_status":"closed","template":"","meta":{"footnotes":""},"class_list":["post-771","page","type-page","status-publish","hentry"],"aioseo_notices":[],"_links":{"self":[{"href":"https:\/\/www.encontrafortaleza.com\/sobre\/wp-json\/wp\/v2\/pages\/771"}],"collection":[{"href":"https:\/\/www.encontrafortaleza.com\/sobre\/wp-json\/wp\/v2\/pages"}],"about":[{"href":"https:\/\/www.encontrafortaleza.com\/sobre\/wp-json\/wp\/v2\/types\/page"}],"author":[{"embeddable":true,"href":"https:\/\/www.encontrafortaleza.com\/sobre\/wp-json\/wp\/v2\/users\/1"}],"replies":[{"embeddable":true,"href":"https:\/\/www.encontrafortaleza.com\/sobre\/wp-json\/wp\/v2\/comments?post=771"}],"version-history":[{"count":0,"href":"https:\/\/www.encontrafortaleza.com\/sobre\/wp-json\/wp\/v2\/pages\/771\/revisions"}],"wp:attachment":[{"href":"https:\/\/www.encontrafortaleza.com\/sobre\/wp-json\/wp\/v2\/media?parent=771"}],"curies":[{"name":"wp","href":"https:\/\/api.w.org\/{rel}","templated":true}]}}