{"id":774,"date":"2018-12-06T04:59:20","date_gmt":"2018-12-06T06:59:20","guid":{"rendered":"http:\/\/www.encontrafortaleza.com\/sobre\/?page_id=774"},"modified":"2018-12-06T04:59:20","modified_gmt":"2018-12-06T06:59:20","slug":"portal-do-servidor-curitiba","status":"publish","type":"page","link":"https:\/\/www.encontrafortaleza.com\/sobre\/portal-do-servidor-curitiba\/","title":{"rendered":"Portal do Servidor Curitiba"},"content":{"rendered":"<div class=\"2ad529334b11458fd7d9bde3e187e581\" data-index=\"1\" style=\"float: left; margin: 5px 5px 5px 0;\">\n<!-- EBR \/Novo-Bairro-Topo\/ 300x250 -->\r\n<ins class=\"adsbygoogle\"\r\n     style=\"display:inline-block;width:300px;height:250px\"\r\n     data-ad-client=\"ca-pub-6414922941841817\"\r\n     data-ad-slot=\"5351822287\"><\/ins>\r\n<script>\r\n(adsbygoogle = window.adsbygoogle || []).push({});\r\n<\/script>\n<\/div>\n<p>O <strong>Portal do Servidor Fortaleza<\/strong> \u00e9 o espa\u00e7o de informa\u00e7\u00e3o do servidor p\u00fablico da cidade de Fortaleza.<\/p>\n<p>A\u00a0Lei Federal n\u00ba 12.527\/2011, regulamentada no \u00e2mbito do Munic\u00edpio de Fortaleza atrav\u00e9s do\u00a0Decreto 13.305\/2014, garante ao cidad\u00e3o o direito constitucional de acesso \u00e0s informa\u00e7\u00f5es p\u00fablicas<\/p>\n<p><img loading=\"lazy\" decoding=\"async\" class=\"alignnone wp-image-775 size-full\" title=\"Portal do Servidor Curitiba\" src=\"http:\/\/www.encontrafortaleza.com\/sobre\/wp-content\/uploads\/2018\/12\/portal-do-servidor-fortaleza.gif\" alt=\"Portal do Servidor Curitiba\" width=\"680\" height=\"189\" \/><\/p>\n<h2>Portal do Servidor Fortaleza Contracheque<\/h2>\n<p>O extrato de <em>contracheque<\/em> mensal est\u00e1 dispon\u00edvel para consulta e impress\u00e3o no site. Para acessar \u00e9 necess\u00e1rio ser servidor tempor\u00e1rio, efetivo ou comissionado e o acesso \u00e9 feito atrav\u00e9s de login e senha.<\/p>\n<h3>Portal do Servidor Fortaleza SMS<\/h3>\n<p>O <em>SMS<\/em> \u00e9 Mesa Setorial da Secretaria Municipal de Sa\u00fade que pertence a\u00a0Mesa Setorial de Negocia\u00e7\u00e3o. Que \u00e9\u00a0um espa\u00e7o democr\u00e1tico de discuss\u00e3o de temas espec\u00edficos de interesse de diferentes categorias, que re\u00fane servidores\/empregados p\u00fablicos e \u00f3rg\u00e3os da Prefeitura por \u00e1reas de atua\u00e7\u00e3o.<\/p>\n<p>Nas Mesas Setoriais, a realiza\u00e7\u00e3o das reuni\u00f5es se d\u00e1 de forma peri\u00f3dica e de acordo com a demanda das categorias. Mas nas quest\u00f5es que implicam repercuss\u00e3o financeira, \u00e9 necess\u00e1ria a participa\u00e7\u00e3o de representantes da Secretaria Municipal do Planejamento, Or\u00e7amento e Gest\u00e3o (SEPOG) e da Secretaria Municipal das Finan\u00e7as (SEFIN) que far\u00e3o estudos sobre os impactos para a Administra\u00e7\u00e3o P\u00fablica.<\/p>\n<h3>Hor\u00e1rio de Funcionamento SMS em Fortaleza<\/h3>\n<ul>\n<li>24 horas on Line<\/li>\n<\/ul>\n<h3>Onde Fica,\u00a0Endere\u00e7o e Telefone Prefeitura de Fortaleza<\/h3>\n<ul>\n<li>Rua S\u00e3o Jos\u00e9, 01 &#8211; Centro &#8211; Fortaleza &#8211; CE<\/li>\n<li>Telefone: 0800 285 0880<\/li>\n<\/ul>\n<h4>Outras informa\u00e7\u00f5es e site<\/h4>\n<ul>\n<li>Mais informa\u00e7\u00f5es:\u00a0<a href=\"http:\/\/portaldoservidor.fortaleza.ce.gov.br\" target=\"_blank\" rel=\"noopener noreferrer\">www.portaldoservidor.fortaleza.ce.gov.br<\/a><\/li>\n<\/ul>\n<h4>Mapa de localiza\u00e7\u00e3o<\/h4>\n<a class=\"wp-colorbox-iframe\" href=\"https:\/\/www.google.com\/maps\/embed?pb=!1m18!1m12!1m3!1d3981.3883651473097!2d-38.525812785240966!3d-3.725205197289702!2m3!1f0!2f0!3f0!3m2!1i1024!2i768!4f13.1!3m3!1m2!1s0x7c7484dbd01d1230x278598786717b78!2sRua+So+Jos+01+-+Centro+Fortaleza+-+CE+60060-170!5e0!3m2!1spt-BR!2sbr!4v1544079320997\"><img decoding=\"async\" src=\"http:\/\/www.encontracampinas.com.br\/imgs\/maps-post.png\"><\/a>\n\n<div style=\"font-size: 0px; height: 0px; line-height: 0px; margin: 0; padding: 0; clear: both;\"><\/div>","protected":false},"excerpt":{"rendered":"<p>O Portal do Servidor Fortaleza \u00e9 o espa\u00e7o de informa\u00e7\u00e3o do servidor p\u00fablico da cidade de Fortaleza. A\u00a0Lei Federal n\u00ba 12.527\/2011, regulamentada no \u00e2mbito do Munic\u00edpio de Fortaleza atrav\u00e9s do\u00a0Decreto 13.305\/2014, garante ao cidad\u00e3o o direito constitucional de acesso \u00e0s informa\u00e7\u00f5es p\u00fablicas Portal do Servidor Fortaleza Contracheque O extrato de contracheque mensal est\u00e1 dispon\u00edvel para consulta e impress\u00e3o no site. Para acessar \u00e9 necess\u00e1rio ser servidor tempor\u00e1rio, efetivo ou comissionado e o acesso \u00e9 feito atrav\u00e9s de login e senha. Portal do Servidor Fortaleza SMS O SMS \u00e9 Mesa Setorial da Secretaria Municipal de Sa\u00fade que pertence a\u00a0Mesa Setorial de <\/p>\n","protected":false},"author":1,"featured_media":0,"parent":0,"menu_order":0,"comment_status":"closed","ping_status":"closed","template":"","meta":{"footnotes":""},"class_list":["post-774","page","type-page","status-publish","hentry"],"aioseo_notices":[],"_links":{"self":[{"href":"https:\/\/www.encontrafortaleza.com\/sobre\/wp-json\/wp\/v2\/pages\/774"}],"collection":[{"href":"https:\/\/www.encontrafortaleza.com\/sobre\/wp-json\/wp\/v2\/pages"}],"about":[{"href":"https:\/\/www.encontrafortaleza.com\/sobre\/wp-json\/wp\/v2\/types\/page"}],"author":[{"embeddable":true,"href":"https:\/\/www.encontrafortaleza.com\/sobre\/wp-json\/wp\/v2\/users\/1"}],"replies":[{"embeddable":true,"href":"https:\/\/www.encontrafortaleza.com\/sobre\/wp-json\/wp\/v2\/comments?post=774"}],"version-history":[{"count":0,"href":"https:\/\/www.encontrafortaleza.com\/sobre\/wp-json\/wp\/v2\/pages\/774\/revisions"}],"wp:attachment":[{"href":"https:\/\/www.encontrafortaleza.com\/sobre\/wp-json\/wp\/v2\/media?parent=774"}],"curies":[{"name":"wp","href":"https:\/\/api.w.org\/{rel}","templated":true}]}}