{"id":788,"date":"2018-12-06T06:23:14","date_gmt":"2018-12-06T08:23:14","guid":{"rendered":"http:\/\/www.encontrafortaleza.com\/sobre\/?page_id=788"},"modified":"2018-12-06T06:23:14","modified_gmt":"2018-12-06T08:23:14","slug":"diario-oficial-fortaleza","status":"publish","type":"page","link":"https:\/\/www.encontrafortaleza.com\/sobre\/diario-oficial-fortaleza\/","title":{"rendered":"Di\u00e1rio Oficial Fortaleza"},"content":{"rendered":"<div class=\"2ad529334b11458fd7d9bde3e187e581\" data-index=\"1\" style=\"float: left; margin: 5px 5px 5px 0;\">\n<!-- EBR \/Novo-Bairro-Topo\/ 300x250 -->\r\n<ins class=\"adsbygoogle\"\r\n     style=\"display:inline-block;width:300px;height:250px\"\r\n     data-ad-client=\"ca-pub-6414922941841817\"\r\n     data-ad-slot=\"5351822287\"><\/ins>\r\n<script>\r\n(adsbygoogle = window.adsbygoogle || []).push({});\r\n<\/script>\n<\/div>\n<p>O\u00a0<b>Di\u00e1rio Oficial Fortaleza\u00a0<\/b>\u00e9 um jornal\u00a0criado, mantido e administrado pelo governo da cidade para publicar as literaturas dos atos oficiais da administra\u00e7\u00e3o p\u00fablica executiva, legislativa e judici\u00e1ria.<\/p>\n<p>No Brasil\u00a0s\u00e3o publicados Di\u00e1rios Oficiais da\u00a0Presid\u00eancia da Rep\u00fablica, de cada governo estadual, de cada munic\u00edpio e dos \u00f3rg\u00e3os do\u00a0Poder Judici\u00e1rio<sup id=\"cite_ref-2\" class=\"reference\"><\/sup>. Algumas localidades os disponibilizam, de forma integral, na Internet.<\/p>\n<p><img loading=\"lazy\" decoding=\"async\" class=\"alignnone wp-image-789 size-full\" title=\"Di\u00e1rio Oficial Fortaleza\" src=\"http:\/\/www.encontrafortaleza.com\/sobre\/wp-content\/uploads\/2018\/12\/diario-oficial-fortaleza.gif\" alt=\"Di\u00e1rio Oficial Fortaleza\" width=\"680\" height=\"189\" \/><\/p>\n<h2>Hist\u00f3ria do Di\u00e1rio Oficial Fortaleza<\/h2>\n<p>A origem do Di\u00e1rio Oficial remonta \u00e0 \u00e9poca da\u00a0transfer\u00eancia da corte portuguesa para o Brasil.O Di\u00e1rio Oficial foi criado por meio da Lei Imperial N\u00ba 1.177, sancionada em 9 de setembro de 1862\u00a0e o primeiro n\u00famero circulou em 1 de outubro de 1862, quando o governo brasileiro, atrav\u00e9s de uma delibera\u00e7\u00e3o do\u00a0Marqu\u00eas de Olinda, passa a divulgar os atos legais atrav\u00e9s do Di\u00e1rio Oficial.<\/p>\n<p>Em 1994, a Imprensa Nacional passou a utilizar recursos de\u00a0inform\u00e1tica. Em 1997, parte da Se\u00e7\u00e3o I come\u00e7ou a ser disponibilizada na internet, e em 2000 o DOU passou a ser publicado integralmente em vers\u00e3o digital.\u00a0A edi\u00e7\u00e3o de 19 de dezembro de 1997 conquistou o t\u00edtulo de jornal em formato\u00a0tabloide\u00a0com maior n\u00famero de p\u00e1ginas do mundo: 2.112.\u00a0Em 25 de outubro de 2017 foi anunciado o fim da edi\u00e7\u00e3o impressa do DOU, marcada para 1\u00ba de dezembro do mesmo ano.<\/p>\n<h3>Hor\u00e1rio de Funcionamento\u00a0Prefeitura de Fortaleza setor de Imprensa Oficial<\/h3>\n<ul>\n<li>Segunda a Sexta: das 08h \u00e0s 17h<\/li>\n<\/ul>\n<h3>Onde Fica,\u00a0Endere\u00e7o e Telefone Prefeitura de Fortaleza setor de Imprensa Oficial<\/h3>\n<ul>\n<li>Av. Jo\u00e3o Pessoa, 4180 &#8211; Damas &#8211; Fortaleza &#8211; CE<\/li>\n<li>Telefone: (85) 3452-1746<\/li>\n<\/ul>\n<h4>Outras informa\u00e7\u00f5es e site<\/h4>\n<ul>\n<li>Mais informa\u00e7\u00f5es:\u00a0<a href=\"http:\/\/apps.fortaleza.ce.gov.br\/diariooficial\/\" target=\"_blank\" rel=\"noopener noreferrer\">www.apps.fortaleza.ce.gov.br\/diariooficial<\/a><\/li>\n<\/ul>\n<h4>Mapa de localiza\u00e7\u00e3o<\/h4>\n<a class=\"wp-colorbox-iframe\" href=\"https:\/\/www.google.com\/maps\/embed?pb=!1m14!1m8!1m3!1d15925.103552809322!2d-38.5476309!3d-3.7499835!3m2!1i1024!2i768!4f13.1!3m3!1m2!1s0x00xe04492726ab03b7d!2sPrefeitura+Municipal+de+Fortaleza+-+Secretaria+de+Administrao+-+Departamento+de+Imprensa+Oficial!5e0!3m2!1spt-BR!2sbr!4v1544084394600\"><img decoding=\"async\" src=\"http:\/\/www.encontracampinas.com.br\/imgs\/maps-post.png\"><\/a>\n\n<div style=\"font-size: 0px; height: 0px; line-height: 0px; margin: 0; padding: 0; clear: both;\"><\/div>","protected":false},"excerpt":{"rendered":"<p>O\u00a0Di\u00e1rio Oficial Fortaleza\u00a0\u00e9 um jornal\u00a0criado, mantido e administrado pelo governo da cidade para publicar as literaturas dos atos oficiais da administra\u00e7\u00e3o p\u00fablica executiva, legislativa e judici\u00e1ria. No Brasil\u00a0s\u00e3o publicados Di\u00e1rios Oficiais da\u00a0Presid\u00eancia da Rep\u00fablica, de cada governo estadual, de cada munic\u00edpio e dos \u00f3rg\u00e3os do\u00a0Poder Judici\u00e1rio. Algumas localidades os disponibilizam, de forma integral, na Internet. Hist\u00f3ria do Di\u00e1rio Oficial Fortaleza A origem do Di\u00e1rio Oficial remonta \u00e0 \u00e9poca da\u00a0transfer\u00eancia da corte portuguesa para o Brasil.O Di\u00e1rio Oficial foi criado por meio da Lei Imperial N\u00ba 1.177, sancionada em 9 de setembro de 1862\u00a0e o primeiro n\u00famero circulou em 1 de <\/p>\n","protected":false},"author":1,"featured_media":0,"parent":0,"menu_order":0,"comment_status":"closed","ping_status":"closed","template":"","meta":{"footnotes":""},"class_list":["post-788","page","type-page","status-publish","hentry"],"aioseo_notices":[],"_links":{"self":[{"href":"https:\/\/www.encontrafortaleza.com\/sobre\/wp-json\/wp\/v2\/pages\/788"}],"collection":[{"href":"https:\/\/www.encontrafortaleza.com\/sobre\/wp-json\/wp\/v2\/pages"}],"about":[{"href":"https:\/\/www.encontrafortaleza.com\/sobre\/wp-json\/wp\/v2\/types\/page"}],"author":[{"embeddable":true,"href":"https:\/\/www.encontrafortaleza.com\/sobre\/wp-json\/wp\/v2\/users\/1"}],"replies":[{"embeddable":true,"href":"https:\/\/www.encontrafortaleza.com\/sobre\/wp-json\/wp\/v2\/comments?post=788"}],"version-history":[{"count":0,"href":"https:\/\/www.encontrafortaleza.com\/sobre\/wp-json\/wp\/v2\/pages\/788\/revisions"}],"wp:attachment":[{"href":"https:\/\/www.encontrafortaleza.com\/sobre\/wp-json\/wp\/v2\/media?parent=788"}],"curies":[{"name":"wp","href":"https:\/\/api.w.org\/{rel}","templated":true}]}}