{"id":804,"date":"2018-12-10T11:15:13","date_gmt":"2018-12-10T13:15:13","guid":{"rendered":"http:\/\/www.encontrafortaleza.com\/sobre\/?page_id=804"},"modified":"2018-12-24T05:06:04","modified_gmt":"2018-12-24T07:06:04","slug":"ministerio-do-trabalho-fortaleza","status":"publish","type":"page","link":"https:\/\/www.encontrafortaleza.com\/sobre\/ministerio-do-trabalho-fortaleza\/","title":{"rendered":"Minist\u00e9rio do Trabalho Fortaleza"},"content":{"rendered":"<div class=\"2ad529334b11458fd7d9bde3e187e581\" data-index=\"1\" style=\"float: left; margin: 5px 5px 5px 0;\">\n<!-- EBR \/Novo-Bairro-Topo\/ 300x250 -->\r\n<ins class=\"adsbygoogle\"\r\n     style=\"display:inline-block;width:300px;height:250px\"\r\n     data-ad-client=\"ca-pub-6414922941841817\"\r\n     data-ad-slot=\"5351822287\"><\/ins>\r\n<script>\r\n(adsbygoogle = window.adsbygoogle || []).push({});\r\n<\/script>\n<\/div>\n<p>O<strong>\u00a0Minist\u00e9rio do Trabalho e Emprego Fortaleza<\/strong>, \u00f3rg\u00e3o da administra\u00e7\u00e3o federal direta, tem como \u00e1rea de compet\u00eancia os seguintes assuntos: pol\u00edtica e diretrizes para a gera\u00e7\u00e3o de emprego e renda e de apoio ao trabalhador; pol\u00edtica e diretrizes para a moderniza\u00e7\u00e3o das rela\u00e7\u00f5es do\u00a0trabalho;<\/p>\n<p>Fiscaliza\u00e7\u00e3o em\u00a0seguran\u00e7a\u00a0e\u00a0sa\u00fade\u00a0no trabalho; fiscaliza\u00e7\u00e3o do trabalho, inclusive do trabalho portu\u00e1rio, bem como aplica\u00e7\u00e3o das san\u00e7\u00f5es previstas em normas legais ou coletivas; pol\u00edtica salarial; forma\u00e7\u00e3o e desenvolvimento profissional; pol\u00edtica de\u00a0imigra\u00e7\u00e3o; e cooperativismo e associativismo urbanos.<\/p>\n<p><img loading=\"lazy\" decoding=\"async\" class=\"alignnone wp-image-4086 size-full\" title=\"Minist\u00e9rio do Trabalho Fortaleza\" src=\"http:\/\/www.encontracuritiba.com.br\/sobre\/wp-content\/uploads\/ministerio-do-trabalho-curitiba.gif\" alt=\"Minist\u00e9rio do Trabalho Fortaleza\" width=\"680\" height=\"189\" \/><\/p>\n<p>Publica, anualmente, a\u00a0Rela\u00e7\u00e3o Anual de Informa\u00e7\u00f5es Sociais\u00a0(RAIS) informada obrigatoriamente pelas empresas brasileiras.<\/p>\n<h2>Minist\u00e9rio do Trabalho Fortaleza Agendamento<\/h2>\n<p>Para o\u00a0<em>agendamento<\/em>\u00a0de servi\u00e7os no Minist\u00e9rio do Trabalho basta entrar em contato com o telefone descrito abaixo.<\/p>\n<h3>Minist\u00e9rio do Trabalho Fortaleza Seguro Desemprego<\/h3>\n<p>Depois de demitido, o trabalhador deve solicitar o Seguro Desemprego. Para isso, \u00e9 necess\u00e1rio ir at\u00e9 uma ag\u00eancia do SINE \u2013 Sistema Nacional de Emprego, ou na Ag\u00eancia do Minist\u00e9rio do Trabalho da sua regi\u00e3o. No entanto, antes de ir nesses locais, \u00e9 preciso fazer o agendamento do Seguro Desemprego pelo site do SAA \u2013 Sistema de Atendimento Agendado:\u00a0<a href=\"http:\/\/saaweb.mte.gov.br\/inter\/saa\/pages\/agendamento\/main.seam\">saaweb.mte.gov.br<\/a><\/p>\n<h3>Minist\u00e9rio do Trabalho Fortaleza Den\u00fancia<\/h3>\n<p>As den\u00fancias sobre condi\u00e7\u00f5es inadequadas de trabalho pode ser feitas pelo telefone do Minist\u00e9rio do Trabalho de Fortaleza<\/p>\n<h3>Minist\u00e9rio do Trabalho Fortaleza Carteira de Trabalho<\/h3>\n<p>A\u00a0<em>Carteira de Trabalho<\/em>\u00a0e Previd\u00eancia Social (CTPS) \u00e9 o documento obrigat\u00f3rio para toda pessoa que venha a prestar algum tipo de servi\u00e7o, seja na ind\u00fastria, no com\u00e9rcio, na agricultura, na pecu\u00e1ria ou mesmo de natureza dom\u00e9stica.<\/p>\n<h3>Hor\u00e1rio de Funcionamento\u00a0Minist\u00e9rio do Trabalho em Fortaleza<\/h3>\n<ul>\n<li>Segunda a Sexta das 07h \u00e0s 19h<\/li>\n<\/ul>\n<h3>Endere\u00e7o e Telefone Minist\u00e9rio do Trabalho em Fortaleza<\/h3>\n<ul>\n<li><strong>Minist\u00e9rio do Trabalho 1:<\/strong> Rua 24 de maio, 178 \u2013\u00a0Telefone: (85) 3255-3904<\/li>\n<li><strong>Minist\u00e9rio do Trabalho 2:<\/strong> Av. Trist\u00e3o Gon\u00e7alves, 912\u00a0\u2013\u00a0Telefone: (85) 3255-3904<\/li>\n<\/ul>\n<h4>Outras informa\u00e7\u00f5es e site<\/h4>\n<ul>\n<li>Mais informa\u00e7\u00f5es:\u00a0<a href=\"http:\/\/trabalho.gov.br\/\" target=\"_blank\" rel=\"noopener noreferrer\">www.trabalho.gov.br<\/a><\/li>\n<li>Mais informa\u00e7\u00f5es:<a href=\"https:\/\/www.ministeriodotrabalho.org\/ministerio-do-trabalho-ce\/\" target=\"_blank\" rel=\"noopener\">\u00a0https:\/\/www.ministeriodotrabalho.org\/ministerio-do-trabalho-ce<\/a><\/li>\n<\/ul>\n<h4>Mapa de localiza\u00e7\u00e3o<\/h4>\n<a class=\"wp-colorbox-iframe\" href=\"https:\/\/www.google.com\/maps\/embed?pb=!1m18!1m12!1m3!1d3981.3971124360714!2d-38.53311298524094!3d-3.7232712972910984!2m3!1f0!2f0!3f0!3m2!1i1024!2i768!4f13.1!3m3!1m2!1s0x7c749b388204c0b0x21cd3a1b28389873!2sMinistrio+do+Trabalho!5e0!3m2!1spt-BR!2sbr!4v1544447598404\"><img decoding=\"async\" src=\"http:\/\/www.encontracampinas.com.br\/imgs\/maps-post.png\"><\/a>\n\n<div style=\"font-size: 0px; height: 0px; line-height: 0px; margin: 0; padding: 0; clear: both;\"><\/div>","protected":false},"excerpt":{"rendered":"<p>O\u00a0Minist\u00e9rio do Trabalho e Emprego Fortaleza, \u00f3rg\u00e3o da administra\u00e7\u00e3o federal direta, tem como \u00e1rea de compet\u00eancia os seguintes assuntos: pol\u00edtica e diretrizes para a gera\u00e7\u00e3o de emprego e renda e de apoio ao trabalhador; pol\u00edtica e diretrizes para a moderniza\u00e7\u00e3o das rela\u00e7\u00f5es do\u00a0trabalho; Fiscaliza\u00e7\u00e3o em\u00a0seguran\u00e7a\u00a0e\u00a0sa\u00fade\u00a0no trabalho; fiscaliza\u00e7\u00e3o do trabalho, inclusive do trabalho portu\u00e1rio, bem como aplica\u00e7\u00e3o das san\u00e7\u00f5es previstas em normas legais ou coletivas; pol\u00edtica salarial; forma\u00e7\u00e3o e desenvolvimento profissional; pol\u00edtica de\u00a0imigra\u00e7\u00e3o; e cooperativismo e associativismo urbanos. Publica, anualmente, a\u00a0Rela\u00e7\u00e3o Anual de Informa\u00e7\u00f5es Sociais\u00a0(RAIS) informada obrigatoriamente pelas empresas brasileiras. Minist\u00e9rio do Trabalho Fortaleza Agendamento Para o\u00a0agendamento\u00a0de servi\u00e7os no Minist\u00e9rio do <\/p>\n","protected":false},"author":1,"featured_media":0,"parent":0,"menu_order":0,"comment_status":"closed","ping_status":"closed","template":"","meta":{"footnotes":""},"class_list":["post-804","page","type-page","status-publish","hentry"],"aioseo_notices":[],"_links":{"self":[{"href":"https:\/\/www.encontrafortaleza.com\/sobre\/wp-json\/wp\/v2\/pages\/804"}],"collection":[{"href":"https:\/\/www.encontrafortaleza.com\/sobre\/wp-json\/wp\/v2\/pages"}],"about":[{"href":"https:\/\/www.encontrafortaleza.com\/sobre\/wp-json\/wp\/v2\/types\/page"}],"author":[{"embeddable":true,"href":"https:\/\/www.encontrafortaleza.com\/sobre\/wp-json\/wp\/v2\/users\/1"}],"replies":[{"embeddable":true,"href":"https:\/\/www.encontrafortaleza.com\/sobre\/wp-json\/wp\/v2\/comments?post=804"}],"version-history":[{"count":0,"href":"https:\/\/www.encontrafortaleza.com\/sobre\/wp-json\/wp\/v2\/pages\/804\/revisions"}],"wp:attachment":[{"href":"https:\/\/www.encontrafortaleza.com\/sobre\/wp-json\/wp\/v2\/media?parent=804"}],"curies":[{"name":"wp","href":"https:\/\/api.w.org\/{rel}","templated":true}]}}