{"id":811,"date":"2018-12-11T05:25:03","date_gmt":"2018-12-11T07:25:03","guid":{"rendered":"http:\/\/www.encontrafortaleza.com\/sobre\/?page_id=811"},"modified":"2018-12-11T05:25:03","modified_gmt":"2018-12-11T07:25:03","slug":"bicicletar-fortaleza","status":"publish","type":"page","link":"https:\/\/www.encontrafortaleza.com\/sobre\/bicicletar-fortaleza\/","title":{"rendered":"Bicicletar Fortaleza"},"content":{"rendered":"<div class=\"2ad529334b11458fd7d9bde3e187e581\" data-index=\"1\" style=\"float: left; margin: 5px 5px 5px 0;\">\n<!-- EBR \/Novo-Bairro-Topo\/ 300x250 -->\r\n<ins class=\"adsbygoogle\"\r\n     style=\"display:inline-block;width:300px;height:250px\"\r\n     data-ad-client=\"ca-pub-6414922941841817\"\r\n     data-ad-slot=\"5351822287\"><\/ins>\r\n<script>\r\n(adsbygoogle = window.adsbygoogle || []).push({});\r\n<\/script>\n<\/div>\n<p><b>O Bicicletar Fortaleza<\/b>\u00a0\u00e9 o\u00a0sistema de bicicletas p\u00fablicas\u00a0da cidade. O sistema foi lan\u00e7ado em 15 de dezembro de 2014, por meio de parceria da\u00a0Prefeitura de Fortaleza\u00a0com a\u00a0Unimed, operado pela concession\u00e1ria Serttel. Inicialmente, o sistema possu\u00eda 150 bicicletas dispon\u00edveis em 15 esta\u00e7\u00f5es de aluguel distribu\u00eddas nos bairros\u00a0Aldeota,\u00a0Varjota,\u00a0Meireles\u00a0e\u00a0Praia de Iracema.<\/p>\n<p>Em mar\u00e7o de 2015, o sistema contava com 40 esta\u00e7\u00f5es e 400 bicicletas dispon\u00edveis para aluguel em diversos bairros da cidade.\u00a0A\u00a0Unimed\u00a0foi a patrocinadora da primeira fase do projeto. Nos primeiros tr\u00eas meses de funcionamento, o sistema contabilizou 73 mil viagens.\u00a0Mais utilizado nos dias \u00fateis, o sistema conta com mais de 120 mil usu\u00e1rios cadastrados, sendo 83% desse total usu\u00e1rio do Bilhete \u00danico.<\/p>\n<p><img loading=\"lazy\" decoding=\"async\" class=\"alignnone wp-image-813 size-full\" title=\"Bicicletar Fortaleza\" src=\"http:\/\/www.encontrafortaleza.com\/sobre\/wp-content\/uploads\/2018\/12\/bicicletar-fortaleza.gif\" alt=\"Bicicletar Fortaleza\" width=\"680\" height=\"189\" \/><\/p>\n<h2>Bicicletar Fortaleza Funcionamento<\/h2>\n<p>As esta\u00e7\u00f5es <em>funcionam<\/em> alimentadas por pain\u00e9is de energia solar e usam travas e pinos de fixa\u00e7\u00e3o como sistema de seguran\u00e7a. Tais esta\u00e7\u00f5es s\u00e3o interligadas por sistema de comunica\u00e7\u00e3o sem fio, conectadas com a central de controle 24h por dia. A central monitora em tempo real toda a opera\u00e7\u00e3o do sistema, garantindo a melhor distribui\u00e7\u00e3o das bicicletas nas esta\u00e7\u00f5es e realizando atendimento dos usu\u00e1rios via celular e call center.<\/p>\n<p>As bicicletas permanecem dispon\u00edveis todos os dias da semana, de 5h \u00e0s 23h59. A devolu\u00e7\u00e3o pode ser realizada em qualquer hor\u00e1rio do dia. Para usar o sistema compartilhado, \u00e9 preciso realizar cadastro via internet e adquirir um passe. O usu\u00e1rio pode optar pela anuidade de 60,00 reais, mensalidade de R$ 10,00 ou a di\u00e1ria de R$ 5,00, sem qualquer pagamento adicional, desde que respeitadas as regras do servi\u00e7o.<\/p>\n<p>Outra caracter\u00edstica do sistema \u00e9 a possibilidade de se fazer a retirada das bicicletas gratuitamente com o Bilhete \u00danico, por meio do qual o usu\u00e1rio isenta-se de qualquer anuidade, mensalidade ou di\u00e1ria. O respeito \u00e0s regras do servi\u00e7o \u00e9, entretanto, necess\u00e1rio para a manuten\u00e7\u00e3o da gratuidade. As carteiras de estudante de Fortaleza, por tamb\u00e9m possu\u00edrem fun\u00e7\u00e3o de Bilhete \u00danico, integram-se igualmente ao sistema Bicicletar.<\/p>\n<h3>Bicicletar Fortaleza Mapa<\/h3>\n<p><em><img loading=\"lazy\" decoding=\"async\" class=\"alignnone wp-image-812 size-full\" title=\"Bicicletar Fortaleza Mapa\" src=\"http:\/\/www.encontrafortaleza.com\/sobre\/wp-content\/uploads\/2018\/12\/mapa-bicicletar-fortaleza.png\" alt=\"Bicicletar Fortaleza Mapa\" width=\"903\" height=\"532\" srcset=\"https:\/\/www.encontrafortaleza.com\/sobre\/wp-content\/uploads\/2018\/12\/mapa-bicicletar-fortaleza.png 903w, https:\/\/www.encontrafortaleza.com\/sobre\/wp-content\/uploads\/2018\/12\/mapa-bicicletar-fortaleza-300x177.png 300w, https:\/\/www.encontrafortaleza.com\/sobre\/wp-content\/uploads\/2018\/12\/mapa-bicicletar-fortaleza-768x452.png 768w\" sizes=\"(max-width: 903px) 100vw, 903px\" \/><\/em><\/p>\n<h3>Bicicletar Fortaleza Cadastro<\/h3>\n<p>Para utilizar o programa \u00e9 necess\u00e1rio fazer o <em>cadastro<\/em> no site. Voc\u00ea utilizar\u00e1 seu e-mail e receber\u00e1 uma mensagem para confirma\u00e7\u00e3o do cadastro, logo ap\u00f3s dever\u00e1 informar um n\u00famero de celular e receber\u00e1 um c\u00f3digo por mensagem de texto que dever\u00e1 ser colocado no site do bicicletar e informar seus dados pessoais.<em><br \/>\n<\/em><\/p>\n<h3>Bicicletar Fortaleza Valor<\/h3>\n<p>Voc\u00ea poder\u00e1 fazer os seguintes tipos de <em>passe<\/em> para utilizar as bicicletas:<\/p>\n<ul>\n<li>Passe Mensal &#8211; R$ 10,00<\/li>\n<li>Passe Anual &#8211; R$ 60,00<\/li>\n<li>Passe Di\u00e1rio &#8211; Uso eventual \/ sem cadastro, apenas pelo Aplicativo ou liga\u00e7\u00e3o do celular &#8211; R$ 5,00<\/li>\n<li>Passe Anual (Com Bilhete \u00danico) \u2013 gratuito (renova\u00e7\u00e3o anual)<\/li>\n<\/ul>\n<h3>Como Utilizar o Bicicletar Fortaleza<\/h3>\n<p>Para utilizar as bicicletas do programa, voc\u00ea dever\u00e1 seguir os seguintes passos:<\/p>\n<ul>\n<li>1. Retirada da Bicicleta na Esta\u00e7\u00e3o:\u00a0 Atrav\u00e9s do aplicativo para smartphones ou liga\u00e7\u00e3o de celular: Baixe gratuitamente o aplicativo para iPhone ou Android ou Windows Phone na p\u00e1gina: Aplicativo Bicicletar ou ligue do seu telefone celular para o n\u00famero : 4003 9594; Digite o n\u00famero da Esta\u00e7\u00e3o que deseja retirar a Bicicleta; Digite o n\u00famero da posi\u00e7\u00e3o da Bicicleta escolhida; Confirme a opera\u00e7\u00e3o e puxe a Bicicleta quando a luz verde estiver acesa.<\/li>\n<li>2. Atrav\u00e9s do Bilhete \u00danico: Encoste o Bilhete \u00danico no leitor do cart\u00e3o; No visor aparecer\u00e1 a indica\u00e7\u00e3o da posi\u00e7\u00e3o que ser\u00e1 liberada; Apresente o cart\u00e3o novamente para confirmar a opera\u00e7\u00e3o e puxe a Bicicleta quando a luz verde estiver acesa.<\/li>\n<li>3. Uso da Bicicleta:<\/li>\n<\/ul>\n<p>&#8211; As Esta\u00e7\u00f5es de compartilhamento funcionam todos os dias, de 5h \u00e0s 0h para retirada de Bicicletas e 24h por dia para devolu\u00e7\u00e3o.<br \/>\n&#8211; Atrav\u00e9s do celular, o usu\u00e1rio pode consultar a situa\u00e7\u00e3o de Bicicletas e de vagas dispon\u00edveis para devolu\u00e7\u00e3o, ligando para a Central de Atendimento ao Usu\u00e1rio: 4003 9594, acessando o site www.bicicletar.com.br ou atrav\u00e9s do aplicativo Bicicletar.<br \/>\n&#8211; Se, ao retirar a bike, voc\u00ea perceber alguma inconformidade, poder\u00e1 devolv\u00ea-la \u00e0 esta\u00e7\u00e3o e retirar outra bicicleta dentro de 5 minutos sem nenhuma tarifa.<\/p>\n<p>De segunda a s\u00e1bado:<br \/>\n&#8211; Viagens de at\u00e9 60 minutos n\u00e3o s\u00e3o tarifadas, desde que sejam realizadas com intervalo de pelo menos 15 minutos entre elas;<br \/>\n&#8211; Viagens com dura\u00e7\u00e3o de mais de 60 minutos ser\u00e3o tarifadas \u00e0 parte, no valor de R$ 5,00 por cada 60 minutos excedentes;<\/p>\n<p>Aos domingos e feriados municipais, estaduais e federais:<br \/>\n&#8211; Viagens de at\u00e9 90 minutos n\u00e3o s\u00e3o tarifadas, desde que sejam realizadas com intervalo de pelo menos 15 minutos entre elas;<br \/>\n&#8211; Viagens com dura\u00e7\u00e3o de mais de 90 minutos ser\u00e3o tarifadas \u00e0 parte, no valor de R$ 5,00 por cada 90 minutos excedentes;<\/p>\n<p>Devolu\u00e7\u00e3o da Bicicleta na Esta\u00e7\u00e3o<br \/>\nA devolu\u00e7\u00e3o da Bicicleta pode ser realizada em qualquer Esta\u00e7\u00e3o dispon\u00edvel, 24 horas por dia. Escolha uma posi\u00e7\u00e3o livre. Encaixe a Bicicleta e verifique se a mesma est\u00e1 devidamente travada. Se a Esta\u00e7\u00e3o estiver sem espa\u00e7o para a sua Bicicleta, ligue para a Central de Atendimento ao Usu\u00e1rio : 4003 9594.<\/p>\n<h3>Hor\u00e1rio de Funcionamento Bicicletar em Fortaleza<\/h3>\n<ul>\n<li>Diariamente das 05h \u00e0s 00h<\/li>\n<\/ul>\n<h3>Onde Fica,\u00a0Endere\u00e7o e Telefone Bicicletar em Fortaleza<\/h3>\n<ul>\n<li>Esta\u00e7\u00e3o 1: Av. Santos Dumont, 1481-1589<\/li>\n<li>Esta\u00e7\u00e3o 2: R. Jos\u00e9 Vilar &#8211; Aldeota<\/li>\n<li>Esta\u00e7\u00e3o 8: R. Joaquim Nabuco &#8211; Meireles<\/li>\n<li>Esta\u00e7\u00e3o 9: Rua Deputado Moreira da Rocha, 475<\/li>\n<li>Esta\u00e7\u00e3o 10: R. Jos\u00e9 Vilar, S\/N &#8211; Meireles<\/li>\n<li>Esta\u00e7\u00e3o 11: Rua Canuto de Aguiar, 712B &#8211; Meireles<\/li>\n<li>Esta\u00e7\u00e3o 12: R. Ana Bilhar, 1001 &#8211; Meireles<\/li>\n<li>Esta\u00e7\u00e3o 13: Av. Beira Mar, 916 &#8211; Praia de Iracema<\/li>\n<li>Esta\u00e7\u00e3o 14: Av. Rui Barbosa, 1680 &#8211; Meireles<\/li>\n<li>Esta\u00e7\u00e3o 18: Pra\u00e7a do Ferreira, na Rua Floriano Peixoto, 625<\/li>\n<li>Esta\u00e7\u00e3o 23: UNIMED &#8211; Avenida Santos Dumont \/ Esquina Rua Jo\u00e3o Cordeiro<\/li>\n<li>Esta\u00e7\u00e3o 30: Av. Almirante Henrique Sab\u00f3ia &#8211; Dion\u00edsio Torres<\/li>\n<li>Esta\u00e7\u00e3o 33 &#8211; Shopping Benfica &#8211; Rua Juvenal Galeno<\/li>\n<li>Esta\u00e7\u00e3o 35 &#8211; Pra\u00e7a da Bandeira, na Meton de Alencar<\/li>\n<li>Esta\u00e7\u00e3o 38: Rod. Pres. Juscelino Kubitschek, 1 &#8211; Farias Brito<\/li>\n<li>Esta\u00e7\u00e3o 41: Av. Bezerra de Menezes, \u00c9rico Mota<\/li>\n<li>Esta\u00e7ao 42: Av. Bezerra de Menezes, 2500<\/li>\n<li>Esta\u00e7\u00e3o 51 &#8211; Rua Afrod\u00edsio Gondim, 622 &#8211; Bom Futuro<\/li>\n<\/ul>\n<h4>Outras informa\u00e7\u00f5es e site<\/h4>\n<ul>\n<li>Mais informa\u00e7\u00f5es:\u00a0<a href=\"http:\/\/www.bicicletar.com.br\/home.aspx\" target=\"_blank\" rel=\"noopener noreferrer\">www.bicicletar.com.br<\/a><\/li>\n<\/ul>\n<h4>Mapa de localiza\u00e7\u00e3o Esta\u00e7\u00e3o 1<\/h4>\n<a class=\"wp-colorbox-iframe\" href=\"https:\/\/www.google.com\/maps\/embed?pb=!1m18!1m12!1m3!1d3981.356376545467!2d-38.512751485241075!3d-3.732268897284591!2m3!1f0!2f0!3f0!3m2!1i1024!2i768!4f13.1!3m3!1m2!1s0x7c7485ec1f61a950xcdec69a026066817!2sAv.+Santos+Dumont+1481+-+Aldeota+Fortaleza+-+CE+60177-415!5e0!3m2!1spt-BR!2sbr!4v1544512708142\"><img decoding=\"async\" src=\"http:\/\/www.encontracampinas.com.br\/imgs\/maps-post.png\"><\/a>\n\n<div style=\"font-size: 0px; height: 0px; line-height: 0px; margin: 0; padding: 0; clear: both;\"><\/div>","protected":false},"excerpt":{"rendered":"<p>O Bicicletar Fortaleza\u00a0\u00e9 o\u00a0sistema de bicicletas p\u00fablicas\u00a0da cidade. O sistema foi lan\u00e7ado em 15 de dezembro de 2014, por meio de parceria da\u00a0Prefeitura de Fortaleza\u00a0com a\u00a0Unimed, operado pela concession\u00e1ria Serttel. Inicialmente, o sistema possu\u00eda 150 bicicletas dispon\u00edveis em 15 esta\u00e7\u00f5es de aluguel distribu\u00eddas nos bairros\u00a0Aldeota,\u00a0Varjota,\u00a0Meireles\u00a0e\u00a0Praia de Iracema. Em mar\u00e7o de 2015, o sistema contava com 40 esta\u00e7\u00f5es e 400 bicicletas dispon\u00edveis para aluguel em diversos bairros da cidade.\u00a0A\u00a0Unimed\u00a0foi a patrocinadora da primeira fase do projeto. Nos primeiros tr\u00eas meses de funcionamento, o sistema contabilizou 73 mil viagens.\u00a0Mais utilizado nos dias \u00fateis, o sistema conta com mais de 120 mil usu\u00e1rios <\/p>\n","protected":false},"author":1,"featured_media":0,"parent":0,"menu_order":0,"comment_status":"closed","ping_status":"closed","template":"","meta":{"footnotes":""},"class_list":["post-811","page","type-page","status-publish","hentry"],"aioseo_notices":[],"_links":{"self":[{"href":"https:\/\/www.encontrafortaleza.com\/sobre\/wp-json\/wp\/v2\/pages\/811"}],"collection":[{"href":"https:\/\/www.encontrafortaleza.com\/sobre\/wp-json\/wp\/v2\/pages"}],"about":[{"href":"https:\/\/www.encontrafortaleza.com\/sobre\/wp-json\/wp\/v2\/types\/page"}],"author":[{"embeddable":true,"href":"https:\/\/www.encontrafortaleza.com\/sobre\/wp-json\/wp\/v2\/users\/1"}],"replies":[{"embeddable":true,"href":"https:\/\/www.encontrafortaleza.com\/sobre\/wp-json\/wp\/v2\/comments?post=811"}],"version-history":[{"count":0,"href":"https:\/\/www.encontrafortaleza.com\/sobre\/wp-json\/wp\/v2\/pages\/811\/revisions"}],"wp:attachment":[{"href":"https:\/\/www.encontrafortaleza.com\/sobre\/wp-json\/wp\/v2\/media?parent=811"}],"curies":[{"name":"wp","href":"https:\/\/api.w.org\/{rel}","templated":true}]}}