{"id":815,"date":"2018-12-11T05:47:11","date_gmt":"2018-12-11T07:47:11","guid":{"rendered":"http:\/\/www.encontrafortaleza.com\/sobre\/?page_id=815"},"modified":"2019-03-07T05:37:00","modified_gmt":"2019-03-07T08:37:00","slug":"vapt-vupt-fortaleza","status":"publish","type":"page","link":"https:\/\/www.encontrafortaleza.com\/sobre\/vapt-vupt-fortaleza\/","title":{"rendered":"Vapt Vupt Fortaleza"},"content":{"rendered":"<div class=\"2ad529334b11458fd7d9bde3e187e581\" data-index=\"1\" style=\"float: left; margin: 5px 5px 5px 0;\">\n<!-- EBR \/Novo-Bairro-Topo\/ 300x250 -->\r\n<ins class=\"adsbygoogle\"\r\n     style=\"display:inline-block;width:300px;height:250px\"\r\n     data-ad-client=\"ca-pub-6414922941841817\"\r\n     data-ad-slot=\"5351822287\"><\/ins>\r\n<script>\r\n(adsbygoogle = window.adsbygoogle || []).push({});\r\n<\/script>\n<\/div>\n<p>O <strong>Vapt Vupt Fortaleza<\/strong> \u00e9 uma central de servi\u00e7os que oferece servi\u00e7os como atendimento <a href=\"https:\/\/www.cagece.com.br\/\" target=\"_blank\" rel=\"noopener\">Cagece<\/a> e <a href=\"http:\/\/www.encontrafortaleza.com\/sobre\/detran-fortaleza\/\" target=\"_blank\" rel=\"noopener\">Detran<\/a>; consulta ao SPC (CDL); Cadastro \u00danico, que permite a inclus\u00e3o no programa federal Bolsa-Fam\u00edlia; emiss\u00e3o de carteira de estudante; solicita\u00e7\u00e3o de seguro-desemprego, entre outros.<\/p>\n<p>Al\u00e9m das unidades em Fortaleza, nos bairros Messejana e Ant\u00f4nio Bezerra, o Vapt Vupt conta com unidades nos munic\u00edpios Juazeiro do Norte e Sobral.<\/p>\n<p><img loading=\"lazy\" decoding=\"async\" class=\"alignnone wp-image-816 size-full\" title=\"Vapt Vupt Fortaleza\" src=\"http:\/\/www.encontrafortaleza.com\/sobre\/wp-content\/uploads\/2018\/12\/vapt-vupt-fortaleza.gif\" alt=\"Vapt Vupt Fortaleza\" width=\"680\" height=\"189\" \/><\/p>\n<h2>Vapt Vupt Fortaleza Agendamento<\/h2>\n<p>Para fazer o <em>agendamento<\/em> do seu servi\u00e7o basta acessar o site e escolher o posto mais pr\u00f3ximo da sua resid\u00eancia e a data que melhor se encaixa na sua agenda. Antes de fazer esse agendamento \u00e9 necess\u00e1rio fazer o seu cadastro no site.<\/p>\n<h3>Vapt Vupt Fortaleza Servi\u00e7os<\/h3>\n<p><em>O Vapt Vupt oferece os seguintes servi\u00e7os:<\/em><\/p>\n<ul>\n<li>Detran<\/li>\n<li>Servi\u00e7os de \u00c1gua e Esgoto<\/li>\n<li>Detran<\/li>\n<li>Bancos<\/li>\n<li>INSS<\/li>\n<li>Defensoria P\u00fablica<\/li>\n<li>Sine<\/li>\n<li>Junta Comercial<\/li>\n<li>Defensoria P\u00fablica<\/li>\n<li>Receita Federal<\/li>\n<li>Sebrae<\/li>\n<\/ul>\n<h3>Hor\u00e1rio de Funcionamento Vapt Vupt em Fortaleza<\/h3>\n<ul>\n<li>Segunda a Sexta: das 08h \u00e0s 17h<\/li>\n<\/ul>\n<h3>Onde Fica,\u00a0Endere\u00e7o e Telefone Vapt Vupt em Fortaleza<\/h3>\n<ul>\n<li><strong>Vapt Vupt Messejena:\u00a0<\/strong>Av. Jornalista Tomaz Coelho, 408 &#8211; Telefone: (85) 3218-5200<\/li>\n<li><strong>Vapt Vupt Antonio Bezerra:\u00a0<\/strong>Rua Dem\u00e9trio de Meneses, 3750 &#8211; Telefone:\u00a0(85) 3207-1519<\/li>\n<li><strong>Vapt Vupt Juazeiro:\u00a0<\/strong>Rua Interventor Francisco Erivano Cruz, 120 &#8211; Telefone:\u00a0(88) 3572-4700<\/li>\n<li><strong>Vapt Vupt Sobral:<\/strong> Rua Coronel Jos\u00e9 Silv\u00e9rio, 201 &#8211; Telefone:\u00a0(88) 3695-3100<\/li>\n<\/ul>\n<h4>Outras informa\u00e7\u00f5es e site<\/h4>\n<ul>\n<li>Mais informa\u00e7\u00f5es:\u00a0<a href=\"https:\/\/www.sejus.ce.gov.br\/vapt-vupt\/\" target=\"_blank\" rel=\"noopener noreferrer\">www.sejus.ce.gov.br\/vapt-vupt<\/a><\/li>\n<\/ul>\n<h4>Mapa de localiza\u00e7\u00e3o Vapt Vupt Messejena<\/h4>\n<a class=\"wp-colorbox-iframe\" href=\"https:\/\/www.google.com\/maps\/embed?pb=!1m18!1m12!1m3!1d3980.8986687779243!2d-38.502737485240665!3d-3.8319157972125386!2m3!1f0!2f0!3f0!3m2!1i1024!2i768!4f13.1!3m3!1m2!1s0x7c74fe21640c4dd0x2bd89bb631258fd6!2sAv.+Jornalista+Tomaz+Coelho+408+-+Messejana+Fortaleza+-+CE+60842-040!5e0!3m2!1spt-BR!2sbr!4v1544514231939\"><img decoding=\"async\" src=\"http:\/\/www.encontracampinas.com.br\/imgs\/maps-post.png\"><\/a>\n\n<div style=\"font-size: 0px; height: 0px; line-height: 0px; margin: 0; padding: 0; clear: both;\"><\/div>","protected":false},"excerpt":{"rendered":"<p>O Vapt Vupt Fortaleza \u00e9 uma central de servi\u00e7os que oferece servi\u00e7os como atendimento Cagece e Detran; consulta ao SPC (CDL); Cadastro \u00danico, que permite a inclus\u00e3o no programa federal Bolsa-Fam\u00edlia; emiss\u00e3o de carteira de estudante; solicita\u00e7\u00e3o de seguro-desemprego, entre outros. Al\u00e9m das unidades em Fortaleza, nos bairros Messejana e Ant\u00f4nio Bezerra, o Vapt Vupt conta com unidades nos munic\u00edpios Juazeiro do Norte e Sobral. Vapt Vupt Fortaleza Agendamento Para fazer o agendamento do seu servi\u00e7o basta acessar o site e escolher o posto mais pr\u00f3ximo da sua resid\u00eancia e a data que melhor se encaixa na sua agenda. Antes <\/p>\n","protected":false},"author":1,"featured_media":0,"parent":0,"menu_order":0,"comment_status":"closed","ping_status":"closed","template":"","meta":{"footnotes":""},"class_list":["post-815","page","type-page","status-publish","hentry"],"aioseo_notices":[],"_links":{"self":[{"href":"https:\/\/www.encontrafortaleza.com\/sobre\/wp-json\/wp\/v2\/pages\/815"}],"collection":[{"href":"https:\/\/www.encontrafortaleza.com\/sobre\/wp-json\/wp\/v2\/pages"}],"about":[{"href":"https:\/\/www.encontrafortaleza.com\/sobre\/wp-json\/wp\/v2\/types\/page"}],"author":[{"embeddable":true,"href":"https:\/\/www.encontrafortaleza.com\/sobre\/wp-json\/wp\/v2\/users\/1"}],"replies":[{"embeddable":true,"href":"https:\/\/www.encontrafortaleza.com\/sobre\/wp-json\/wp\/v2\/comments?post=815"}],"version-history":[{"count":0,"href":"https:\/\/www.encontrafortaleza.com\/sobre\/wp-json\/wp\/v2\/pages\/815\/revisions"}],"wp:attachment":[{"href":"https:\/\/www.encontrafortaleza.com\/sobre\/wp-json\/wp\/v2\/media?parent=815"}],"curies":[{"name":"wp","href":"https:\/\/api.w.org\/{rel}","templated":true}]}}