{"id":818,"date":"2018-12-11T06:16:48","date_gmt":"2018-12-11T08:16:48","guid":{"rendered":"http:\/\/www.encontrafortaleza.com\/sobre\/?page_id=818"},"modified":"2018-12-11T06:16:48","modified_gmt":"2018-12-11T08:16:48","slug":"imparh-fortaleza","status":"publish","type":"page","link":"https:\/\/www.encontrafortaleza.com\/sobre\/imparh-fortaleza\/","title":{"rendered":"Imparh Fortaleza"},"content":{"rendered":"<div class=\"2ad529334b11458fd7d9bde3e187e581\" data-index=\"1\" style=\"float: left; margin: 5px 5px 5px 0;\">\n<!-- EBR \/Novo-Bairro-Topo\/ 300x250 -->\r\n<ins class=\"adsbygoogle\"\r\n     style=\"display:inline-block;width:300px;height:250px\"\r\n     data-ad-client=\"ca-pub-6414922941841817\"\r\n     data-ad-slot=\"5351822287\"><\/ins>\r\n<script>\r\n(adsbygoogle = window.adsbygoogle || []).push({});\r\n<\/script>\n<\/div>\n<p>O <strong>Imparh Fortaleza<\/strong> \u00e9 o Instituto Municipal de Pesquisa Administra\u00e7\u00e3o e Recursos Humanos que tem a miss\u00e3o de ter excel\u00eancia na presta\u00e7\u00e3o de servi\u00e7os para a administra\u00e7\u00e3o p\u00fablica, visando \u00e0 melhoria permanente dos servi\u00e7os p\u00fablicos prestados \u00e0 comunidade.<\/p>\n<p><em><img loading=\"lazy\" decoding=\"async\" class=\"alignnone wp-image-819 size-full\" title=\"Imparh Fortaleza\" src=\"http:\/\/www.encontrafortaleza.com\/sobre\/wp-content\/uploads\/2018\/12\/imparh-fortaleza.gif\" alt=\"Imparh Fortaleza\" width=\"680\" height=\"189\" \/><\/em><\/p>\n<h2>Imparh Fortaleza Cursos<\/h2>\n<p>O Imparh Fortaleza oferece os seguintes <em>cursos:<\/em><\/p>\n<ul>\n<li class=\"_50f4\">Centro de L\u00ednguas<\/li>\n<li class=\"_50f4\">Cursos de Extens\u00e3o<\/li>\n<li class=\"_50f4\">Plant\u00e3o Gramatical<\/li>\n<li class=\"_50f4\">Forma\u00e7\u00e3o de Servidores<\/li>\n<li class=\"_50f4\">Concursos e Sele\u00e7\u00f5es<\/li>\n<li class=\"_50f4\">Programa Gente de Valor<\/li>\n<\/ul>\n<h3>Instituto Municipal de Pesquisa Administra\u00e7\u00e3o e Recursos Humanos Fortaleza Inscri\u00e7\u00f5es<\/h3>\n<p>Para fazer <em>inscri\u00e7\u00e3o<\/em> nas provas do Imparh basta acessar o site e clicar na aba concursos e sele\u00e7\u00f5es, clique no \u00edtem que mais lhe interessa e fa\u00e7a a sua inscri\u00e7\u00e3o e imprima o boleto.<em><br \/>\n<\/em><\/p>\n<h3>Imparh Fortaleza Centro de l\u00ednguas<\/h3>\n<p>Para fazer cursos de l\u00ednguas \u00e9 necess\u00e1rio passar pelo processo seletivo. Clique em concurso e processos seletivos e procure o <em>centro de l\u00ednguas<\/em> e n\u00e3o perca a data da prova para fazer o curso.<em><br \/>\n<\/em><\/p>\n<h3>Hor\u00e1rio de Funcionamento Imparh em Fortaleza<\/h3>\n<ul>\n<li>Segunda a Sexta: das 08h30 \u00e0s 12h e das 13h30 \u00e0s 16h30<\/li>\n<\/ul>\n<h3>Onde Fica,\u00a0Endere\u00e7o e Telefone Imparh em Fortaleza<\/h3>\n<ul>\n<li>Av. Jo\u00e3o Pessoa, 5609 &#8211; Damas &#8211; Fortaleza &#8211; CE<\/li>\n<li>Telefone: (85) 3433-2979<\/li>\n<\/ul>\n<h4>Outras informa\u00e7\u00f5es e site<\/h4>\n<ul>\n<li>Mais informa\u00e7\u00f5es:\u00a0<a href=\"https:\/\/concursos.fortaleza.ce.gov.br\" target=\"_blank\" rel=\"noopener noreferrer\">www.concursos.fortaleza.ce.gov.br<\/a><\/li>\n<\/ul>\n<h4>Mapa de localiza\u00e7\u00e3o<\/h4>\n<a class=\"wp-colorbox-iframe\" href=\"https:\/\/www.google.com\/maps\/embed?pb=!1m18!1m12!1m3!1d3981.2305292213755!2d-38.55811528524094!3d-3.7599297972645878!2m3!1f0!2f0!3f0!3m2!1i1024!2i768!4f13.1!3m3!1m2!1s0x7c7494e58a1b4db0xfa8c0229bda6c53d!2sAv.+Joo+Pessoa+5609+-+Damas+Fortaleza+-+CE+60425-685!5e0!3m2!1spt-BR!2sbr!4v1544515986190\"><img decoding=\"async\" src=\"http:\/\/www.encontracampinas.com.br\/imgs\/maps-post.png\"><\/a>\n\n<div style=\"font-size: 0px; height: 0px; line-height: 0px; margin: 0; padding: 0; clear: both;\"><\/div>","protected":false},"excerpt":{"rendered":"<p>O Imparh Fortaleza \u00e9 o Instituto Municipal de Pesquisa Administra\u00e7\u00e3o e Recursos Humanos que tem a miss\u00e3o de ter excel\u00eancia na presta\u00e7\u00e3o de servi\u00e7os para a administra\u00e7\u00e3o p\u00fablica, visando \u00e0 melhoria permanente dos servi\u00e7os p\u00fablicos prestados \u00e0 comunidade. Imparh Fortaleza Cursos O Imparh Fortaleza oferece os seguintes cursos: Centro de L\u00ednguas Cursos de Extens\u00e3o Plant\u00e3o Gramatical Forma\u00e7\u00e3o de Servidores Concursos e Sele\u00e7\u00f5es Programa Gente de Valor Instituto Municipal de Pesquisa Administra\u00e7\u00e3o e Recursos Humanos Fortaleza Inscri\u00e7\u00f5es Para fazer inscri\u00e7\u00e3o nas provas do Imparh basta acessar o site e clicar na aba concursos e sele\u00e7\u00f5es, clique no \u00edtem que mais lhe <\/p>\n","protected":false},"author":1,"featured_media":0,"parent":0,"menu_order":0,"comment_status":"closed","ping_status":"closed","template":"","meta":{"footnotes":""},"class_list":["post-818","page","type-page","status-publish","hentry"],"aioseo_notices":[],"_links":{"self":[{"href":"https:\/\/www.encontrafortaleza.com\/sobre\/wp-json\/wp\/v2\/pages\/818"}],"collection":[{"href":"https:\/\/www.encontrafortaleza.com\/sobre\/wp-json\/wp\/v2\/pages"}],"about":[{"href":"https:\/\/www.encontrafortaleza.com\/sobre\/wp-json\/wp\/v2\/types\/page"}],"author":[{"embeddable":true,"href":"https:\/\/www.encontrafortaleza.com\/sobre\/wp-json\/wp\/v2\/users\/1"}],"replies":[{"embeddable":true,"href":"https:\/\/www.encontrafortaleza.com\/sobre\/wp-json\/wp\/v2\/comments?post=818"}],"version-history":[{"count":0,"href":"https:\/\/www.encontrafortaleza.com\/sobre\/wp-json\/wp\/v2\/pages\/818\/revisions"}],"wp:attachment":[{"href":"https:\/\/www.encontrafortaleza.com\/sobre\/wp-json\/wp\/v2\/media?parent=818"}],"curies":[{"name":"wp","href":"https:\/\/api.w.org\/{rel}","templated":true}]}}