{"id":830,"date":"2018-12-11T08:45:47","date_gmt":"2018-12-11T10:45:47","guid":{"rendered":"http:\/\/www.encontrafortaleza.com\/sobre\/?page_id=830"},"modified":"2019-01-02T10:51:56","modified_gmt":"2019-01-02T12:51:56","slug":"populacao-de-fortaleza","status":"publish","type":"page","link":"https:\/\/www.encontrafortaleza.com\/sobre\/populacao-de-fortaleza\/","title":{"rendered":"Popula\u00e7\u00e3o de Fortaleza"},"content":{"rendered":"<div class=\"2ad529334b11458fd7d9bde3e187e581\" data-index=\"1\" style=\"float: left; margin: 5px 5px 5px 0;\">\n<!-- EBR \/Novo-Bairro-Topo\/ 300x250 -->\r\n<ins class=\"adsbygoogle\"\r\n     style=\"display:inline-block;width:300px;height:250px\"\r\n     data-ad-client=\"ca-pub-6414922941841817\"\r\n     data-ad-slot=\"5351822287\"><\/ins>\r\n<script>\r\n(adsbygoogle = window.adsbygoogle || []).push({});\r\n<\/script>\n<\/div>\n<p>Fortaleza est\u00e1 localizada no litoral\u00a0Atl\u00e2ntico, a uma\u00a0altitude\u00a0m\u00e9dia de dezesseis metros, com 34\u00a0km de praias.<\/p>\n<p>Fortaleza possui 313,140\u00a0km\u00b2 de \u00e1rea e a <strong>popula\u00e7\u00e3o<\/strong> em n\u00famero de 2.643.247 habitantes estimados em 2018, al\u00e9m da maior\u00a0densidade demogr\u00e1fica\u00a0entre as capitais do pa\u00eds, com 8\u00a0390,76\u00a0hab\/km\u00b2. \u00c9 a maior cidade do Cear\u00e1 em popula\u00e7\u00e3o e a\u00a0quinta do Brasil.<\/p>\n<p><img loading=\"lazy\" decoding=\"async\" class=\"alignnone wp-image-832 size-full\" title=\"Popula\u00e7\u00e3o de Fortaleza\" src=\"http:\/\/www.encontrafortaleza.com\/sobre\/wp-content\/uploads\/2018\/12\/popula\u00e7\u00e3o-fortaleza.gif\" alt=\"Popula\u00e7\u00e3o de Fortaleza\" width=\"680\" height=\"189\" \/><\/p>\n<h2>Popula\u00e7\u00e3o de Fortaleza &#8211; IDH<\/h2>\n<p>O\u00a0\u00cdndice de Desenvolvimento Humano\u00a0Municipal (<em>IDH<\/em>-M) de Fortaleza \u00e9 considerado alto pelo Programa das Na\u00e7\u00f5es Unidas para o Desenvolvimento (PNUD), com valor de 0,754, composto pelos fatores\u00a0renda\u00a0(0,749),\u00a0longevidade\u00a0(0,824) e educa\u00e7\u00e3o (0,695). A cidade possui todos os indicadores acima da m\u00e9dia nacional segundo o PNUD.\u00a0Em 2010, 86,2% da popula\u00e7\u00e3o vivia acima da\u00a0linha de pobreza, 8,6% encontrava-se na linha da pobreza e 5,2% estava abaixo<span style=\"font-size: 13.3333px;\">.<\/span>\u00a0J\u00e1 o\u00a0coeficiente de Gini, que mede a\u00a0desigualdade social, era de 0,627, sendo 1,00 \u00e9 o pior n\u00famero e 0,00 \u00e9 o melhor.\u00a0A participa\u00e7\u00e3o dos 20% da popula\u00e7\u00e3o mais rica da cidade no rendimento total municipal era de 66,6%, ou seja, 23,5 vezes superior \u00e0 dos 20% mais pobres, que era de 2,8%.<\/p>\n<h3>Popula\u00e7\u00e3o de Fortaleza &#8211; IBGE<\/h3>\n<p>No censo de 2010 do<em>\u00a0IBGE<\/em>, a Popula\u00e7\u00e3o de Fortaleza era composta por 2.452.185 habitantes, fazendo do munic\u00edpio o mais populoso do estado do Cear\u00e1 e o segundo entre as regi\u00f5es Norte e Nordeste do pa\u00eds. O munic\u00edpio det\u00e9m, ainda, a maior densidade demogr\u00e1fica do Brasil, com 7.786,4\u00a0hab\/km\u00b2.\u00a0De acordo com o mesmo censo, 1.304.267 habitantes eram mulheres, equivalendo a 53,19% da popula\u00e7\u00e3o, e 1\u00a0147\u00a0918, homens, representando 46,81% do total.<\/p>\n<p>Em 2010, a popula\u00e7\u00e3o era composta por 1.403.292\u00a0pardos\u00a0(57,23%), 901.816\u00a0brancos\u00a0(36,78%), 110.811\u00a0negros\u00a0(4,52%), 33.161\u00a0amarelos\u00a0(1,35%) e 3.071\u00a0ind\u00edgenas\u00a0(0,13%).\u00a0Do montante populacional do munic\u00edpio, 2.291.687 pessoas (93,45%) eram naturais do Cear\u00e1 e, desse total, 1.715.123 (69,94%) nasceram em Fortaleza.\u00a0Considerando-se a\u00a0regi\u00e3o\u00a0de nascimento, os habitantes vindos da regi\u00e3o Nordeste do pa\u00eds foram estimados em 2.374.029 (96,81%), 37.700 (1,54%) eram oriundos da\u00a0regi\u00e3o Sudeste, 17.257 (0,70%), da\u00a0regi\u00e3o Norte, 5.716 (0,23%), da\u00a0regi\u00e3o Sul\u00a0e 6.404 (0,26%), da\u00a0regi\u00e3o Centro-Oeste.\u00a0Entre os naturais de outras unidades da federa\u00e7\u00e3o,\u00a0Piau\u00ed\u00a0era o estado com maior presen\u00e7a, com 21.384 pessoas (0,88%), seguido por\u00a0S\u00e3o Paulo, com 21.384 residentes (0,87%), e pelo\u00a0Maranh\u00e3o, com 16.532 habitantes residentes no munic\u00edpio (0,67%).<\/p>\n<h3>Popula\u00e7\u00e3o de Fortaleza &#8211; Regi\u00e3o Metropolitana<\/h3>\n<p>A\u00a0Regi\u00e3o Metropolitana de Fortaleza\u00a0\u00e9 a sexta mais populosa do Brasil e a primeira do Norte e Nordeste, com 4.051.744 habitantes em 2017. \u00c9 a cidade nordestina com a maior\u00a0\u00e1rea de influ\u00eancia regional\u00a0e possui a terceira maior\u00a0rede urbana\u00a0do Brasil em popula\u00e7\u00e3o, atr\u00e1s apenas de\u00a0S\u00e3o Paulo\u00a0e do\u00a0Rio de Janeiro.<\/p>\n<p>Todos viviam em\u00a0zona urbana\u00a0e n\u00e3o existia\u00a0zona rural\u00a0no munic\u00edpio.\u00a0Da popula\u00e7\u00e3o total naquele ano, 554\u00a0737 habitantes (22,62%) tinham menos que 15 anos, 1.736.138 habitantes (70,80%) tinham de 15 a 64 anos e 161.310 pessoas (6,58%) possu\u00edam mais de 65. J\u00e1 a\u00a0esperan\u00e7a de vida\u00a0ao nascer era de 74,4 anos e a\u00a0taxa de fecundidade\u00a0total por mulher era de 1,6.\u00a0Em 2015, foram estimados 2.591.188 habitantes. Fortaleza possui uma \u00e1rea de influ\u00eancia regional que forma a terceira maior rede urbana do Brasil, com popula\u00e7\u00e3o de 20.573.035 em 2008.<\/p>\n<h3>Mapa da Popula\u00e7\u00e3o de Fortaleza<\/h3>\n<p><img loading=\"lazy\" decoding=\"async\" class=\"alignnone wp-image-831 size-full\" title=\"Mapa da Popula\u00e7\u00e3o de Fortaleza\" src=\"http:\/\/www.encontrafortaleza.com\/sobre\/wp-content\/uploads\/2018\/12\/mapa-da-popula\u00e7\u00e3o-fortaleza.gif\" alt=\"Mapa da Popula\u00e7\u00e3o de Fortaleza\" width=\"600\" height=\"421\" \/><\/p>\n<p>&nbsp;<\/p>\n<h3>Popula\u00e7\u00e3o de Fortaleza Bairros mais populosos<\/h3>\n<p><img loading=\"lazy\" decoding=\"async\" class=\"alignnone wp-image-1027 size-full\" title=\"Bairros mais populosos\" src=\"https:\/\/www.encontrafortaleza.com\/sobre\/wp-content\/uploads\/2019\/01\/bairros.png\" alt=\"Bairros mais populosos\" width=\"1136\" height=\"470\" srcset=\"https:\/\/www.encontrafortaleza.com\/sobre\/wp-content\/uploads\/2019\/01\/bairros.png 1136w, https:\/\/www.encontrafortaleza.com\/sobre\/wp-content\/uploads\/2019\/01\/bairros-300x124.png 300w, https:\/\/www.encontrafortaleza.com\/sobre\/wp-content\/uploads\/2019\/01\/bairros-768x318.png 768w, https:\/\/www.encontrafortaleza.com\/sobre\/wp-content\/uploads\/2019\/01\/bairros-1024x424.png 1024w\" sizes=\"(max-width: 1136px) 100vw, 1136px\" \/><\/p>\n\n<div style=\"font-size: 0px; height: 0px; line-height: 0px; margin: 0; padding: 0; clear: both;\"><\/div>","protected":false},"excerpt":{"rendered":"<p>Fortaleza est\u00e1 localizada no litoral\u00a0Atl\u00e2ntico, a uma\u00a0altitude\u00a0m\u00e9dia de dezesseis metros, com 34\u00a0km de praias. Fortaleza possui 313,140\u00a0km\u00b2 de \u00e1rea e a popula\u00e7\u00e3o em n\u00famero de 2.643.247 habitantes estimados em 2018, al\u00e9m da maior\u00a0densidade demogr\u00e1fica\u00a0entre as capitais do pa\u00eds, com 8\u00a0390,76\u00a0hab\/km\u00b2. \u00c9 a maior cidade do Cear\u00e1 em popula\u00e7\u00e3o e a\u00a0quinta do Brasil. Popula\u00e7\u00e3o de Fortaleza &#8211; IDH O\u00a0\u00cdndice de Desenvolvimento Humano\u00a0Municipal (IDH-M) de Fortaleza \u00e9 considerado alto pelo Programa das Na\u00e7\u00f5es Unidas para o Desenvolvimento (PNUD), com valor de 0,754, composto pelos fatores\u00a0renda\u00a0(0,749),\u00a0longevidade\u00a0(0,824) e educa\u00e7\u00e3o (0,695). A cidade possui todos os indicadores acima da m\u00e9dia nacional segundo o PNUD.\u00a0Em 2010, <\/p>\n","protected":false},"author":1,"featured_media":0,"parent":0,"menu_order":0,"comment_status":"closed","ping_status":"closed","template":"","meta":{"footnotes":""},"class_list":["post-830","page","type-page","status-publish","hentry"],"aioseo_notices":[],"_links":{"self":[{"href":"https:\/\/www.encontrafortaleza.com\/sobre\/wp-json\/wp\/v2\/pages\/830"}],"collection":[{"href":"https:\/\/www.encontrafortaleza.com\/sobre\/wp-json\/wp\/v2\/pages"}],"about":[{"href":"https:\/\/www.encontrafortaleza.com\/sobre\/wp-json\/wp\/v2\/types\/page"}],"author":[{"embeddable":true,"href":"https:\/\/www.encontrafortaleza.com\/sobre\/wp-json\/wp\/v2\/users\/1"}],"replies":[{"embeddable":true,"href":"https:\/\/www.encontrafortaleza.com\/sobre\/wp-json\/wp\/v2\/comments?post=830"}],"version-history":[{"count":0,"href":"https:\/\/www.encontrafortaleza.com\/sobre\/wp-json\/wp\/v2\/pages\/830\/revisions"}],"wp:attachment":[{"href":"https:\/\/www.encontrafortaleza.com\/sobre\/wp-json\/wp\/v2\/media?parent=830"}],"curies":[{"name":"wp","href":"https:\/\/api.w.org\/{rel}","templated":true}]}}