{"id":87,"date":"2018-03-28T14:13:03","date_gmt":"2018-03-28T17:13:03","guid":{"rendered":"http:\/\/www.encontrafortaleza.com\/sobre\/?page_id=87"},"modified":"2018-03-28T14:14:21","modified_gmt":"2018-03-28T17:14:21","slug":"shopping-fortaleza-sul","status":"publish","type":"page","link":"https:\/\/www.encontrafortaleza.com\/sobre\/shopping-fortaleza-sul\/","title":{"rendered":"Shopping Fortaleza Sul"},"content":{"rendered":"<div class=\"2ad529334b11458fd7d9bde3e187e581\" data-index=\"1\" style=\"float: left; margin: 5px 5px 5px 0;\">\n<!-- EBR \/Novo-Bairro-Topo\/ 300x250 -->\r\n<ins class=\"adsbygoogle\"\r\n     style=\"display:inline-block;width:300px;height:250px\"\r\n     data-ad-client=\"ca-pub-6414922941841817\"\r\n     data-ad-slot=\"5351822287\"><\/ins>\r\n<script>\r\n(adsbygoogle = window.adsbygoogle || []).push({});\r\n<\/script>\n<\/div>\n<p>Localizado no conhecido <em>bairro F\u00e1tima<\/em>, o <em>Fortaleza Sul<\/em> \u00e9 um Shopping center inaugurado em 16 de Maio de 1996 e bastante conhecido por possuir mais de 150 lojas de varejo e atacado.<\/p>\n<p>Com 21 anos de hist\u00f3ria, o <strong>Shopping Fortaleza Sul<\/strong> recebe grande n\u00famero de clientes, todos os dias, que buscam lazer, boa comida e o que h\u00e1 de melhor e mais atual no cen\u00e1rio da moda no Brasil e no mundo.<\/p>\n<p><img loading=\"lazy\" decoding=\"async\" class=\"alignnone wp-image-88 size-full\" title=\"Shopping Fortaleza Sul\" src=\"http:\/\/www.encontrafortaleza.com\/sobre\/wp-content\/uploads\/2018\/03\/shopping-fortaleza-sul.jpg\" alt=\"Shopping Fortaleza Sul\" width=\"680\" height=\"189\" srcset=\"https:\/\/www.encontrafortaleza.com\/sobre\/wp-content\/uploads\/2018\/03\/shopping-fortaleza-sul.jpg 680w, https:\/\/www.encontrafortaleza.com\/sobre\/wp-content\/uploads\/2018\/03\/shopping-fortaleza-sul-300x83.jpg 300w\" sizes=\"(max-width: 680px) 100vw, 680px\" \/><\/p>\n<p>O Shopping \u00e9 uma pequena cidade com <em>lojas, lanchonetes, restaurantes, estacionamento<\/em> e com amplos espa\u00e7os de circula\u00e7\u00e3o.<\/p>\n<p>Chama aten\u00e7\u00e3o pela altura das fachadas das lojas, este detalhe aquirtet\u00f4nico torna o shopping muito charmoso e diferente.<\/p>\n<h2>Shopping Fortaleza Sul Atacado<\/h2>\n<p>O <em>Fortaleza Sul<\/em> possui um <em>mix de 167 lojas<\/em>\u00a0de atacado e varejo que oferecem o que h\u00e1 de melhor e mais atual na moda. S\u00e3o lojas de <em>acess\u00f3rios, jeans, plus, praia e fitness, masculina, \u00edntima, cal\u00e7ados, j\u00f3ias, bijouterias, \u00f3culos, perfumaria, variedades,\u00a0<\/em>entre outras.<\/p>\n<h3>Shopping Fortaleza Sul Bazar<\/h3>\n<p>\u00c9 comum o shopping promover um <em>mega bazar<\/em> todo ano para atrair clientes, com pe\u00e7as de roupas, acess\u00f3rios etc, com grandes descontos.<\/p>\n<p>Para mais informa\u00e7\u00f5es, acesse o site ou as redes sociais do Fortaleza Sul.<\/p>\n<h3>Shopping Fortaleza Sul Cinema<\/h3>\n<p>O Fortaleza Sul n\u00e3o possui cinema por ser um shopping especializado em lojas de varejo e atacado<em>.<br \/>\n<\/em><\/p>\n<h3>Shopping Fortaleza Sul Lojas<\/h3>\n<p>O Shopping Fortaleza Sul possui <span style=\"text-decoration: underline;\">167<\/span>\u00a0lojas variadas, de atacado e tamb\u00e9m varejo: lojas de <em>cal\u00e7ados, \u00f3culos, perfumarias, praia, lojas de esportes, lojas masculina, \u00edntima, lojas de acess\u00f3rios, jeans<\/em> e muito mais.<\/p>\n<h3>Hor\u00e1rio de Funcionamento Shopping Fortaleza Sul<\/h3>\n<ul>\n<li>Segunda a Sexta: das 07:30 \u00e0s 17:30\/ S\u00e1bado: das 09:00 \u00e0s 13h<\/li>\n<\/ul>\n<h3>Endere\u00e7o e Telefone Shopping Fortaleza Sul<\/h3>\n<ul>\n<li>Av. Luciano Carneiro, 1333 &#8211; Fatima, Fortaleza &#8211; CE<\/li>\n<li>Telefone: (85) 3256-1350<\/li>\n<\/ul>\n<h4>Outras informa\u00e7\u00f5es e site<\/h4>\n<ul>\n<li>Mais informa\u00e7\u00f5es:\u00a0<a href=\"http:\/\/www.shoppingfortalezasul.com.br\" target=\"_blank\" rel=\"noopener noreferrer\">www.shoppingfortalezasul.com.br<\/a><\/li>\n<li>E-mail:\u00a0contato@shoppingfortalezasul.com.br<\/li>\n<\/ul>\n<h4>Mapa de localiza\u00e7\u00e3o<\/h4>\n<a class=\"wp-colorbox-iframe\" href=\"https:\/\/www.google.com\/maps\/embed?pb=!1m14!1m8!1m3!1d15924.922288532709!2d-38.534786!3d-3.7599204!3m2!1i1024!2i768!4f13.1!3m3!1m2!1s0x00x4cfdff4bc6c8f3de!2sShopping+Fortaleza+Sul!5e0!3m2!1spt-BR!2sbr!4v1522256535887\"><img decoding=\"async\" src=\"http:\/\/www.encontrafortaleza.com\/imgs\/maps-post.png\"><\/a>\n\n<div style=\"font-size: 0px; height: 0px; line-height: 0px; margin: 0; padding: 0; clear: both;\"><\/div>","protected":false},"excerpt":{"rendered":"<p>Localizado no conhecido bairro F\u00e1tima, o Fortaleza Sul \u00e9 um Shopping center inaugurado em 16 de Maio de 1996 e bastante conhecido por possuir mais de 150 lojas de varejo e atacado. Com 21 anos de hist\u00f3ria, o Shopping Fortaleza Sul recebe grande n\u00famero de clientes, todos os dias, que buscam lazer, boa comida e o que h\u00e1 de melhor e mais atual no cen\u00e1rio da moda no Brasil e no mundo. O Shopping \u00e9 uma pequena cidade com lojas, lanchonetes, restaurantes, estacionamento e com amplos espa\u00e7os de circula\u00e7\u00e3o. Chama aten\u00e7\u00e3o pela altura das fachadas das lojas, este detalhe aquirtet\u00f4nico <\/p>\n","protected":false},"author":1,"featured_media":0,"parent":0,"menu_order":0,"comment_status":"closed","ping_status":"closed","template":"","meta":{"footnotes":""},"class_list":["post-87","page","type-page","status-publish","hentry"],"aioseo_notices":[],"_links":{"self":[{"href":"https:\/\/www.encontrafortaleza.com\/sobre\/wp-json\/wp\/v2\/pages\/87"}],"collection":[{"href":"https:\/\/www.encontrafortaleza.com\/sobre\/wp-json\/wp\/v2\/pages"}],"about":[{"href":"https:\/\/www.encontrafortaleza.com\/sobre\/wp-json\/wp\/v2\/types\/page"}],"author":[{"embeddable":true,"href":"https:\/\/www.encontrafortaleza.com\/sobre\/wp-json\/wp\/v2\/users\/1"}],"replies":[{"embeddable":true,"href":"https:\/\/www.encontrafortaleza.com\/sobre\/wp-json\/wp\/v2\/comments?post=87"}],"version-history":[{"count":0,"href":"https:\/\/www.encontrafortaleza.com\/sobre\/wp-json\/wp\/v2\/pages\/87\/revisions"}],"wp:attachment":[{"href":"https:\/\/www.encontrafortaleza.com\/sobre\/wp-json\/wp\/v2\/media?parent=87"}],"curies":[{"name":"wp","href":"https:\/\/api.w.org\/{rel}","templated":true}]}}