{"id":870,"date":"2018-12-19T05:54:58","date_gmt":"2018-12-19T07:54:58","guid":{"rendered":"https:\/\/www.encontrafortaleza.com\/sobre\/?page_id=870"},"modified":"2018-12-19T05:54:58","modified_gmt":"2018-12-19T07:54:58","slug":"pgm-fortaleza","status":"publish","type":"page","link":"https:\/\/www.encontrafortaleza.com\/sobre\/pgm-fortaleza\/","title":{"rendered":"PGM Fortaleza"},"content":{"rendered":"<div class=\"2ad529334b11458fd7d9bde3e187e581\" data-index=\"1\" style=\"float: left; margin: 5px 5px 5px 0;\">\n<!-- EBR \/Novo-Bairro-Topo\/ 300x250 -->\r\n<ins class=\"adsbygoogle\"\r\n     style=\"display:inline-block;width:300px;height:250px\"\r\n     data-ad-client=\"ca-pub-6414922941841817\"\r\n     data-ad-slot=\"5351822287\"><\/ins>\r\n<script>\r\n(adsbygoogle = window.adsbygoogle || []).push({});\r\n<\/script>\n<\/div>\n<p>A <strong>PGM Fortaleza<\/strong> &#8211; Procuradoria Geral do Munic\u00edpio &#8211; \u00e9 uma institui\u00e7\u00e3o permanente, essencial ao exerc\u00edcio das fun\u00e7\u00f5es administrativas e jurisdicional no \u00e2mbito do Munic\u00edpio, com n\u00edvel hier\u00e1rquico de Secretaria do Munic\u00edpio e subordinada diretamente ao chefe do Poder Executivo Municipal.<\/p>\n<p>\u00c9 respons\u00e1vel, em toda a sua plenitude, pela defesa de seus interesses em ju\u00edzo e fora dele, bem como pelas fun\u00e7\u00f5es de consultoria jur\u00eddica, ressalvadas as compet\u00eancias aut\u00e1rquicas, sob a \u00e9gide dos princ\u00edpios da legalidade e da indisponibilidade dos interesses p\u00fablicos.<\/p>\n<p><img loading=\"lazy\" decoding=\"async\" class=\"alignnone wp-image-871 size-full\" title=\"PGM Fortaleza\" src=\"https:\/\/www.encontrafortaleza.com\/sobre\/wp-content\/uploads\/2018\/12\/pgm-fortaleza.gif\" alt=\"PGM Fortaleza\" width=\"680\" height=\"189\" \/><\/p>\n<h2>PGM Fortaleza Concurso<\/h2>\n<p>A PGM contrata funcion\u00e1rios atrav\u00e9s de concursos p\u00fablicos. No site abaixo voc\u00ea tem acesso aos processos seletivos propostos pela <a href=\"http:\/\/www.encontrafortaleza.com\/sobre\/prefeitura-de-fortaleza\/\" target=\"_blank\" rel=\"noopener\">Prefeitura de Fortaleza<\/a>. Acesse e n\u00e3o perca a oportunidade de fazer as provas.<\/p>\n<h3>Procuradoria Geral do Munic\u00edpio Fortaleza Est\u00e1gio<\/h3>\n<p>A Prefeitura de Fortaleza lan\u00e7a periodicamente sele\u00e7\u00e3o p\u00fablica para contrata\u00e7\u00e3o de estagi\u00e1rios para a Procuradoria Geral do Munic\u00edpio (PGM).\u00a0A sele\u00e7\u00e3o \u00e9 composta por uma \u00fanica etapa, que consiste na aplica\u00e7\u00e3o de duas provas (objetiva e subjetiva) que versam sobre o conte\u00fado indicado no Edital. Ser\u00e3o considerados aprovados os candidatos que acertarem, no m\u00ednimo, 50% (cinquenta por cento) do total de quest\u00f5es.<\/p>\n<p>Para se inscrever, os interessados devem acessar o Canal de Concursos e Sele\u00e7\u00f5es da Prefeitura de Fortaleza e indicar seus RG e CPF. O boleto dever\u00e1 ser pago obrigatoriamente at\u00e9 a data do vencimento.\u00a0<em>O est\u00e1gio<\/em> ter\u00e1 dura\u00e7\u00e3o de um ano, podendo ser prorrogado por igual per\u00edodo.<\/p>\n<h3>PGM Fortaleza Nomea\u00e7\u00e3o<\/h3>\n<p>O resultado dos concursos e processos seletivos para estagi\u00e1rios ser\u00e3o divulgados no Di\u00e1rio Oficial da regi\u00e3o e a nomea\u00e7\u00e3o ser\u00e1 feita em data oportuna divulgada pelo mesmo ve\u00edculo de not\u00edcias e no site abaixo.<em><br \/>\n<\/em><\/p>\n<h3>PGM Fortaleza Parcelamento<\/h3>\n<p>Voc\u00ea quer colocar em dia todos os seus pagamento de tributos? Acesse\u00a0<a href=\"http:\/\/portal.pgm.fortaleza.ce.gov.br\/\" target=\"_blank\" rel=\"noopener\">www.portal.pgm.fortaleza.ce.gov.br<\/a>\u00a0 e veja quais os valores dos seus d\u00e9bitos e simule os pagamentos. Depois disso imprima os boletos do seu acordo para pagamento e fique tranquilo.<\/p>\n<h3>PGM Fortaleza Legisla\u00e7\u00e3o<\/h3>\n<p>Toda legisla\u00e7\u00e3o da PGM pode ser vista no site\u00a0<a href=\"http:\/\/legislacao.fortaleza.ce.gov.br\/index.php\/Legisla\u00e7\u00e3o\" target=\"_blank\" rel=\"noopener\">www.legislacao.fortaleza.ce.gov.br<\/a>\u00a0e fique ciente de todo o trabalho da procuradoria.<\/p>\n<h3>Hor\u00e1rio de Funcionamento PGM em Fortaleza<\/h3>\n<ul>\n<li>Segunda a Sexta: das 08h30 \u00e0s 16h30<\/li>\n<\/ul>\n<h3>Onde Fica,\u00a0Endere\u00e7o e Telefone PGM em Fortaleza<\/h3>\n<ul>\n<li>Av. Santos Dumont, 5335 &#8211; Papicu &#8211; Fortaleza &#8211; CE<\/li>\n<li>Telefone: (85) 3452-1695<\/li>\n<\/ul>\n<h4>Outras informa\u00e7\u00f5es e site<\/h4>\n<ul>\n<li>Mais informa\u00e7\u00f5es:\u00a0<a href=\"http:\/\/portal.pgm.fortaleza.ce.gov.br\/\" target=\"_blank\" rel=\"noopener noreferrer\">www.portal.pgm.fortaleza.ce.gov.br<\/a><\/li>\n<\/ul>\n<h4>Mapa de localiza\u00e7\u00e3o<\/h4>\n<a class=\"wp-colorbox-iframe\" href=\"https:\/\/www.google.com\/maps\/embed?pb=!1m14!1m8!1m3!1d15925.271783807071!2d-38.4834728!3d-3.7407375!3m2!1i1024!2i768!4f13.1!3m3!1m2!1s0x00xef4b087e02a24daf!2sProcuradoria+Geral+do+Municpio!5e0!3m2!1spt-BR!2sbr!4v1545205863158\"><img decoding=\"async\" src=\"http:\/\/www.encontracampinas.com.br\/imgs\/maps-post.png\"><\/a>\n\n<div style=\"font-size: 0px; height: 0px; line-height: 0px; margin: 0; padding: 0; clear: both;\"><\/div>","protected":false},"excerpt":{"rendered":"<p>A PGM Fortaleza &#8211; Procuradoria Geral do Munic\u00edpio &#8211; \u00e9 uma institui\u00e7\u00e3o permanente, essencial ao exerc\u00edcio das fun\u00e7\u00f5es administrativas e jurisdicional no \u00e2mbito do Munic\u00edpio, com n\u00edvel hier\u00e1rquico de Secretaria do Munic\u00edpio e subordinada diretamente ao chefe do Poder Executivo Municipal. \u00c9 respons\u00e1vel, em toda a sua plenitude, pela defesa de seus interesses em ju\u00edzo e fora dele, bem como pelas fun\u00e7\u00f5es de consultoria jur\u00eddica, ressalvadas as compet\u00eancias aut\u00e1rquicas, sob a \u00e9gide dos princ\u00edpios da legalidade e da indisponibilidade dos interesses p\u00fablicos. PGM Fortaleza Concurso A PGM contrata funcion\u00e1rios atrav\u00e9s de concursos p\u00fablicos. No site abaixo voc\u00ea tem acesso aos <\/p>\n","protected":false},"author":1,"featured_media":0,"parent":0,"menu_order":0,"comment_status":"closed","ping_status":"closed","template":"","meta":{"footnotes":""},"class_list":["post-870","page","type-page","status-publish","hentry"],"aioseo_notices":[],"_links":{"self":[{"href":"https:\/\/www.encontrafortaleza.com\/sobre\/wp-json\/wp\/v2\/pages\/870"}],"collection":[{"href":"https:\/\/www.encontrafortaleza.com\/sobre\/wp-json\/wp\/v2\/pages"}],"about":[{"href":"https:\/\/www.encontrafortaleza.com\/sobre\/wp-json\/wp\/v2\/types\/page"}],"author":[{"embeddable":true,"href":"https:\/\/www.encontrafortaleza.com\/sobre\/wp-json\/wp\/v2\/users\/1"}],"replies":[{"embeddable":true,"href":"https:\/\/www.encontrafortaleza.com\/sobre\/wp-json\/wp\/v2\/comments?post=870"}],"version-history":[{"count":0,"href":"https:\/\/www.encontrafortaleza.com\/sobre\/wp-json\/wp\/v2\/pages\/870\/revisions"}],"wp:attachment":[{"href":"https:\/\/www.encontrafortaleza.com\/sobre\/wp-json\/wp\/v2\/media?parent=870"}],"curies":[{"name":"wp","href":"https:\/\/api.w.org\/{rel}","templated":true}]}}