{"id":873,"date":"2018-12-19T06:19:41","date_gmt":"2018-12-19T08:19:41","guid":{"rendered":"https:\/\/www.encontrafortaleza.com\/sobre\/?page_id=873"},"modified":"2018-12-19T06:19:41","modified_gmt":"2018-12-19T08:19:41","slug":"itinerario-onibus-fortaleza","status":"publish","type":"page","link":"https:\/\/www.encontrafortaleza.com\/sobre\/itinerario-onibus-fortaleza\/","title":{"rendered":"Itiner\u00e1rio \u00f4nibus Fortaleza"},"content":{"rendered":"<div class=\"2ad529334b11458fd7d9bde3e187e581\" data-index=\"1\" style=\"float: left; margin: 5px 5px 5px 0;\">\n<!-- EBR \/Novo-Bairro-Topo\/ 300x250 -->\r\n<ins class=\"adsbygoogle\"\r\n     style=\"display:inline-block;width:300px;height:250px\"\r\n     data-ad-client=\"ca-pub-6414922941841817\"\r\n     data-ad-slot=\"5351822287\"><\/ins>\r\n<script>\r\n(adsbygoogle = window.adsbygoogle || []).push({});\r\n<\/script>\n<\/div>\n<p>A ETUFOR \u00e9 um operador de servi\u00e7o de transporte p\u00fablico, respons\u00e1vel pelos <strong>Itiner\u00e1rios de \u00d4nibus de Fortaleza<\/strong> e Regi\u00e3o desde o ano 2006. Ela\u00a0tem 334 rotas de \u00d4nibus em Fortaleza e Regi\u00e3o e 5241 paradas de \u00d4nibus.<\/p>\n<p>As rotas de \u00d4nibus cobrem uma \u00e1rea ao norte (Barra Do Cear\u00e1) na esta\u00e7\u00e3o Casa De Show Villa Del Mar &#8211; Barra Do Cear\u00e1 at\u00e9 uma \u00e1rea ao sul (Gererau) na esta\u00e7\u00e3o Rua Jorge Figueiredo 1442 &#8211; Pedras. A esta\u00e7\u00e3o no extremo oeste \u00e9 a Rua Raimundo Ferreira Rocha 79 &#8211; Urucutuba (Caucaia) e a do extremo leste \u00e9 a Cofeco &#8211; Sabiaguaba (Sabiaguaba).<\/p>\n<p><img loading=\"lazy\" decoding=\"async\" class=\"alignnone wp-image-874 size-full\" title=\"Itiner\u00e1rio \u00f4nibus Fortaleza\" src=\"https:\/\/www.encontrafortaleza.com\/sobre\/wp-content\/uploads\/2018\/12\/itinerarios-de-onibus-fortaleza.gif\" alt=\"Itiner\u00e1rio \u00f4nibus Fortaleza\" width=\"680\" height=\"189\" \/><\/p>\n<h2>Itiner\u00e1rios de \u00d4nibus Fortaleza Consulta<\/h2>\n<p>Para ver todo os itiner\u00e1rios das linhas de Fortaleza basta acessar o site\u00a0<a href=\"https:\/\/moovitapp.com\/index\/pt-br\/transporte_p%C3%BAblico-lines-Fortaleza-983-9809\" target=\"_blank\" rel=\"noopener\">www.moovitapp.com\/lines-Fortaleza<\/a>\u00a0e confira todas as ruas que os carros percorrem na cidade.<\/p>\n<h3>Itiner\u00e1rios de \u00d4nibus Fortaleza Hor\u00e1rios de \u00d4nibus<\/h3>\n<p>Voc\u00ea pode pesquisar os\u00a0<em>hor\u00e1rios de \u00f4nibus de Fortaleza\u00a0<\/em>pelo site <a href=\"http:\/\/www.etufor.ce.gov.br\/GIST\/linHorarios.htm\" target=\"_blank\" rel=\"noopener\">www.etufor.ce.gov.br\/Horarios<\/a>. Voc\u00ea escolhe a linha de \u00f4nibus que utilizar\u00e1 e, se \u00e9 dia \u00fatil, s\u00e1bado, domingo, feriados ou todos eles. Pronto, voc\u00ea n\u00e3o perder\u00e1 o seu \u00f4nibus. Voc\u00ea tamb\u00e9m pode fazer contato telef\u00f4nico para informa\u00e7\u00e3o de hor\u00e1rios de \u00f4nibus aos usu\u00e1rios do Transporte Coletivo (urbano e metropolitano).<\/p>\n<h3>Itiner\u00e1rios de \u00d4nibus Fortaleza Meu \u00d4nibus<\/h3>\n<p>Chegou o aplicativo <em>Meu \u00d4nibus<\/em>. Com ele, voc\u00ea que est\u00e1 em Fortaleza pode saber, em tempo real, a previs\u00e3o de chegada do seu \u00f4nibus no ponto de parada. Assim, voc\u00ea ter\u00e1 mais comodidade e previsibilidade para planejar suas viagens. Para utilizar \u00e9 f\u00e1cil:<\/p>\n<ul>\n<li>Baixe o aplicativo, identifique no mapa os pontos de parada mais pr\u00f3ximos a voc\u00ea utilizando o GPS do seu celular ou digite um endere\u00e7o para localizar os pontos mais pr\u00f3ximos;<\/li>\n<li>Selecione o ponto de parada desejado e visualize as linhas que passam por este ponto e suas respectivas previs\u00f5es de chegada;<\/li>\n<li>Selecione a linha de \u00f4nibus que desejar e veja no mapa o trajeto e a previs\u00e3o de chegada do pr\u00f3ximo ve\u00edculo at\u00e9 seu ponto de parada;<\/li>\n<\/ul>\n<p>O Meu \u00d4nibus depende das informa\u00e7\u00f5es enviadas pelos ve\u00edculos atrav\u00e9s da rede de dados da operadora de celular. Problemas na rede ou na cobertura da operadora interferem na qualidade da informa\u00e7\u00e3o em tempo real.<\/p>\n\n<div style=\"font-size: 0px; height: 0px; line-height: 0px; margin: 0; padding: 0; clear: both;\"><\/div>","protected":false},"excerpt":{"rendered":"<p>A ETUFOR \u00e9 um operador de servi\u00e7o de transporte p\u00fablico, respons\u00e1vel pelos Itiner\u00e1rios de \u00d4nibus de Fortaleza e Regi\u00e3o desde o ano 2006. Ela\u00a0tem 334 rotas de \u00d4nibus em Fortaleza e Regi\u00e3o e 5241 paradas de \u00d4nibus. As rotas de \u00d4nibus cobrem uma \u00e1rea ao norte (Barra Do Cear\u00e1) na esta\u00e7\u00e3o Casa De Show Villa Del Mar &#8211; Barra Do Cear\u00e1 at\u00e9 uma \u00e1rea ao sul (Gererau) na esta\u00e7\u00e3o Rua Jorge Figueiredo 1442 &#8211; Pedras. A esta\u00e7\u00e3o no extremo oeste \u00e9 a Rua Raimundo Ferreira Rocha 79 &#8211; Urucutuba (Caucaia) e a do extremo leste \u00e9 a Cofeco &#8211; Sabiaguaba <\/p>\n","protected":false},"author":1,"featured_media":0,"parent":0,"menu_order":0,"comment_status":"closed","ping_status":"closed","template":"","meta":{"footnotes":""},"class_list":["post-873","page","type-page","status-publish","hentry"],"aioseo_notices":[],"_links":{"self":[{"href":"https:\/\/www.encontrafortaleza.com\/sobre\/wp-json\/wp\/v2\/pages\/873"}],"collection":[{"href":"https:\/\/www.encontrafortaleza.com\/sobre\/wp-json\/wp\/v2\/pages"}],"about":[{"href":"https:\/\/www.encontrafortaleza.com\/sobre\/wp-json\/wp\/v2\/types\/page"}],"author":[{"embeddable":true,"href":"https:\/\/www.encontrafortaleza.com\/sobre\/wp-json\/wp\/v2\/users\/1"}],"replies":[{"embeddable":true,"href":"https:\/\/www.encontrafortaleza.com\/sobre\/wp-json\/wp\/v2\/comments?post=873"}],"version-history":[{"count":0,"href":"https:\/\/www.encontrafortaleza.com\/sobre\/wp-json\/wp\/v2\/pages\/873\/revisions"}],"wp:attachment":[{"href":"https:\/\/www.encontrafortaleza.com\/sobre\/wp-json\/wp\/v2\/media?parent=873"}],"curies":[{"name":"wp","href":"https:\/\/api.w.org\/{rel}","templated":true}]}}