{"id":905,"date":"2018-12-20T05:02:48","date_gmt":"2018-12-20T07:02:48","guid":{"rendered":"https:\/\/www.encontrafortaleza.com\/sobre\/?page_id=905"},"modified":"2018-12-20T05:02:48","modified_gmt":"2018-12-20T07:02:48","slug":"upa-fortaleza","status":"publish","type":"page","link":"https:\/\/www.encontrafortaleza.com\/sobre\/upa-fortaleza\/","title":{"rendered":"UPA Fortaleza"},"content":{"rendered":"<div class=\"2ad529334b11458fd7d9bde3e187e581\" data-index=\"1\" style=\"float: left; margin: 5px 5px 5px 0;\">\n<!-- EBR \/Novo-Bairro-Topo\/ 300x250 -->\r\n<ins class=\"adsbygoogle\"\r\n     style=\"display:inline-block;width:300px;height:250px\"\r\n     data-ad-client=\"ca-pub-6414922941841817\"\r\n     data-ad-slot=\"5351822287\"><\/ins>\r\n<script>\r\n(adsbygoogle = window.adsbygoogle || []).push({});\r\n<\/script>\n<\/div>\n<p>A <strong>UPA Fortaleza<\/strong> funciona 24 horas por dia, sete dias por semana e pode resolver grande parte das urg\u00eancias e emerg\u00eancias, como press\u00e3o e febre alta, fraturas, cortes, infarto e derrame. Com isso, ajudam a diminuir as filas nos prontos-socorros dos hospitais. A UPA inova ao oferecer estrutura simplificada, com raio-X, eletrocardiografia, pediatria, laborat\u00f3rio de exames e leitos de observa\u00e7\u00e3o.<\/p>\n<p>Nas localidades que contam com UPA, 97% dos casos s\u00e3o solucionados na pr\u00f3pria unidade. Quando o usu\u00e1rio chega \u00e0s unidades, os m\u00e9dicos prestam socorro, controlam o problema e detalham o diagn\u00f3stico. Eles analisam se \u00e9 necess\u00e1rio encaminhar a um hospital ou mant\u00ea-lo em observa\u00e7\u00e3o por 24 horas.<\/p>\n<p><img loading=\"lazy\" decoding=\"async\" class=\"alignnone wp-image-906 size-full\" title=\"UPA Fortaleza\" src=\"https:\/\/www.encontrafortaleza.com\/sobre\/wp-content\/uploads\/2018\/12\/upa-fortaleza.gif\" alt=\"UPA Fortaleza\" width=\"680\" height=\"189\" \/><\/p>\n<p>As UPAs fazem parte da Pol\u00edtica Nacional de Urg\u00eancia e Emerg\u00eancia, lan\u00e7ada pelo Minist\u00e9rio da Sa\u00fade em 2003, que estrutura e organiza a rede de urg\u00eancia e emerg\u00eancia no pa\u00eds, com o objetivo de integrar a aten\u00e7\u00e3o \u00e0s urg\u00eancias.<\/p>\n<p>S\u00e3o tr\u00eas portes de UPA:<\/p>\n<p>Porte I: tem o m\u00ednimo de 7 leitos de observa\u00e7\u00e3o. Capacidade de atendimento m\u00e9dio de 150 pacientes por dia. Popula\u00e7\u00e3o na \u00e1rea de abrang\u00eancia de 50 mil a 100 mil habitantes.<br \/>\nPorte II: tem o m\u00ednimo de 11 leitos de observa\u00e7\u00e3o. Capacidade de atendimento m\u00e9dio de 250 pacientes por dia. Popula\u00e7\u00e3o na \u00e1rea de abrang\u00eancia de 100 mil a 200 mil habitantes.<br \/>\nPorte III: tem o m\u00ednimo de 15 leitos de observa\u00e7\u00e3o. Capacidade de atendimento m\u00e9dio de 350 pacientes por dia. Popula\u00e7\u00e3o na \u00e1rea de abrang\u00eancia de 200 mil a 300 mil habitantes.<\/p>\n<h3>Hor\u00e1rio de Funcionamento Upa em Fortaleza<\/h3>\n<ul>\n<li>24 horas<\/li>\n<\/ul>\n<h3>Onde Fica,\u00a0Endere\u00e7o e Telefone Upa em Fortaleza<\/h3>\n<ul>\n<li><strong>Upa Praia do Futuro:<\/strong> Rua Julio Silva, 440\u00a0&#8211; Telefone: n\u00e3o\u00a0 informado<\/li>\n<li><strong>Upa Itaperi:<\/strong> Rua Batel, s\/n &#8211; Telefone: (85) 3493-5388<\/li>\n<li><strong>Upa Messejena:<\/strong> Rua Miguel Gurgel, s\/n &#8211; Telefone: (85) 3276-1975<\/li>\n<li><strong>Upa Vila Velha:<\/strong> Avenida G, 09 &#8211; Telefone: (85) 3284-2211<\/li>\n<li><strong>Upa Autran Nunes:<\/strong> Av. Senador Fernandes T\u00e1vora, 2433 &#8211; Telefone: (85) 3290-6724<\/li>\n<li><strong>Upa Bom Jardim:<\/strong> Rua Sargento Jo\u00e3o Pinhieor, s\/n &#8211; Telefone: (85) 3245-8339<\/li>\n<li><strong>Upa Cristo Redentor:<\/strong> Av. Presidente Castelo Branco, s\/n &#8211; Telefone: (85) 3284-2321<\/li>\n<li><strong>Upa Edson Queiroz:<\/strong> Av. Contorno, s\/n &#8211; Telefone: n\u00e3o\u00a0 informado<\/li>\n<li><strong>Upa Conjunto Cear\u00e1:<\/strong> Rua Oitocentos e Cinquenta e Seis, s\/n &#8211; Telefone: n\u00e3o\u00a0 informado<\/li>\n<li><strong>Upa Jangurussu:<\/strong> Av. Castelo Branco, s\/n &#8211; Telefone: (85) 3269-7421<\/li>\n<li><strong>Upa Canindezinho:<\/strong> Rua Jos\u00e9 Dantas Pereira, 447\u00a0&#8211; Telefone: n\u00e3o\u00a0 informado<\/li>\n<li><strong>Upa Antonio Diogo:<\/strong> Rua Pintor Antonio Bandeira, 3275\u00a0&#8211; Telefone: n\u00e3o\u00a0 informado<\/li>\n<li><strong>Upa Jos\u00e9 Walter:<\/strong> Av. Presidente Costa e Silva, s\/n &#8211; Telefone: (85) 3473-7383<\/li>\n<li><strong>Upa Farma:<\/strong> Rua Alberto Magno, 120 &#8211; Telefone: (85) 3494-4447<\/li>\n<li><strong>Upa Passar\u00e9:<\/strong> Travessa Perimetral, 168 &#8211; Telefone: n\u00e3o\u00a0 informado<\/li>\n<\/ul>\n<h4>Mapa de localiza\u00e7\u00e3o Upa Praia do Futuro<\/h4>\n<a class=\"wp-colorbox-iframe\" href=\"https:\/\/www.google.com\/maps\/embed?pb=!1m18!1m12!1m3!1d3981.298405145302!2d-38.45715388524094!3d-3.7450361972753488!2m3!1f0!2f0!3f0!3m2!1i1024!2i768!4f13.1!3m3!1m2!1s0x7c7464fbef81edb0x9c41c0346fd6522!2sR.+Jlio+Silva+440+-+Praia+do+Futuro+Fortaleza+-+CE+60182-435!5e0!3m2!1spt-BR!2sbr!4v1545289163558\"><img decoding=\"async\" src=\"http:\/\/www.encontracampinas.com.br\/imgs\/maps-post.png\"><\/a>\n\n<div style=\"font-size: 0px; height: 0px; line-height: 0px; margin: 0; padding: 0; clear: both;\"><\/div>","protected":false},"excerpt":{"rendered":"<p>A UPA Fortaleza funciona 24 horas por dia, sete dias por semana e pode resolver grande parte das urg\u00eancias e emerg\u00eancias, como press\u00e3o e febre alta, fraturas, cortes, infarto e derrame. Com isso, ajudam a diminuir as filas nos prontos-socorros dos hospitais. A UPA inova ao oferecer estrutura simplificada, com raio-X, eletrocardiografia, pediatria, laborat\u00f3rio de exames e leitos de observa\u00e7\u00e3o. Nas localidades que contam com UPA, 97% dos casos s\u00e3o solucionados na pr\u00f3pria unidade. Quando o usu\u00e1rio chega \u00e0s unidades, os m\u00e9dicos prestam socorro, controlam o problema e detalham o diagn\u00f3stico. Eles analisam se \u00e9 necess\u00e1rio encaminhar a um hospital <\/p>\n","protected":false},"author":1,"featured_media":0,"parent":0,"menu_order":0,"comment_status":"closed","ping_status":"closed","template":"","meta":{"footnotes":""},"class_list":["post-905","page","type-page","status-publish","hentry"],"aioseo_notices":[],"_links":{"self":[{"href":"https:\/\/www.encontrafortaleza.com\/sobre\/wp-json\/wp\/v2\/pages\/905"}],"collection":[{"href":"https:\/\/www.encontrafortaleza.com\/sobre\/wp-json\/wp\/v2\/pages"}],"about":[{"href":"https:\/\/www.encontrafortaleza.com\/sobre\/wp-json\/wp\/v2\/types\/page"}],"author":[{"embeddable":true,"href":"https:\/\/www.encontrafortaleza.com\/sobre\/wp-json\/wp\/v2\/users\/1"}],"replies":[{"embeddable":true,"href":"https:\/\/www.encontrafortaleza.com\/sobre\/wp-json\/wp\/v2\/comments?post=905"}],"version-history":[{"count":0,"href":"https:\/\/www.encontrafortaleza.com\/sobre\/wp-json\/wp\/v2\/pages\/905\/revisions"}],"wp:attachment":[{"href":"https:\/\/www.encontrafortaleza.com\/sobre\/wp-json\/wp\/v2\/media?parent=905"}],"curies":[{"name":"wp","href":"https:\/\/api.w.org\/{rel}","templated":true}]}}