{"id":921,"date":"2018-12-20T10:56:38","date_gmt":"2018-12-20T12:56:38","guid":{"rendered":"https:\/\/www.encontrafortaleza.com\/sobre\/?page_id=921"},"modified":"2018-12-20T10:56:38","modified_gmt":"2018-12-20T12:56:38","slug":"sest-senat-fortaleza","status":"publish","type":"page","link":"https:\/\/www.encontrafortaleza.com\/sobre\/sest-senat-fortaleza\/","title":{"rendered":"Sest Senat Fortaleza"},"content":{"rendered":"<div class=\"2ad529334b11458fd7d9bde3e187e581\" data-index=\"1\" style=\"float: left; margin: 5px 5px 5px 0;\">\n<!-- EBR \/Novo-Bairro-Topo\/ 300x250 -->\r\n<ins class=\"adsbygoogle\"\r\n     style=\"display:inline-block;width:300px;height:250px\"\r\n     data-ad-client=\"ca-pub-6414922941841817\"\r\n     data-ad-slot=\"5351822287\"><\/ins>\r\n<script>\r\n(adsbygoogle = window.adsbygoogle || []).push({});\r\n<\/script>\n<\/div>\n<p>O <strong>Sest Senat Fortaleza<\/strong> &#8211; Servi\u00e7o Social do Transporte e o Servi\u00e7o Nacional de Aprendizagem do Transporte\u00a0s\u00e3o entidades civis, sem fins lucrativos. Elas foram criadas em 14 de setembro de 1993, pela Lei 8.706, a partir de um processo de conscientiza\u00e7\u00e3o do setor e de entidades sindicais.\u00a0\u200b<\/p>\n<p>As entidades t\u00eam se firmado como substanciais colaboradoras para o desenvolvimento do setor de transporte do pa\u00eds, atuando na forma\u00e7\u00e3o e na qualifica\u00e7\u00e3o de profissionais para o mercado, aptos \u00e0s novas tecnologias e \u00e0s complexas formas de trabalho.<\/p>\n<p><img loading=\"lazy\" decoding=\"async\" class=\"alignnone wp-image-922 size-full\" title=\"Sest Senat Fortaleza\" src=\"https:\/\/www.encontrafortaleza.com\/sobre\/wp-content\/uploads\/2018\/12\/sest-senat-fortalez1.gif\" alt=\"Sest Senat Fortaleza\" width=\"680\" height=\"189\" \/><\/p>\n<p>Para a prepara\u00e7\u00e3o, a promo\u00e7\u00e3o do emprego e renda e, acima de tudo, o sucesso profissional dos trabalhadores, as entidades oferecem cursos e servi\u00e7os especializados, garantindo maior capacita\u00e7\u00e3o e acesso ao mercado de trabalho.<\/p>\n<p>A assist\u00eancia ao trabalhador prioriza, ainda, na \u00e1rea de sa\u00fade, esporte, lazer e cultura, a preven\u00e7\u00e3o de doen\u00e7as, a promo\u00e7\u00e3o e a preserva\u00e7\u00e3o das condi\u00e7\u00f5es saud\u00e1veis dos indiv\u00edduos, o bem estar f\u00edsico e mental\u00a0e a inclus\u00e3o e integra\u00e7\u00e3o do indiv\u00edduo na sociedade.<\/p>\n<p>Com Unidades Operacionais localizadas nos grandes centros urbanos e em postos de abastecimento das principais rodovias do pa\u00eds, o SEST SENAT est\u00e1 presente em todos os estados brasileiros. O objetivo \u00e9 articular as a\u00e7\u00f5es de desenvolvimento profissional e promo\u00e7\u00e3o social em um ambiente favor\u00e1vel \u00e0s pr\u00e1ticas educativas e com espa\u00e7os, ferramentas e tecnologias dedicados ao conhecimento e \u00e0 qualifica\u00e7\u00e3o, contribuindo para o aumento da produtividade, da\u00a0competitividade e do fortalecimento do setor de transporte brasileiro.<\/p>\n<h2>Sest Senat Fortaleza Cnh Gratuita<\/h2>\n<p>O projeto\u00a0Primeira Habilita\u00e7\u00e3o para o Transporte \u2013\u00a0<em>CNH Social<\/em>\u00a0foi criado com a inten\u00e7\u00e3o de conceder a Carteira Nacional de Habilita\u00e7\u00e3o (CNH), categoria B, para jovens de baixa renda, ampliando a empregabilidade e qualificando-os em curso espec\u00edfico para ingresso no mercado de trabalho e atua\u00e7\u00e3o no setor de transporte.\u00a0Esse projeto \u00e9 totalmente financiado pelo SEST SENAT, sem custos para os selecionados. Fa\u00e7a sua inscri\u00e7\u00e3o no site abaixo e separe os documentos indicados no ato da sua inscri\u00e7\u00e3o.<\/p>\n<h3>Sest Senat Fortaleza Cursos<\/h3>\n<p>A oferta de cursos presenciais pelo SEST SENAT ocorre atrav\u00e9s de uma rela\u00e7\u00e3o direta e dial\u00f3gica entre instrutor e aluno. Seu objetivo \u00e9 o desenvolvimento de compet\u00eancias necess\u00e1rias para o desempenho das atividades profissionais no setor de transporte.<\/p>\n<p>Os cursos s\u00e3o ofertados pelas Unidades Operacionais, considerando a demanda apresentada pelo mercado local, e s\u00e3o realizados por meio da oferta regular, da execu\u00e7\u00e3o de projetos de apoio a pol\u00edticas p\u00fablicas ou, ainda, de parcerias com outras institui\u00e7\u00f5es, como a Mercedes Benz e a Associa\u00e7\u00e3o de Brasileira da Ind\u00fastria Qu\u00edmica \u2013 ABIQUIM.\u200b\u200b<br \/>\nOs cursos oferecidos pelas unidades operacionais s\u00e3o:<\/p>\n<ul>\n<li>Cursos Livres de Forma\u00e7\u00e3o inicial e continuada<\/li>\n<li>Cursos regulamentados (Contran, MTE, ANAC)<\/li>\n<li>Aprendizagem Profissional &#8211; Jovem Aprendiz<\/li>\n<li>Cursos T\u00e9cnicos de N\u00edvel M\u00e9dio<\/li>\n<\/ul>\n<h3>Sest Senat Fortaleza Cursos EAD<\/h3>\n<p>A\u00a0EaD\u00a0SEST SENAT\u200b foi criada para facilitar a capacita\u00e7\u00e3o constante de pessoas que t\u00eam pouco tempo para os estudos e n\u00e3o conseguem participar regularmente de aulas presenciais, ou que precisam conciliar fam\u00edlia, estudos e trabalho. Acesse o site e confira os cursos dispon\u00edveis na modalidade <em>EAD.<\/em><\/p>\n<h3>Vagas Sest Senat Fortaleza \u2013 Trabalhe Conosco<\/h3>\n<p>O Sest Senat Fortaleza disponibiliza\u00a0<em>vagas<\/em>\u00a0de trabalho durante todo ano. Para se informar sobre os processos seletivos e se candidatar as vagas acompanhe o site da empresa, onde \u00e9 poss\u00edvel se informar sobre vagas abertas, sal\u00e1rios e compet\u00eancias necess\u00e1rias para se candidatar ao processo.<\/p>\n<h3>Hor\u00e1rio de Funcionamento Sest Senat em Fortaleza<\/h3>\n<ul>\n<li>Segunda a Sexta das 07h45 \u00e0s 22h \/ S\u00e1bado das 08h \u00e0s 12h<\/li>\n<\/ul>\n<h3>Endere\u00e7o e Telefone Sest Senat em Fortaleza<\/h3>\n<ul>\n<li>Rua Dona Leopoldina, 1050 &#8211; Centro &#8211; Fortaleza &#8211; CE<\/li>\n<li>Telefone: (85) 3304-4111<\/li>\n<\/ul>\n<h4>Outras informa\u00e7\u00f5es e site<\/h4>\n<ul>\n<li>Mais informa\u00e7\u00f5es:\u00a0<a href=\"http:\/\/www.sestsenat.org.br\/Home\" target=\"_blank\" rel=\"noopener noreferrer\">www.sestsenat.org.br<\/a><\/li>\n<\/ul>\n<h4>Mapa de localiza\u00e7\u00e3o<\/h4>\n<a class=\"wp-colorbox-iframe\" href=\"https:\/\/www.google.com\/maps\/embed?pb=!1m14!1m8!1m3!1d15925.382769426093!2d-38.5206792!3d-3.7346252!3m2!1i1024!2i768!4f13.1!3m3!1m2!1s0x00x246aab6107bc5abb!2sSest+Senat!5e0!3m2!1spt-BR!2sbr!4v1545310280522\"><img decoding=\"async\" src=\"http:\/\/www.encontracampinas.com.br\/imgs\/maps-post.png\"><\/a>\n\n<div style=\"font-size: 0px; height: 0px; line-height: 0px; margin: 0; padding: 0; clear: both;\"><\/div>","protected":false},"excerpt":{"rendered":"<p>O Sest Senat Fortaleza &#8211; Servi\u00e7o Social do Transporte e o Servi\u00e7o Nacional de Aprendizagem do Transporte\u00a0s\u00e3o entidades civis, sem fins lucrativos. Elas foram criadas em 14 de setembro de 1993, pela Lei 8.706, a partir de um processo de conscientiza\u00e7\u00e3o do setor e de entidades sindicais.\u00a0\u200b As entidades t\u00eam se firmado como substanciais colaboradoras para o desenvolvimento do setor de transporte do pa\u00eds, atuando na forma\u00e7\u00e3o e na qualifica\u00e7\u00e3o de profissionais para o mercado, aptos \u00e0s novas tecnologias e \u00e0s complexas formas de trabalho. Para a prepara\u00e7\u00e3o, a promo\u00e7\u00e3o do emprego e renda e, acima de tudo, o sucesso <\/p>\n","protected":false},"author":1,"featured_media":0,"parent":0,"menu_order":0,"comment_status":"closed","ping_status":"closed","template":"","meta":{"footnotes":""},"class_list":["post-921","page","type-page","status-publish","hentry"],"aioseo_notices":[],"_links":{"self":[{"href":"https:\/\/www.encontrafortaleza.com\/sobre\/wp-json\/wp\/v2\/pages\/921"}],"collection":[{"href":"https:\/\/www.encontrafortaleza.com\/sobre\/wp-json\/wp\/v2\/pages"}],"about":[{"href":"https:\/\/www.encontrafortaleza.com\/sobre\/wp-json\/wp\/v2\/types\/page"}],"author":[{"embeddable":true,"href":"https:\/\/www.encontrafortaleza.com\/sobre\/wp-json\/wp\/v2\/users\/1"}],"replies":[{"embeddable":true,"href":"https:\/\/www.encontrafortaleza.com\/sobre\/wp-json\/wp\/v2\/comments?post=921"}],"version-history":[{"count":0,"href":"https:\/\/www.encontrafortaleza.com\/sobre\/wp-json\/wp\/v2\/pages\/921\/revisions"}],"wp:attachment":[{"href":"https:\/\/www.encontrafortaleza.com\/sobre\/wp-json\/wp\/v2\/media?parent=921"}],"curies":[{"name":"wp","href":"https:\/\/api.w.org\/{rel}","templated":true}]}}