{"id":928,"date":"2018-12-20T11:56:22","date_gmt":"2018-12-20T13:56:22","guid":{"rendered":"https:\/\/www.encontrafortaleza.com\/sobre\/?page_id=928"},"modified":"2019-01-06T05:43:30","modified_gmt":"2019-01-06T07:43:30","slug":"centro-de-eventos-fortaleza","status":"publish","type":"page","link":"https:\/\/www.encontrafortaleza.com\/sobre\/centro-de-eventos-fortaleza\/","title":{"rendered":"Centro de Eventos Fortaleza"},"content":{"rendered":"<div class=\"2ad529334b11458fd7d9bde3e187e581\" data-index=\"1\" style=\"float: left; margin: 5px 5px 5px 0;\">\n<!-- EBR \/Novo-Bairro-Topo\/ 300x250 -->\r\n<ins class=\"adsbygoogle\"\r\n     style=\"display:inline-block;width:300px;height:250px\"\r\n     data-ad-client=\"ca-pub-6414922941841817\"\r\n     data-ad-slot=\"5351822287\"><\/ins>\r\n<script>\r\n(adsbygoogle = window.adsbygoogle || []).push({});\r\n<\/script>\n<\/div>\n<p>O <strong>Centro de Eventos Fortaleza<\/strong>, equipamento da Secretaria do Turismo (SETUR-CE), \u00e9 o mais moderno do espa\u00e7o do g\u00eanero na Am\u00e9rica Latina e o segundo maior do Brasil em \u00e1rea \u00fatil, com 76 mil m\u00b2 com capacidade para 30.000 pessoas.<\/p>\n<p>Uma das suas principais marcas \u00e9 a versatilidade: trata-se de um equipamento multiuso cuja voca\u00e7\u00e3o \u00e9 receber feiras, exposi\u00e7\u00f5es e outros tipos de eventos. Para tanto, \u00e9 divis\u00edvel em at\u00e9 44 espa\u00e7os diferentes, adapt\u00e1veis \u00e0s necessidades dos organizadores, abrigando ao mesmo tempo eventos de diferentes tipos, portes e voca\u00e7\u00f5es.<\/p>\n<p><img loading=\"lazy\" decoding=\"async\" class=\"alignnone wp-image-929 size-full\" title=\"Centro de Eventos Fortaleza\" src=\"https:\/\/www.encontrafortaleza.com\/sobre\/wp-content\/uploads\/2018\/12\/centro-de-eventos-fortaleza.gif\" alt=\"Centro de Eventos Fortaleza\" width=\"680\" height=\"189\" \/><\/p>\n<p>O equipamento \u00e9 dividido em dois grandes blocos, compostos por sal\u00e3o de exposi\u00e7\u00e3o (com at\u00e9 13,6 mil m\u00b2) e dois mezaninos, com 18 salas modulares cada um. Os espa\u00e7os t\u00eam climatiza\u00e7\u00e3o e ilumina\u00e7\u00e3o inteligentes; isolamento ac\u00fastico; instala\u00e7\u00f5es el\u00e9tricas e sistemas de sonoriza\u00e7\u00e3o ambiente, de comunica\u00e7\u00e3o e de telefonia. Os pavilh\u00f5es foram divididos em sal\u00f5es de 1.500 a 4.500m\u00b2 todos com nomes de grandes destinos tur\u00edsticos do Litoral Cearense.<\/p>\n<h2>Centro de Eventos Fortaleza Estrutura<\/h2>\n<p>O Centro de Eventos apresenta a seguinte <em>estrutura:<\/em><\/p>\n<ul>\n<li><span style=\"text-decoration: underline;\">\u00c1rea de Conviv\u00eancia:<\/span> s\u00e3o 6.000m\u00b2 de um amplo espa\u00e7o que receber\u00e1 16 lojas de alimenta\u00e7\u00e3o, livrarias e artesanato. O espa\u00e7o, que possui uma c\u00fapula de vidro no teto, tamb\u00e9m \u00e9 locado para realiza\u00e7\u00e3o de eventos noturnos que permitem uma visualiza\u00e7\u00e3o privilegiada das estrelas.<\/li>\n<li><span style=\"text-decoration: underline;\">Foyer e Recep\u00e7\u00e3o:<\/span> Espa\u00e7o com grande \u00e1rea de circula\u00e7\u00e3o, 7 secretarias, ambiente climatizado e moderna infraestrutura, permitindo tamb\u00e9m a realiza\u00e7\u00e3o de exposi\u00e7\u00f5es, coquet\u00e9is, eventos de pequeno porte, lounges e etc.<\/li>\n<li><span style=\"text-decoration: underline;\">Salas Multiuso:<\/span> S\u00e3o 36 salas localizadas em dois mezaninos. Salas modul\u00e1veis, que se adequam a eventos de pequeno a grande porte, com isolamento ac\u00fastico e climatiza\u00e7\u00e3o de alto n\u00edvel. Ideal para confer\u00eancias, congressos, palestras, cursos e etc.<\/li>\n<li><span style=\"text-decoration: underline;\">Grandes Pavilh\u00f5es:<\/span> Grandes empresas merecem uma estrutura \u00e0 altura. Por isso, o Centro de Eventos do Cear\u00e1 conta com dois pavilh\u00f5es climatizados, com p\u00e9 direito de 14 metros e \u00e1rea de 13.500 m\u00b2, com capacidade de 30.000 pessoas, tanto no pavilh\u00e3o oeste como no leste.<\/li>\n<\/ul>\n<h3>Centro de Eventos Fortaleza Programa\u00e7\u00e3o<\/h3>\n<p>Acesse o site do Centro de Eventos e fique por dentro de toda <em>programa\u00e7\u00e3o <\/em>agendada para o espa\u00e7o.<\/p>\n<h3>Hor\u00e1rio de Funcionamento Centro de Eventos em Fortaleza<\/h3>\n<ul>\n<li>24 horas<\/li>\n<\/ul>\n<h3>Onde Fica,\u00a0Endere\u00e7o e Telefone Centro de Eventos em Fortaleza<\/h3>\n<ul>\n<li>Av. Washington Soares, 999 &#8211; Edson Queiroz &#8211; Fortaleza &#8211; CE<\/li>\n<li>Telefone: (85) 3195-0331<\/li>\n<\/ul>\n<h4>Outras informa\u00e7\u00f5es e site<\/h4>\n<ul>\n<li>Mais informa\u00e7\u00f5es:\u00a0<a href=\"http:\/\/centrodeeventos.ce.gov.br\/\" target=\"_blank\" rel=\"noopener noreferrer\">www.centrodeeventos.ce.gov.br<\/a><\/li>\n<li>E-mail:\u00a0comercial@centrodeeventos.ce.gov.br<\/li>\n<\/ul>\n<h4>Mapa de localiza\u00e7\u00e3o<\/h4>\n<a class=\"wp-colorbox-iframe\" href=\"https:\/\/www.google.com\/maps\/embed?pb=!1m14!1m8!1m3!1d15924.835161138564!2d-38.4803927!3d-3.7646874!3m2!1i1024!2i768!4f13.1!3m3!1m2!1s0x00x8d1efb0de23670ce!2sCentro+de+Eventos+do+Cear!5e0!3m2!1spt-BR!2sbr!4v1545313790155\"><img decoding=\"async\" src=\"http:\/\/www.encontracampinas.com.br\/imgs\/maps-post.png\"><\/a>\n\n<div style=\"font-size: 0px; height: 0px; line-height: 0px; margin: 0; padding: 0; clear: both;\"><\/div>","protected":false},"excerpt":{"rendered":"<p>O Centro de Eventos Fortaleza, equipamento da Secretaria do Turismo (SETUR-CE), \u00e9 o mais moderno do espa\u00e7o do g\u00eanero na Am\u00e9rica Latina e o segundo maior do Brasil em \u00e1rea \u00fatil, com 76 mil m\u00b2 com capacidade para 30.000 pessoas. Uma das suas principais marcas \u00e9 a versatilidade: trata-se de um equipamento multiuso cuja voca\u00e7\u00e3o \u00e9 receber feiras, exposi\u00e7\u00f5es e outros tipos de eventos. Para tanto, \u00e9 divis\u00edvel em at\u00e9 44 espa\u00e7os diferentes, adapt\u00e1veis \u00e0s necessidades dos organizadores, abrigando ao mesmo tempo eventos de diferentes tipos, portes e voca\u00e7\u00f5es. O equipamento \u00e9 dividido em dois grandes blocos, compostos por sal\u00e3o <\/p>\n","protected":false},"author":1,"featured_media":0,"parent":0,"menu_order":0,"comment_status":"closed","ping_status":"closed","template":"","meta":{"footnotes":""},"class_list":["post-928","page","type-page","status-publish","hentry"],"aioseo_notices":[],"_links":{"self":[{"href":"https:\/\/www.encontrafortaleza.com\/sobre\/wp-json\/wp\/v2\/pages\/928"}],"collection":[{"href":"https:\/\/www.encontrafortaleza.com\/sobre\/wp-json\/wp\/v2\/pages"}],"about":[{"href":"https:\/\/www.encontrafortaleza.com\/sobre\/wp-json\/wp\/v2\/types\/page"}],"author":[{"embeddable":true,"href":"https:\/\/www.encontrafortaleza.com\/sobre\/wp-json\/wp\/v2\/users\/1"}],"replies":[{"embeddable":true,"href":"https:\/\/www.encontrafortaleza.com\/sobre\/wp-json\/wp\/v2\/comments?post=928"}],"version-history":[{"count":0,"href":"https:\/\/www.encontrafortaleza.com\/sobre\/wp-json\/wp\/v2\/pages\/928\/revisions"}],"wp:attachment":[{"href":"https:\/\/www.encontrafortaleza.com\/sobre\/wp-json\/wp\/v2\/media?parent=928"}],"curies":[{"name":"wp","href":"https:\/\/api.w.org\/{rel}","templated":true}]}}