{"id":94,"date":"2018-03-28T16:41:56","date_gmt":"2018-03-28T19:41:56","guid":{"rendered":"http:\/\/www.encontrafortaleza.com\/sobre\/?page_id=94"},"modified":"2018-03-28T16:45:06","modified_gmt":"2018-03-28T19:45:06","slug":"shopping-via-sul-fortaleza","status":"publish","type":"page","link":"https:\/\/www.encontrafortaleza.com\/sobre\/shopping-via-sul-fortaleza\/","title":{"rendered":"Shopping Via Sul Fortaleza"},"content":{"rendered":"<div class=\"2ad529334b11458fd7d9bde3e187e581\" data-index=\"1\" style=\"float: left; margin: 5px 5px 5px 0;\">\n<!-- EBR \/Novo-Bairro-Topo\/ 300x250 -->\r\n<ins class=\"adsbygoogle\"\r\n     style=\"display:inline-block;width:300px;height:250px\"\r\n     data-ad-client=\"ca-pub-6414922941841817\"\r\n     data-ad-slot=\"5351822287\"><\/ins>\r\n<script>\r\n(adsbygoogle = window.adsbygoogle || []).push({});\r\n<\/script>\n<\/div>\n<p>O sucesso de um Shopping Center \u00e9, sem d\u00favida, consequ\u00eancia da sua influ\u00eancia com a regi\u00e3o em que est\u00e1 instalado e neste assunto o <em>Via Sul Shopping<\/em> j\u00e1 se tornou uma refer\u00eancia.<\/p>\n<p>Elegante e funcional, o Via Sul \u00e9 um presente para Fortaleza e est\u00e1 localizado em uma regi\u00e3o privilegiada e de f\u00e1cil acesso, um dos maiores corredores comerciais da cidade, a <em>Av. Washington Soares.<\/em><\/p>\n<p>Conhe\u00e7a melhor o <strong>Shopping Via Sul Fortaleza<\/strong> abaixo<em>.\u00a0<\/em><\/p>\n<p><img loading=\"lazy\" decoding=\"async\" class=\"alignnone wp-image-96 size-full\" title=\"Shopping Via Sul Fortaleza\" src=\"http:\/\/www.encontrafortaleza.com\/sobre\/wp-content\/uploads\/2018\/03\/via-sul-shopping-fortaleza.jpg\" alt=\"Shopping Via Sul Fortaleza\" width=\"680\" height=\"189\" srcset=\"https:\/\/www.encontrafortaleza.com\/sobre\/wp-content\/uploads\/2018\/03\/via-sul-shopping-fortaleza.jpg 680w, https:\/\/www.encontrafortaleza.com\/sobre\/wp-content\/uploads\/2018\/03\/via-sul-shopping-fortaleza-300x83.jpg 300w\" sizes=\"(max-width: 680px) 100vw, 680px\" \/><\/p>\n<p>O famoso Shopping possui seis pisos de opera\u00e7\u00f5es comerciais, estacionamento com capacidade para 1.500 autom\u00f3veis, e mais um mix completo de op\u00e7\u00f5es de compras nos segmentos de moda, beleza, artigos esportivos, acess\u00f3rios, alimenta\u00e7\u00e3o, eletroeletr\u00f4nicos, cultura, entretenimento e servi\u00e7os.<\/p>\n<p>E ainda as maiores lojas de departamento do Brasil,\u00a0Pra\u00e7a de alimenta\u00e7\u00e3o, salas de cinema e um teatro para 800 lugares, al\u00e9m de pista de boliche.<em><br \/>\n<\/em><\/p>\n<h2>Shopping Via Sul Fortaleza Cinema<\/h2>\n<p>O cinema no Shopping Via Sul \u00e9 operado pela <em>Centerplex Cinemas<\/em>, uma empresa privada brasileira, que atua no mercado de exibi\u00e7\u00e3o cinematogr\u00e1fica, sediada na cidade de S\u00e3o Paulo. Est\u00e1 presente em dezenove cidades de nove estados localizados em todas das regi\u00f5es do pa\u00eds.<\/p>\n<p>Foi inaugurado em 30 de Abril de 2009, possuindo 06 salas, totalizando 1.394 lugares, al\u00e9m da sala <em>MEGA<\/em>, inaugurada em 2016. O cinema oferece conforto, boas op\u00e7\u00f5es de comidas, filmes, al\u00e9m de bom atendimento.<\/p>\n<h3>Shopping Via Sul Fortaleza Lojas<\/h3>\n<p>O\u00a0Via Sul\u00a0possui <span style=\"text-decoration: underline;\">150<\/span> lojas variadas:\u00a0<em>Lojas de cal\u00e7ados femininos, lojas de cal\u00e7ados masculinos, lojas de cal\u00e7ados infantis, roupa feminina, roupa masculina, lojas de roupa infantil, relojoarias, perfumarias, roupas \u00edntimas, lojas de eletr\u00f4nicos, de alimentos, brinquedos\u00a0<\/em>entre outras.<\/p>\n<h3>Shopping Via Sul Fortaleza Mapa<\/h3>\n<p>Confira o Shopping Via Sul Fortaleza no mapa:\u00a0\u00a0<em><br \/>\n<\/em><\/p>\n<p><img loading=\"lazy\" decoding=\"async\" class=\"wp-image-95 size-full alignnone\" title=\"Shopping Via Sul Mapa\" src=\"http:\/\/www.encontrafortaleza.com\/sobre\/wp-content\/uploads\/2018\/03\/mapa-via-sul.jpg\" alt=\"Shopping Via Sul Mapa\" width=\"1039\" height=\"625\" srcset=\"https:\/\/www.encontrafortaleza.com\/sobre\/wp-content\/uploads\/2018\/03\/mapa-via-sul.jpg 1039w, https:\/\/www.encontrafortaleza.com\/sobre\/wp-content\/uploads\/2018\/03\/mapa-via-sul-300x180.jpg 300w, https:\/\/www.encontrafortaleza.com\/sobre\/wp-content\/uploads\/2018\/03\/mapa-via-sul-768x462.jpg 768w, https:\/\/www.encontrafortaleza.com\/sobre\/wp-content\/uploads\/2018\/03\/mapa-via-sul-1024x616.jpg 1024w\" sizes=\"(max-width: 1039px) 100vw, 1039px\" \/><\/p>\n<h3>Hor\u00e1rio de Funcionamento Shopping Via Sul Fortaleza<\/h3>\n<ul>\n<li>Segunda a S\u00e1bado: das 10:00 \u00e0s 22h\/ Domingo: das 11:00 \u00e0s 22h<\/li>\n<\/ul>\n<h3>Endere\u00e7o e Telefone Shopping Via Sul Fortaleza<\/h3>\n<ul>\n<li>Av. Washington Soares, 4335 &#8211; Edson Queiroz, Fortaleza &#8211; CE<\/li>\n<li>Telefone: (85) 3048-1300<\/li>\n<\/ul>\n<h4>Outras informa\u00e7\u00f5es e site<\/h4>\n<ul>\n<li>Mais informa\u00e7\u00f5es:\u00a0<a href=\"http:\/\/www.shoppingviasul.com.br\/\" target=\"_blank\" rel=\"noopener noreferrer\">www.shoppingviasul.com.br<\/a><\/li>\n<\/ul>\n<h4>Mapa de localiza\u00e7\u00e3o<\/h4>\n<a class=\"wp-colorbox-iframe\" href=\"https:\/\/www.google.com\/maps\/embed?pb=!1m18!1m12!1m3!1d3981.070810197567!2d-38.48168358603364!3d-3.79474569723939!2m3!1f0!2f0!3f0!3m2!1i1024!2i768!4f13.1!3m3!1m2!1s0x7c7458674da4f370xa137071a268aa3eb!2sVia+Sul+Shopping!5e0!3m2!1spt-BR!2sbr!4v1522264865709\"><img decoding=\"async\" src=\"http:\/\/www.encontrafortaleza.com\/imgs\/maps-post.png\"><\/a>\n\n<div style=\"font-size: 0px; height: 0px; line-height: 0px; margin: 0; padding: 0; clear: both;\"><\/div>","protected":false},"excerpt":{"rendered":"<p>O sucesso de um Shopping Center \u00e9, sem d\u00favida, consequ\u00eancia da sua influ\u00eancia com a regi\u00e3o em que est\u00e1 instalado e neste assunto o Via Sul Shopping j\u00e1 se tornou uma refer\u00eancia. Elegante e funcional, o Via Sul \u00e9 um presente para Fortaleza e est\u00e1 localizado em uma regi\u00e3o privilegiada e de f\u00e1cil acesso, um dos maiores corredores comerciais da cidade, a Av. Washington Soares. Conhe\u00e7a melhor o Shopping Via Sul Fortaleza abaixo.\u00a0 O famoso Shopping possui seis pisos de opera\u00e7\u00f5es comerciais, estacionamento com capacidade para 1.500 autom\u00f3veis, e mais um mix completo de op\u00e7\u00f5es de compras nos segmentos de <\/p>\n","protected":false},"author":1,"featured_media":0,"parent":0,"menu_order":0,"comment_status":"closed","ping_status":"closed","template":"","meta":{"footnotes":""},"class_list":["post-94","page","type-page","status-publish","hentry"],"aioseo_notices":[],"_links":{"self":[{"href":"https:\/\/www.encontrafortaleza.com\/sobre\/wp-json\/wp\/v2\/pages\/94"}],"collection":[{"href":"https:\/\/www.encontrafortaleza.com\/sobre\/wp-json\/wp\/v2\/pages"}],"about":[{"href":"https:\/\/www.encontrafortaleza.com\/sobre\/wp-json\/wp\/v2\/types\/page"}],"author":[{"embeddable":true,"href":"https:\/\/www.encontrafortaleza.com\/sobre\/wp-json\/wp\/v2\/users\/1"}],"replies":[{"embeddable":true,"href":"https:\/\/www.encontrafortaleza.com\/sobre\/wp-json\/wp\/v2\/comments?post=94"}],"version-history":[{"count":0,"href":"https:\/\/www.encontrafortaleza.com\/sobre\/wp-json\/wp\/v2\/pages\/94\/revisions"}],"wp:attachment":[{"href":"https:\/\/www.encontrafortaleza.com\/sobre\/wp-json\/wp\/v2\/media?parent=94"}],"curies":[{"name":"wp","href":"https:\/\/api.w.org\/{rel}","templated":true}]}}