{"id":948,"date":"2018-12-27T05:15:34","date_gmt":"2018-12-27T07:15:34","guid":{"rendered":"https:\/\/www.encontrafortaleza.com\/sobre\/?page_id=948"},"modified":"2018-12-27T05:15:34","modified_gmt":"2018-12-27T07:15:34","slug":"secretaria-da-saude-fortaleza","status":"publish","type":"page","link":"https:\/\/www.encontrafortaleza.com\/sobre\/secretaria-da-saude-fortaleza\/","title":{"rendered":"Secretaria da Sa\u00fade Fortaleza"},"content":{"rendered":"<div class=\"2ad529334b11458fd7d9bde3e187e581\" data-index=\"1\" style=\"float: left; margin: 5px 5px 5px 0;\">\n<!-- EBR \/Novo-Bairro-Topo\/ 300x250 -->\r\n<ins class=\"adsbygoogle\"\r\n     style=\"display:inline-block;width:300px;height:250px\"\r\n     data-ad-client=\"ca-pub-6414922941841817\"\r\n     data-ad-slot=\"5351822287\"><\/ins>\r\n<script>\r\n(adsbygoogle = window.adsbygoogle || []).push({});\r\n<\/script>\n<\/div>\n<p>A <strong>Secretaria da Sa\u00fade Fortaleza<\/strong> (Sesa) \u00e9 um \u00f3rg\u00e3o da administra\u00e7\u00e3o direta do Governo estadual. Gerencia no Estado o Sistema \u00danico de Sa\u00fade (SUS). A Sesa tem a miss\u00e3o de assegurar a formula\u00e7\u00e3o e gest\u00e3o das pol\u00edticas p\u00fablicas em sa\u00fade e presta\u00e7\u00e3o da assist\u00eancia \u00e0 sa\u00fade individual e coletiva, contribuindo assim para a melhoria da qualidade de vida dos cearenses.<\/p>\n<p>A Sesa tem essa miss\u00e3o baseada nos valores da universalidade, integralidade, equidade, solidariedade, respeito \u00e0s cren\u00e7as, \u00e9tica, honestidade e justi\u00e7a social. Valores que est\u00e3o nas a\u00e7\u00f5es administrativas do n\u00facleo central, nas 21 Coordenadorias\u00a0Regionais de Sa\u00fade e nos hospitais e unidades pr\u00f3prias.<\/p>\n<p><img loading=\"lazy\" decoding=\"async\" class=\"alignnone wp-image-949 size-full\" title=\"Secretaria da Sa\u00fade Fortaleza\" src=\"https:\/\/www.encontrafortaleza.com\/sobre\/wp-content\/uploads\/2018\/12\/secretaria-da-saude-fortaleza.gif\" alt=\"Secretaria da Sa\u00fade Fortaleza\" width=\"680\" height=\"189\" \/><\/p>\n<h2>Hist\u00f3ria da Secret\u00e1ria da Sa\u00fade Fortaleza<\/h2>\n<p>No dia 27 de junho de 61, o ent\u00e3o governador do Cear\u00e1, Parsifal Barroso, dividiu a Secretaria de Educa\u00e7\u00e3o e Sa\u00fade em duas: Secretaria de Educa\u00e7\u00e3o e Cultura e Secretaria de Sa\u00fade e Assist\u00eancia. A lei que criou a Secretaria de Sa\u00fade e Assist\u00eancia foi a 5.427, publicada no Di\u00e1rio Oficial do Estado no dia 28 de junho de 1961.<\/p>\n<p>De l\u00e1 para c\u00e1, a expans\u00e3o da Sesa, reconhecendo o direito \u00e0 sa\u00fade e acompanhando as necessidades da popula\u00e7\u00e3o, \u00e9 uma realidade. O n\u00famero de hospitais e unidades que integram a rede estadual \u00e9 bem maior. De seis hospitais a rede cresceu para onze. A amplia\u00e7\u00e3o come\u00e7ou com o Hospital Geral Dr. Waldemar Alc\u00e2ntara, que abriu as portas para a popula\u00e7\u00e3o em 2002.<\/p>\n<p>No dia 8 de abril de 2011 um marco hist\u00f3rico para a sa\u00fade p\u00fablica. Foi inaugurado o primeiro hospital p\u00fablico estadual de alta complexidade no interior do Cear\u00e1: o Hospital Regional do Cariri, em Juazeiro do Norte. Com 294 leitos, foi constru\u00eddo pelo Governo do Estado para atender 1 milh\u00e3o e 400 mil habitantes das regi\u00f5es do Cariri e Centro Sul. E no mesmo ano, em 1\u00ba de junho, a rede estadual, com gest\u00e3o direta pela Sesa, ganhou mais um hospital. O Hospital Geral da Pol\u00edcia Militar Jos\u00e9 Martiniano de Alencar saiu da Secretaria de Seguran\u00e7a e passou a ser da Secretaria da Sa\u00fade do Estado, ganhando estruturas novas com reforma e amplia\u00e7\u00e3o dos centros de imagem e cir\u00fargico, al\u00e9m da materinidade. Atrav\u00e9s de decreto do governador, atualmente o hospital \u00e9 gerenciado pela Sesa.<\/p>\n<p>Em 18 de janeiro de 2013, foi inaugurado o terceiro hospital p\u00fablico de alta complexidade no interior, constru\u00eddo pelo Governo do Cear\u00e1. O Hospital Regional Norte, em Sobral, atende a popula\u00e7\u00e3o dos 55 munic\u00edpios da macrorregi\u00e3o. Em 2016, iniciou o funcionamento do terceiro hospital terci\u00e1rio no interior. Em Quixeramobim, o Hospital Regional Sert\u00e3o Central atende a popula\u00e7\u00e3o de 631.037 habitantes dos 20 munic\u00edpios da Macrorregi\u00e3o de Sa\u00fade do Sert\u00e3o Central \u2013 rede de assist\u00eancia.<\/p>\n<p>Al\u00e9m de hospitais, a nova rede de assist\u00eancia amplia e facilita o acesso a consultas, exames e cirurgias de m\u00e9dia complexidade. Tudo isso nas policl\u00ednicas regionais. S\u00e3o 22 em diferentes macrorregi\u00f5es de sa\u00fade do Estado. Nelas, a popula\u00e7\u00e3o realiza, com dia e hor\u00e1rio marcados, consultas para especialistas em at\u00e9 13 \u00e1reas da medicina. S\u00f3 para se ter uma ideia do tipo de atendimento feito numa policl\u00ednica: a mulher faz a consulta com o mastologista e na pr\u00f3pria policl\u00ednica tem garantido o exame de mamografia. Ou seja, o atendimento \u00e9 integral. No caso do homem, \u00e9 atendido pelo m\u00e9dico urologista e l\u00e1 mesmo \u00e9 encaminhado para exames e diagn\u00f3stico da pr\u00f3stata.<\/p>\n<p>A amplia\u00e7\u00e3o da rede de assist\u00eancia veio acompanhada de inova\u00e7\u00f5es tecnol\u00f3gicas. Um dos maiores exemplos de modernidade tecnol\u00f3gica est\u00e1 no Hospital Regional do Cariri. A popula\u00e7\u00e3o da macrorregi\u00e3o, incluindo os moradores das regionais de Juazeiro do Norte, Crato, Brejo Santo, Iguatu e Ic\u00f3, n\u00e3o precisa se deslocar para a capital para ter acesso a resson\u00e2ncia magn\u00e9tica. A primeira resson\u00e2ncia magn\u00e9tica na rede p\u00fablica do interior foi realizada no HRC no dia 6 de junho de 2011. At\u00e9 ent\u00e3o, somente o Hospital Geral de Fortaleza, na capital, fazia esse moderno exame.<\/p>\n<p>Com a rede de assist\u00eancia ampliada, novos modelos de gest\u00e3o foram implantados. Destaque para os cons\u00f3rcios p\u00fablicos de sa\u00fade. Para fortalecer a regionaliza\u00e7\u00e3o e descentralizar a gest\u00e3o, em 2007 a Sesa marcou a hist\u00f3ria da sa\u00fade p\u00fablica. Os gestores municipais foram mobilizados para conhecer a in\u00e9dita estrat\u00e9gia de gest\u00e3o, assumindo, junto com o Governo do Estado, a gest\u00e3o e o custeio das novas unidades de sa\u00fade, entre elas as policl\u00ednicas e os Centros de Especialidades Odontol\u00f3gicas (CEOs regionais). E o que era sonho para democratizar cada vez mais a sa\u00fade virou realidade. A gest\u00e3o das 19 policl\u00ednicas e dos 22 CEOs regionais \u00e9 atrav\u00e9s de cons\u00f3rcios p\u00fablicos de sa\u00fade.<\/p>\n<h3>Secretaria da Sa\u00fade Fortaleza Concurso<\/h3>\n<p>A Secretaria da Sa\u00fade contrata funcion\u00e1rios atrav\u00e9s de<em> concurso p\u00fablico<\/em>, fique atento ao site e ao <a href=\"http:\/\/www.encontrafortaleza.com\/sobre\/diario-oficial-fortaleza\/\" target=\"_blank\" rel=\"noopener\">di\u00e1rio oficial<\/a> para n\u00e3o perder as datas de inscri\u00e7\u00f5es e das provas.<em><br \/>\n<\/em><\/p>\n<h3>Hor\u00e1rio de Funcionamento Secretaria da Sa\u00fade em Fortaleza<\/h3>\n<ul>\n<li>Segunda a Sexta: das 09h \u00e0s 17h<\/li>\n<\/ul>\n<h3>Onde Fica,\u00a0Endere\u00e7o e Telefone Secretaria da Sa\u00fade em Fortaleza<\/h3>\n<ul>\n<li><strong>Praia de Iracema:<\/strong> Av. Almirante Barroso, 600 &#8211; Telefone: (85) 3101-5123<\/li>\n<li><strong>Centro 1:<\/strong> Rua do Ros\u00e1rio, 283 &#8211; Telefone: (85) 3452-2367<\/li>\n<li><strong>Centro 2:<\/strong> Rua 24 de Maio, 1250 &#8211; Telefone: (85) 3452-6605<\/li>\n<li><strong>Parquel\u00e2ndia:<\/strong> Rua Nestor Barbosa, 315 &#8211; Telefone: (85) 3101-5123<\/li>\n<li><strong>Messejana:<\/strong> Rua Dom Joaquim, 01 &#8211; Telefone: (85) 3101-5123<\/li>\n<li><strong>Benfica:<\/strong> Rua Padre Francisco Pinto, 363 &#8211; Telefone: (85) 3281-2499<\/li>\n<li><strong>Meireles:<\/strong> Av. Ant\u00f4nio Justa, 3113 &#8211; Telefone: (85) 3101-1446<\/li>\n<li><strong>Rodolfo Te\u00f3filo:<\/strong> Av. Jos\u00e9 Bastos, 3399 &#8211; Telefone: (85) 3452-2367<\/li>\n<li><strong>Aldeota:<\/strong> Rua Assis Chateaubriand, 58 &#8211; Telefone: (85) 3101-1475<\/li>\n<li><strong>Olavo Bilac:<\/strong> Av. Olavo Bilac, 1200 &#8211; Telefone: (85) 3101-5123<\/li>\n<\/ul>\n<h4>Outras informa\u00e7\u00f5es e site<\/h4>\n<ul>\n<li>Mais informa\u00e7\u00f5es:\u00a0<a href=\"https:\/\/www.saude.ce.gov.br\/\" target=\"_blank\" rel=\"noopener noreferrer\">www.saude.ce.gov.br<\/a><\/li>\n<\/ul>\n<h4>Mapa de localiza\u00e7\u00e3o Praia de Iracema<\/h4>\n<a class=\"wp-colorbox-iframe\" href=\"https:\/\/www.google.com\/maps\/embed?pb=!1m18!1m12!1m3!1d3820.962296060448!2d-49.23968528513278!3d-16.728732988476377!2m3!1f0!2f0!3f0!3m2!1i1024!2i768!4f13.1!3m3!1m2!1s0x935ef0673a4fa7170x90cceae5c8ab9b38!2sR.+Alm.+Barroso+600+-+Jardim+da+Luz+Goinia+-+GO+74850-330!5e0!3m2!1spt-BR!2sbr!4v1545894649895\"><img decoding=\"async\" src=\"http:\/\/www.encontracampinas.com.br\/imgs\/maps-post.png\"><\/a>\n\n<div style=\"font-size: 0px; height: 0px; line-height: 0px; margin: 0; padding: 0; clear: both;\"><\/div>","protected":false},"excerpt":{"rendered":"<p>A Secretaria da Sa\u00fade Fortaleza (Sesa) \u00e9 um \u00f3rg\u00e3o da administra\u00e7\u00e3o direta do Governo estadual. Gerencia no Estado o Sistema \u00danico de Sa\u00fade (SUS). A Sesa tem a miss\u00e3o de assegurar a formula\u00e7\u00e3o e gest\u00e3o das pol\u00edticas p\u00fablicas em sa\u00fade e presta\u00e7\u00e3o da assist\u00eancia \u00e0 sa\u00fade individual e coletiva, contribuindo assim para a melhoria da qualidade de vida dos cearenses. A Sesa tem essa miss\u00e3o baseada nos valores da universalidade, integralidade, equidade, solidariedade, respeito \u00e0s cren\u00e7as, \u00e9tica, honestidade e justi\u00e7a social. Valores que est\u00e3o nas a\u00e7\u00f5es administrativas do n\u00facleo central, nas 21 Coordenadorias\u00a0Regionais de Sa\u00fade e nos hospitais e unidades <\/p>\n","protected":false},"author":1,"featured_media":0,"parent":0,"menu_order":0,"comment_status":"closed","ping_status":"closed","template":"","meta":{"footnotes":""},"class_list":["post-948","page","type-page","status-publish","hentry"],"aioseo_notices":[],"_links":{"self":[{"href":"https:\/\/www.encontrafortaleza.com\/sobre\/wp-json\/wp\/v2\/pages\/948"}],"collection":[{"href":"https:\/\/www.encontrafortaleza.com\/sobre\/wp-json\/wp\/v2\/pages"}],"about":[{"href":"https:\/\/www.encontrafortaleza.com\/sobre\/wp-json\/wp\/v2\/types\/page"}],"author":[{"embeddable":true,"href":"https:\/\/www.encontrafortaleza.com\/sobre\/wp-json\/wp\/v2\/users\/1"}],"replies":[{"embeddable":true,"href":"https:\/\/www.encontrafortaleza.com\/sobre\/wp-json\/wp\/v2\/comments?post=948"}],"version-history":[{"count":0,"href":"https:\/\/www.encontrafortaleza.com\/sobre\/wp-json\/wp\/v2\/pages\/948\/revisions"}],"wp:attachment":[{"href":"https:\/\/www.encontrafortaleza.com\/sobre\/wp-json\/wp\/v2\/media?parent=948"}],"curies":[{"name":"wp","href":"https:\/\/api.w.org\/{rel}","templated":true}]}}