{"id":99,"date":"2018-03-28T20:46:41","date_gmt":"2018-03-28T23:46:41","guid":{"rendered":"http:\/\/www.encontrafortaleza.com\/sobre\/?page_id=99"},"modified":"2018-03-28T20:47:23","modified_gmt":"2018-03-28T23:47:23","slug":"aeroporto-de-fortaleza","status":"publish","type":"page","link":"https:\/\/www.encontrafortaleza.com\/sobre\/aeroporto-de-fortaleza\/","title":{"rendered":"Aeroporto de Fortaleza"},"content":{"rendered":"<div class=\"2ad529334b11458fd7d9bde3e187e581\" data-index=\"1\" style=\"float: left; margin: 5px 5px 5px 0;\">\n<!-- EBR \/Novo-Bairro-Topo\/ 300x250 -->\r\n<ins class=\"adsbygoogle\"\r\n     style=\"display:inline-block;width:300px;height:250px\"\r\n     data-ad-client=\"ca-pub-6414922941841817\"\r\n     data-ad-slot=\"5351822287\"><\/ins>\r\n<script>\r\n(adsbygoogle = window.adsbygoogle || []).push({});\r\n<\/script>\n<\/div>\n<p>O <strong>Aeroporto Internacional de Fortaleza<\/strong> &#8211; Pinto Martins (IATA: FOR, ICAO: SBFZ) \u00e9 um aeroporto internacional de Fortaleza, \u00e9 o principal aeroporto do estado do Cear\u00e1. De acordo com a lista dos mais movimentados aeroportos do Brasil, est\u00e1 no d\u00e9cimo segundo lugar do pa\u00eds, al\u00e9m de ser o terceiro da regi\u00e3o Nordeste em passageiros dom\u00e9sticos e internacionais.<\/p>\n<p>Est\u00e1 localizado no meio do mapa de Fortaleza, se encontrando a apenas 10 km do centro de Fortaleza, 12 km do Centro de Eventos do Cear\u00e1 e a 14 km das redes hoteleiras.<\/p>\n<p><img loading=\"lazy\" decoding=\"async\" class=\"alignnone wp-image-100 size-full\" title=\"Aeroporto de Fortaleza\" src=\"http:\/\/www.encontrafortaleza.com\/sobre\/wp-content\/uploads\/2018\/03\/aeroporto-de-fortaleza.jpg\" alt=\"Aeroporto de Fortaleza\" width=\"680\" height=\"189\" srcset=\"https:\/\/www.encontrafortaleza.com\/sobre\/wp-content\/uploads\/2018\/03\/aeroporto-de-fortaleza.jpg 680w, https:\/\/www.encontrafortaleza.com\/sobre\/wp-content\/uploads\/2018\/03\/aeroporto-de-fortaleza-300x83.jpg 300w\" sizes=\"(max-width: 680px) 100vw, 680px\" \/><\/p>\n<h2>Aeroporto Internacional de Fortaleza<\/h2>\n<p>O aeroporto teve suas origens na pista do <em>Alto da Balan\u00e7a,<\/em> constru\u00edda na d\u00e9cada de 1930 e utilizada at\u00e9 2000 pelo <span style=\"text-decoration: underline;\">Aeroclube do Cear\u00e1<\/span>. Durante a Segunda Guerra Mundial, serviu de base a\u00e9rea de apoio \u00e0s For\u00e7as Aliadas, \u00e9poca em que foi constru\u00edda a segunda pista de pousos e decolagens (Base do Cocorote), a atual pista de uso do Aeroporto de Fortaleza.<\/p>\n<p>A segunda pista do Alto da Balan\u00e7a foi ampliada de 1.500 m para 2.545 m em 1963. O primeiro terminal de passageiros e o p\u00e1tio de aeronaves foram constru\u00eddos em 1966. A administra\u00e7\u00e3o do Aeroporto foi transferida \u00e0 INFRAERO \u2013 Empresa Brasileira de Infra-estrutura Aeroportu\u00e1ria, em 7 de janeiro de 1974 (Portaria n\u00ba 120\/GM5, de 3 de dezembro de 1973), quando deu in\u00edcio a uma s\u00e9rie de obras de amplia\u00e7\u00e3o do complexo aeroportu\u00e1rio, entre elas a do p\u00e1tio e a do terminal de passageiros.<\/p>\n<p>Atrav\u00e9s de uma parceria entre a Infraero, governo federal e governo estadual, foi-se constru\u00eddo o terminal de passageiros com 35.000 metros quadrados na \u00e1rea sul, inaugurado em fevereiro de 1998, pelo governador Tasso Jereissati, cuja capacidade \u00e9 3,8 milh\u00f5es de passageiros ao ano, 14 posi\u00e7\u00f5es de estacionamento de aeronaves e com sistemas de automa\u00e7\u00e3o, sendo classificado como Internacional em 1997 (Portaria 393 GM5, de 9 de junho de 1997).<\/p>\n<p>Em 13 de maio de 1952, o aeroporto ganhou o nome de Pinto Martins, em homenagem ao cearense Euclides Pinto Martins que realizou o primeiro voo sobre o Oceano Atl\u00e2ntico entre Nova Iorque e o Rio de Janeiro, no in\u00edcio da d\u00e9cada de 1920, a bordo do <em>hidroavi\u00e3o Sampaio Correia.<\/em><\/p>\n<p>Em mar\u00e7o de 2017, o complexo aeroportu\u00e1rio foi concedido \u00e0 iniciativa privada para o grupo <em>Fraport AG<\/em> por 30 anos de uso, no qual, desde do inicio de 2018, administra inteiramente o aeroporto em suas opera\u00e7\u00f5es, adotando a marca <em>Fortaleza Airport<\/em> que ir\u00e1 conviver com o nome oficial, al\u00e9m das denomina\u00e7\u00f5es informais.<\/p>\n<p>O contrato assinado em 28 de julho de 2017 diz renovar e concluir os investimentos Infraero para o terminal de passageiros e o alongamento da \u00fanica pista de rolamento. O antigo terminal de passageiros do aeroporto de Fortaleza funciona como Terminal de Avia\u00e7\u00e3o Geral (TAG), onde opera a avia\u00e7\u00e3o de pequeno porte geral, executiva e t\u00e1xi a\u00e9reo.<\/p>\n<p>O aeroporto \u00e9 um \u00edm\u00e3 constante de pessoas observando como entusiastas o movimento das aeronaves, formando grupos e organiza\u00e7\u00f5es como <em>SBFZ Spotting.<\/em><\/p>\n<h3>Aeroporto de Fortaleza Localiza &#8211; Aluguel de Carros<\/h3>\n<p>Voc\u00ea pode reservar seu carro em Fortaleza pela internet ou diretamente nos guich\u00eas das empresas. No Aeroporto voc\u00ea encontrar\u00e1 6\u00a0<em>empresas de loca\u00e7\u00e3o de ve\u00edculos<\/em>.<\/p>\n<p>S\u00e3o elas:\u00a0<em>Localiza, Foco, Movida, Unidas, Alamo e Avis<\/em>. Os pre\u00e7os das di\u00e1rias variam de empresa para empresa e podem ser consultados em sites comparativos de aluguel de carros ou diretamente no site da empresa escolhida para loca\u00e7\u00e3o.<\/p>\n<h3>Aeroporto de Fortaleza Voos<\/h3>\n<p>\u00c9 poss\u00edvel consultar voos, hor\u00e1rios, destinos etc, no site do Aeroporto Internacional de Fortaleza. <a href=\"http:\/\/www.aeroportofortaleza.net\/horario-voos-aeroporto-pinto-martins\">Clique aqui<\/a>.\u00a0<em><br \/>\n<\/em><\/p>\n<h3>Aeroporto de Fortaleza Lojas<\/h3>\n<p>Confira a lista de lojas localizadas no Aeroporto de Fortaleza:<\/p>\n<ul>\n<li><strong>Bee\u00a0<\/strong>&#8211; Pra\u00e7a de alimenta\u00e7\u00e3o<\/li>\n<li><strong>Chilli Beans <\/strong>&#8211; Piso T\u00e9rreo<\/li>\n<li><strong>Finesse (j\u00f3ias)\u00a0<\/strong>&#8211; Pra\u00e7a de alimenta\u00e7\u00e3o<\/li>\n<li><strong>Grendene\u00a0<\/strong>&#8211; Pra\u00e7a de alimenta\u00e7\u00e3o<\/li>\n<li><strong>Pisei\u00a0<\/strong>&#8211; Embarque dom\u00e9stico<\/li>\n<li><strong>Sun P\u00e9\u00a0<\/strong>&#8211; 1\u00ba Piso<\/li>\n<li><strong>Dufry\u00a0<\/strong>&#8211; Desembarque internacional<\/li>\n<li><strong>Dufry\u00a0<\/strong>&#8211; Embarque internacional<\/li>\n<li><strong>Fly Importados\u00a0<\/strong>&#8211; Pra\u00e7a de alimenta\u00e7\u00e3o<\/li>\n<li><strong>Fly Importados\u00a0<\/strong>&#8211; Embarque dom\u00e9stico<\/li>\n<li><strong>Super Kids\u00a0<\/strong>&#8211;\u00a01\u00ba piso do terminal de passageiros<\/li>\n<li><strong>Happy Sell\u00a0<\/strong>&#8211; Pra\u00e7a de alimenta\u00e7\u00e3o<\/li>\n<li><strong>Mania de Fotografar\u00a0<\/strong>&#8211; Pra\u00e7a de alimenta\u00e7\u00e3o<\/li>\n<li><strong>Barco do Pirata\u00a0<\/strong>&#8211; 1\u00ba Piso<\/li>\n<li><strong>Clio\u00a0<\/strong>&#8211; Pra\u00e7a de alimenta\u00e7\u00e3o<\/li>\n<\/ul>\n<h3>Aeroporto de Fortaleza Cias A\u00e9reas<\/h3>\n<p>Confira a lista de\u00a0companhias a\u00e9reas que operam voos nacionais e internacionais no <em>Aeroporto de Fortaleza<\/em>:<\/p>\n<ul>\n<li>Air France<\/li>\n<li>Air Italy<\/li>\n<li>American Airlines<\/li>\n<li>Avianca<\/li>\n<li>Azul<\/li>\n<li>Cabo Verde<\/li>\n<li>Gol<\/li>\n<li>KLM<\/li>\n<li>LATAM<\/li>\n<li>Passaredo<\/li>\n<li>TAP Portugal<\/li>\n<li>Webjet<\/li>\n<\/ul>\n<h3>Hor\u00e1rio de Funcionamento Aeroporto de Fortaleza<\/h3>\n<ul>\n<li>Funciona 24 horas<\/li>\n<\/ul>\n<h3>Endere\u00e7o e Telefone Aeroporto de Fortaleza<\/h3>\n<ul>\n<li>Av. Senador Carlos Jereissati, 3000 &#8211; Serrinha, Fortaleza &#8211; CE<\/li>\n<li>Telefone: (85) 3392-1200<\/li>\n<\/ul>\n<h4>Outras informa\u00e7\u00f5es e site<\/h4>\n<ul>\n<li>Mais informa\u00e7\u00f5es:\u00a0<a href=\"http:\/\/www.aeroportofortaleza.net\/\" target=\"_blank\" rel=\"noopener noreferrer\">www.aeroportofortaleza.net<\/a><\/li>\n<\/ul>\n<h4>Mapa de localiza\u00e7\u00e3o<\/h4>\n<a class=\"wp-colorbox-iframe\" href=\"https:\/\/www.google.com\/maps\/embed?pb=!1m14!1m8!1m3!1d15924.606758019292!2d-38.5330966!3d-3.7771555!3m2!1i1024!2i768!4f13.1!3m3!1m2!1s0x00xd74cb694436d615a!2sAeroporto+Internacional+de+Fortaleza+-+Pinto+Martins!5e0!3m2!1spt-BR!2sbr!4v1522280257543\"><img decoding=\"async\" src=\"http:\/\/www.encontrafortaleza.com\/imgs\/maps-post.png\"><\/a>\n\n<div style=\"font-size: 0px; height: 0px; line-height: 0px; margin: 0; padding: 0; clear: both;\"><\/div>","protected":false},"excerpt":{"rendered":"<p>O Aeroporto Internacional de Fortaleza &#8211; Pinto Martins (IATA: FOR, ICAO: SBFZ) \u00e9 um aeroporto internacional de Fortaleza, \u00e9 o principal aeroporto do estado do Cear\u00e1. De acordo com a lista dos mais movimentados aeroportos do Brasil, est\u00e1 no d\u00e9cimo segundo lugar do pa\u00eds, al\u00e9m de ser o terceiro da regi\u00e3o Nordeste em passageiros dom\u00e9sticos e internacionais. Est\u00e1 localizado no meio do mapa de Fortaleza, se encontrando a apenas 10 km do centro de Fortaleza, 12 km do Centro de Eventos do Cear\u00e1 e a 14 km das redes hoteleiras. Aeroporto Internacional de Fortaleza O aeroporto teve suas origens na <\/p>\n","protected":false},"author":1,"featured_media":0,"parent":0,"menu_order":0,"comment_status":"closed","ping_status":"closed","template":"","meta":{"footnotes":""},"class_list":["post-99","page","type-page","status-publish","hentry"],"aioseo_notices":[],"_links":{"self":[{"href":"https:\/\/www.encontrafortaleza.com\/sobre\/wp-json\/wp\/v2\/pages\/99"}],"collection":[{"href":"https:\/\/www.encontrafortaleza.com\/sobre\/wp-json\/wp\/v2\/pages"}],"about":[{"href":"https:\/\/www.encontrafortaleza.com\/sobre\/wp-json\/wp\/v2\/types\/page"}],"author":[{"embeddable":true,"href":"https:\/\/www.encontrafortaleza.com\/sobre\/wp-json\/wp\/v2\/users\/1"}],"replies":[{"embeddable":true,"href":"https:\/\/www.encontrafortaleza.com\/sobre\/wp-json\/wp\/v2\/comments?post=99"}],"version-history":[{"count":0,"href":"https:\/\/www.encontrafortaleza.com\/sobre\/wp-json\/wp\/v2\/pages\/99\/revisions"}],"wp:attachment":[{"href":"https:\/\/www.encontrafortaleza.com\/sobre\/wp-json\/wp\/v2\/media?parent=99"}],"curies":[{"name":"wp","href":"https:\/\/api.w.org\/{rel}","templated":true}]}}