{"id":656,"date":"2018-10-03T05:59:05","date_gmt":"2018-10-03T08:59:05","guid":{"rendered":"http:\/\/www.encontrafortaleza.com\/sobre\/?page_id=656"},"modified":"2019-06-01T05:59:28","modified_gmt":"2019-06-01T08:59:28","slug":"hospital-das-clinicas-fortaleza","status":"publish","type":"page","link":"https:\/\/www.encontrafortaleza.com\/sobre\/hospital-das-clinicas-fortaleza\/","title":{"rendered":"Hospital das Cl\u00ednicas Fortaleza"},"content":{"rendered":"<div class=\"2ad529334b11458fd7d9bde3e187e581\" data-index=\"1\" style=\"float: left; margin: 5px 5px 5px 0;\">\n<!-- EBR \/Novo-Bairro-Topo\/ 300x250 -->\r\n<ins class=\"adsbygoogle\"\r\n     style=\"display:inline-block;width:300px;height:250px\"\r\n     data-ad-client=\"ca-pub-6414922941841817\"\r\n     data-ad-slot=\"5351822287\"><\/ins>\r\n<script>\r\n(adsbygoogle = window.adsbygoogle || []).push({});\r\n<\/script>\n<\/div>\n<p>O <b>Hospital das Cl\u00ednicas Fortaleza &#8211; <\/b>Hospital Universit\u00e1rio Walter Cant\u00eddio (HUWC) &#8211; \u00e9 um hospital universit\u00e1rio da Universidade Federal do Cear\u00e1 localizado na cidade de Fortaleza. Atualmente o hospital \u00e9 vinculado ao Sistema \u00danico de Sa\u00fade.<\/p>\n<p>Foi inaugurado em 1959 pelo ent\u00e3o Presidente da Rep\u00fablica Juscelino Kubitschek. Faz parte do Complexo Hospitalar da Universidade Federal do Cear\u00e1, composto pelo Hospital Universit\u00e1rio Walter Cant\u00eddio e pela Maternidade Escola Assis Chateaubriand.<\/p>\n<p><img loading=\"lazy\" decoding=\"async\" class=\"alignnone wp-image-657 size-full\" title=\"Hospital das Cl\u00ednicas Fortaleza\" src=\"http:\/\/www.encontrafortaleza.com\/sobre\/wp-content\/uploads\/2018\/10\/hospital-das-clinicas-fortaleza.gif\" alt=\"Hospital das Cl\u00ednicas Fortaleza\" width=\"680\" height=\"189\" \/><\/p>\n<p>\u00c9 no HUWC onde se desenvolvem as atividades de ensino pr\u00e1tico da\u00a0Faculdade de Medicina da UFC.\u00a0O\u00a0<em>Hospital das Cl\u00ednicas Fortaleza<\/em>\u00a0\u00e9 o maior centro de transplantes de f\u00edgado da Am\u00e9rica Latina.<\/p>\n<h2>Hospital das Cl\u00ednicas Fortaleza Especialidades<\/h2>\n<p>Os 24 ambulat\u00f3rios da MEAC prestam atendimento \u00e0 popula\u00e7\u00e3o nas<em> especialidades<\/em> m\u00e9dicas de Obstetr\u00edcia, Ginecologia, Mastologia, Acupuntura, Anestesiologia, Oncologia e Cl\u00ednica M\u00e9dica. Atendimentos de outras profiss\u00f5es tamb\u00e9m s\u00e3o realizados, destacando-se os da Psicologia, Enfermagem, Terapia Ocupacional, Psiquiatria e Servi\u00e7o Social. Portanto, a unidade ambulatorial destaca-se pela diversidade de atendimento\u00a0\u00e0 mulher, desde a fase adolescente at\u00e9 o climat\u00e9rio, contribuindo com estrat\u00e9gias de promo\u00e7\u00e3o da sa\u00fade, favorecendo melhor qualidade\u00a0de vida \u00e0 cliente que busca o servi\u00e7o.<\/p>\n<h3>Hospital das Cl\u00ednicas Fortaleza Hor\u00e1rio de Visitas<\/h3>\n<p>O <em>Hor\u00e1rio de Visitas<\/em> do hospital obedece a seguinte regulamenta\u00e7\u00e3o:<\/p>\n<p><strong>Cl\u00ednicas M\u00e9dicas I, IIA, IIB, Cir\u00fargica I e Cir\u00fargica II<\/strong><\/p>\n<ul>\n<li>1\u00ba hor\u00e1rio: 14h \u00e0s 17h (2 visitantes por vez, diariamente, inclusive fins de semana e feriados)<\/li>\n<li>2\u00ba hor\u00e1rio: 19h30 \u00e0s 21h (2 visitantes por vez, diariamente, inclusive fins de semana e feriados)<\/li>\n<\/ul>\n<p><strong>Cl\u00ednica M\u00e9dica III<\/strong><\/p>\n<ul>\n<li>Transplante hep\u00e1tico: 14h \u00e0s 15h30 (2 visitantes por dia, um de cada vez; inclusive fins de semana e feriados)<\/li>\n<li>Transplante renal: 15h30 \u00e0s 17h (2 visitantes por dia, um de cada vez; inclusive fins de semana e feriados)<\/li>\n<\/ul>\n<p><strong>UTI Cl\u00ednica M\u00e9dica<\/strong><\/p>\n<ul>\n<li>1\u00ba hor\u00e1rio: 11h \u00e0s 11h30 (1 visitante por dia, inclusive fins de semana e feriados)<\/li>\n<li>2\u00ba hor\u00e1rio: 16h \u00e0s 17h (3 visitantes por dia, um de cada vez, inclusive fins de semana e feriados)<\/li>\n<li>3\u00ba hor\u00e1rio: 20h \u00e0s 20h30 (1 visitante por dia, inclusive fins de semana e feriados)<\/li>\n<\/ul>\n<p><strong>Sala de Recupera\u00e7\u00e3o (SR)<\/strong><\/p>\n<ul>\n<li>16h \u00e0s 17h (1 visitante por dia, inclusive fins de semana e feriado)<\/li>\n<\/ul>\n<p><strong>Isolamento Cl\u00ednica M\u00e9dica I<\/strong><\/p>\n<ul>\n<li>16h \u00e0s 17h (1 visitante por dia, inclusive fins de semana e feriado)<\/li>\n<\/ul>\n<p><strong>UTI Cl\u00ednica Cir\u00fargica<\/strong><\/p>\n<ul>\n<li>16h \u00e0s 17h (1 visitante por dia, inclusive fins de semana e feriado)<\/li>\n<\/ul>\n<h3>Vagas Hospital das Cl\u00ednicas Fortaleza &#8211; Trabalhe Conosco<\/h3>\n<p>O\u00a0Hospital das Cl\u00ednicas Fortaleza disponibiliza <em>vagas de trabalho<\/em> durante todo ano. Para se informar sobre os processos seletivos e se candidatar as vagas acompanhe o site da empresa, onde \u00e9 poss\u00edvel se informar sobre vagas abertas, sal\u00e1rios e compet\u00eancias necess\u00e1rias para se candidatar ao processo.<\/p>\n<h3>Hor\u00e1rio de Funcionamento Hospital das Cl\u00ednicas em Fortaleza<\/h3>\n<ul>\n<li>24 horas<\/li>\n<\/ul>\n<h3>Endere\u00e7o e Telefone Hospital das Cl\u00ednicas em Fortaleza<\/h3>\n<ul>\n<li>Rua Capit\u00e3o Francisco Pedro, 1290 &#8211; Rodolfo Te\u00f3filo &#8211; Fortaleza &#8211; CE<\/li>\n<li>Telefone: (85) 3366-8167<\/li>\n<\/ul>\n<h4>Outras informa\u00e7\u00f5es e site<\/h4>\n<ul>\n<li>Mais informa\u00e7\u00f5es:\u00a0<a href=\"http:\/\/www.ebserh.gov.br\/web\/huwc-ufc\" target=\"_blank\" rel=\"noopener noreferrer\">www.ebserh.gov.br<\/a><\/li>\n<\/ul>\n<h4>Mapa de localiza\u00e7\u00e3o<\/h4>\n<a class=\"wp-colorbox-iframe\" href=\"https:\/\/www.google.com\/maps\/embed?pb=!1m14!1m8!1m3!1d15925.114575287842!2d-38.5517382!3d-3.7493784!3m2!1i1024!2i768!4f13.1!3m3!1m2!1s0x00xb0bfe6a3ad0d0872!2sHospital+das+Clnicas!5e0!3m2!1spt-BR!2sbr!4v1538556950885\"><img decoding=\"async\" src=\"http:\/\/www.encontracampinas.com.br\/imgs\/maps-post.png\"><\/a>\n\n<div style=\"font-size: 0px; height: 0px; line-height: 0px; margin: 0; padding: 0; clear: both;\"><\/div>","protected":false},"excerpt":{"rendered":"<p>O Hospital das Cl\u00ednicas Fortaleza &#8211; Hospital Universit\u00e1rio Walter Cant\u00eddio (HUWC) &#8211; \u00e9 um hospital universit\u00e1rio da Universidade Federal do Cear\u00e1 localizado na cidade de Fortaleza. Atualmente o hospital \u00e9 vinculado ao Sistema \u00danico de Sa\u00fade. Foi inaugurado em 1959 pelo ent\u00e3o Presidente da Rep\u00fablica Juscelino Kubitschek. Faz parte do Complexo Hospitalar da Universidade Federal do Cear\u00e1, composto pelo Hospital Universit\u00e1rio Walter Cant\u00eddio e pela Maternidade Escola Assis Chateaubriand. \u00c9 no HUWC onde se desenvolvem as atividades de ensino pr\u00e1tico da\u00a0Faculdade de Medicina da UFC.\u00a0O\u00a0Hospital das Cl\u00ednicas Fortaleza\u00a0\u00e9 o maior centro de transplantes de f\u00edgado da Am\u00e9rica Latina. Hospital das <\/p>\n","protected":false},"author":1,"featured_media":0,"parent":0,"menu_order":0,"comment_status":"closed","ping_status":"closed","template":"","meta":{"footnotes":""},"class_list":["post-656","page","type-page","status-publish","hentry"],"aioseo_notices":[],"_links":{"self":[{"href":"https:\/\/www.encontrafortaleza.com\/sobre\/wp-json\/wp\/v2\/pages\/656"}],"collection":[{"href":"https:\/\/www.encontrafortaleza.com\/sobre\/wp-json\/wp\/v2\/pages"}],"about":[{"href":"https:\/\/www.encontrafortaleza.com\/sobre\/wp-json\/wp\/v2\/types\/page"}],"author":[{"embeddable":true,"href":"https:\/\/www.encontrafortaleza.com\/sobre\/wp-json\/wp\/v2\/users\/1"}],"replies":[{"embeddable":true,"href":"https:\/\/www.encontrafortaleza.com\/sobre\/wp-json\/wp\/v2\/comments?post=656"}],"version-history":[{"count":0,"href":"https:\/\/www.encontrafortaleza.com\/sobre\/wp-json\/wp\/v2\/pages\/656\/revisions"}],"wp:attachment":[{"href":"https:\/\/www.encontrafortaleza.com\/sobre\/wp-json\/wp\/v2\/media?parent=656"}],"curies":[{"name":"wp","href":"https:\/\/api.w.org\/{rel}","templated":true}]}}